{"id":931,"date":"2025-11-28T14:28:04","date_gmt":"2025-11-28T07:28:04","guid":{"rendered":"https:\/\/shglobal.123websitedev.com\/san-pham\/duong-sen-senfineco-9941-xit-duong-sen-cao-cap-mo-boi-tron-khong-vang-chiu-nhiet-265c-650ml\/"},"modified":"2025-12-12T17:27:54","modified_gmt":"2025-12-12T10:27:54","slug":"chain-lub-prefesional-650ml-w7060-duong-sen-xit-duong-sen-cao-cap-mo-boi-tron-khong-vang-chiu-nhiet-265c-650ml","status":"publish","type":"product","link":"https:\/\/shglobaltrade.vn\/en\/product\/chain-lub-prefesional-650ml-w7060-duong-sen-xit-duong-sen-cao-cap-mo-boi-tron-khong-vang-chiu-nhiet-265c-650ml\/","title":{"rendered":"Chain Lub Professional 650ml W7060 \u2013 Premium Chain Lubricant Spray \u2013 Non-Splatter, Heat Resistant 265\u00b0C [650ML]"},"content":{"rendered":"<h2><span style=\"color: #000000;\"><strong>PRODUCT DESCRIPTION<\/strong><\/span><\/h2>\n<p><span style=\"color: #000000;\">Tu\u1ed5i th\u1ecd c\u1ee7a s\u00ean ph\u1ee5 thu\u1ed9c v\u00e0o s\u1ef1 \u0111i\u1ec1u ch\u1ec9nh v\u00e0 b\u00f4i tr\u01a1n h\u1ee3p l\u00fd. Vi\u1ec7c b\u1ea3o d\u01b0\u1ee1ng kh\u00f4ng t\u1ed1t c\u00f3 th\u1ec3 nhanh ch\u00f3ng l\u00e0m m\u00f2n, h\u01b0 h\u1ecfng cho c\u1ea3 b\u1ed9 nh\u00f4ng, s\u00ean, \u0111\u0129a.<\/span><\/p>\n<p><span style=\"color: #000000;\">\ud83d\udc49Ch\u00ednh v\u00ec v\u1eady d\u00e2n ch\u01a1i xe kh\u00f4ng th\u1ec3 b\u1ecf qua s\u1ea3n ph\u1ea9m n\u00e0y:<\/span><\/p>\n<p><span style=\"color: #000000;\">D\u01af\u1ee0NG S\u00caN WUNSCHER &#8211; B\u00d4I TR\u01a0N NH\u00d4NG X\u00cdCH<\/span><\/p>\n<p><span style=\"color: #000000;\">L\u00e0 m\u1ee1 ch\u1ecbu nhi\u1ec7t \u0111\u1ed9 cao t\u1ed5ng h\u1ee3p ho\u00e0n to\u00e0n, \u0111\u01b0\u1ee3c gia c\u1ed1 b\u1eb1ng c\u00f4ng ngh\u1ec7 CeraMol, th\u1ec3 hi\u1ec7n \u0111\u1eb7c t\u00ednh nhi\u1ec7t \u0111\u1ed9 cao v\u00e0 th\u1ea5p tuy\u1ec7t v\u1eddi, d\u00e0nh cho \u00f4 t\u00f4 v\u00e0 xe m\u00e1y, x\u00edch chuy\u1ec3n \u0111\u1ed9ng nhanh.<\/span><\/p>\n<p><span style=\"color: #000000;\"><strong>APPLICATION:<\/strong><\/span><\/p>\n<p><span style=\"color: #000000;\">&#8211; D\u00e0nh cho t\u1ea5t c\u1ea3 c\u00e1c lo\u1ea1i x\u00edch v\u00e0 x\u00edch ti\u00eau chu\u1ea9n v\u1edbi O-RING, X-RING v\u00e0 Z-RING cho xe m\u00e1y, xe go-kart.<\/span><\/p>\n<p><span style=\"color: #000000;\"><strong>\u01afU \u0110I\u1ec0M V\u01af\u1ee2T TR\u1ed8I: <\/strong><\/span><\/p>\n<p><span style=\"color: #000000;\">&#8211; Gi\u00fap b\u00f4i tr\u01a1n x\u00edch s\u00ean, s\u00ean \u00eam \u00e1i h\u01a1n<\/span><\/p>\n<p><span style=\"color: #000000;\">&#8211; Kh\u00f4ng v\u0103ng b\u1eafn, c\u1ef1c k\u00ec v\u1ec7 sinh v\u00e0 th\u1ea9m m\u0129<\/span><\/p>\n<p><span style=\"color: #000000;\">&#8211; Ch\u1ed1ng r\u1ec9 s\u00e9t, ch\u1ed1ng \u0103n m\u00f2n do t\u00e1c \u0111\u1ed9ng c\u1ee7a m\u00f4i tr\u01b0\u1eddng<\/span><\/p>\n<p><span style=\"color: #000000;\">&#8211; Gi\u00fap s\u00ean ch\u1ecbu \u0111\u01b0\u1ee3c \u00e1p l\u1ef1c v\u00e0 k\u00e9o d\u00e0i tu\u1ed5i th\u1ecd c\u1ee7a s\u00ean x\u00edch.<\/span><\/p>\n<p><span style=\"color: #000000;\">&#8211; T\u1ea1o l\u1edbp m\u00e0ng ch\u1ed1ng b\u00e1m b\u1ee5i, ng\u0103n ch\u1eb7n b\u1ee5i c\u00e1t l\u1ecdt v\u00e0o m\u1eaft x\u00edch<\/span><\/p>\n<p><span style=\"color: #000000;\">&#8211; B\u00f4i tr\u01a1n c\u00e1c kh\u1edbp n\u1ed1i, m\u1eaft x\u00edch gi\u00fap lo\u1ea1i b\u1ecf c\u00e1c ti\u1ebfng k\u00eau \u1ed3n \u00e0o do kh\u00f4 c\u1ee9ng, r\u1ec9 s\u00e9t b\u1ec1 m\u1eb7t s\u00ean<\/span><\/p>\n<p><span style=\"color: #000000;\">&#8211; \u0110\u1eb7c bi\u1ec7t t\u0103ng \u0111\u1ed9 tin c\u1eady, an to\u00e0n cho s\u00ean khi ch\u1ea1y t\u1ed1c \u0111\u1ed9c cao ho\u1eb7c t\u1ea3i n\u1eb7ng<\/span><\/p>\n<p><span style=\"color: #000000;\">&#8211; Gi\u1eef nguy\u00ean t\u00ednh ch\u1ea5t d\u00f9 \u1edf nhi\u1ec7t \u0111\u1ed9 cao (ch\u1ecbu \u0111\u01b0\u1ee3c nhi\u1ec7t \u0111\u1ed9 \u0111\u1ebfn 265\u00b0C)<\/span><\/p>\n<p><span style=\"color: #000000;\"><strong>USE: <\/strong><\/span><\/p>\n<p><span style=\"color: #000000;\">B\u01b0\u1edbc 1: V\u1ec7 sinh, t\u1ea9y r\u1eeda s\u00ean th\u1eadt s\u1ea1ch, \u0111\u1ec3 s\u00ean kh\u00f4<\/span><\/p>\n<p><span style=\"color: #000000;\">B\u01b0\u1edbc 2: L\u1eafc k\u1ef9 chai d\u01b0\u1ee1ng s\u00ean tr\u01b0\u1edbc khi d\u00f9ng, \u0111\u1ec3 dung d\u1ecbch kh\u00f4ng b\u1ecb qu\u00e1 lo\u00e3ng ho\u1eb7c b\u1ecb \u0111\u1eb7c<\/span><\/p>\n<p><span style=\"color: #000000;\">B\u01b0\u1edbc 4: S\u00ean kh\u00f4 th\u00ec ti\u1ebfn h\u00e0nh x\u1ecbt d\u01b0\u1ee1ng s\u00ean tr\u1ef1c ti\u1ebfp l\u00ean b\u1ec1 m\u1eb7t s\u00ean, ch\u00fa \u00fd x\u1ecbt t\u1eadp trung v\u00e0o c\u00e1c m\u1eaft x\u00edch<\/span><\/p>\n<p><span style=\"color: #000000;\">&#8212;&#8212;&#8212;&#8212;&#8212;&#8212;&#8212;&#8212;<\/span><\/p>\n<p><span style=\"color: #000000;\"><strong>PH\u00c2N LO\u1ea0I S\u1ea2N M\u00c3 S\u1ea2N PH\u1ea8M: <\/strong><\/span><\/p>\n<p><span style=\"color: #000000;\">L\u00e0 dung d\u1ecbch m\u1ee1 b\u00f2 m\u00e0u xanh lam, khi x\u1ecbt s\u1ebd lo\u00e3ng, \u0111\u1ee3i 1 l\u00fac s\u1ebd kh\u00f4 l\u1ea1i. Ph\u00f9 h\u1ee3p d\u00f9ng cho m\u1ecdi lo\u1ea1i xe v\u00e0 h\u00ecnh th\u1ee9c.<\/span><\/p>\n<p><span style=\"color: #000000;\"><strong>PRODUCT INFORMATION:<\/strong><\/span><\/p>\n<p><span style=\"color: #000000;\">&#8211; Dung t\u00edch: 650ml \u00a0<\/span><\/p>\n<p><span style=\"color: #000000;\">\u2013 Manufacturer: WUNSCHER Germany<\/span><\/p>\n<p><span style=\"color: #000000;\">\u2013 Shelf life: 5 years from the date of manufacture<\/span><\/p>\n<p><span style=\"color: #000000;\">\u26a0\ufe0f\u26a0\ufe0f\u26a0\ufe0f All products have supplementary labels clearly stating the place of manufacture, the distributing company, and instructions for use.<\/span><\/p>\n<p><span style=\"color: #000000;\">&#8212;&#8212;&#8212;&#8212;&#8212;&#8212;&#8212;&#8212;<\/span><\/p>\n<p><span style=\"color: #000000;\"><strong>SH GLOBAL STORE \u2013 AUTHENTIC &amp; LEGITIMATE PRODUCTS, COMPLETE PEACE OF MIND<\/strong><\/span><\/p>\n<ul>\n<li><span style=\"color: #000000;\"><strong>100% is a genuine Wunscher product.<\/strong> \u2013 A reputable car care brand from Germany.<\/span><\/li>\n<li><span style=\"color: #000000;\"><strong>Official import<\/strong>, full <strong>Customs \u2013 Taxes \u2013 Certificate of Origin (CO) \u2013 Certificate of Quality (CQ) \u2013 Invoices and supporting documents<\/strong>.<\/span><\/li>\n<li><span style=\"color: #000000;\"><strong>Transparent origin<\/strong>Say no to counterfeit, fake, and substandard goods.<\/span><\/li>\n<li><span style=\"color: #000000;\"><strong>The product matches the description.<\/strong>Correct technical specifications, correct manufacturer standards.<\/span><\/li>\n<li><span style=\"color: #000000;\"><strong>D<\/strong><strong>Secure packaging \u2013 receive your order intact.<\/strong>No dents, no leaks.<\/span><\/li>\n<li><span style=\"color: #000000;\"><strong>100% Refund<\/strong> If you discover that the product is not genuine or does not match the description.<\/span><\/li>\n<li><span style=\"color: #000000;\"><strong>Nationwide delivery (COD)<\/strong> and support for inspection upon delivery (depending on regional policy).<\/span><\/li>\n<li><span style=\"color: #000000;\"><strong>Returns and exchanges are handled according to manufacturer standards.<\/strong>, ensuring maximum benefits for customers.<\/span><\/li>\n<\/ul>\n<p><span style=\"color: #000000;\">\ud83d\udc49 <strong>Genuine products guarantee quality \u2013 Legitimate channels build trust.<\/strong><strong><br \/>\nSH Global Store offers both.<\/strong><\/span><\/p>","protected":false},"excerpt":{"rendered":"<p><strong>USE: <\/strong><\/p>\n<p>B\u01b0\u1edbc 1: V\u1ec7 sinh, t\u1ea9y r\u1eeda s\u00ean th\u1eadt s\u1ea1ch, \u0111\u1ec3 s\u00ean kh\u00f4<\/p>\n<p>B\u01b0\u1edbc 2: L\u1eafc k\u1ef9 chai d\u01b0\u1ee1ng s\u00ean tr\u01b0\u1edbc khi d\u00f9ng, \u0111\u1ec3 dung d\u1ecbch kh\u00f4ng b\u1ecb qu\u00e1 lo\u00e3ng ho\u1eb7c b\u1ecb \u0111\u1eb7c<\/p>\n<p>B\u01b0\u1edbc 4: S\u00ean kh\u00f4 th\u00ec ti\u1ebfn h\u00e0nh x\u1ecbt d\u01b0\u1ee1ng s\u00ean tr\u1ef1c ti\u1ebfp l\u00ean b\u1ec1 m\u1eb7t s\u00ean, ch\u00fa \u00fd x\u1ecbt t\u1eadp trung v\u00e0o c\u00e1c m\u1eaft x\u00edch<\/p>","protected":false},"featured_media":932,"comment_status":"open","ping_status":"closed","template":"","meta":[],"product_brand":[111],"product_cat":[90],"product_tag":[],"class_list":{"0":"post-931","1":"product","2":"type-product","3":"status-publish","4":"has-post-thumbnail","6":"product_brand-wunscher","7":"product_cat-chat-phu-gia","9":"first","10":"instock","11":"purchasable","12":"product-type-simple"},"acf":[],"yoast_head":"<!-- This site is optimized with the Yoast SEO Premium plugin v20.9 (Yoast SEO v20.9) - https:\/\/yoast.com\/wordpress\/plugins\/seo\/ -->\n<title>Chain Lub Prefesional 650ml W7060 - D\u01b0\u1ee1ng S\u00ean X\u1ecbt D\u01b0\u1ee1ng S\u00ean Cao C\u1ea5p - M\u1ee1 B\u00f4i Tr\u01a1n Kh\u00f4ng V\u0103ng Ch\u1ecbu Nhi\u1ec7t 265\u00b0C [650ML - SH Global<\/title>\n<meta name=\"robots\" content=\"index, follow, max-snippet:-1, max-image-preview:large, max-video-preview:-1\" \/>\n<link rel=\"canonical\" href=\"https:\/\/shglobaltrade.vn\/en\/product\/chain-lub-prefesional-650ml-w7060-duong-sen-xit-duong-sen-cao-cap-mo-boi-tron-khong-vang-chiu-nhiet-265c-650ml\/\" \/>\n<meta property=\"og:locale\" content=\"en_US\" \/>\n<meta property=\"og:type\" content=\"article\" \/>\n<meta property=\"og:title\" content=\"Chain Lub Prefesional 650ml W7060 - D\u01b0\u1ee1ng S\u00ean X\u1ecbt D\u01b0\u1ee1ng S\u00ean Cao C\u1ea5p - M\u1ee1 B\u00f4i Tr\u01a1n Kh\u00f4ng V\u0103ng Ch\u1ecbu Nhi\u1ec7t 265\u00b0C [650ML\" \/>\n<meta property=\"og:description\" content=\"C\u00c1CH D\u00d9NG:   B\u01b0\u1edbc 1: V\u1ec7 sinh, t\u1ea9y r\u1eeda s\u00ean th\u1eadt s\u1ea1ch, \u0111\u1ec3 s\u00ean kh\u00f4  B\u01b0\u1edbc 2: L\u1eafc k\u1ef9 chai d\u01b0\u1ee1ng s\u00ean tr\u01b0\u1edbc khi d\u00f9ng, \u0111\u1ec3 dung d\u1ecbch kh\u00f4ng b\u1ecb qu\u00e1 lo\u00e3ng ho\u1eb7c b\u1ecb \u0111\u1eb7c  B\u01b0\u1edbc 4: S\u00ean kh\u00f4 th\u00ec ti\u1ebfn h\u00e0nh x\u1ecbt d\u01b0\u1ee1ng s\u00ean tr\u1ef1c ti\u1ebfp l\u00ean b\u1ec1 m\u1eb7t s\u00ean, ch\u00fa \u00fd x\u1ecbt t\u1eadp trung v\u00e0o c\u00e1c m\u1eaft x\u00edch\" \/>\n<meta property=\"og:url\" content=\"https:\/\/shglobaltrade.vn\/en\/product\/chain-lub-prefesional-650ml-w7060-duong-sen-xit-duong-sen-cao-cap-mo-boi-tron-khong-vang-chiu-nhiet-265c-650ml\/\" \/>\n<meta property=\"og:site_name\" content=\"SH Global\" \/>\n<meta property=\"article:modified_time\" content=\"2025-12-12T10:27:54+00:00\" \/>\n<meta property=\"og:image\" content=\"https:\/\/shglobaltrade.vn\/wp-content\/uploads\/2025\/11\/W7200.png\" \/>\n\t<meta property=\"og:image:width\" content=\"1200\" \/>\n\t<meta property=\"og:image:height\" content=\"1200\" \/>\n\t<meta property=\"og:image:type\" content=\"image\/png\" \/>\n<meta name=\"twitter:card\" content=\"summary_large_image\" \/>\n<meta name=\"twitter:label1\" content=\"Est. reading time\" \/>\n\t<meta name=\"twitter:data1\" content=\"3 minutes\" \/>\n<script type=\"application\/ld+json\" class=\"yoast-schema-graph\">{\"@context\":\"https:\/\/schema.org\",\"@graph\":[{\"@type\":\"WebPage\",\"@id\":\"https:\/\/shglobaltrade.vn\/san-pham\/chain-lub-prefesional-650ml-w7060-duong-sen-xit-duong-sen-cao-cap-mo-boi-tron-khong-vang-chiu-nhiet-265c-650ml\/\",\"url\":\"https:\/\/shglobaltrade.vn\/san-pham\/chain-lub-prefesional-650ml-w7060-duong-sen-xit-duong-sen-cao-cap-mo-boi-tron-khong-vang-chiu-nhiet-265c-650ml\/\",\"name\":\"Chain Lub Prefesional 650ml W7060 - D\u01b0\u1ee1ng S\u00ean X\u1ecbt D\u01b0\u1ee1ng S\u00ean Cao C\u1ea5p - M\u1ee1 B\u00f4i Tr\u01a1n Kh\u00f4ng V\u0103ng Ch\u1ecbu Nhi\u1ec7t 265\u00b0C [650ML - SH Global\",\"isPartOf\":{\"@id\":\"https:\/\/shglobaltrade.vn\/#website\"},\"datePublished\":\"2025-11-28T07:28:04+00:00\",\"dateModified\":\"2025-12-12T10:27:54+00:00\",\"breadcrumb\":{\"@id\":\"https:\/\/shglobaltrade.vn\/san-pham\/chain-lub-prefesional-650ml-w7060-duong-sen-xit-duong-sen-cao-cap-mo-boi-tron-khong-vang-chiu-nhiet-265c-650ml\/#breadcrumb\"},\"inLanguage\":\"en-US\",\"potentialAction\":[{\"@type\":\"ReadAction\",\"target\":[\"https:\/\/shglobaltrade.vn\/san-pham\/chain-lub-prefesional-650ml-w7060-duong-sen-xit-duong-sen-cao-cap-mo-boi-tron-khong-vang-chiu-nhiet-265c-650ml\/\"]}]},{\"@type\":\"BreadcrumbList\",\"@id\":\"https:\/\/shglobaltrade.vn\/san-pham\/chain-lub-prefesional-650ml-w7060-duong-sen-xit-duong-sen-cao-cap-mo-boi-tron-khong-vang-chiu-nhiet-265c-650ml\/#breadcrumb\",\"itemListElement\":[{\"@type\":\"ListItem\",\"position\":1,\"name\":\"Trang ch\u1ee7\",\"item\":\"https:\/\/shglobaltrade.vn\/\"},{\"@type\":\"ListItem\",\"position\":2,\"name\":\"C\u1eeda h\u00e0ng\",\"item\":\"https:\/\/shglobaltrade.vn\/cua-hang\/\"},{\"@type\":\"ListItem\",\"position\":3,\"name\":\"Chain Lub Prefesional 650ml W7060 &#8211; D\u01b0\u1ee1ng S\u00ean X\u1ecbt D\u01b0\u1ee1ng S\u00ean Cao C\u1ea5p &#8211; M\u1ee1 B\u00f4i Tr\u01a1n Kh\u00f4ng V\u0103ng Ch\u1ecbu Nhi\u1ec7t 265\u00b0C [650ML\"}]},{\"@type\":\"WebSite\",\"@id\":\"https:\/\/shglobaltrade.vn\/#website\",\"url\":\"https:\/\/shglobaltrade.vn\/\",\"name\":\"SH Global\",\"description\":\"\",\"potentialAction\":[{\"@type\":\"SearchAction\",\"target\":{\"@type\":\"EntryPoint\",\"urlTemplate\":\"https:\/\/shglobaltrade.vn\/?s={search_term_string}\"},\"query-input\":\"required name=search_term_string\"}],\"inLanguage\":\"en-US\"}]}<\/script>\n<!-- \/ Yoast SEO Premium plugin. -->","yoast_head_json":{"title":"Chain Lub Prefesional 650ml W7060 - D\u01b0\u1ee1ng S\u00ean X\u1ecbt D\u01b0\u1ee1ng S\u00ean Cao C\u1ea5p - M\u1ee1 B\u00f4i Tr\u01a1n Kh\u00f4ng V\u0103ng Ch\u1ecbu Nhi\u1ec7t 265\u00b0C [650ML - SH Global","robots":{"index":"index","follow":"follow","max-snippet":"max-snippet:-1","max-image-preview":"max-image-preview:large","max-video-preview":"max-video-preview:-1"},"canonical":"https:\/\/shglobaltrade.vn\/en\/product\/chain-lub-prefesional-650ml-w7060-duong-sen-xit-duong-sen-cao-cap-mo-boi-tron-khong-vang-chiu-nhiet-265c-650ml\/","og_locale":"en_US","og_type":"article","og_title":"Chain Lub Prefesional 650ml W7060 - D\u01b0\u1ee1ng S\u00ean X\u1ecbt D\u01b0\u1ee1ng S\u00ean Cao C\u1ea5p - M\u1ee1 B\u00f4i Tr\u01a1n Kh\u00f4ng V\u0103ng Ch\u1ecbu Nhi\u1ec7t 265\u00b0C [650ML","og_description":"C\u00c1CH D\u00d9NG:   B\u01b0\u1edbc 1: V\u1ec7 sinh, t\u1ea9y r\u1eeda s\u00ean th\u1eadt s\u1ea1ch, \u0111\u1ec3 s\u00ean kh\u00f4  B\u01b0\u1edbc 2: L\u1eafc k\u1ef9 chai d\u01b0\u1ee1ng s\u00ean tr\u01b0\u1edbc khi d\u00f9ng, \u0111\u1ec3 dung d\u1ecbch kh\u00f4ng b\u1ecb qu\u00e1 lo\u00e3ng ho\u1eb7c b\u1ecb \u0111\u1eb7c  B\u01b0\u1edbc 4: S\u00ean kh\u00f4 th\u00ec ti\u1ebfn h\u00e0nh x\u1ecbt d\u01b0\u1ee1ng s\u00ean tr\u1ef1c ti\u1ebfp l\u00ean b\u1ec1 m\u1eb7t s\u00ean, ch\u00fa \u00fd x\u1ecbt t\u1eadp trung v\u00e0o c\u00e1c m\u1eaft x\u00edch","og_url":"https:\/\/shglobaltrade.vn\/en\/product\/chain-lub-prefesional-650ml-w7060-duong-sen-xit-duong-sen-cao-cap-mo-boi-tron-khong-vang-chiu-nhiet-265c-650ml\/","og_site_name":"SH Global","article_modified_time":"2025-12-12T10:27:54+00:00","og_image":[{"width":1200,"height":1200,"url":"https:\/\/shglobaltrade.vn\/wp-content\/uploads\/2025\/11\/W7200.png","type":"image\/png"}],"twitter_card":"summary_large_image","twitter_misc":{"Est. reading time":"3 minutes"},"schema":{"@context":"https:\/\/schema.org","@graph":[{"@type":"WebPage","@id":"https:\/\/shglobaltrade.vn\/san-pham\/chain-lub-prefesional-650ml-w7060-duong-sen-xit-duong-sen-cao-cap-mo-boi-tron-khong-vang-chiu-nhiet-265c-650ml\/","url":"https:\/\/shglobaltrade.vn\/san-pham\/chain-lub-prefesional-650ml-w7060-duong-sen-xit-duong-sen-cao-cap-mo-boi-tron-khong-vang-chiu-nhiet-265c-650ml\/","name":"Chain Lub Prefesional 650ml W7060 - D\u01b0\u1ee1ng S\u00ean X\u1ecbt D\u01b0\u1ee1ng S\u00ean Cao C\u1ea5p - M\u1ee1 B\u00f4i Tr\u01a1n Kh\u00f4ng V\u0103ng Ch\u1ecbu Nhi\u1ec7t 265\u00b0C [650ML - SH Global","isPartOf":{"@id":"https:\/\/shglobaltrade.vn\/#website"},"datePublished":"2025-11-28T07:28:04+00:00","dateModified":"2025-12-12T10:27:54+00:00","breadcrumb":{"@id":"https:\/\/shglobaltrade.vn\/san-pham\/chain-lub-prefesional-650ml-w7060-duong-sen-xit-duong-sen-cao-cap-mo-boi-tron-khong-vang-chiu-nhiet-265c-650ml\/#breadcrumb"},"inLanguage":"en-US","potentialAction":[{"@type":"ReadAction","target":["https:\/\/shglobaltrade.vn\/san-pham\/chain-lub-prefesional-650ml-w7060-duong-sen-xit-duong-sen-cao-cap-mo-boi-tron-khong-vang-chiu-nhiet-265c-650ml\/"]}]},{"@type":"BreadcrumbList","@id":"https:\/\/shglobaltrade.vn\/san-pham\/chain-lub-prefesional-650ml-w7060-duong-sen-xit-duong-sen-cao-cap-mo-boi-tron-khong-vang-chiu-nhiet-265c-650ml\/#breadcrumb","itemListElement":[{"@type":"ListItem","position":1,"name":"Trang ch\u1ee7","item":"https:\/\/shglobaltrade.vn\/"},{"@type":"ListItem","position":2,"name":"C\u1eeda h\u00e0ng","item":"https:\/\/shglobaltrade.vn\/cua-hang\/"},{"@type":"ListItem","position":3,"name":"Chain Lub Prefesional 650ml W7060 &#8211; D\u01b0\u1ee1ng S\u00ean X\u1ecbt D\u01b0\u1ee1ng S\u00ean Cao C\u1ea5p &#8211; M\u1ee1 B\u00f4i Tr\u01a1n Kh\u00f4ng V\u0103ng Ch\u1ecbu Nhi\u1ec7t 265\u00b0C [650ML"}]},{"@type":"WebSite","@id":"https:\/\/shglobaltrade.vn\/#website","url":"https:\/\/shglobaltrade.vn\/","name":"SH Global","description":"","potentialAction":[{"@type":"SearchAction","target":{"@type":"EntryPoint","urlTemplate":"https:\/\/shglobaltrade.vn\/?s={search_term_string}"},"query-input":"required name=search_term_string"}],"inLanguage":"en-US"}]}},"_links":{"self":[{"href":"https:\/\/shglobaltrade.vn\/en\/wp-json\/wp\/v2\/product\/931","targetHints":{"allow":["GET"]}}],"collection":[{"href":"https:\/\/shglobaltrade.vn\/en\/wp-json\/wp\/v2\/product"}],"about":[{"href":"https:\/\/shglobaltrade.vn\/en\/wp-json\/wp\/v2\/types\/product"}],"replies":[{"embeddable":true,"href":"https:\/\/shglobaltrade.vn\/en\/wp-json\/wp\/v2\/comments?post=931"}],"wp:featuredmedia":[{"embeddable":true,"href":"https:\/\/shglobaltrade.vn\/en\/wp-json\/wp\/v2\/media\/932"}],"wp:attachment":[{"href":"https:\/\/shglobaltrade.vn\/en\/wp-json\/wp\/v2\/media?parent=931"}],"wp:term":[{"taxonomy":"product_brand","embeddable":true,"href":"https:\/\/shglobaltrade.vn\/en\/wp-json\/wp\/v2\/product_brand?post=931"},{"taxonomy":"product_cat","embeddable":true,"href":"https:\/\/shglobaltrade.vn\/en\/wp-json\/wp\/v2\/product_cat?post=931"},{"taxonomy":"product_tag","embeddable":true,"href":"https:\/\/shglobaltrade.vn\/en\/wp-json\/wp\/v2\/product_tag?post=931"}],"curies":[{"name":"wp","href":"https:\/\/api.w.org\/{rel}","templated":true}]}}