{"id":929,"date":"2025-11-28T14:28:04","date_gmt":"2025-11-28T07:28:04","guid":{"rendered":"https:\/\/shglobal.123websitedev.com\/san-pham\/xit-khu-khuan-khu-mui-dieu-hoa-o-to-wunscher-cua-duc\/"},"modified":"2025-12-12T17:26:32","modified_gmt":"2025-12-12T10:26:32","slug":"aircon-fresh-and-cleaner-200ml-w7160-xit-khu-khuan-khu-mui-dieu-hoa-o-to-wunscher-cua-duc","status":"publish","type":"product","link":"https:\/\/shglobaltrade.vn\/en\/product\/aircon-fresh-and-cleaner-200ml-w7160-xit-khu-khuan-khu-mui-dieu-hoa-o-to-wunscher-cua-duc\/","title":{"rendered":"Aircon Fresh and Cleaner 200ml W7160 \u2013 Wunscher German Car Air Conditioner Disinfectant and Deodorizer Spray"},"content":{"rendered":"<p><iframe loading=\"lazy\" title=\"W7160 AirCon Fresh &amp; Clean\" src=\"https:\/\/sketchfab.com\/models\/d67460694da7443e99c87214eef875d8\/embed?autostart=1&amp;preload=1\" width=\"100%\" height=\"540\" frameborder=\"0\" allowfullscreen=\"allowfullscreen\"> <\/iframe><\/p>\n<h2><span style=\"color: #000000;\"><strong>PRODUCT DESCRIPTION<\/strong><\/span><\/h2>\n<p><span style=\"color: #000000;\">X\u1ecbt kh\u1eed m\u00f9i \u0111i\u1ec1u h\u00f2a, n\u1ed9i th\u1ea5t \u00f4 t\u00f4 WUNSCHER 7160 AirCon Fresh And Clean dung t\u00edch 200ml.<\/span><\/p>\n<p><span style=\"color: #000000;\">Air Conditioner Fresh eliminates unpleasant odors caused by bacteria and mold in air conditioning systems, vents, or car interiors within minutes. Easy to use \u2013 no need to remove the air filter. Leaves a pleasant, fresh scent. Uses disinfectant safely. Always read label and product information before use. Contains Ethanol 510g\/L N-91798<\/span><\/p>\n<p><span style=\"color: #000000;\"><strong>CHARACTERISTIC:<\/strong><\/span><\/p>\n<p><span style=\"color: #000000;\">\u2013 This air conditioner deodorizer quickly removes odors without the need for disassembly or reassembly, and is easy to use.<\/span><\/p>\n<p><span style=\"color: #000000;\">\u2013 Cleans away mold, bacteria, and unpleasant odors from air conditioners and interior furnishings, especially after rainy days.<\/span><\/p>\n<p><span style=\"color: #000000;\">\u2013 Eliminates unpleasant odors from the air conditioner such as: cigarette smoke, food odors, seafood left in the car\u2026<\/span><\/p>\n<p><span style=\"color: #000000;\">\u2013 A pleasant, refreshing citrus scent.<\/span><\/p>\n<p><span style=\"color: #000000;\">\u2013 This product is especially effective for people who easily get motion sickness.<\/span><\/p>\n<p><span style=\"color: #000000;\"><strong>INSTRUCTIONS FOR USE:<\/strong><\/span><\/p>\n<p><span style=\"color: #000000;\">B\u01b0\u1edbc 1: Kh\u1edfi \u0111\u1ed9ng \u0111\u1ed9ng c\u01a1 v\u00e0 \u0111\u1ec3 n\u00f3 ch\u1ea1y.<\/span><\/p>\n<p><span style=\"color: #000000;\">B\u01b0\u1edbc 2: \u0110\u1eb7t c\u00e1c \u0111i\u1ec1u ki\u1ec7n s\u01b0\u1edfi \u1ea5m v\u00e0 th\u00f4ng gi\u00f3 sau:<\/span><\/p>\n<p><span style=\"color: #000000;\">B\u01b0\u1edbc 3: B\u1eadt \u0111i\u1ec1u h\u00f2a.<\/span><\/p>\n<p><span style=\"color: #000000;\">B\u1eadt l\u1ea5y gi\u00f3 trong.<\/span><\/p>\n<p><span style=\"color: #000000;\">\u0110i\u1ec1u ch\u1ec9nh ph\u00e2n ph\u1ed1i kh\u00f4ng kh\u00ed \u0111\u1ebfn k\u00ednh ch\u1eafn gi\u00f3 .<\/span><\/p>\n<p><span style=\"color: #000000;\">\u0110i\u1ec1u ch\u1ec9nh b\u1eadt s\u01b0\u1edfi \u1edf m\u1ee9c nhi\u1ec7t \u0111\u1ed9 cao v\u00e0 t\u1ed1c \u0111\u1ed9 qu\u1ea1t t\u1ed1i \u0111a.<\/span><\/p>\n<p><span style=\"color: #000000;\">B\u01b0\u1edbc 4: L\u1eafc \u0111\u1ec1u lon trong kho\u1ea3ng 15-30 gi\u00e2y<\/span><\/p>\n<p><span style=\"color: #000000;\">B\u01b0\u1edbc 5: \u0110\u1eb7t lon \u1edf khu v\u1ef1c h\u00fat gi\u00f3 c\u1ee7a h\u1ec7 th\u1ed1ng l\u01b0u th\u00f4ng kh\u00f4ng kh\u00ed (ch\u1ee7 y\u1ebfu l\u00e0 ch\u1ed7 \u0111\u1ec3 ch\u00e2n c\u1ee7a h\u00e0nh kh\u00e1ch) ho\u1eb7c ngay gi\u1eefa gh\u1ebf h\u00e0nh kh\u00e1ch v\u00e0 gh\u1ebf t\u00e0i x\u1ebf.<\/span><\/p>\n<p><span style=\"color: #000000;\">B\u01b0\u1edbc 6: Nh\u1ea5n m\u1ea1nh \u0111\u1ea7u phun cho \u0111\u1ebfn khi n\u00f3 kh\u00f3a. Gi\u1eef c\u1eeda ra v\u00e0o v\u00e0 c\u1eeda s\u1ed5 \u0111\u00f3ng trong 10 ph\u00fat.<\/span><\/p>\n<p><span style=\"color: #000000;\">B\u01b0\u1edbc 7: Ti\u1ebfp t\u1ee5c cho \u0111\u1ed9ng c\u01a1 ho\u1ea1t \u0111\u1ed9ng v\u00e0 \u0111\u1ec3 c\u1eeda m\u1edf trong 10 ph\u00fat n\u1eefa.<\/span><\/p>\n<p><span style=\"color: #000000;\"><strong>PRODUCT INFORMATION:<\/strong><\/span><\/p>\n<p><span style=\"color: #000000;\">&#8211; Dung t\u00edch: 200ml \u00a0<\/span><\/p>\n<p><span style=\"color: #000000;\">\u2013 Manufacturer: WUNSCHER Germany<\/span><\/p>\n<p><span style=\"color: #000000;\">\u2013 Shelf life: 5 years from the date of manufacture<\/span><\/p>\n<p><span style=\"color: #000000;\">\u26a0\ufe0f\u26a0\ufe0f\u26a0\ufe0f All products have supplementary labels clearly stating the place of manufacture, the distributing company, and instructions for use.<\/span><\/p>\n<p><span style=\"color: #000000;\">&#8212;&#8212;&#8212;&#8212;&#8212;&#8212;&#8212;&#8212;&#8212;&#8212;&#8212;&#8212;&#8212;&#8212;&#8212;&#8212;&#8212;&#8212;&#8212;&#8212;&#8212;&#8212;&#8212;&#8212;&#8212;&#8212;&#8211;<\/span><\/p>\n<p><span style=\"color: #000000;\"><strong>SH GLOBAL STORE \u2013 AUTHENTIC &amp; LEGITIMATE PRODUCTS, COMPLETE PEACE OF MIND<\/strong><\/span><\/p>\n<ul>\n<li><span style=\"color: #000000;\"><strong>100% is a genuine Wunscher product.<\/strong> \u2013 A reputable car care brand from Germany.<\/span><\/li>\n<li><span style=\"color: #000000;\"><strong>Official import<\/strong>, full <strong>Customs \u2013 Taxes \u2013 Certificate of Origin (CO) \u2013 Certificate of Quality (CQ) \u2013 Invoices and supporting documents<\/strong>.<\/span><\/li>\n<li><span style=\"color: #000000;\"><strong>Transparent origin<\/strong>Say no to counterfeit, fake, and substandard goods.<\/span><\/li>\n<li><span style=\"color: #000000;\"><strong>The product matches the description.<\/strong>Correct technical specifications, correct manufacturer standards.<\/span><\/li>\n<li><span style=\"color: #000000;\"><strong>D<\/strong><strong>Secure packaging \u2013 receive your order intact.<\/strong>No dents, no leaks.<\/span><\/li>\n<li><span style=\"color: #000000;\"><strong>100% Refund<\/strong> If you discover that the product is not genuine or does not match the description.<\/span><\/li>\n<li><span style=\"color: #000000;\"><strong>Nationwide delivery (COD)<\/strong> and support for inspection upon delivery (depending on regional policy).<\/span><\/li>\n<li><span style=\"color: #000000;\"><strong>Returns and exchanges are handled according to manufacturer standards.<\/strong>, ensuring maximum benefits for customers.<\/span><\/li>\n<\/ul>\n<p><span style=\"color: #000000;\">\ud83d\udc49 <strong>Genuine products guarantee quality \u2013 Legitimate channels build trust.<\/strong><strong><br \/>\nSH Global Store offers both.<\/strong><\/span><\/p>","protected":false},"excerpt":{"rendered":"<p><strong>CHARACTERISTIC:<\/strong><\/p>\n<p>\u2013 This air conditioner deodorizer quickly removes odors without the need for disassembly or reassembly, and is easy to use.<\/p>\n<p>\u2013 Cleans away mold, bacteria, and unpleasant odors from air conditioners and interior furnishings, especially after rainy days.<\/p>\n<p>\u2013 Eliminates unpleasant odors from the air conditioner such as: cigarette smoke, food odors, seafood left in the car\u2026<\/p>\n<p>\u2013 A pleasant, refreshing citrus scent.<\/p>\n<p>\u2013 This product is especially effective for people who easily get motion sickness.<\/p>","protected":false},"featured_media":930,"comment_status":"open","ping_status":"closed","template":"","meta":[],"product_brand":[111],"product_cat":[90],"product_tag":[],"class_list":{"0":"post-929","1":"product","2":"type-product","3":"status-publish","4":"has-post-thumbnail","6":"product_brand-wunscher","7":"product_cat-chat-phu-gia","9":"first","10":"instock","11":"purchasable","12":"product-type-simple"},"acf":[],"yoast_head":"<!-- This site is optimized with the Yoast SEO Premium plugin v20.9 (Yoast SEO v20.9) - https:\/\/yoast.com\/wordpress\/plugins\/seo\/ -->\n<title>Aircon Fresh and Cleaner 200ml W7160 - X\u1ecbt Kh\u1eed Khu\u1ea9n Kh\u1eed M\u00f9i \u0110i\u1ec1u H\u00f2a \u00d4 T\u00f4 Wunscher C\u1ee7a \u0110\u1ee9c - SH Global<\/title>\n<meta name=\"robots\" content=\"index, follow, max-snippet:-1, max-image-preview:large, max-video-preview:-1\" \/>\n<link rel=\"canonical\" href=\"https:\/\/shglobaltrade.vn\/en\/product\/aircon-fresh-and-cleaner-200ml-w7160-xit-khu-khuan-khu-mui-dieu-hoa-o-to-wunscher-cua-duc\/\" \/>\n<meta property=\"og:locale\" content=\"en_US\" \/>\n<meta property=\"og:type\" content=\"article\" \/>\n<meta property=\"og:title\" content=\"Aircon Fresh and Cleaner 200ml W7160 - X\u1ecbt Kh\u1eed Khu\u1ea9n Kh\u1eed M\u00f9i \u0110i\u1ec1u H\u00f2a \u00d4 T\u00f4 Wunscher C\u1ee7a \u0110\u1ee9c\" \/>\n<meta property=\"og:description\" content=\"\u0110\u1eb6C \u0110I\u1ec2M:  - S\u1ea3n ph\u1ea9m kh\u1eed m\u00f9i \u0111i\u1ec1u ho\u00e0 nhanh, kh\u00f4ng c\u1ea7n th\u00e1o l\u1eafp, thao t\u00e1c d\u1ec5 d\u00e0ng.  - L\u00e0m s\u1ea1ch n\u1ea5m m\u1ed1c, vi khu\u1ea9n, c\u00e1c m\u00f9i h\u00f4i c\u1ee7a \u0111i\u1ec1u ho\u00e0 v\u00e0 n\u1ed9i th\u1ea5t. \u0110\u1eb7c bi\u1ec7t sau nh\u1eefng ng\u00e0y m\u01b0a.  - Kh\u1eed s\u1ea1ch m\u00f9i kh\u00f3 ch\u1ecbu t\u1eeb \u0111i\u1ec1u ho\u00e0 nh\u01b0: m\u00f9i thu\u1ed1c l\u00e1, m\u00f9i \u0111\u1ed3 \u0103n, m\u00f9i h\u1ea3i s\u1ea3n qu\u00ean tr\u00ean xe\u2026  - H\u01b0\u01a1ng cam chanh th\u01a1m m\u00e1t d\u1ec5 ch\u1ecbu  - S\u1ea3n ph\u1ea9m \u0111\u1eb7c bi\u1ec7t hi\u1ec7u qu\u1ea3 cho ng\u01b0\u1eddi d\u1ec5 say xe.\" \/>\n<meta property=\"og:url\" content=\"https:\/\/shglobaltrade.vn\/en\/product\/aircon-fresh-and-cleaner-200ml-w7160-xit-khu-khuan-khu-mui-dieu-hoa-o-to-wunscher-cua-duc\/\" \/>\n<meta property=\"og:site_name\" content=\"SH Global\" \/>\n<meta property=\"article:modified_time\" content=\"2025-12-12T10:26:32+00:00\" \/>\n<meta property=\"og:image\" content=\"https:\/\/shglobaltrade.vn\/wp-content\/uploads\/2025\/11\/W7160-1.png\" \/>\n\t<meta property=\"og:image:width\" content=\"1200\" \/>\n\t<meta property=\"og:image:height\" content=\"1200\" \/>\n\t<meta property=\"og:image:type\" content=\"image\/png\" \/>\n<meta name=\"twitter:card\" content=\"summary_large_image\" \/>\n<meta name=\"twitter:label1\" content=\"Est. reading time\" \/>\n\t<meta name=\"twitter:data1\" content=\"3 minutes\" \/>\n<script type=\"application\/ld+json\" class=\"yoast-schema-graph\">{\"@context\":\"https:\/\/schema.org\",\"@graph\":[{\"@type\":\"WebPage\",\"@id\":\"https:\/\/shglobaltrade.vn\/san-pham\/aircon-fresh-and-cleaner-200ml-w7160-xit-khu-khuan-khu-mui-dieu-hoa-o-to-wunscher-cua-duc\/\",\"url\":\"https:\/\/shglobaltrade.vn\/san-pham\/aircon-fresh-and-cleaner-200ml-w7160-xit-khu-khuan-khu-mui-dieu-hoa-o-to-wunscher-cua-duc\/\",\"name\":\"Aircon Fresh and Cleaner 200ml W7160 - X\u1ecbt Kh\u1eed Khu\u1ea9n Kh\u1eed M\u00f9i \u0110i\u1ec1u H\u00f2a \u00d4 T\u00f4 Wunscher C\u1ee7a \u0110\u1ee9c - SH Global\",\"isPartOf\":{\"@id\":\"https:\/\/shglobaltrade.vn\/#website\"},\"datePublished\":\"2025-11-28T07:28:04+00:00\",\"dateModified\":\"2025-12-12T10:26:32+00:00\",\"breadcrumb\":{\"@id\":\"https:\/\/shglobaltrade.vn\/san-pham\/aircon-fresh-and-cleaner-200ml-w7160-xit-khu-khuan-khu-mui-dieu-hoa-o-to-wunscher-cua-duc\/#breadcrumb\"},\"inLanguage\":\"en-US\",\"potentialAction\":[{\"@type\":\"ReadAction\",\"target\":[\"https:\/\/shglobaltrade.vn\/san-pham\/aircon-fresh-and-cleaner-200ml-w7160-xit-khu-khuan-khu-mui-dieu-hoa-o-to-wunscher-cua-duc\/\"]}]},{\"@type\":\"BreadcrumbList\",\"@id\":\"https:\/\/shglobaltrade.vn\/san-pham\/aircon-fresh-and-cleaner-200ml-w7160-xit-khu-khuan-khu-mui-dieu-hoa-o-to-wunscher-cua-duc\/#breadcrumb\",\"itemListElement\":[{\"@type\":\"ListItem\",\"position\":1,\"name\":\"Trang ch\u1ee7\",\"item\":\"https:\/\/shglobaltrade.vn\/\"},{\"@type\":\"ListItem\",\"position\":2,\"name\":\"C\u1eeda h\u00e0ng\",\"item\":\"https:\/\/shglobaltrade.vn\/cua-hang\/\"},{\"@type\":\"ListItem\",\"position\":3,\"name\":\"Aircon Fresh and Cleaner 200ml W7160 &#8211; X\u1ecbt Kh\u1eed Khu\u1ea9n Kh\u1eed M\u00f9i \u0110i\u1ec1u H\u00f2a \u00d4 T\u00f4 Wunscher C\u1ee7a \u0110\u1ee9c\"}]},{\"@type\":\"WebSite\",\"@id\":\"https:\/\/shglobaltrade.vn\/#website\",\"url\":\"https:\/\/shglobaltrade.vn\/\",\"name\":\"SH Global\",\"description\":\"\",\"potentialAction\":[{\"@type\":\"SearchAction\",\"target\":{\"@type\":\"EntryPoint\",\"urlTemplate\":\"https:\/\/shglobaltrade.vn\/?s={search_term_string}\"},\"query-input\":\"required name=search_term_string\"}],\"inLanguage\":\"en-US\"}]}<\/script>\n<!-- \/ Yoast SEO Premium plugin. -->","yoast_head_json":{"title":"Aircon Fresh and Cleaner 200ml W7160 - X\u1ecbt Kh\u1eed Khu\u1ea9n Kh\u1eed M\u00f9i \u0110i\u1ec1u H\u00f2a \u00d4 T\u00f4 Wunscher C\u1ee7a \u0110\u1ee9c - SH Global","robots":{"index":"index","follow":"follow","max-snippet":"max-snippet:-1","max-image-preview":"max-image-preview:large","max-video-preview":"max-video-preview:-1"},"canonical":"https:\/\/shglobaltrade.vn\/en\/product\/aircon-fresh-and-cleaner-200ml-w7160-xit-khu-khuan-khu-mui-dieu-hoa-o-to-wunscher-cua-duc\/","og_locale":"en_US","og_type":"article","og_title":"Aircon Fresh and Cleaner 200ml W7160 - X\u1ecbt Kh\u1eed Khu\u1ea9n Kh\u1eed M\u00f9i \u0110i\u1ec1u H\u00f2a \u00d4 T\u00f4 Wunscher C\u1ee7a \u0110\u1ee9c","og_description":"\u0110\u1eb6C \u0110I\u1ec2M:  - S\u1ea3n ph\u1ea9m kh\u1eed m\u00f9i \u0111i\u1ec1u ho\u00e0 nhanh, kh\u00f4ng c\u1ea7n th\u00e1o l\u1eafp, thao t\u00e1c d\u1ec5 d\u00e0ng.  - L\u00e0m s\u1ea1ch n\u1ea5m m\u1ed1c, vi khu\u1ea9n, c\u00e1c m\u00f9i h\u00f4i c\u1ee7a \u0111i\u1ec1u ho\u00e0 v\u00e0 n\u1ed9i th\u1ea5t. \u0110\u1eb7c bi\u1ec7t sau nh\u1eefng ng\u00e0y m\u01b0a.  - Kh\u1eed s\u1ea1ch m\u00f9i kh\u00f3 ch\u1ecbu t\u1eeb \u0111i\u1ec1u ho\u00e0 nh\u01b0: m\u00f9i thu\u1ed1c l\u00e1, m\u00f9i \u0111\u1ed3 \u0103n, m\u00f9i h\u1ea3i s\u1ea3n qu\u00ean tr\u00ean xe\u2026  - H\u01b0\u01a1ng cam chanh th\u01a1m m\u00e1t d\u1ec5 ch\u1ecbu  - S\u1ea3n ph\u1ea9m \u0111\u1eb7c bi\u1ec7t hi\u1ec7u qu\u1ea3 cho ng\u01b0\u1eddi d\u1ec5 say xe.","og_url":"https:\/\/shglobaltrade.vn\/en\/product\/aircon-fresh-and-cleaner-200ml-w7160-xit-khu-khuan-khu-mui-dieu-hoa-o-to-wunscher-cua-duc\/","og_site_name":"SH Global","article_modified_time":"2025-12-12T10:26:32+00:00","og_image":[{"width":1200,"height":1200,"url":"https:\/\/shglobaltrade.vn\/wp-content\/uploads\/2025\/11\/W7160-1.png","type":"image\/png"}],"twitter_card":"summary_large_image","twitter_misc":{"Est. reading time":"3 minutes"},"schema":{"@context":"https:\/\/schema.org","@graph":[{"@type":"WebPage","@id":"https:\/\/shglobaltrade.vn\/san-pham\/aircon-fresh-and-cleaner-200ml-w7160-xit-khu-khuan-khu-mui-dieu-hoa-o-to-wunscher-cua-duc\/","url":"https:\/\/shglobaltrade.vn\/san-pham\/aircon-fresh-and-cleaner-200ml-w7160-xit-khu-khuan-khu-mui-dieu-hoa-o-to-wunscher-cua-duc\/","name":"Aircon Fresh and Cleaner 200ml W7160 - X\u1ecbt Kh\u1eed Khu\u1ea9n Kh\u1eed M\u00f9i \u0110i\u1ec1u H\u00f2a \u00d4 T\u00f4 Wunscher C\u1ee7a \u0110\u1ee9c - SH Global","isPartOf":{"@id":"https:\/\/shglobaltrade.vn\/#website"},"datePublished":"2025-11-28T07:28:04+00:00","dateModified":"2025-12-12T10:26:32+00:00","breadcrumb":{"@id":"https:\/\/shglobaltrade.vn\/san-pham\/aircon-fresh-and-cleaner-200ml-w7160-xit-khu-khuan-khu-mui-dieu-hoa-o-to-wunscher-cua-duc\/#breadcrumb"},"inLanguage":"en-US","potentialAction":[{"@type":"ReadAction","target":["https:\/\/shglobaltrade.vn\/san-pham\/aircon-fresh-and-cleaner-200ml-w7160-xit-khu-khuan-khu-mui-dieu-hoa-o-to-wunscher-cua-duc\/"]}]},{"@type":"BreadcrumbList","@id":"https:\/\/shglobaltrade.vn\/san-pham\/aircon-fresh-and-cleaner-200ml-w7160-xit-khu-khuan-khu-mui-dieu-hoa-o-to-wunscher-cua-duc\/#breadcrumb","itemListElement":[{"@type":"ListItem","position":1,"name":"Trang ch\u1ee7","item":"https:\/\/shglobaltrade.vn\/"},{"@type":"ListItem","position":2,"name":"C\u1eeda h\u00e0ng","item":"https:\/\/shglobaltrade.vn\/cua-hang\/"},{"@type":"ListItem","position":3,"name":"Aircon Fresh and Cleaner 200ml W7160 &#8211; X\u1ecbt Kh\u1eed Khu\u1ea9n Kh\u1eed M\u00f9i \u0110i\u1ec1u H\u00f2a \u00d4 T\u00f4 Wunscher C\u1ee7a \u0110\u1ee9c"}]},{"@type":"WebSite","@id":"https:\/\/shglobaltrade.vn\/#website","url":"https:\/\/shglobaltrade.vn\/","name":"SH Global","description":"","potentialAction":[{"@type":"SearchAction","target":{"@type":"EntryPoint","urlTemplate":"https:\/\/shglobaltrade.vn\/?s={search_term_string}"},"query-input":"required name=search_term_string"}],"inLanguage":"en-US"}]}},"_links":{"self":[{"href":"https:\/\/shglobaltrade.vn\/en\/wp-json\/wp\/v2\/product\/929","targetHints":{"allow":["GET"]}}],"collection":[{"href":"https:\/\/shglobaltrade.vn\/en\/wp-json\/wp\/v2\/product"}],"about":[{"href":"https:\/\/shglobaltrade.vn\/en\/wp-json\/wp\/v2\/types\/product"}],"replies":[{"embeddable":true,"href":"https:\/\/shglobaltrade.vn\/en\/wp-json\/wp\/v2\/comments?post=929"}],"wp:featuredmedia":[{"embeddable":true,"href":"https:\/\/shglobaltrade.vn\/en\/wp-json\/wp\/v2\/media\/930"}],"wp:attachment":[{"href":"https:\/\/shglobaltrade.vn\/en\/wp-json\/wp\/v2\/media?parent=929"}],"wp:term":[{"taxonomy":"product_brand","embeddable":true,"href":"https:\/\/shglobaltrade.vn\/en\/wp-json\/wp\/v2\/product_brand?post=929"},{"taxonomy":"product_cat","embeddable":true,"href":"https:\/\/shglobaltrade.vn\/en\/wp-json\/wp\/v2\/product_cat?post=929"},{"taxonomy":"product_tag","embeddable":true,"href":"https:\/\/shglobaltrade.vn\/en\/wp-json\/wp\/v2\/product_tag?post=929"}],"curies":[{"name":"wp","href":"https:\/\/api.w.org\/{rel}","templated":true}]}}