{"id":925,"date":"2025-11-28T14:28:04","date_gmt":"2025-11-28T07:28:04","guid":{"rendered":"https:\/\/shglobal.123websitedev.com\/san-pham\/phu-gia-nhot-giup-on-dinh-em-may-chong-hao-nhot-va-ngan-ngua-khoi-wunscher-cua-duc\/"},"modified":"2025-12-12T17:23:49","modified_gmt":"2025-12-12T10:23:49","slug":"motor-doctor-stop-smoke-w7710-phu-gia-nhot-giup-on-dinh-em-may-chong-hao-nhot-va-ngan-ngua-khoi-wunscher-cua-duc","status":"publish","type":"product","link":"https:\/\/shglobaltrade.vn\/en\/product\/motor-doctor-stop-smoke-w7710-phu-gia-nhot-giup-on-dinh-em-may-chong-hao-nhot-va-ngan-ngua-khoi-wunscher-cua-duc\/","title":{"rendered":"MOTOR DOCTOR &amp; STOP SMOKE W7710 \u2013 Engine Oil Additive for Stabilization, Smooth Engine Operation, Reduced Oil Consumption, and Smoke Prevention - Wunscher, Germany"},"content":{"rendered":"<p><iframe loading=\"lazy\" title=\"W7710 Motor Doctor &amp; Stop Smoke\" src=\"https:\/\/sketchfab.com\/models\/11dee51484f14878b4f1bb152d675654\/embed?autostart=1&amp;preload=1\" width=\"100%\" height=\"540\" frameborder=\"0\" allowfullscreen=\"allowfullscreen\"> <\/iframe><\/p>\n<h2><span style=\"color: #000000;\"><strong>PRODUCT DESCRIPTION<\/strong><\/span><\/h2>\n<p><span style=\"color: #000000;\">Ph\u1ee5 Gia \u1ed4n \u0110\u1ecbnh Nh\u1edbt WUNSCHER W7710 \u2013 300ML MOTOR DOCTOR &amp; STOP SMOKE l\u00e0 m\u1ed9t ch\u1ea5t ph\u1ee5 gia hi\u1ec7n \u0111\u1ea1i, hi\u1ec7u su\u1ea5t cao \u0111\u1ec3 \u1ed5n \u0111\u1ecbnh \u0111\u1ed9 nh\u1edbt c\u1ee7a d\u1ea7u \u0111\u1ed9ng c\u01a1. N\u00f3 l\u00e0m gi\u1ea3m ti\u00eau th\u1ee5 d\u1ea7u th\u00f4ng qua v\u00f2ng piston v\u00e0 h\u01b0\u1edbng d\u1eabn van trong \u0111\u1ed9ng c\u01a1 x\u0103ng v\u00e0 diesel. N\u00f3 ng\u0103n ch\u1eb7n kh\u00f3i xanh v\u00e0 s\u01b0\u01a1ng m\u00f9 d\u1ea7u v\u00e0 b\u1ea3o v\u1ec7 \u0111\u1ed9 nh\u1edbt c\u1ee7a d\u1ea7u \u0111\u1ed9ng c\u01a1. T\u0103ng \u0111\u1ed9 n\u00e9n v\u00e0 gi\u1ea3m ti\u1ebfng \u1ed3n \u0111\u1ed9ng c\u01a1 tr\u00ean c\u00e1c v\u00f2i th\u1ee7y l\u1ef1c. N\u00f3 cung c\u1ea5p b\u1ea3o v\u1ec7 th\u00eam cho \u0111\u1ed9ng c\u01a1 hao m\u00f2n cao, k\u00e9o d\u00e0i tu\u1ed5i th\u1ecd c\u1ee7a b\u1ed9 chuy\u1ec3n \u0111\u1ed5i x\u00fac t\u00e1c. Ph\u1ee5 gia d\u1ea7u \u0111\u1ed9ng c\u01a1 cho \u0111\u1ed9ng c\u01a1 c\u00f3 tri\u1ec7u ch\u1ee9ng hao m\u00f2n.<\/span><\/p>\n<p><span style=\"color: #000000;\"><strong>CHARACTERISTIC :<\/strong><\/span><\/p>\n<p><span style=\"color: #000000;\">&#8211; Ph\u1ee5c h\u1ed3i \u00e1p l\u1ef1c d\u1ea7u<\/span><\/p>\n<p><span style=\"color: #000000;\">&#8211; T\u0103ng ch\u1ec9 s\u1ed1 \u0111\u1ed9 nh\u1edbt c\u1ee7a d\u1ea7u b\u00f4i tr\u01a1n<\/span><\/p>\n<p><span style=\"color: #000000;\">&#8211; Gi\u1ea3m ti\u00eau th\u1ee5 d\u1ea7u qu\u00e1 m\u1ee9c v\u00e0 kh\u00f3i th\u1ea3i do ti\u00eau th\u1ee5 d\u1ea7u<\/span><\/p>\n<p><span style=\"color: #000000;\">&#8211; Gi\u1ea3m ti\u1ebfng \u1ed3n \u0111\u1ed9ng c\u01a1<\/span><\/p>\n<p><span style=\"color: #000000;\">&#8211; T\u0103ng c\u01b0\u1eddng m\u00e0ng d\u1ea7u \u1edf nhi\u1ec7t \u0111\u1ed9 cao<\/span><\/p>\n<p><span style=\"color: #000000;\">&#8211; C\u1ea3i thi\u1ec7n \u0111\u1ed9 tin c\u1eady v\u00e0 hi\u1ec7u su\u1ea5t c\u1ee7a \u0111\u1ed9ng c\u01a1 b\u1eb1ng c\u00e1ch kh\u00f4i ph\u1ee5c n\u00e9n<\/span><\/p>\n<p><span style=\"color: #000000;\">&#8211; B\u1ea3o v\u1ec7 ch\u1ed1ng \u0103n m\u00f2n, oxy h\u00f3a, r\u1ec9 s\u00e9t v\u00e0 m\u00f2n<\/span><\/p>\n<p><span style=\"color: #000000;\">&#8211; T\u01b0\u01a1ng th\u00edch v\u1edbi t\u1ea5t c\u1ea3 c\u00e1c lo\u1ea1i d\u1ea7u kho\u00e1ng v\u00e0 t\u1ed5ng h\u1ee3p<\/span><\/p>\n<p><span style=\"color: #000000;\">&#8211; Kh\u00f4ng g\u00e2y h\u1ea1i cho b\u1ed9 chuy\u1ec3n \u0111\u1ed5i x\u00fac t\u00e1c ho\u1eb7c B\u1ed9 l\u1ecdc h\u1ea1t Diesel<\/span><\/p>\n<p><span style=\"color: #000000;\"><strong>H\u01af\u1edaNG D\u1eaaN S\u1eec D\u1ee4NG<\/strong><\/span><\/p>\n<p><span style=\"color: #000000;\">&#8211; 1 chai c\u00f3 th\u1ec3 l\u00e0 \u0111\u1ee7 cho d\u1ea7u \u0111\u1ed9ng c\u01a1 l\u00ean \u0111\u1ebfn 6L.<\/span><\/p>\n<p><span style=\"color: #000000;\">&#8211; \u0110\u1ec1 xu\u1ea5t cho t\u1ea5t c\u1ea3 c\u00e1c \u0111\u1ed9ng c\u01a1 x\u0103ng v\u00e0 diesel c\u1ee7a xe v\u00e0 thi\u1ebft b\u1ecb \u0111\u1ee9ng y\u00ean v\u1edbi m\u1ee9c ti\u00eau th\u1ee5 d\u1ea7u cao, \u00e1p su\u1ea5t d\u1ea7u th\u1ea5p v\u00e0 n\u00e9n th\u1ea5p v\u00e0 \u0111\u1ed9ng c\u01a1 t\u1ea1o ra ti\u1ebfng \u1ed3n do hao m\u00f2n. \u0110\u1eb7c bi\u1ec7t hi\u1ec7u qu\u1ea3 trong \u0111\u1ed9ng c\u01a1 c\u0169.<\/span><\/p>\n<p><span style=\"color: #000000;\">&#8211; Sau khi th\u00eam v\u00e0o d\u1ea7u \u0111\u1ed9ng c\u01a1, l\u00e0m n\u00f3ng \u0111\u1ed9ng c\u01a1 b\u1eb1ng c\u00e1ch ch\u1ea1y kh\u00f4ng t\u1ea3i.<\/span><\/p>\n<p><span style=\"color: #000000;\">&#8211; Vi\u1ec7c b\u1ed5 sung c\u00f3 th\u1ec3 \u0111\u01b0\u1ee3c th\u1ef1c hi\u1ec7n b\u1ea5t c\u1ee9 l\u00fac n\u00e0o.<\/span><\/p>\n<p><span style=\"color: #000000;\"><strong>PRODUCT INFORMATION:<\/strong><\/span><\/p>\n<p><span style=\"color: #000000;\">&#8211; Dung t\u00edch: 300ml \u00a0<\/span><\/p>\n<p><span style=\"color: #000000;\">\u2013 Manufacturer: WUNSCHER Germany<\/span><\/p>\n<p><span style=\"color: #000000;\">\u2013 Shelf life: 5 years from the date of manufacture<\/span><\/p>\n<p><span style=\"color: #000000;\">\u26a0\ufe0f\u26a0\ufe0f\u26a0\ufe0f All products have supplementary labels clearly stating the place of manufacture, the distributing company, and instructions for use.<\/span><\/p>\n<p><span style=\"color: #000000;\"><strong>SH GLOBAL STORE \u2013 AUTHENTIC &amp; LEGITIMATE PRODUCTS, COMPLETE PEACE OF MIND<\/strong><\/span><\/p>\n<ul>\n<li><span style=\"color: #000000;\"><strong>100% is a genuine Wunscher product.<\/strong> \u2013 A reputable car care brand from Germany.<\/span><\/li>\n<li><span style=\"color: #000000;\"><strong>Official import<\/strong>, full <strong>Customs \u2013 Taxes \u2013 Certificate of Origin (CO) \u2013 Certificate of Quality (CQ) \u2013 Invoices and supporting documents<\/strong>.<\/span><\/li>\n<li><span style=\"color: #000000;\"><strong>Transparent origin<\/strong>Say no to counterfeit, fake, and substandard goods.<\/span><\/li>\n<li><span style=\"color: #000000;\"><strong>The product matches the description.<\/strong>Correct technical specifications, correct manufacturer standards.<\/span><\/li>\n<li><span style=\"color: #000000;\"><strong>D<\/strong><strong>Secure packaging \u2013 receive your order intact.<\/strong>No dents, no leaks.<\/span><\/li>\n<li><span style=\"color: #000000;\"><strong>100% Refund<\/strong> If you discover that the product is not genuine or does not match the description.<\/span><\/li>\n<li><span style=\"color: #000000;\"><strong>Nationwide delivery (COD)<\/strong> and support for inspection upon delivery (depending on regional policy).<\/span><\/li>\n<li><span style=\"color: #000000;\"><strong>Returns and exchanges are handled according to manufacturer standards.<\/strong>, ensuring maximum benefits for customers.<\/span><\/li>\n<\/ul>\n<p><span style=\"color: #000000;\">\ud83d\udc49 <strong>Genuine products guarantee quality \u2013 Legitimate channels build trust.<\/strong><strong><br \/>\nSH Global Store offers both.<\/strong><\/span><\/p>","protected":false},"excerpt":{"rendered":"<p><strong>CHARACTERISTIC :<\/strong><\/p>\n<p>&#8211; Ph\u1ee5c h\u1ed3i \u00e1p l\u1ef1c d\u1ea7u<\/p>\n<p>&#8211; T\u0103ng ch\u1ec9 s\u1ed1 \u0111\u1ed9 nh\u1edbt c\u1ee7a d\u1ea7u b\u00f4i tr\u01a1n<\/p>\n<p>&#8211; Gi\u1ea3m ti\u00eau th\u1ee5 d\u1ea7u qu\u00e1 m\u1ee9c v\u00e0 kh\u00f3i th\u1ea3i do ti\u00eau th\u1ee5 d\u1ea7u<\/p>\n<p>&#8211; Gi\u1ea3m ti\u1ebfng \u1ed3n \u0111\u1ed9ng c\u01a1<\/p>\n<p>&#8211; T\u0103ng c\u01b0\u1eddng m\u00e0ng d\u1ea7u \u1edf nhi\u1ec7t \u0111\u1ed9 cao<\/p>\n<p>&#8211; C\u1ea3i thi\u1ec7n \u0111\u1ed9 tin c\u1eady v\u00e0 hi\u1ec7u su\u1ea5t c\u1ee7a \u0111\u1ed9ng c\u01a1 b\u1eb1ng c\u00e1ch kh\u00f4i ph\u1ee5c n\u00e9n<\/p>\n<p>&#8211; B\u1ea3o v\u1ec7 ch\u1ed1ng \u0103n m\u00f2n, oxy h\u00f3a, r\u1ec9 s\u00e9t v\u00e0 m\u00f2n<\/p>\n<p>&#8211; T\u01b0\u01a1ng th\u00edch v\u1edbi t\u1ea5t c\u1ea3 c\u00e1c lo\u1ea1i d\u1ea7u kho\u00e1ng v\u00e0 t\u1ed5ng h\u1ee3p<\/p>\n<p>&#8211; Kh\u00f4ng g\u00e2y h\u1ea1i cho b\u1ed9 chuy\u1ec3n \u0111\u1ed5i x\u00fac t\u00e1c ho\u1eb7c B\u1ed9 l\u1ecdc h\u1ea1t Diesel<\/p>","protected":false},"featured_media":926,"comment_status":"open","ping_status":"closed","template":"","meta":[],"product_brand":[111],"product_cat":[90],"product_tag":[],"class_list":{"0":"post-925","1":"product","2":"type-product","3":"status-publish","4":"has-post-thumbnail","6":"product_brand-wunscher","7":"product_cat-chat-phu-gia","9":"first","10":"instock","11":"purchasable","12":"product-type-simple"},"acf":[],"yoast_head":"<!-- This site is optimized with the Yoast SEO Premium plugin v20.9 (Yoast SEO v20.9) - https:\/\/yoast.com\/wordpress\/plugins\/seo\/ -->\n<title>MOTOR DOCTOR &amp; STOP SMOKE W7710 - Ph\u1ee5 Gia Nh\u1edbt Gi\u00fap \u1ed5n \u0111\u1ecbnh, \u00cam M\u00e1y Ch\u1ed1ng Hao Nh\u1edbt v\u00e0 Ng\u0103n Ng\u1eeba Kh\u00f3i Wunscher C\u1ee7a \u0110\u1ee9c - SH Global<\/title>\n<meta name=\"robots\" content=\"index, follow, max-snippet:-1, max-image-preview:large, max-video-preview:-1\" \/>\n<link rel=\"canonical\" href=\"https:\/\/shglobaltrade.vn\/en\/product\/motor-doctor-stop-smoke-w7710-phu-gia-nhot-giup-on-dinh-em-may-chong-hao-nhot-va-ngan-ngua-khoi-wunscher-cua-duc\/\" \/>\n<meta property=\"og:locale\" content=\"en_US\" \/>\n<meta property=\"og:type\" content=\"article\" \/>\n<meta property=\"og:title\" content=\"MOTOR DOCTOR &amp; STOP SMOKE W7710 - Ph\u1ee5 Gia Nh\u1edbt Gi\u00fap \u1ed5n \u0111\u1ecbnh, \u00cam M\u00e1y Ch\u1ed1ng Hao Nh\u1edbt v\u00e0 Ng\u0103n Ng\u1eeba Kh\u00f3i Wunscher C\u1ee7a \u0110\u1ee9c\" \/>\n<meta property=\"og:description\" content=\"\u0110\u1eb6C \u0110I\u1ec2M :  - Ph\u1ee5c h\u1ed3i \u00e1p l\u1ef1c d\u1ea7u  - T\u0103ng ch\u1ec9 s\u1ed1 \u0111\u1ed9 nh\u1edbt c\u1ee7a d\u1ea7u b\u00f4i tr\u01a1n  - Gi\u1ea3m ti\u00eau th\u1ee5 d\u1ea7u qu\u00e1 m\u1ee9c v\u00e0 kh\u00f3i th\u1ea3i do ti\u00eau th\u1ee5 d\u1ea7u  - Gi\u1ea3m ti\u1ebfng \u1ed3n \u0111\u1ed9ng c\u01a1  - T\u0103ng c\u01b0\u1eddng m\u00e0ng d\u1ea7u \u1edf nhi\u1ec7t \u0111\u1ed9 cao  - C\u1ea3i thi\u1ec7n \u0111\u1ed9 tin c\u1eady v\u00e0 hi\u1ec7u su\u1ea5t c\u1ee7a \u0111\u1ed9ng c\u01a1 b\u1eb1ng c\u00e1ch kh\u00f4i ph\u1ee5c n\u00e9n  - B\u1ea3o v\u1ec7 ch\u1ed1ng \u0103n m\u00f2n, oxy h\u00f3a, r\u1ec9 s\u00e9t v\u00e0 m\u00f2n  - T\u01b0\u01a1ng th\u00edch v\u1edbi t\u1ea5t c\u1ea3 c\u00e1c lo\u1ea1i d\u1ea7u kho\u00e1ng v\u00e0 t\u1ed5ng h\u1ee3p  - Kh\u00f4ng g\u00e2y h\u1ea1i cho b\u1ed9 chuy\u1ec3n \u0111\u1ed5i x\u00fac t\u00e1c ho\u1eb7c B\u1ed9 l\u1ecdc h\u1ea1t Diesel\" \/>\n<meta property=\"og:url\" content=\"https:\/\/shglobaltrade.vn\/en\/product\/motor-doctor-stop-smoke-w7710-phu-gia-nhot-giup-on-dinh-em-may-chong-hao-nhot-va-ngan-ngua-khoi-wunscher-cua-duc\/\" \/>\n<meta property=\"og:site_name\" content=\"SH Global\" \/>\n<meta property=\"article:modified_time\" content=\"2025-12-12T10:23:49+00:00\" \/>\n<meta property=\"og:image\" content=\"https:\/\/shglobaltrade.vn\/wp-content\/uploads\/2025\/11\/W7710-1.png\" \/>\n\t<meta property=\"og:image:width\" content=\"1200\" \/>\n\t<meta property=\"og:image:height\" content=\"1200\" \/>\n\t<meta property=\"og:image:type\" content=\"image\/png\" \/>\n<meta name=\"twitter:card\" content=\"summary_large_image\" \/>\n<meta name=\"twitter:label1\" content=\"Est. reading time\" \/>\n\t<meta name=\"twitter:data1\" content=\"3 minutes\" \/>\n<script type=\"application\/ld+json\" class=\"yoast-schema-graph\">{\"@context\":\"https:\/\/schema.org\",\"@graph\":[{\"@type\":\"WebPage\",\"@id\":\"https:\/\/shglobaltrade.vn\/san-pham\/motor-doctor-stop-smoke-w7710-phu-gia-nhot-giup-on-dinh-em-may-chong-hao-nhot-va-ngan-ngua-khoi-wunscher-cua-duc\/\",\"url\":\"https:\/\/shglobaltrade.vn\/san-pham\/motor-doctor-stop-smoke-w7710-phu-gia-nhot-giup-on-dinh-em-may-chong-hao-nhot-va-ngan-ngua-khoi-wunscher-cua-duc\/\",\"name\":\"MOTOR DOCTOR & STOP SMOKE W7710 - Ph\u1ee5 Gia Nh\u1edbt Gi\u00fap \u1ed5n \u0111\u1ecbnh, \u00cam M\u00e1y Ch\u1ed1ng Hao Nh\u1edbt v\u00e0 Ng\u0103n Ng\u1eeba Kh\u00f3i Wunscher C\u1ee7a \u0110\u1ee9c - SH Global\",\"isPartOf\":{\"@id\":\"https:\/\/shglobaltrade.vn\/#website\"},\"datePublished\":\"2025-11-28T07:28:04+00:00\",\"dateModified\":\"2025-12-12T10:23:49+00:00\",\"breadcrumb\":{\"@id\":\"https:\/\/shglobaltrade.vn\/san-pham\/motor-doctor-stop-smoke-w7710-phu-gia-nhot-giup-on-dinh-em-may-chong-hao-nhot-va-ngan-ngua-khoi-wunscher-cua-duc\/#breadcrumb\"},\"inLanguage\":\"en-US\",\"potentialAction\":[{\"@type\":\"ReadAction\",\"target\":[\"https:\/\/shglobaltrade.vn\/san-pham\/motor-doctor-stop-smoke-w7710-phu-gia-nhot-giup-on-dinh-em-may-chong-hao-nhot-va-ngan-ngua-khoi-wunscher-cua-duc\/\"]}]},{\"@type\":\"BreadcrumbList\",\"@id\":\"https:\/\/shglobaltrade.vn\/san-pham\/motor-doctor-stop-smoke-w7710-phu-gia-nhot-giup-on-dinh-em-may-chong-hao-nhot-va-ngan-ngua-khoi-wunscher-cua-duc\/#breadcrumb\",\"itemListElement\":[{\"@type\":\"ListItem\",\"position\":1,\"name\":\"Trang ch\u1ee7\",\"item\":\"https:\/\/shglobaltrade.vn\/\"},{\"@type\":\"ListItem\",\"position\":2,\"name\":\"C\u1eeda h\u00e0ng\",\"item\":\"https:\/\/shglobaltrade.vn\/cua-hang\/\"},{\"@type\":\"ListItem\",\"position\":3,\"name\":\"MOTOR DOCTOR &#038; STOP SMOKE W7710 &#8211; Ph\u1ee5 Gia Nh\u1edbt Gi\u00fap \u1ed5n \u0111\u1ecbnh, \u00cam M\u00e1y Ch\u1ed1ng Hao Nh\u1edbt v\u00e0 Ng\u0103n Ng\u1eeba Kh\u00f3i Wunscher C\u1ee7a \u0110\u1ee9c\"}]},{\"@type\":\"WebSite\",\"@id\":\"https:\/\/shglobaltrade.vn\/#website\",\"url\":\"https:\/\/shglobaltrade.vn\/\",\"name\":\"SH Global\",\"description\":\"\",\"potentialAction\":[{\"@type\":\"SearchAction\",\"target\":{\"@type\":\"EntryPoint\",\"urlTemplate\":\"https:\/\/shglobaltrade.vn\/?s={search_term_string}\"},\"query-input\":\"required name=search_term_string\"}],\"inLanguage\":\"en-US\"}]}<\/script>\n<!-- \/ Yoast SEO Premium plugin. -->","yoast_head_json":{"title":"MOTOR DOCTOR & STOP SMOKE W7710 - Ph\u1ee5 Gia Nh\u1edbt Gi\u00fap \u1ed5n \u0111\u1ecbnh, \u00cam M\u00e1y Ch\u1ed1ng Hao Nh\u1edbt v\u00e0 Ng\u0103n Ng\u1eeba Kh\u00f3i Wunscher C\u1ee7a \u0110\u1ee9c - SH Global","robots":{"index":"index","follow":"follow","max-snippet":"max-snippet:-1","max-image-preview":"max-image-preview:large","max-video-preview":"max-video-preview:-1"},"canonical":"https:\/\/shglobaltrade.vn\/en\/product\/motor-doctor-stop-smoke-w7710-phu-gia-nhot-giup-on-dinh-em-may-chong-hao-nhot-va-ngan-ngua-khoi-wunscher-cua-duc\/","og_locale":"en_US","og_type":"article","og_title":"MOTOR DOCTOR & STOP SMOKE W7710 - Ph\u1ee5 Gia Nh\u1edbt Gi\u00fap \u1ed5n \u0111\u1ecbnh, \u00cam M\u00e1y Ch\u1ed1ng Hao Nh\u1edbt v\u00e0 Ng\u0103n Ng\u1eeba Kh\u00f3i Wunscher C\u1ee7a \u0110\u1ee9c","og_description":"\u0110\u1eb6C \u0110I\u1ec2M :  - Ph\u1ee5c h\u1ed3i \u00e1p l\u1ef1c d\u1ea7u  - T\u0103ng ch\u1ec9 s\u1ed1 \u0111\u1ed9 nh\u1edbt c\u1ee7a d\u1ea7u b\u00f4i tr\u01a1n  - Gi\u1ea3m ti\u00eau th\u1ee5 d\u1ea7u qu\u00e1 m\u1ee9c v\u00e0 kh\u00f3i th\u1ea3i do ti\u00eau th\u1ee5 d\u1ea7u  - Gi\u1ea3m ti\u1ebfng \u1ed3n \u0111\u1ed9ng c\u01a1  - T\u0103ng c\u01b0\u1eddng m\u00e0ng d\u1ea7u \u1edf nhi\u1ec7t \u0111\u1ed9 cao  - C\u1ea3i thi\u1ec7n \u0111\u1ed9 tin c\u1eady v\u00e0 hi\u1ec7u su\u1ea5t c\u1ee7a \u0111\u1ed9ng c\u01a1 b\u1eb1ng c\u00e1ch kh\u00f4i ph\u1ee5c n\u00e9n  - B\u1ea3o v\u1ec7 ch\u1ed1ng \u0103n m\u00f2n, oxy h\u00f3a, r\u1ec9 s\u00e9t v\u00e0 m\u00f2n  - T\u01b0\u01a1ng th\u00edch v\u1edbi t\u1ea5t c\u1ea3 c\u00e1c lo\u1ea1i d\u1ea7u kho\u00e1ng v\u00e0 t\u1ed5ng h\u1ee3p  - Kh\u00f4ng g\u00e2y h\u1ea1i cho b\u1ed9 chuy\u1ec3n \u0111\u1ed5i x\u00fac t\u00e1c ho\u1eb7c B\u1ed9 l\u1ecdc h\u1ea1t Diesel","og_url":"https:\/\/shglobaltrade.vn\/en\/product\/motor-doctor-stop-smoke-w7710-phu-gia-nhot-giup-on-dinh-em-may-chong-hao-nhot-va-ngan-ngua-khoi-wunscher-cua-duc\/","og_site_name":"SH Global","article_modified_time":"2025-12-12T10:23:49+00:00","og_image":[{"width":1200,"height":1200,"url":"https:\/\/shglobaltrade.vn\/wp-content\/uploads\/2025\/11\/W7710-1.png","type":"image\/png"}],"twitter_card":"summary_large_image","twitter_misc":{"Est. reading time":"3 minutes"},"schema":{"@context":"https:\/\/schema.org","@graph":[{"@type":"WebPage","@id":"https:\/\/shglobaltrade.vn\/san-pham\/motor-doctor-stop-smoke-w7710-phu-gia-nhot-giup-on-dinh-em-may-chong-hao-nhot-va-ngan-ngua-khoi-wunscher-cua-duc\/","url":"https:\/\/shglobaltrade.vn\/san-pham\/motor-doctor-stop-smoke-w7710-phu-gia-nhot-giup-on-dinh-em-may-chong-hao-nhot-va-ngan-ngua-khoi-wunscher-cua-duc\/","name":"MOTOR DOCTOR & STOP SMOKE W7710 - Ph\u1ee5 Gia Nh\u1edbt Gi\u00fap \u1ed5n \u0111\u1ecbnh, \u00cam M\u00e1y Ch\u1ed1ng Hao Nh\u1edbt v\u00e0 Ng\u0103n Ng\u1eeba Kh\u00f3i Wunscher C\u1ee7a \u0110\u1ee9c - SH Global","isPartOf":{"@id":"https:\/\/shglobaltrade.vn\/#website"},"datePublished":"2025-11-28T07:28:04+00:00","dateModified":"2025-12-12T10:23:49+00:00","breadcrumb":{"@id":"https:\/\/shglobaltrade.vn\/san-pham\/motor-doctor-stop-smoke-w7710-phu-gia-nhot-giup-on-dinh-em-may-chong-hao-nhot-va-ngan-ngua-khoi-wunscher-cua-duc\/#breadcrumb"},"inLanguage":"en-US","potentialAction":[{"@type":"ReadAction","target":["https:\/\/shglobaltrade.vn\/san-pham\/motor-doctor-stop-smoke-w7710-phu-gia-nhot-giup-on-dinh-em-may-chong-hao-nhot-va-ngan-ngua-khoi-wunscher-cua-duc\/"]}]},{"@type":"BreadcrumbList","@id":"https:\/\/shglobaltrade.vn\/san-pham\/motor-doctor-stop-smoke-w7710-phu-gia-nhot-giup-on-dinh-em-may-chong-hao-nhot-va-ngan-ngua-khoi-wunscher-cua-duc\/#breadcrumb","itemListElement":[{"@type":"ListItem","position":1,"name":"Trang ch\u1ee7","item":"https:\/\/shglobaltrade.vn\/"},{"@type":"ListItem","position":2,"name":"C\u1eeda h\u00e0ng","item":"https:\/\/shglobaltrade.vn\/cua-hang\/"},{"@type":"ListItem","position":3,"name":"MOTOR DOCTOR &#038; STOP SMOKE W7710 &#8211; Ph\u1ee5 Gia Nh\u1edbt Gi\u00fap \u1ed5n \u0111\u1ecbnh, \u00cam M\u00e1y Ch\u1ed1ng Hao Nh\u1edbt v\u00e0 Ng\u0103n Ng\u1eeba Kh\u00f3i Wunscher C\u1ee7a \u0110\u1ee9c"}]},{"@type":"WebSite","@id":"https:\/\/shglobaltrade.vn\/#website","url":"https:\/\/shglobaltrade.vn\/","name":"SH Global","description":"","potentialAction":[{"@type":"SearchAction","target":{"@type":"EntryPoint","urlTemplate":"https:\/\/shglobaltrade.vn\/?s={search_term_string}"},"query-input":"required name=search_term_string"}],"inLanguage":"en-US"}]}},"_links":{"self":[{"href":"https:\/\/shglobaltrade.vn\/en\/wp-json\/wp\/v2\/product\/925","targetHints":{"allow":["GET"]}}],"collection":[{"href":"https:\/\/shglobaltrade.vn\/en\/wp-json\/wp\/v2\/product"}],"about":[{"href":"https:\/\/shglobaltrade.vn\/en\/wp-json\/wp\/v2\/types\/product"}],"replies":[{"embeddable":true,"href":"https:\/\/shglobaltrade.vn\/en\/wp-json\/wp\/v2\/comments?post=925"}],"wp:featuredmedia":[{"embeddable":true,"href":"https:\/\/shglobaltrade.vn\/en\/wp-json\/wp\/v2\/media\/926"}],"wp:attachment":[{"href":"https:\/\/shglobaltrade.vn\/en\/wp-json\/wp\/v2\/media?parent=925"}],"wp:term":[{"taxonomy":"product_brand","embeddable":true,"href":"https:\/\/shglobaltrade.vn\/en\/wp-json\/wp\/v2\/product_brand?post=925"},{"taxonomy":"product_cat","embeddable":true,"href":"https:\/\/shglobaltrade.vn\/en\/wp-json\/wp\/v2\/product_cat?post=925"},{"taxonomy":"product_tag","embeddable":true,"href":"https:\/\/shglobaltrade.vn\/en\/wp-json\/wp\/v2\/product_tag?post=925"}],"curies":[{"name":"wp","href":"https:\/\/api.w.org\/{rel}","templated":true}]}}