{"id":923,"date":"2025-11-28T14:28:04","date_gmt":"2025-11-28T07:28:04","guid":{"rendered":"https:\/\/shglobal.123websitedev.com\/san-pham\/nuoc-rua-kinh-dam-dac-wunscher-cua-duc\/"},"modified":"2025-12-12T17:21:49","modified_gmt":"2025-12-12T10:21:49","slug":"windshield-cleaner-w7103-nuoc-rua-kinh-dam-dac-wunscher-cua-duc","status":"publish","type":"product","link":"https:\/\/shglobaltrade.vn\/en\/product\/windshield-cleaner-w7103-nuoc-rua-kinh-dam-dac-wunscher-cua-duc\/","title":{"rendered":"Windshield  Cleaner W7103 &#8211; N\u01b0\u1edbc R\u1eeda K\u00ednh \u0110\u1eadm \u0110\u1eb7c Wunscher C\u1ee7a \u0110\u1ee9c"},"content":{"rendered":"<h2><span style=\"color: #000000;\"><strong>PRODUCT DESCRIPTION<\/strong><\/span><\/h2>\n<p><span style=\"color: #000000;\">N\u01b0\u1edbc r\u1eeda k\u00ednh \u00f4 t\u00f4 l\u00e0 lo\u1ea1i n\u01b0\u1edbc \u0111\u01b0\u1ee3c phun t\u1eeb trong v\u00f2i x\u1ecbt t\u1ef1 \u0111\u1ed9ng r\u1eeda k\u00ednh c\u1ee7a xe, k\u1ebft h\u1ee3p v\u1edbi c\u1ea7n g\u1ea1t s\u1ebd l\u00e0m s\u1ea1ch c\u00e1c ch\u1ea5t b\u1ea9n tr\u00ean k\u00ednh, gi\u00fap k\u00ednh s\u00e1ng r\u00f5. Vi\u1ec7c s\u1eed d\u1ee5ng n\u01b0\u1edbc r\u1eeda k\u00ednh s\u1ebd t\u1ea1o c\u01a1 h\u1ed9i t\u0103ng tu\u1ed5i th\u1ecd c\u1ee7a k\u00ednh xe v\u00e0 gi\u00fap gi\u1ea3m c\u00e1c hi\u1ec7n t\u01b0\u1ee3ng kh\u00fac x\u1ea1 k\u00ednh m\u1edd, kh\u00fac x\u1ea1 \u0111\u1ed9 s\u00e1ng.<\/span><\/p>\n<p><span style=\"color: #000000;\">\ud83d\udc49 V\u1eady n\u00ean anh em kh\u00f4ng th\u1ec3 b\u1ecf qua s\u1ea3n ph\u1ea9m n\u00e0y:<\/span><\/p>\n<p><span style=\"color: #000000;\">N\u01af\u1edaC R\u1eecA K\u00cdNH \u0110\u1eacM \u0110\u1eb6C WUNSCHER W7103 C\u1ee6A \u0110\u1ee8C<\/span><\/p>\n<p><span style=\"color: #000000;\">&#8212;&#8212;&#8212;&#8212;&#8212;&#8212;&#8212;&#8212;&#8212;&#8212;&#8212;-<\/span><\/p>\n<p><strong><span style=\"color: #000000;\">USES:<\/span><\/strong><\/p>\n<p><span style=\"color: #000000;\">&#8211; T\u0103ng \u0111\u1ed9 s\u1ea1ch c\u1ee7a k\u00ednh<\/span><\/p>\n<p><span style=\"color: #000000;\">&#8211; Kh\u1ea3 n\u0103ng hi\u1ec3n th\u1ecb t\u1ed1t h\u01a1n c\u1ea3 ng\u00e0y v\u00e0 \u0111\u00eam.<\/span><\/p>\n<p><span style=\"color: #000000;\">&#8211; Tr\u00e1nh tr\u1ea7y x\u01b0\u1edbc v\u00e0 xu\u1ea5t hi\u1ec7n ph\u1ea3n x\u1ea1 tr\u00ean b\u1ec1 m\u1eb7t k\u00ednh.<\/span><\/p>\n<p><span style=\"color: #000000;\">&#8211; C\u00f4ng th\u1ee9c ch\u1ed1ng \u0111\u00f3ng c\u1eb7n gi\u00fap tr\u00e1nh s\u1ef1 xu\u1ed1ng c\u1ea5p c\u1ee7a c\u00e1c l\u01b0\u1ee1i g\u1ea1t n\u01b0\u1edbc do cao su b\u1ecb v\u00f4i h\u00f3a.<\/span><\/p>\n<p><span style=\"color: #000000;\">&#8211; Lo\u1ea1i b\u1ecf c\u00f4n tr\u00f9ng, mu\u1ed7i, nh\u1ef1a c\u00e2y, b\u00f9n v\u00e0 c\u00e1c ch\u1ea5t b\u1ea9n th\u00f4ng th\u01b0\u1eddng kh\u00e1c b\u00e1m tr\u00ean k\u00ednh<\/span><\/p>\n<p><span style=\"color: #000000;\">&#8212;&#8212;&#8212;&#8212;&#8212;&#8212;&#8212;&#8212;&#8212;&#8212;&#8212;-<\/span><\/p>\n<p><strong><span style=\"color: #000000;\">INSTRUCTIONS FOR USE:<\/span><\/strong><\/p>\n<p><span style=\"color: #000000;\">&#8211; Th\u00eam n\u1ed3ng \u0111\u1ed9 1: 100 v\u00e0o dung d\u1ecbch n\u01b0\u1edbc r\u1eeda k\u00ednh ch\u1eafn gi\u00f3.<\/span><\/p>\n<p><span style=\"color: #000000;\">&#8211; 1 chai 32ML cho 3.2L n\u01b0\u1edbc.<\/span><\/p>\n<p><span style=\"color: #000000;\"><strong>PRODUCT INFORMATION:<\/strong><\/span><\/p>\n<p><span style=\"color: #000000;\">&#8211; Dung t\u00edch: 32ml \u00a0<\/span><\/p>\n<p><span style=\"color: #000000;\">\u2013 Manufacturer: WUNSCHER Germany<\/span><\/p>\n<p><span style=\"color: #000000;\">\u2013 Shelf life: 5 years from the date of manufacture<\/span><\/p>\n<p><span style=\"color: #000000;\">\u26a0\ufe0f\u26a0\ufe0f\u26a0\ufe0f All products have supplementary labels clearly stating the place of manufacture, the distributing company, and instructions for use.<\/span><\/p>\n<p><span style=\"color: #000000;\">&#8212;&#8212;&#8212;&#8212;&#8212;&#8212;&#8212;&#8212;<\/span><\/p>\n<p><span style=\"color: #000000;\"><strong>SH GLOBAL STORE \u2013 AUTHENTIC &amp; LEGITIMATE PRODUCTS, COMPLETE PEACE OF MIND<\/strong><\/span><\/p>\n<ul>\n<li><span style=\"color: #000000;\"><strong>100% is a genuine Wunscher product.<\/strong> \u2013 A reputable car care brand from Germany.<\/span><\/li>\n<li><span style=\"color: #000000;\"><strong>Official import<\/strong>, full <strong>Customs \u2013 Taxes \u2013 Certificate of Origin (CO) \u2013 Certificate of Quality (CQ) \u2013 Invoices and supporting documents<\/strong>.<\/span><\/li>\n<li><span style=\"color: #000000;\"><strong>Transparent origin<\/strong>Say no to counterfeit, fake, and substandard goods.<\/span><\/li>\n<li><span style=\"color: #000000;\"><strong>The product matches the description.<\/strong>Correct technical specifications, correct manufacturer standards.<\/span><\/li>\n<li><span style=\"color: #000000;\"><strong>D<\/strong><strong>Secure packaging \u2013 receive your order intact.<\/strong>No dents, no leaks.<\/span><\/li>\n<li><span style=\"color: #000000;\"><strong>100% Refund<\/strong> If you discover that the product is not genuine or does not match the description.<\/span><\/li>\n<li><span style=\"color: #000000;\"><strong>Nationwide delivery (COD)<\/strong> and support for inspection upon delivery (depending on regional policy).<\/span><\/li>\n<li><span style=\"color: #000000;\"><strong>Returns and exchanges are handled according to manufacturer standards.<\/strong>, ensuring maximum benefits for customers.<\/span><\/li>\n<\/ul>\n<p><span style=\"color: #000000;\">\ud83d\udc49 <strong>Genuine products guarantee quality \u2013 Legitimate channels build trust.<\/strong><strong><br \/>\nSH Global Store offers both.<\/strong><\/span><\/p>","protected":false},"excerpt":{"rendered":"<p>C\u00f4ng d\u1ee5ng :<br \/>\n&#8211; T\u0103ng \u0111\u1ed9 s\u1ea1ch c\u1ee7a k\u00ednh<br \/>\n&#8211; Kh\u1ea3 n\u0103ng hi\u1ec3n th\u1ecb t\u1ed1t h\u01a1n c\u1ea3 ng\u00e0y v\u00e0 \u0111\u00eam.<br \/>\n&#8211; Tr\u00e1nh tr\u1ea7y x\u01b0\u1edbc v\u00e0 xu\u1ea5t hi\u1ec7n ph\u1ea3n x\u1ea1 tr\u00ean b\u1ec1 m\u1eb7t k\u00ednh.<br \/>\n&#8211; C\u00f4ng th\u1ee9c ch\u1ed1ng \u0111\u00f3ng c\u1eb7n gi\u00fap tr\u00e1nh s\u1ef1 xu\u1ed1ng c\u1ea5p c\u1ee7a c\u00e1c l\u01b0\u1ee1i g\u1ea1t n\u01b0\u1edbc do cao su b\u1ecb v\u00f4i h\u00f3a.<br \/>\n&#8211; Lo\u1ea1i b\u1ecf c\u00f4n tr\u00f9ng, mu\u1ed7i, nh\u1ef1a c\u00e2y, b\u00f9n v\u00e0 c\u00e1c ch\u1ea5t b\u1ea9n th\u00f4ng th\u01b0\u1eddng kh\u00e1c b\u00e1m tr\u00ean k\u00ednh<\/p>","protected":false},"featured_media":924,"comment_status":"open","ping_status":"closed","template":"","meta":[],"product_brand":[111],"product_cat":[90],"product_tag":[],"class_list":{"0":"post-923","1":"product","2":"type-product","3":"status-publish","4":"has-post-thumbnail","6":"product_brand-wunscher","7":"product_cat-chat-phu-gia","9":"first","10":"instock","11":"purchasable","12":"product-type-simple"},"acf":[],"yoast_head":"<!-- This site is optimized with the Yoast SEO Premium plugin v20.9 (Yoast SEO v20.9) - https:\/\/yoast.com\/wordpress\/plugins\/seo\/ -->\n<title>Windshield Cleaner W7103 - N\u01b0\u1edbc R\u1eeda K\u00ednh \u0110\u1eadm \u0110\u1eb7c Wunscher C\u1ee7a \u0110\u1ee9c - SH Global<\/title>\n<meta name=\"robots\" content=\"index, follow, max-snippet:-1, max-image-preview:large, max-video-preview:-1\" \/>\n<link rel=\"canonical\" href=\"https:\/\/shglobaltrade.vn\/en\/product\/windshield-cleaner-w7103-nuoc-rua-kinh-dam-dac-wunscher-cua-duc\/\" \/>\n<meta property=\"og:locale\" content=\"en_US\" \/>\n<meta property=\"og:type\" content=\"article\" \/>\n<meta property=\"og:title\" content=\"Windshield Cleaner W7103 - N\u01b0\u1edbc R\u1eeda K\u00ednh \u0110\u1eadm \u0110\u1eb7c Wunscher C\u1ee7a \u0110\u1ee9c\" \/>\n<meta property=\"og:description\" content=\"C\u00f4ng d\u1ee5ng : - T\u0103ng \u0111\u1ed9 s\u1ea1ch c\u1ee7a k\u00ednh - Kh\u1ea3 n\u0103ng hi\u1ec3n th\u1ecb t\u1ed1t h\u01a1n c\u1ea3 ng\u00e0y v\u00e0 \u0111\u00eam. - Tr\u00e1nh tr\u1ea7y x\u01b0\u1edbc v\u00e0 xu\u1ea5t hi\u1ec7n ph\u1ea3n x\u1ea1 tr\u00ean b\u1ec1 m\u1eb7t k\u00ednh. - C\u00f4ng th\u1ee9c ch\u1ed1ng \u0111\u00f3ng c\u1eb7n gi\u00fap tr\u00e1nh s\u1ef1 xu\u1ed1ng c\u1ea5p c\u1ee7a c\u00e1c l\u01b0\u1ee1i g\u1ea1t n\u01b0\u1edbc do cao su b\u1ecb v\u00f4i h\u00f3a. - Lo\u1ea1i b\u1ecf c\u00f4n tr\u00f9ng, mu\u1ed7i, nh\u1ef1a c\u00e2y, b\u00f9n v\u00e0 c\u00e1c ch\u1ea5t b\u1ea9n th\u00f4ng th\u01b0\u1eddng kh\u00e1c b\u00e1m tr\u00ean k\u00ednh\" \/>\n<meta property=\"og:url\" content=\"https:\/\/shglobaltrade.vn\/en\/product\/windshield-cleaner-w7103-nuoc-rua-kinh-dam-dac-wunscher-cua-duc\/\" \/>\n<meta property=\"og:site_name\" content=\"SH Global\" \/>\n<meta property=\"article:modified_time\" content=\"2025-12-12T10:21:49+00:00\" \/>\n<meta property=\"og:image\" content=\"https:\/\/shglobaltrade.vn\/wp-content\/uploads\/2025\/11\/W7103.png\" \/>\n\t<meta property=\"og:image:width\" content=\"1200\" \/>\n\t<meta property=\"og:image:height\" content=\"1200\" \/>\n\t<meta property=\"og:image:type\" content=\"image\/png\" \/>\n<meta name=\"twitter:card\" content=\"summary_large_image\" \/>\n<meta name=\"twitter:label1\" content=\"Est. reading time\" \/>\n\t<meta name=\"twitter:data1\" content=\"3 minutes\" \/>\n<script type=\"application\/ld+json\" class=\"yoast-schema-graph\">{\"@context\":\"https:\/\/schema.org\",\"@graph\":[{\"@type\":\"WebPage\",\"@id\":\"https:\/\/shglobaltrade.vn\/san-pham\/windshield-cleaner-w7103-nuoc-rua-kinh-dam-dac-wunscher-cua-duc\/\",\"url\":\"https:\/\/shglobaltrade.vn\/san-pham\/windshield-cleaner-w7103-nuoc-rua-kinh-dam-dac-wunscher-cua-duc\/\",\"name\":\"Windshield Cleaner W7103 - N\u01b0\u1edbc R\u1eeda K\u00ednh \u0110\u1eadm \u0110\u1eb7c Wunscher C\u1ee7a \u0110\u1ee9c - SH Global\",\"isPartOf\":{\"@id\":\"https:\/\/shglobaltrade.vn\/#website\"},\"datePublished\":\"2025-11-28T07:28:04+00:00\",\"dateModified\":\"2025-12-12T10:21:49+00:00\",\"breadcrumb\":{\"@id\":\"https:\/\/shglobaltrade.vn\/san-pham\/windshield-cleaner-w7103-nuoc-rua-kinh-dam-dac-wunscher-cua-duc\/#breadcrumb\"},\"inLanguage\":\"en-US\",\"potentialAction\":[{\"@type\":\"ReadAction\",\"target\":[\"https:\/\/shglobaltrade.vn\/san-pham\/windshield-cleaner-w7103-nuoc-rua-kinh-dam-dac-wunscher-cua-duc\/\"]}]},{\"@type\":\"BreadcrumbList\",\"@id\":\"https:\/\/shglobaltrade.vn\/san-pham\/windshield-cleaner-w7103-nuoc-rua-kinh-dam-dac-wunscher-cua-duc\/#breadcrumb\",\"itemListElement\":[{\"@type\":\"ListItem\",\"position\":1,\"name\":\"Trang ch\u1ee7\",\"item\":\"https:\/\/shglobaltrade.vn\/\"},{\"@type\":\"ListItem\",\"position\":2,\"name\":\"C\u1eeda h\u00e0ng\",\"item\":\"https:\/\/shglobaltrade.vn\/cua-hang\/\"},{\"@type\":\"ListItem\",\"position\":3,\"name\":\"Windshield Cleaner W7103 &#8211; N\u01b0\u1edbc R\u1eeda K\u00ednh \u0110\u1eadm \u0110\u1eb7c Wunscher C\u1ee7a \u0110\u1ee9c\"}]},{\"@type\":\"WebSite\",\"@id\":\"https:\/\/shglobaltrade.vn\/#website\",\"url\":\"https:\/\/shglobaltrade.vn\/\",\"name\":\"SH Global\",\"description\":\"\",\"potentialAction\":[{\"@type\":\"SearchAction\",\"target\":{\"@type\":\"EntryPoint\",\"urlTemplate\":\"https:\/\/shglobaltrade.vn\/?s={search_term_string}\"},\"query-input\":\"required name=search_term_string\"}],\"inLanguage\":\"en-US\"}]}<\/script>\n<!-- \/ Yoast SEO Premium plugin. -->","yoast_head_json":{"title":"Windshield Cleaner W7103 - N\u01b0\u1edbc R\u1eeda K\u00ednh \u0110\u1eadm \u0110\u1eb7c Wunscher C\u1ee7a \u0110\u1ee9c - SH Global","robots":{"index":"index","follow":"follow","max-snippet":"max-snippet:-1","max-image-preview":"max-image-preview:large","max-video-preview":"max-video-preview:-1"},"canonical":"https:\/\/shglobaltrade.vn\/en\/product\/windshield-cleaner-w7103-nuoc-rua-kinh-dam-dac-wunscher-cua-duc\/","og_locale":"en_US","og_type":"article","og_title":"Windshield Cleaner W7103 - N\u01b0\u1edbc R\u1eeda K\u00ednh \u0110\u1eadm \u0110\u1eb7c Wunscher C\u1ee7a \u0110\u1ee9c","og_description":"C\u00f4ng d\u1ee5ng : - T\u0103ng \u0111\u1ed9 s\u1ea1ch c\u1ee7a k\u00ednh - Kh\u1ea3 n\u0103ng hi\u1ec3n th\u1ecb t\u1ed1t h\u01a1n c\u1ea3 ng\u00e0y v\u00e0 \u0111\u00eam. - Tr\u00e1nh tr\u1ea7y x\u01b0\u1edbc v\u00e0 xu\u1ea5t hi\u1ec7n ph\u1ea3n x\u1ea1 tr\u00ean b\u1ec1 m\u1eb7t k\u00ednh. - C\u00f4ng th\u1ee9c ch\u1ed1ng \u0111\u00f3ng c\u1eb7n gi\u00fap tr\u00e1nh s\u1ef1 xu\u1ed1ng c\u1ea5p c\u1ee7a c\u00e1c l\u01b0\u1ee1i g\u1ea1t n\u01b0\u1edbc do cao su b\u1ecb v\u00f4i h\u00f3a. - Lo\u1ea1i b\u1ecf c\u00f4n tr\u00f9ng, mu\u1ed7i, nh\u1ef1a c\u00e2y, b\u00f9n v\u00e0 c\u00e1c ch\u1ea5t b\u1ea9n th\u00f4ng th\u01b0\u1eddng kh\u00e1c b\u00e1m tr\u00ean k\u00ednh","og_url":"https:\/\/shglobaltrade.vn\/en\/product\/windshield-cleaner-w7103-nuoc-rua-kinh-dam-dac-wunscher-cua-duc\/","og_site_name":"SH Global","article_modified_time":"2025-12-12T10:21:49+00:00","og_image":[{"width":1200,"height":1200,"url":"https:\/\/shglobaltrade.vn\/wp-content\/uploads\/2025\/11\/W7103.png","type":"image\/png"}],"twitter_card":"summary_large_image","twitter_misc":{"Est. reading time":"3 minutes"},"schema":{"@context":"https:\/\/schema.org","@graph":[{"@type":"WebPage","@id":"https:\/\/shglobaltrade.vn\/san-pham\/windshield-cleaner-w7103-nuoc-rua-kinh-dam-dac-wunscher-cua-duc\/","url":"https:\/\/shglobaltrade.vn\/san-pham\/windshield-cleaner-w7103-nuoc-rua-kinh-dam-dac-wunscher-cua-duc\/","name":"Windshield Cleaner W7103 - N\u01b0\u1edbc R\u1eeda K\u00ednh \u0110\u1eadm \u0110\u1eb7c Wunscher C\u1ee7a \u0110\u1ee9c - SH Global","isPartOf":{"@id":"https:\/\/shglobaltrade.vn\/#website"},"datePublished":"2025-11-28T07:28:04+00:00","dateModified":"2025-12-12T10:21:49+00:00","breadcrumb":{"@id":"https:\/\/shglobaltrade.vn\/san-pham\/windshield-cleaner-w7103-nuoc-rua-kinh-dam-dac-wunscher-cua-duc\/#breadcrumb"},"inLanguage":"en-US","potentialAction":[{"@type":"ReadAction","target":["https:\/\/shglobaltrade.vn\/san-pham\/windshield-cleaner-w7103-nuoc-rua-kinh-dam-dac-wunscher-cua-duc\/"]}]},{"@type":"BreadcrumbList","@id":"https:\/\/shglobaltrade.vn\/san-pham\/windshield-cleaner-w7103-nuoc-rua-kinh-dam-dac-wunscher-cua-duc\/#breadcrumb","itemListElement":[{"@type":"ListItem","position":1,"name":"Trang ch\u1ee7","item":"https:\/\/shglobaltrade.vn\/"},{"@type":"ListItem","position":2,"name":"C\u1eeda h\u00e0ng","item":"https:\/\/shglobaltrade.vn\/cua-hang\/"},{"@type":"ListItem","position":3,"name":"Windshield Cleaner W7103 &#8211; N\u01b0\u1edbc R\u1eeda K\u00ednh \u0110\u1eadm \u0110\u1eb7c Wunscher C\u1ee7a \u0110\u1ee9c"}]},{"@type":"WebSite","@id":"https:\/\/shglobaltrade.vn\/#website","url":"https:\/\/shglobaltrade.vn\/","name":"SH Global","description":"","potentialAction":[{"@type":"SearchAction","target":{"@type":"EntryPoint","urlTemplate":"https:\/\/shglobaltrade.vn\/?s={search_term_string}"},"query-input":"required name=search_term_string"}],"inLanguage":"en-US"}]}},"_links":{"self":[{"href":"https:\/\/shglobaltrade.vn\/en\/wp-json\/wp\/v2\/product\/923","targetHints":{"allow":["GET"]}}],"collection":[{"href":"https:\/\/shglobaltrade.vn\/en\/wp-json\/wp\/v2\/product"}],"about":[{"href":"https:\/\/shglobaltrade.vn\/en\/wp-json\/wp\/v2\/types\/product"}],"replies":[{"embeddable":true,"href":"https:\/\/shglobaltrade.vn\/en\/wp-json\/wp\/v2\/comments?post=923"}],"wp:featuredmedia":[{"embeddable":true,"href":"https:\/\/shglobaltrade.vn\/en\/wp-json\/wp\/v2\/media\/924"}],"wp:attachment":[{"href":"https:\/\/shglobaltrade.vn\/en\/wp-json\/wp\/v2\/media?parent=923"}],"wp:term":[{"taxonomy":"product_brand","embeddable":true,"href":"https:\/\/shglobaltrade.vn\/en\/wp-json\/wp\/v2\/product_brand?post=923"},{"taxonomy":"product_cat","embeddable":true,"href":"https:\/\/shglobaltrade.vn\/en\/wp-json\/wp\/v2\/product_cat?post=923"},{"taxonomy":"product_tag","embeddable":true,"href":"https:\/\/shglobaltrade.vn\/en\/wp-json\/wp\/v2\/product_tag?post=923"}],"curies":[{"name":"wp","href":"https:\/\/api.w.org\/{rel}","templated":true}]}}