{"id":921,"date":"2025-11-28T14:28:04","date_gmt":"2025-11-28T07:28:04","guid":{"rendered":"https:\/\/shglobal.123websitedev.com\/san-pham\/dau-xit-chong-gi-set-boi-tron-da-nang-400-ml-duong-kim-loai-pha-ket-bu-long-bao-ve-be-mat-hieu-qua-wunscher-cua-duc\/"},"modified":"2025-12-12T17:19:32","modified_gmt":"2025-12-12T10:19:32","slug":"so-40-multi-lubricant-400ml-w7040-dau-xit-chong-gi-set-boi-tron-da-nang-400-ml-duong-kim-loai-pha-ket-bu-long-bao-ve-be-mat-hieu-qua-wunscher-cua-duc","status":"publish","type":"product","link":"https:\/\/shglobaltrade.vn\/en\/product\/antiperspirant-spray-set-multifunctional-round-bath-400-ml-metal-sugar-broken-bolt-combination-effective-face-protection-wunscher-of-germany\/","title":{"rendered":"SO-40 Multi Lubricant 400ml W7040 \u2013 Multipurpose Anti-Rust &amp; Lubricant Spray (400 ml) \u2013 Effective metal conditioner, bolt remover, and surface protector. Made in Germany by Wunscher."},"content":{"rendered":"<h2><span style=\"color: #000000;\"><strong>PRODUCT DESCRIPTION<\/strong><\/span><\/h2>\n<p><span style=\"color: #000000;\">Wuncher SO-40 Multi Lubricant 400ml is a multifunctional product that lubricates, cleans and prevents corrosion on all surfaces as well as on moving parts. It prevents moisture, dissolves rust and dirt, prevents short circuits and leakage currents, protects surfaces against corrosion and ensures smooth operation of moving parts. Comes with a convenient smart spray head. It is neutral towards rubber, plastic, varnish and metal surfaces.<\/span><\/p>\n<p><span style=\"color: #000000;\"><strong>CHARACTERISTIC :<\/strong><\/span><\/p>\n<p><span style=\"color: #000000;\">&#8211; \u0110\u00e1nh tan b\u1ee5i b\u1ea9n v\u00e0 r\u1ec9 s\u00e9t, gi\u1ea3i ph\u00f3ng c\u00e1c b\u1ed9 ph\u1eadn b\u1ecb kh\u00f3a b\u1edfi g\u1ec9<\/span><\/p>\n<p><span style=\"color: #000000;\">&#8211; B\u00f4i tr\u01a1n c\u00e1c b\u1ed9 ph\u1eadn nh\u1ecf \/ chuy\u1ec3n \u0111\u1ed9ng &#8211; Multi Lubricant<\/span><\/p>\n<p><span style=\"color: #000000;\">&#8211; T\u1eb7ng k\u00e8m \u0111\u1ea7u x\u1ecbt th\u00f4ng minh<\/span><\/p>\n<p><span style=\"color: #000000;\">&#8211; Ng\u0103n ng\u1eeba \u0111o\u1ea3n m\u1ea1ch<\/span><\/p>\n<p><span style=\"color: #000000;\">&#8211; B\u1ea3o v\u1ec7 ch\u1ed1ng g\u1ec9 v\u00e0 \u0103n m\u00f2n<\/span><\/p>\n<p><span style=\"color: #000000;\">&#8211; L\u00e0m s\u1ea1ch b\u1ec1 m\u1eb7t b\u1ea9n<\/span><\/p>\n<p><span style=\"color: #000000;\">&#8211; Kh\u00f4ng ch\u1ee9a silicon<\/span><\/p>\n<p><span style=\"color: #000000;\">&#8211; Trung l\u1eadp \u0111\u1ed1i v\u1edbi c\u00e1c b\u1ec1 m\u1eb7t cao su, nh\u1ef1a, vecni v\u00e0 kim lo\u1ea1i<\/span><\/p>\n<p><span style=\"color: #000000;\"><strong>INSTRUCTIONS FOR USE:<\/strong><\/span><\/p>\n<p><span style=\"color: #000000;\">&#8211; Tr\u01b0\u1edbc khi x\u1eed l\u00fd l\u00e0m s\u1ea1ch b\u1ec1 m\u1eb7t kh\u1ecfi b\u1ee5i b\u1ea9n v\u00e0 r\u1ec9 s\u00e9t c\u01a1 h\u1ecdc.<\/span><span style=\"color: #000000;\">\u00a0&#8211; Phun ch\u1ea5t b\u00f4i tr\u01a1n l\u00ean b\u1ec1 m\u1eb7t t\u1eeb kho\u1ea3ng c\u00e1ch 10 &#8211; 20 cm v\u00e0 cho ph\u00e9p t\u00e1c \u0111\u1ed9ng.<\/span><\/p>\n<p><span style=\"color: #000000;\">&#8211; Trung t\u00ednh \u0111\u1ed1i v\u1edbi cao su, g\u1ed7, nh\u1ef1a, s\u01a1n, v\u00e9c ni, l\u1edbp ho\u00e0n thi\u1ec7n crom v\u00e0 kim lo\u1ea1i.<\/span><\/p>\n<p><span style=\"color: #000000;\">&#8211; Khuy\u1ebfn kh\u00edch s\u1eed d\u1ee5ng t\u1ea1i c\u00e1c tr\u1ea1m d\u1ecbch v\u1ee5, c\u00f4ng nghi\u1ec7p, \u00f4 t\u00f4 v\u00e0 h\u1ed9 gia \u0111\u00ecnh.<\/span><\/p>\n<p><span style=\"color: #000000;\"><strong>PRODUCT INFORMATION:<\/strong><\/span><\/p>\n<p><span style=\"color: #000000;\">\u2013 Capacity: 400ml \u00a0<\/span><\/p>\n<p><span style=\"color: #000000;\">\u2013 Manufacturer: WUNSCHER Germany<\/span><\/p>\n<p><span style=\"color: #000000;\">\u2013 Shelf life: 5 years from the date of manufacture<\/span><\/p>\n<p><span style=\"color: #000000;\">\u26a0\ufe0f\u26a0\ufe0f\u26a0\ufe0f All products have supplementary labels clearly stating the place of manufacture, the distributing company, and instructions for use.<\/span><\/p>\n<p><span style=\"color: #000000;\">&#8212;&#8212;&#8212;&#8212;&#8212;&#8212;&#8212;&#8212;&#8212;&#8212;&#8212;&#8212;&#8212;&#8212;&#8212;&#8212;&#8212;&#8211;<\/span><\/p>\n<p><span style=\"color: #000000;\"><strong>SH GLOBAL STORE \u2013 AUTHENTIC &amp; LEGITIMATE PRODUCTS, COMPLETE PEACE OF MIND<\/strong><\/span><\/p>\n<ul>\n<li><span style=\"color: #000000;\"><strong>100% is a genuine Wunscher product.<\/strong> \u2013 A reputable car care brand from Germany.<\/span><\/li>\n<li><span style=\"color: #000000;\"><strong>Official import<\/strong>, full <strong>Customs \u2013 Taxes \u2013 Certificate of Origin (CO) \u2013 Certificate of Quality (CQ) \u2013 Invoices and supporting documents<\/strong>.<\/span><\/li>\n<li><span style=\"color: #000000;\"><strong>Transparent origin<\/strong>Say no to counterfeit, fake, and substandard goods.<\/span><\/li>\n<li><span style=\"color: #000000;\"><strong>The product matches the description.<\/strong>Correct technical specifications, correct manufacturer standards.<\/span><\/li>\n<li><span style=\"color: #000000;\"><strong>D<\/strong><strong>Secure packaging \u2013 receive your order intact.<\/strong>No dents, no leaks.<\/span><\/li>\n<li><span style=\"color: #000000;\"><strong>100% Refund<\/strong> If you discover that the product is not genuine or does not match the description.<\/span><\/li>\n<li><span style=\"color: #000000;\"><strong>Nationwide delivery (COD)<\/strong> and support for inspection upon delivery (depending on regional policy).<\/span><\/li>\n<li><span style=\"color: #000000;\"><strong>Returns and exchanges are handled according to manufacturer standards.<\/strong>, ensuring maximum benefits for customers.<\/span><\/li>\n<\/ul>\n<p><span style=\"color: #000000;\">\ud83d\udc49 <strong>Genuine products guarantee quality \u2013 Legitimate channels build trust.<\/strong><strong><br \/>\nSH Global Store offers both.<\/strong><\/span><\/p>","protected":false},"excerpt":{"rendered":"<p><strong>CHARACTERISTIC :<\/strong><\/p>\n<p>_ Dissolves dirt and rust, freeing parts locked by rust<\/p>\n<p>_ Lubrication of small \/ moving parts \u2013 Multi Lubricant<\/p>\n<p>_ Comes with smart spray head<\/p>\n<p>_ Prevent short circuit<\/p>\n<p>_ Protection against rust and corrosion<\/p>\n<p>_ Clean dirty surfaces<\/p>\n<p>_ Silicone-free<\/p>\n<p>_ Neutral to rubber, plastic, varnish and metal surfaces<\/p>","protected":false},"featured_media":922,"comment_status":"open","ping_status":"closed","template":"","meta":[],"product_brand":[111],"product_cat":[90],"product_tag":[],"class_list":{"0":"post-921","1":"product","2":"type-product","3":"status-publish","4":"has-post-thumbnail","6":"product_brand-wunscher","7":"product_cat-chat-phu-gia","9":"first","10":"instock","11":"purchasable","12":"product-type-simple"},"acf":[],"yoast_head":"<!-- This site is optimized with the Yoast SEO Premium plugin v20.9 (Yoast SEO v20.9) - https:\/\/yoast.com\/wordpress\/plugins\/seo\/ -->\n<title>SO-40 Multi Lubricant 400ml W7040 - D\u1ea7u X\u1ecbt ch\u1ed1ng g\u1ec9 s\u00e9t &amp; b\u00f4i tr\u01a1n \u0111a n\u0103ng (400 ml) \u2013 D\u01b0\u1ee1ng kim lo\u1ea1i, ph\u00e1 k\u1eb9t bu-l\u00f4ng, b\u1ea3o v\u1ec7 b\u1ec1 m\u1eb7t hi\u1ec7u qu\u1ea3 Wunscher C\u1ee7a \u0110\u1ee9c - SH Global<\/title>\n<meta name=\"robots\" content=\"index, follow, max-snippet:-1, max-image-preview:large, max-video-preview:-1\" \/>\n<link rel=\"canonical\" href=\"https:\/\/shglobaltrade.vn\/en\/product\/antiperspirant-spray-set-multifunctional-round-bath-400-ml-metal-sugar-broken-bolt-combination-effective-face-protection-wunscher-of-germany\/\" \/>\n<meta property=\"og:locale\" content=\"en_US\" \/>\n<meta property=\"og:type\" content=\"article\" \/>\n<meta property=\"og:title\" content=\"SO-40 Multi Lubricant 400ml W7040 - D\u1ea7u X\u1ecbt ch\u1ed1ng g\u1ec9 s\u00e9t &amp; b\u00f4i tr\u01a1n \u0111a n\u0103ng (400 ml) \u2013 D\u01b0\u1ee1ng kim lo\u1ea1i, ph\u00e1 k\u1eb9t bu-l\u00f4ng, b\u1ea3o v\u1ec7 b\u1ec1 m\u1eb7t hi\u1ec7u qu\u1ea3 Wunscher C\u1ee7a \u0110\u1ee9c\" \/>\n<meta property=\"og:description\" content=\"\u0110\u1eb6C \u0110I\u1ec2M :  _ \u0110\u00e1nh tan b\u1ee5i b\u1ea9n v\u00e0 r\u1ec9 s\u00e9t, gi\u1ea3i ph\u00f3ng c\u00e1c b\u1ed9 ph\u1eadn b\u1ecb kh\u00f3a b\u1edfi g\u1ec9  _ B\u00f4i tr\u01a1n c\u00e1c b\u1ed9 ph\u1eadn nh\u1ecf \/ chuy\u1ec3n \u0111\u1ed9ng - Multi Lubricant  _ T\u1eb7ng k\u00e8m \u0111\u1ea7u x\u1ecbt th\u00f4ng minh  _ Ng\u0103n ng\u1eeba \u0111o\u1ea3n m\u1ea1ch  _ B\u1ea3o v\u1ec7 ch\u1ed1ng g\u1ec9 v\u00e0 \u0103n m\u00f2n  _ L\u00e0m s\u1ea1ch b\u1ec1 m\u1eb7t b\u1ea9n  _ Kh\u00f4ng ch\u1ee9a silicon  _ Trung l\u1eadp \u0111\u1ed1i v\u1edbi c\u00e1c b\u1ec1 m\u1eb7t cao su, nh\u1ef1a, vecni v\u00e0 kim lo\u1ea1i\" \/>\n<meta property=\"og:url\" content=\"https:\/\/shglobaltrade.vn\/en\/product\/antiperspirant-spray-set-multifunctional-round-bath-400-ml-metal-sugar-broken-bolt-combination-effective-face-protection-wunscher-of-germany\/\" \/>\n<meta property=\"og:site_name\" content=\"SH Global\" \/>\n<meta property=\"article:modified_time\" content=\"2025-12-12T10:19:32+00:00\" \/>\n<meta property=\"og:image\" content=\"https:\/\/shglobaltrade.vn\/wp-content\/uploads\/2025\/11\/W7040-1.png\" \/>\n\t<meta property=\"og:image:width\" content=\"1200\" \/>\n\t<meta property=\"og:image:height\" content=\"1200\" \/>\n\t<meta property=\"og:image:type\" content=\"image\/png\" \/>\n<meta name=\"twitter:card\" content=\"summary_large_image\" \/>\n<meta name=\"twitter:label1\" content=\"Est. reading time\" \/>\n\t<meta name=\"twitter:data1\" content=\"3 minutes\" \/>\n<script type=\"application\/ld+json\" class=\"yoast-schema-graph\">{\"@context\":\"https:\/\/schema.org\",\"@graph\":[{\"@type\":\"WebPage\",\"@id\":\"https:\/\/shglobaltrade.vn\/san-pham\/so-40-multi-lubricant-400ml-w7040-dau-xit-chong-gi-set-boi-tron-da-nang-400-ml-duong-kim-loai-pha-ket-bu-long-bao-ve-be-mat-hieu-qua-wunscher-cua-duc\/\",\"url\":\"https:\/\/shglobaltrade.vn\/san-pham\/so-40-multi-lubricant-400ml-w7040-dau-xit-chong-gi-set-boi-tron-da-nang-400-ml-duong-kim-loai-pha-ket-bu-long-bao-ve-be-mat-hieu-qua-wunscher-cua-duc\/\",\"name\":\"SO-40 Multi Lubricant 400ml W7040 - D\u1ea7u X\u1ecbt ch\u1ed1ng g\u1ec9 s\u00e9t & b\u00f4i tr\u01a1n \u0111a n\u0103ng (400 ml) \u2013 D\u01b0\u1ee1ng kim lo\u1ea1i, ph\u00e1 k\u1eb9t bu-l\u00f4ng, b\u1ea3o v\u1ec7 b\u1ec1 m\u1eb7t hi\u1ec7u qu\u1ea3 Wunscher C\u1ee7a \u0110\u1ee9c - SH Global\",\"isPartOf\":{\"@id\":\"https:\/\/shglobaltrade.vn\/#website\"},\"datePublished\":\"2025-11-28T07:28:04+00:00\",\"dateModified\":\"2025-12-12T10:19:32+00:00\",\"breadcrumb\":{\"@id\":\"https:\/\/shglobaltrade.vn\/san-pham\/so-40-multi-lubricant-400ml-w7040-dau-xit-chong-gi-set-boi-tron-da-nang-400-ml-duong-kim-loai-pha-ket-bu-long-bao-ve-be-mat-hieu-qua-wunscher-cua-duc\/#breadcrumb\"},\"inLanguage\":\"en-US\",\"potentialAction\":[{\"@type\":\"ReadAction\",\"target\":[\"https:\/\/shglobaltrade.vn\/san-pham\/so-40-multi-lubricant-400ml-w7040-dau-xit-chong-gi-set-boi-tron-da-nang-400-ml-duong-kim-loai-pha-ket-bu-long-bao-ve-be-mat-hieu-qua-wunscher-cua-duc\/\"]}]},{\"@type\":\"BreadcrumbList\",\"@id\":\"https:\/\/shglobaltrade.vn\/san-pham\/so-40-multi-lubricant-400ml-w7040-dau-xit-chong-gi-set-boi-tron-da-nang-400-ml-duong-kim-loai-pha-ket-bu-long-bao-ve-be-mat-hieu-qua-wunscher-cua-duc\/#breadcrumb\",\"itemListElement\":[{\"@type\":\"ListItem\",\"position\":1,\"name\":\"Trang ch\u1ee7\",\"item\":\"https:\/\/shglobaltrade.vn\/\"},{\"@type\":\"ListItem\",\"position\":2,\"name\":\"C\u1eeda h\u00e0ng\",\"item\":\"https:\/\/shglobaltrade.vn\/cua-hang\/\"},{\"@type\":\"ListItem\",\"position\":3,\"name\":\"SO-40 Multi Lubricant 400ml W7040 &#8211; D\u1ea7u X\u1ecbt ch\u1ed1ng g\u1ec9 s\u00e9t &#038; b\u00f4i tr\u01a1n \u0111a n\u0103ng (400 ml) \u2013 D\u01b0\u1ee1ng kim lo\u1ea1i, ph\u00e1 k\u1eb9t bu-l\u00f4ng, b\u1ea3o v\u1ec7 b\u1ec1 m\u1eb7t hi\u1ec7u qu\u1ea3 Wunscher C\u1ee7a \u0110\u1ee9c\"}]},{\"@type\":\"WebSite\",\"@id\":\"https:\/\/shglobaltrade.vn\/#website\",\"url\":\"https:\/\/shglobaltrade.vn\/\",\"name\":\"SH Global\",\"description\":\"\",\"potentialAction\":[{\"@type\":\"SearchAction\",\"target\":{\"@type\":\"EntryPoint\",\"urlTemplate\":\"https:\/\/shglobaltrade.vn\/?s={search_term_string}\"},\"query-input\":\"required name=search_term_string\"}],\"inLanguage\":\"en-US\"}]}<\/script>\n<!-- \/ Yoast SEO Premium plugin. -->","yoast_head_json":{"title":"SO-40 Multi Lubricant 400ml W7040 - D\u1ea7u X\u1ecbt ch\u1ed1ng g\u1ec9 s\u00e9t & b\u00f4i tr\u01a1n \u0111a n\u0103ng (400 ml) \u2013 D\u01b0\u1ee1ng kim lo\u1ea1i, ph\u00e1 k\u1eb9t bu-l\u00f4ng, b\u1ea3o v\u1ec7 b\u1ec1 m\u1eb7t hi\u1ec7u qu\u1ea3 Wunscher C\u1ee7a \u0110\u1ee9c - SH Global","robots":{"index":"index","follow":"follow","max-snippet":"max-snippet:-1","max-image-preview":"max-image-preview:large","max-video-preview":"max-video-preview:-1"},"canonical":"https:\/\/shglobaltrade.vn\/en\/product\/antiperspirant-spray-set-multifunctional-round-bath-400-ml-metal-sugar-broken-bolt-combination-effective-face-protection-wunscher-of-germany\/","og_locale":"en_US","og_type":"article","og_title":"SO-40 Multi Lubricant 400ml W7040 - D\u1ea7u X\u1ecbt ch\u1ed1ng g\u1ec9 s\u00e9t & b\u00f4i tr\u01a1n \u0111a n\u0103ng (400 ml) \u2013 D\u01b0\u1ee1ng kim lo\u1ea1i, ph\u00e1 k\u1eb9t bu-l\u00f4ng, b\u1ea3o v\u1ec7 b\u1ec1 m\u1eb7t hi\u1ec7u qu\u1ea3 Wunscher C\u1ee7a \u0110\u1ee9c","og_description":"\u0110\u1eb6C \u0110I\u1ec2M :  _ \u0110\u00e1nh tan b\u1ee5i b\u1ea9n v\u00e0 r\u1ec9 s\u00e9t, gi\u1ea3i ph\u00f3ng c\u00e1c b\u1ed9 ph\u1eadn b\u1ecb kh\u00f3a b\u1edfi g\u1ec9  _ B\u00f4i tr\u01a1n c\u00e1c b\u1ed9 ph\u1eadn nh\u1ecf \/ chuy\u1ec3n \u0111\u1ed9ng - Multi Lubricant  _ T\u1eb7ng k\u00e8m \u0111\u1ea7u x\u1ecbt th\u00f4ng minh  _ Ng\u0103n ng\u1eeba \u0111o\u1ea3n m\u1ea1ch  _ B\u1ea3o v\u1ec7 ch\u1ed1ng g\u1ec9 v\u00e0 \u0103n m\u00f2n  _ L\u00e0m s\u1ea1ch b\u1ec1 m\u1eb7t b\u1ea9n  _ Kh\u00f4ng ch\u1ee9a silicon  _ Trung l\u1eadp \u0111\u1ed1i v\u1edbi c\u00e1c b\u1ec1 m\u1eb7t cao su, nh\u1ef1a, vecni v\u00e0 kim lo\u1ea1i","og_url":"https:\/\/shglobaltrade.vn\/en\/product\/antiperspirant-spray-set-multifunctional-round-bath-400-ml-metal-sugar-broken-bolt-combination-effective-face-protection-wunscher-of-germany\/","og_site_name":"SH Global","article_modified_time":"2025-12-12T10:19:32+00:00","og_image":[{"width":1200,"height":1200,"url":"https:\/\/shglobaltrade.vn\/wp-content\/uploads\/2025\/11\/W7040-1.png","type":"image\/png"}],"twitter_card":"summary_large_image","twitter_misc":{"Est. reading time":"3 minutes"},"schema":{"@context":"https:\/\/schema.org","@graph":[{"@type":"WebPage","@id":"https:\/\/shglobaltrade.vn\/san-pham\/so-40-multi-lubricant-400ml-w7040-dau-xit-chong-gi-set-boi-tron-da-nang-400-ml-duong-kim-loai-pha-ket-bu-long-bao-ve-be-mat-hieu-qua-wunscher-cua-duc\/","url":"https:\/\/shglobaltrade.vn\/san-pham\/so-40-multi-lubricant-400ml-w7040-dau-xit-chong-gi-set-boi-tron-da-nang-400-ml-duong-kim-loai-pha-ket-bu-long-bao-ve-be-mat-hieu-qua-wunscher-cua-duc\/","name":"SO-40 Multi Lubricant 400ml W7040 - D\u1ea7u X\u1ecbt ch\u1ed1ng g\u1ec9 s\u00e9t & b\u00f4i tr\u01a1n \u0111a n\u0103ng (400 ml) \u2013 D\u01b0\u1ee1ng kim lo\u1ea1i, ph\u00e1 k\u1eb9t bu-l\u00f4ng, b\u1ea3o v\u1ec7 b\u1ec1 m\u1eb7t hi\u1ec7u qu\u1ea3 Wunscher C\u1ee7a \u0110\u1ee9c - SH Global","isPartOf":{"@id":"https:\/\/shglobaltrade.vn\/#website"},"datePublished":"2025-11-28T07:28:04+00:00","dateModified":"2025-12-12T10:19:32+00:00","breadcrumb":{"@id":"https:\/\/shglobaltrade.vn\/san-pham\/so-40-multi-lubricant-400ml-w7040-dau-xit-chong-gi-set-boi-tron-da-nang-400-ml-duong-kim-loai-pha-ket-bu-long-bao-ve-be-mat-hieu-qua-wunscher-cua-duc\/#breadcrumb"},"inLanguage":"en-US","potentialAction":[{"@type":"ReadAction","target":["https:\/\/shglobaltrade.vn\/san-pham\/so-40-multi-lubricant-400ml-w7040-dau-xit-chong-gi-set-boi-tron-da-nang-400-ml-duong-kim-loai-pha-ket-bu-long-bao-ve-be-mat-hieu-qua-wunscher-cua-duc\/"]}]},{"@type":"BreadcrumbList","@id":"https:\/\/shglobaltrade.vn\/san-pham\/so-40-multi-lubricant-400ml-w7040-dau-xit-chong-gi-set-boi-tron-da-nang-400-ml-duong-kim-loai-pha-ket-bu-long-bao-ve-be-mat-hieu-qua-wunscher-cua-duc\/#breadcrumb","itemListElement":[{"@type":"ListItem","position":1,"name":"Trang ch\u1ee7","item":"https:\/\/shglobaltrade.vn\/"},{"@type":"ListItem","position":2,"name":"C\u1eeda h\u00e0ng","item":"https:\/\/shglobaltrade.vn\/cua-hang\/"},{"@type":"ListItem","position":3,"name":"SO-40 Multi Lubricant 400ml W7040 &#8211; D\u1ea7u X\u1ecbt ch\u1ed1ng g\u1ec9 s\u00e9t &#038; b\u00f4i tr\u01a1n \u0111a n\u0103ng (400 ml) \u2013 D\u01b0\u1ee1ng kim lo\u1ea1i, ph\u00e1 k\u1eb9t bu-l\u00f4ng, b\u1ea3o v\u1ec7 b\u1ec1 m\u1eb7t hi\u1ec7u qu\u1ea3 Wunscher C\u1ee7a \u0110\u1ee9c"}]},{"@type":"WebSite","@id":"https:\/\/shglobaltrade.vn\/#website","url":"https:\/\/shglobaltrade.vn\/","name":"SH Global","description":"","potentialAction":[{"@type":"SearchAction","target":{"@type":"EntryPoint","urlTemplate":"https:\/\/shglobaltrade.vn\/?s={search_term_string}"},"query-input":"required name=search_term_string"}],"inLanguage":"en-US"}]}},"_links":{"self":[{"href":"https:\/\/shglobaltrade.vn\/en\/wp-json\/wp\/v2\/product\/921","targetHints":{"allow":["GET"]}}],"collection":[{"href":"https:\/\/shglobaltrade.vn\/en\/wp-json\/wp\/v2\/product"}],"about":[{"href":"https:\/\/shglobaltrade.vn\/en\/wp-json\/wp\/v2\/types\/product"}],"replies":[{"embeddable":true,"href":"https:\/\/shglobaltrade.vn\/en\/wp-json\/wp\/v2\/comments?post=921"}],"wp:featuredmedia":[{"embeddable":true,"href":"https:\/\/shglobaltrade.vn\/en\/wp-json\/wp\/v2\/media\/922"}],"wp:attachment":[{"href":"https:\/\/shglobaltrade.vn\/en\/wp-json\/wp\/v2\/media?parent=921"}],"wp:term":[{"taxonomy":"product_brand","embeddable":true,"href":"https:\/\/shglobaltrade.vn\/en\/wp-json\/wp\/v2\/product_brand?post=921"},{"taxonomy":"product_cat","embeddable":true,"href":"https:\/\/shglobaltrade.vn\/en\/wp-json\/wp\/v2\/product_cat?post=921"},{"taxonomy":"product_tag","embeddable":true,"href":"https:\/\/shglobaltrade.vn\/en\/wp-json\/wp\/v2\/product_tag?post=921"}],"curies":[{"name":"wp","href":"https:\/\/api.w.org\/{rel}","templated":true}]}}