{"id":919,"date":"2025-11-28T14:28:04","date_gmt":"2025-11-28T07:28:04","guid":{"rendered":"https:\/\/shglobal.123websitedev.com\/san-pham\/xit-duong-cao-su-gioang-cua-o-to-wunscher-cua-duc\/"},"modified":"2025-12-12T17:16:24","modified_gmt":"2025-12-12T10:16:24","slug":"silicone-spray-450ml-w7052-xit-duong-cao-su-gioang-cua-o-to-wunscher-cua-duc","status":"publish","type":"product","link":"https:\/\/shglobaltrade.vn\/en\/product\/silicone-spray-450ml-w7052-xit-duong-cao-su-gioang-cua-o-to-wunscher-cua-duc\/","title":{"rendered":"Silicone Spray 450ML W7052 \u2013 Wunscher German-made Silicone Spray for Car Door Seals and Rubber"},"content":{"rendered":"<p><iframe loading=\"lazy\" title=\"W7052 Silicone Spray\" src=\"https:\/\/sketchfab.com\/models\/ba267619be344cb4804d5ef9f0b1bf57\/embed?autostart=1&amp;preload=1\" width=\"100%\" height=\"540\" frameborder=\"0\" allowfullscreen=\"allowfullscreen\"> <\/iframe><\/p>\n<h2><span style=\"color: #000000;\"><strong>PRODUCT DESCRIPTION<\/strong><\/span><\/h2>\n<p><span style=\"color: #000000;\">Gio\u0103ng cao su bao quanh vi\u1ec1n c\u1eeda \u00f4 t\u00f4 c\u00f3 vai tr\u00f2 quan tr\u1ecdng nh\u1eb1m ch\u1ed1ng \u1ed3n, ch\u1ed1ng \u1ea9m v\u00e0 gi\u1eef nhi\u1ec7t trong khoang xe khi b\u1eadt \u0111i\u1ec1u h\u00f2a. Trong qu\u00e1 tr\u00ecnh v\u1ec7 sinh n\u1ed9i th\u1ea5t \u00f4 t\u00f4, ngo\u00e0i vi\u1ec7c qu\u00ean v\u1ec7 sinh d\u00e2y \u0111ai an to\u00e0n, c\u1eeda gi\u00f3 \u0111i\u1ec1u h\u00f2a, tr\u1ea7n xe, th\u00ec gio\u0103ng c\u1eeda c\u0169ng ch\u00ednh l\u00e0 chi ti\u1ebft th\u01b0\u1eddng b\u1ecb b\u1ecf qua.<\/span><\/p>\n<p><span style=\"color: #000000;\">\ud83d\udc49Wunscher t\u1eeb \u0110\u1ee9c \u0111\u00e3 \u0111\u01b0a ra gi\u1ea3i ph\u00e1p t\u1ed1i \u01b0u cho anh em b\u1eb1ng s\u1ea3n ph\u1ea9m:<\/span><\/p>\n<p><span style=\"color: #000000;\">X\u1ecaT D\u01af\u1ee0NG CAO SU &#8211; GIO\u0102NG C\u1eecA \u00d4 T\u00d4 WUNSCHER W7052 C\u1ee6A \u0110\u1ee8C<\/span><\/p>\n<p><span style=\"color: #000000;\">&#8212;&#8212;&#8212;&#8212;&#8212;&#8212;&#8212;&#8212;<\/span><\/p>\n<p><span style=\"color: #000000;\"><b>USES:<\/b><\/span><\/p>\n<p><span style=\"color: #000000;\">&#8211; Ph\u1ee5c h\u1ed3i, t\u00e1i t\u1ea1o v\u00e0 b\u1ea3o v\u1ec7 c\u00e1c ron cao su kh\u1ecfi b\u1ecb kh\u00f4 n\u1ee9t, l\u00e3o h\u00f3a<\/span><\/p>\n<p><span style=\"color: #000000;\">&#8211; Gi\u00fap gi\u1ea3m c\u00e1c ti\u1ebfng k\u00eau ho\u1eb7c va \u0111\u1eadp gi\u1eefa c\u00e1c b\u1ec1 m\u1eb7t.<\/span><\/p>\n<p><span style=\"color: #000000;\">&#8211; X\u1eed l\u00fd \u0111\u01b0\u1ee3c c\u00e1c ti\u1ebfng r\u00edt r\u00edt khi l\u00ean xu\u1ed1ng c\u1ee7a k\u00ednh gi\u00f3 \u00f4 t\u00f4.<\/span><\/p>\n<p><span style=\"color: #000000;\">&#8211; B\u1ea3o v\u1ec7 b\u1ec1 m\u1eb7t nh\u1ef1a, cao su kh\u00f4ng b\u1ecb phai m\u00e0u, t\u00e1i t\u1ea1o l\u1ea1i m\u00e0u \u0111en m\u1edd.<\/span><\/p>\n<p><span style=\"color: #000000;\">&#8211; L\u00e0m tr\u01a1n c\u00e1c kh\u1edbp n\u1ed1i b\u1ecb k\u1eb9t v\u00e0 b\u1ea3o v\u1ec7 kh\u00f4ng b\u1ecb \u0103n m\u00f2n.<\/span><\/p>\n<p><span style=\"color: #000000;\">&#8211; K\u00e9o d\u00e0i tu\u1ed5i th\u1ecd cho gio\u0103ng c\u1eeda<\/span><\/p>\n<p><span style=\"color: #000000;\">&#8212;&#8212;&#8212;&#8212;&#8212;&#8212;&#8212;&#8212;<\/span><\/p>\n<p><strong><span style=\"color: #000000;\">CHARACTERISTIC:<\/span><\/strong><\/p>\n<p><span style=\"color: #000000;\">&#8211; Ph\u1ee7 l\u00ean m\u1ed9t l\u1edbp polymer m\u1ecfng, trong su\u1ed1t, kh\u00f4ng m\u00e0u, c\u00f3 m\u00f9i d\u1ec5 ch\u1ecbu.<\/span><\/p>\n<p><span style=\"color: #000000;\">&#8211; Kh\u00f4ng ch\u1ee9a d\u1ea7u , kh\u00f4ng ch\u1ea5t nhu\u1ed9m , kh\u00f4ng l\u00e0m v\u1ea5y b\u1ea9n v\u1eadt li\u1ec7u v\u1ea3i.<\/span><\/p>\n<p><span style=\"color: #000000;\">&#8211; \u00c1p d\u1ee5ng chung cho c\u1ea3 n\u1ed9i th\u1ea5t v\u00e0 ngo\u1ea1i th\u1ea5t \u00f4 t\u00f4. Ch\u1ed1ng t\u0129nh \u0111i\u1ec7n v\u00e0 b\u1ee5i b\u1eb7m.<\/span><\/p>\n<p><span style=\"color: #000000;\">__________________________________<\/span><\/p>\n<p><span style=\"color: #000000;\">\u00a0<strong>H\u01b0\u1edbng d\u1eabn s\u1eed d\u1ee5ng <\/strong><strong>WUNSCHER W7052<\/strong><\/span><\/p>\n<p><span style=\"color: #000000;\">\ud835\udfcf. L\u00e0m s\u1ea1ch b\u1ec1 m\u1eb7t: D\u00f9ng kh\u0103n \u1ea9m lau s\u1ea1ch b\u1ee5i b\u1ea9n tr\u00ean gio\u0103ng cao su, sau \u0111\u00f3 \u0111\u1ec3 kh\u00f4 ho\u00e0n to\u00e0n.<\/span><\/p>\n<p><span style=\"color: #000000;\">\ud835\udfd0. X\u1ecbch dung d\u1ecbch: L\u1eafc \u0111\u1ec1u chai, sau \u0111\u00f3 x\u1ecbt nh\u1eb9 dung d\u1ecbch l\u00ean mi\u1ebfng x\u1ed1p ho\u1eb7c tr\u1ef1c ti\u1ebfp l\u00ean b\u1ec1 m\u1eb7t gio\u0103ng.<\/span><\/p>\n<p><span style=\"color: #000000;\">\ud835\udfd1. Thoa\u00a0\u0111\u1ec1u:D\u00f9ng mi\u1ebfng x\u1ed1p lau \u0111\u1ec1u d\u1ecdc theo gio\u0103ng cao su \u0111\u1ec3 dung d\u1ecbch ph\u1ee7 \u0111\u1ec1u b\u1ec1 m\u1eb7t.<\/span><\/p>\n<p><span style=\"color: #000000;\">\ud835\udfd2.\u0110\u1ec3 kh\u00f4 t\u1ef1 nhi\u00ean: Gi\u1eef c\u1eeda m\u1edf v\u00e0 \u0111\u1ec3 gio\u0103ng kh\u00f4 t\u1ef1 nhi\u00ean trong v\u00e0i ph\u00fat<\/span><\/p>\n<p><span style=\"color: #000000;\"><strong>L\u01afU \u00dd:<\/strong> \u0110\u1ec3 ti\u1ebft ki\u1ec7m dung d\u1ecbch, n\u00ean x\u1ecbt ra mi\u1ebfng x\u1ed1p ho\u1eb7c kh\u0103n. Sau \u0111\u00f3 lau \u0111\u1ec1u d\u1ecdc theo gio\u0103ng cao su \u0111\u1ec3 dung d\u1ecbch ph\u1ee7 \u0111\u1ec1u b\u1ec1 m\u1eb7t<\/span><\/p>\n<p><span style=\"color: #000000;\">\u2014\u2014\u2014\u2014\u2014\u2014\u2014\u2014\u2014\u2014\u2014<\/span><\/p>\n<p><span style=\"color: #000000;\"><strong>PRODUCT INFORMATION:<\/strong><\/span><\/p>\n<p><span style=\"color: #000000;\">&#8211; Dung t\u00edch: 450ml \u00a0<\/span><\/p>\n<p><span style=\"color: #000000;\">\u2013 Manufacturer: WUNSCHER Germany<\/span><\/p>\n<p><span style=\"color: #000000;\">\u2013 Shelf life: 5 years from the date of manufacture<\/span><\/p>\n<p><span style=\"color: #000000;\">\u26a0\ufe0f\u26a0\ufe0f\u26a0\ufe0f All products have supplementary labels clearly stating the place of manufacture, the distributing company, and instructions for use.<\/span><\/p>\n<p><span style=\"color: #000000;\">&#8212;&#8212;&#8212;&#8212;&#8212;&#8212;&#8212;&#8212;<\/span><\/p>\n<p><span style=\"color: #000000;\"><strong>SH GLOBAL STORE \u2013 AUTHENTIC &amp; LEGITIMATE PRODUCTS, COMPLETE PEACE OF MIND<\/strong><\/span><\/p>\n<ul>\n<li><span style=\"color: #000000;\"><strong>100% is a genuine Wunscher product.<\/strong> \u2013 A reputable car care brand from Germany.<\/span><\/li>\n<li><span style=\"color: #000000;\"><strong>Official import<\/strong>, full <strong>Customs \u2013 Taxes \u2013 Certificate of Origin (CO) \u2013 Certificate of Quality (CQ) \u2013 Invoices and supporting documents<\/strong>.<\/span><\/li>\n<li><span style=\"color: #000000;\"><strong>Transparent origin<\/strong>Say no to counterfeit, fake, and substandard goods.<\/span><\/li>\n<li><span style=\"color: #000000;\"><strong>The product matches the description.<\/strong>Correct technical specifications, correct manufacturer standards.<\/span><\/li>\n<li><span style=\"color: #000000;\"><strong>D<\/strong><strong>Secure packaging \u2013 receive your order intact.<\/strong>No dents, no leaks.<\/span><\/li>\n<li><span style=\"color: #000000;\"><strong>100% Refund<\/strong> If you discover that the product is not genuine or does not match the description.<\/span><\/li>\n<li><span style=\"color: #000000;\"><strong>Nationwide delivery (COD)<\/strong> and support for inspection upon delivery (depending on regional policy).<\/span><\/li>\n<li><span style=\"color: #000000;\"><strong>Returns and exchanges are handled according to manufacturer standards.<\/strong>, ensuring maximum benefits for customers.<\/span><\/li>\n<\/ul>\n<p><span style=\"color: #000000;\">\ud83d\udc49 <strong>Genuine products guarantee quality \u2013 Legitimate channels build trust.<\/strong><strong><br \/>\nSH Global Store offers both.<\/strong><\/span><\/p>","protected":false},"excerpt":{"rendered":"<p>Uses:<br \/>\n&#8211; Ph\u1ee5c h\u1ed3i, t\u00e1i t\u1ea1o v\u00e0 b\u1ea3o v\u1ec7 c\u00e1c ron cao su kh\u1ecfi b\u1ecb kh\u00f4 n\u1ee9t, l\u00e3o h\u00f3a<br \/>\n&#8211; Gi\u00fap gi\u1ea3m c\u00e1c ti\u1ebfng k\u00eau ho\u1eb7c va \u0111\u1eadp gi\u1eefa c\u00e1c b\u1ec1 m\u1eb7t.<br \/>\n&#8211; X\u1eed l\u00fd \u0111\u01b0\u1ee3c c\u00e1c ti\u1ebfng r\u00edt r\u00edt khi l\u00ean xu\u1ed1ng c\u1ee7a k\u00ednh gi\u00f3 \u00f4 t\u00f4.<br \/>\n&#8211; B\u1ea3o v\u1ec7 b\u1ec1 m\u1eb7t nh\u1ef1a, cao su kh\u00f4ng b\u1ecb phai m\u00e0u, t\u00e1i t\u1ea1o l\u1ea1i m\u00e0u \u0111en m\u1edd.<br \/>\n&#8211; L\u00e0m tr\u01a1n c\u00e1c kh\u1edbp n\u1ed1i b\u1ecb k\u1eb9t v\u00e0 b\u1ea3o v\u1ec7 kh\u00f4ng b\u1ecb \u0103n m\u00f2n.<br \/>\n&#8211; K\u00e9o d\u00e0i tu\u1ed5i th\u1ecd cho gio\u0103ng c\u1eeda<\/p>","protected":false},"featured_media":920,"comment_status":"open","ping_status":"closed","template":"","meta":[],"product_brand":[111],"product_cat":[90],"product_tag":[],"class_list":{"0":"post-919","1":"product","2":"type-product","3":"status-publish","4":"has-post-thumbnail","6":"product_brand-wunscher","7":"product_cat-chat-phu-gia","9":"first","10":"instock","11":"purchasable","12":"product-type-simple"},"acf":[],"yoast_head":"<!-- This site is optimized with the Yoast SEO Premium plugin v20.9 (Yoast SEO v20.9) - https:\/\/yoast.com\/wordpress\/plugins\/seo\/ -->\n<title>Silicone Spray 450ML W7052 - X\u1ecbt D\u01b0\u1ee1ng Cao Su Gio\u0103ng C\u1eeda \u00d4 T\u00f4 Wunscher C\u1ee7a \u0110\u1ee9c - SH Global<\/title>\n<meta name=\"robots\" content=\"index, follow, max-snippet:-1, max-image-preview:large, max-video-preview:-1\" \/>\n<link rel=\"canonical\" href=\"https:\/\/shglobaltrade.vn\/en\/product\/silicone-spray-450ml-w7052-xit-duong-cao-su-gioang-cua-o-to-wunscher-cua-duc\/\" \/>\n<meta property=\"og:locale\" content=\"en_US\" \/>\n<meta property=\"og:type\" content=\"article\" \/>\n<meta property=\"og:title\" content=\"Silicone Spray 450ML W7052 - X\u1ecbt D\u01b0\u1ee1ng Cao Su Gio\u0103ng C\u1eeda \u00d4 T\u00f4 Wunscher C\u1ee7a \u0110\u1ee9c\" \/>\n<meta property=\"og:description\" content=\"C\u00f4ng d\u1ee5ng: - Ph\u1ee5c h\u1ed3i, t\u00e1i t\u1ea1o v\u00e0 b\u1ea3o v\u1ec7 c\u00e1c ron cao su kh\u1ecfi b\u1ecb kh\u00f4 n\u1ee9t, l\u00e3o h\u00f3a - Gi\u00fap gi\u1ea3m c\u00e1c ti\u1ebfng k\u00eau ho\u1eb7c va \u0111\u1eadp gi\u1eefa c\u00e1c b\u1ec1 m\u1eb7t. - X\u1eed l\u00fd \u0111\u01b0\u1ee3c c\u00e1c ti\u1ebfng r\u00edt r\u00edt khi l\u00ean xu\u1ed1ng c\u1ee7a k\u00ednh gi\u00f3 \u00f4 t\u00f4. - B\u1ea3o v\u1ec7 b\u1ec1 m\u1eb7t nh\u1ef1a, cao su kh\u00f4ng b\u1ecb phai m\u00e0u, t\u00e1i t\u1ea1o l\u1ea1i m\u00e0u \u0111en m\u1edd. - L\u00e0m tr\u01a1n c\u00e1c kh\u1edbp n\u1ed1i b\u1ecb k\u1eb9t v\u00e0 b\u1ea3o v\u1ec7 kh\u00f4ng b\u1ecb \u0103n m\u00f2n. - K\u00e9o d\u00e0i tu\u1ed5i th\u1ecd cho gio\u0103ng c\u1eeda\" \/>\n<meta property=\"og:url\" content=\"https:\/\/shglobaltrade.vn\/en\/product\/silicone-spray-450ml-w7052-xit-duong-cao-su-gioang-cua-o-to-wunscher-cua-duc\/\" \/>\n<meta property=\"og:site_name\" content=\"SH Global\" \/>\n<meta property=\"article:modified_time\" content=\"2025-12-12T10:16:24+00:00\" \/>\n<meta property=\"og:image\" content=\"https:\/\/shglobaltrade.vn\/wp-content\/uploads\/2025\/11\/W7052.png\" \/>\n\t<meta property=\"og:image:width\" content=\"1200\" \/>\n\t<meta property=\"og:image:height\" content=\"1200\" \/>\n\t<meta property=\"og:image:type\" content=\"image\/png\" \/>\n<meta name=\"twitter:card\" content=\"summary_large_image\" \/>\n<meta name=\"twitter:label1\" content=\"Est. reading time\" \/>\n\t<meta name=\"twitter:data1\" content=\"3 minutes\" \/>\n<script type=\"application\/ld+json\" class=\"yoast-schema-graph\">{\"@context\":\"https:\/\/schema.org\",\"@graph\":[{\"@type\":\"WebPage\",\"@id\":\"https:\/\/shglobaltrade.vn\/san-pham\/silicone-spray-450ml-w7052-xit-duong-cao-su-gioang-cua-o-to-wunscher-cua-duc\/\",\"url\":\"https:\/\/shglobaltrade.vn\/san-pham\/silicone-spray-450ml-w7052-xit-duong-cao-su-gioang-cua-o-to-wunscher-cua-duc\/\",\"name\":\"Silicone Spray 450ML W7052 - X\u1ecbt D\u01b0\u1ee1ng Cao Su Gio\u0103ng C\u1eeda \u00d4 T\u00f4 Wunscher C\u1ee7a \u0110\u1ee9c - SH Global\",\"isPartOf\":{\"@id\":\"https:\/\/shglobaltrade.vn\/#website\"},\"datePublished\":\"2025-11-28T07:28:04+00:00\",\"dateModified\":\"2025-12-12T10:16:24+00:00\",\"breadcrumb\":{\"@id\":\"https:\/\/shglobaltrade.vn\/san-pham\/silicone-spray-450ml-w7052-xit-duong-cao-su-gioang-cua-o-to-wunscher-cua-duc\/#breadcrumb\"},\"inLanguage\":\"en-US\",\"potentialAction\":[{\"@type\":\"ReadAction\",\"target\":[\"https:\/\/shglobaltrade.vn\/san-pham\/silicone-spray-450ml-w7052-xit-duong-cao-su-gioang-cua-o-to-wunscher-cua-duc\/\"]}]},{\"@type\":\"BreadcrumbList\",\"@id\":\"https:\/\/shglobaltrade.vn\/san-pham\/silicone-spray-450ml-w7052-xit-duong-cao-su-gioang-cua-o-to-wunscher-cua-duc\/#breadcrumb\",\"itemListElement\":[{\"@type\":\"ListItem\",\"position\":1,\"name\":\"Trang ch\u1ee7\",\"item\":\"https:\/\/shglobaltrade.vn\/\"},{\"@type\":\"ListItem\",\"position\":2,\"name\":\"C\u1eeda h\u00e0ng\",\"item\":\"https:\/\/shglobaltrade.vn\/cua-hang\/\"},{\"@type\":\"ListItem\",\"position\":3,\"name\":\"Silicone Spray 450ML W7052 &#8211; X\u1ecbt D\u01b0\u1ee1ng Cao Su Gio\u0103ng C\u1eeda \u00d4 T\u00f4 Wunscher C\u1ee7a \u0110\u1ee9c\"}]},{\"@type\":\"WebSite\",\"@id\":\"https:\/\/shglobaltrade.vn\/#website\",\"url\":\"https:\/\/shglobaltrade.vn\/\",\"name\":\"SH Global\",\"description\":\"\",\"potentialAction\":[{\"@type\":\"SearchAction\",\"target\":{\"@type\":\"EntryPoint\",\"urlTemplate\":\"https:\/\/shglobaltrade.vn\/?s={search_term_string}\"},\"query-input\":\"required name=search_term_string\"}],\"inLanguage\":\"en-US\"}]}<\/script>\n<!-- \/ Yoast SEO Premium plugin. -->","yoast_head_json":{"title":"Silicone Spray 450ML W7052 - X\u1ecbt D\u01b0\u1ee1ng Cao Su Gio\u0103ng C\u1eeda \u00d4 T\u00f4 Wunscher C\u1ee7a \u0110\u1ee9c - SH Global","robots":{"index":"index","follow":"follow","max-snippet":"max-snippet:-1","max-image-preview":"max-image-preview:large","max-video-preview":"max-video-preview:-1"},"canonical":"https:\/\/shglobaltrade.vn\/en\/product\/silicone-spray-450ml-w7052-xit-duong-cao-su-gioang-cua-o-to-wunscher-cua-duc\/","og_locale":"en_US","og_type":"article","og_title":"Silicone Spray 450ML W7052 - X\u1ecbt D\u01b0\u1ee1ng Cao Su Gio\u0103ng C\u1eeda \u00d4 T\u00f4 Wunscher C\u1ee7a \u0110\u1ee9c","og_description":"C\u00f4ng d\u1ee5ng: - Ph\u1ee5c h\u1ed3i, t\u00e1i t\u1ea1o v\u00e0 b\u1ea3o v\u1ec7 c\u00e1c ron cao su kh\u1ecfi b\u1ecb kh\u00f4 n\u1ee9t, l\u00e3o h\u00f3a - Gi\u00fap gi\u1ea3m c\u00e1c ti\u1ebfng k\u00eau ho\u1eb7c va \u0111\u1eadp gi\u1eefa c\u00e1c b\u1ec1 m\u1eb7t. - X\u1eed l\u00fd \u0111\u01b0\u1ee3c c\u00e1c ti\u1ebfng r\u00edt r\u00edt khi l\u00ean xu\u1ed1ng c\u1ee7a k\u00ednh gi\u00f3 \u00f4 t\u00f4. - B\u1ea3o v\u1ec7 b\u1ec1 m\u1eb7t nh\u1ef1a, cao su kh\u00f4ng b\u1ecb phai m\u00e0u, t\u00e1i t\u1ea1o l\u1ea1i m\u00e0u \u0111en m\u1edd. - L\u00e0m tr\u01a1n c\u00e1c kh\u1edbp n\u1ed1i b\u1ecb k\u1eb9t v\u00e0 b\u1ea3o v\u1ec7 kh\u00f4ng b\u1ecb \u0103n m\u00f2n. - K\u00e9o d\u00e0i tu\u1ed5i th\u1ecd cho gio\u0103ng c\u1eeda","og_url":"https:\/\/shglobaltrade.vn\/en\/product\/silicone-spray-450ml-w7052-xit-duong-cao-su-gioang-cua-o-to-wunscher-cua-duc\/","og_site_name":"SH Global","article_modified_time":"2025-12-12T10:16:24+00:00","og_image":[{"width":1200,"height":1200,"url":"https:\/\/shglobaltrade.vn\/wp-content\/uploads\/2025\/11\/W7052.png","type":"image\/png"}],"twitter_card":"summary_large_image","twitter_misc":{"Est. reading time":"3 minutes"},"schema":{"@context":"https:\/\/schema.org","@graph":[{"@type":"WebPage","@id":"https:\/\/shglobaltrade.vn\/san-pham\/silicone-spray-450ml-w7052-xit-duong-cao-su-gioang-cua-o-to-wunscher-cua-duc\/","url":"https:\/\/shglobaltrade.vn\/san-pham\/silicone-spray-450ml-w7052-xit-duong-cao-su-gioang-cua-o-to-wunscher-cua-duc\/","name":"Silicone Spray 450ML W7052 - X\u1ecbt D\u01b0\u1ee1ng Cao Su Gio\u0103ng C\u1eeda \u00d4 T\u00f4 Wunscher C\u1ee7a \u0110\u1ee9c - SH Global","isPartOf":{"@id":"https:\/\/shglobaltrade.vn\/#website"},"datePublished":"2025-11-28T07:28:04+00:00","dateModified":"2025-12-12T10:16:24+00:00","breadcrumb":{"@id":"https:\/\/shglobaltrade.vn\/san-pham\/silicone-spray-450ml-w7052-xit-duong-cao-su-gioang-cua-o-to-wunscher-cua-duc\/#breadcrumb"},"inLanguage":"en-US","potentialAction":[{"@type":"ReadAction","target":["https:\/\/shglobaltrade.vn\/san-pham\/silicone-spray-450ml-w7052-xit-duong-cao-su-gioang-cua-o-to-wunscher-cua-duc\/"]}]},{"@type":"BreadcrumbList","@id":"https:\/\/shglobaltrade.vn\/san-pham\/silicone-spray-450ml-w7052-xit-duong-cao-su-gioang-cua-o-to-wunscher-cua-duc\/#breadcrumb","itemListElement":[{"@type":"ListItem","position":1,"name":"Trang ch\u1ee7","item":"https:\/\/shglobaltrade.vn\/"},{"@type":"ListItem","position":2,"name":"C\u1eeda h\u00e0ng","item":"https:\/\/shglobaltrade.vn\/cua-hang\/"},{"@type":"ListItem","position":3,"name":"Silicone Spray 450ML W7052 &#8211; X\u1ecbt D\u01b0\u1ee1ng Cao Su Gio\u0103ng C\u1eeda \u00d4 T\u00f4 Wunscher C\u1ee7a \u0110\u1ee9c"}]},{"@type":"WebSite","@id":"https:\/\/shglobaltrade.vn\/#website","url":"https:\/\/shglobaltrade.vn\/","name":"SH Global","description":"","potentialAction":[{"@type":"SearchAction","target":{"@type":"EntryPoint","urlTemplate":"https:\/\/shglobaltrade.vn\/?s={search_term_string}"},"query-input":"required name=search_term_string"}],"inLanguage":"en-US"}]}},"_links":{"self":[{"href":"https:\/\/shglobaltrade.vn\/en\/wp-json\/wp\/v2\/product\/919","targetHints":{"allow":["GET"]}}],"collection":[{"href":"https:\/\/shglobaltrade.vn\/en\/wp-json\/wp\/v2\/product"}],"about":[{"href":"https:\/\/shglobaltrade.vn\/en\/wp-json\/wp\/v2\/types\/product"}],"replies":[{"embeddable":true,"href":"https:\/\/shglobaltrade.vn\/en\/wp-json\/wp\/v2\/comments?post=919"}],"wp:featuredmedia":[{"embeddable":true,"href":"https:\/\/shglobaltrade.vn\/en\/wp-json\/wp\/v2\/media\/920"}],"wp:attachment":[{"href":"https:\/\/shglobaltrade.vn\/en\/wp-json\/wp\/v2\/media?parent=919"}],"wp:term":[{"taxonomy":"product_brand","embeddable":true,"href":"https:\/\/shglobaltrade.vn\/en\/wp-json\/wp\/v2\/product_brand?post=919"},{"taxonomy":"product_cat","embeddable":true,"href":"https:\/\/shglobaltrade.vn\/en\/wp-json\/wp\/v2\/product_cat?post=919"},{"taxonomy":"product_tag","embeddable":true,"href":"https:\/\/shglobaltrade.vn\/en\/wp-json\/wp\/v2\/product_tag?post=919"}],"curies":[{"name":"wp","href":"https:\/\/api.w.org\/{rel}","templated":true}]}}