{"id":917,"date":"2025-11-28T14:28:04","date_gmt":"2025-11-28T07:28:04","guid":{"rendered":"https:\/\/shglobal.123websitedev.com\/san-pham\/dung-dich-phu-nano-chong-tu-nuoc-kinh-lai-wunscher-cua-duc\/"},"modified":"2025-12-12T17:14:24","modified_gmt":"2025-12-12T10:14:24","slug":"glass-water-repellent-100ml-w7204-dung-dich-phu-nano-chong-tu-nuoc-kinh-lai-wunscher-cua-duc","status":"publish","type":"product","link":"https:\/\/shglobaltrade.vn\/en\/product\/glass-water-repellent-100ml-w7204-dung-dich-phu-nano-chong-tu-nuoc-kinh-lai-wunscher-cua-duc\/","title":{"rendered":"Glass Water Repellent 100ml W7204 \u2013 Wunscher German Nano Coating Solution for Windshield Water Repellent"},"content":{"rendered":"<h2><span style=\"color: #000000;\"><strong>PRODUCT DESCRIPTION<\/strong><\/span><\/h2>\n<p><span style=\"color: #000000;\">Theo nghi\u00ean c\u1ee9u c\u1ee7a nhi\u1ec1u chuy\u00ean gia, vi\u1ec7c ph\u1ee7 nano cho k\u00ednh xe \u00f4 t\u00f4 s\u1ebd gi\u00fap h\u1ea1n ch\u1ebf \u0111\u1ebfn 60% c\u00e1c t\u00e1c nh\u00e2n nh\u01b0 n\u01b0\u1edbc, b\u1ee5i b\u1ea9n \u0111\u1ecdng l\u1ea1i tr\u00ean k\u00ednh l\u00e1i. Th\u00f4ng th\u01b0\u1eddng, khi xe ch\u01b0a \u0111\u01b0\u1ee3c ph\u1ee7 s\u01a1n nano cho k\u00ednh, n\u1ebfu g\u1eb7p ph\u1ea3i tr\u1eddi m\u01b0a, n\u01b0\u1edbc s\u1ebd \u0111\u1ecdng l\u1ea1i tr\u00ean k\u00ednh v\u00e0 l\u00e0m m\u1edd t\u1ea7m nh\u00ecn c\u1ee7a b\u1ea1n, c\u00f3 th\u1ec3 d\u1eabn \u0111\u1ebfn tai n\u1ea1n.<\/span><\/p>\n<p><span style=\"color: #000000;\">\ud83d\udc49Ch\u00ednh v\u00ec v\u1eady. anh em kh\u00f4ng th\u1ec3 b\u1ecf qua s\u1ea3n ph\u1ea9m n\u00e0y cho x\u1ebf y\u00eau c\u1ee7a m\u00ecnh:<\/span><\/p>\n<p><span style=\"color: #000000;\">DUNG D\u1ecaCH PH\u1ee6 NANO CH\u1ed0NG T\u1ee4 N\u01af\u1edaC K\u00cdNH L\u00c1I WUNSCHER 7204 C\u1ee6A \u0110\u1ee8C<\/span><\/p>\n<p><span style=\"color: #000000;\"><strong>T\u00c1C D\u1ee4NG<\/strong><\/span><\/p>\n<p><span style=\"color: #000000;\">&#8211; Ch\u1ed1ng b\u00e1m n\u01b0\u1edbc tr\u00ean b\u1ec1 m\u1eb7t k\u00ednh xe \u00f4 t\u00f4<\/span><\/p>\n<p><span style=\"color: #000000;\">&#8211; Kh\u1ea3 n\u0103ng \u0111\u1ea9y l\u00f9i n\u01b0\u1edbc r\u1ea5t cao<\/span><\/p>\n<p><span style=\"color: #000000;\">&#8211; C\u1ea3i thi\u1ec7n t\u1ea7m nh\u00ecn khi l\u00e1i xe trong th\u1eddi ti\u1ebft \u1ea9m \u01b0\u1edbt<\/span><\/p>\n<p><span style=\"color: #000000;\">&#8211; S\u1eed d\u1ee5ng cho n\u00f3n b\u1ea3o hi\u1ec3m, k\u00ednh nh\u00e0 t\u1eafm, k\u00ednh c\u1eeda nh\u00e0 v\u00e0 c\u00e1c b\u1ec1 m\u1eb7t k\u00ednh kh\u00e1c<\/span><\/p>\n<p><span style=\"color: #000000;\">&#8211; S\u1ea3n ph\u1ea9m kh\u00f4ng ch\u1ee9a silicone<\/span><\/p>\n<p><span style=\"color: #000000;\">&#8211; L\u00e0m s\u1ea1ch v\u00e0 l\u00e0m kh\u00f4 b\u1ec1 m\u1eb7t k\u00ednh tr\u01b0\u1edbc khi x\u1ecbt dung d\u1ecbch<\/span><\/p>\n<p><span style=\"color: #000000;\">&#8211; Thi c\u00f4ng \u1edf nhi\u1ec7t \u0111\u1ed9 tr\u00ean 15 \u00b0 C.<\/span><\/p>\n<p><span style=\"color: #000000;\">&#8211; X\u1ecbt v\u00e0 thoa \u0111\u1ec1u dung d\u1ecbch theo v\u00f2ng tr\u00f2n sao cho ch\u1ea5t l\u1ecfng \u0111\u1ed3ng \u0111\u1ec1u v\u00e0 \u0111i\u1ec1n \u0111\u1ea7y.<\/span><\/p>\n<p><span style=\"color: #000000;\">&#8211; \u0110\u1ec3 s\u1ea3n ph\u1ea9m kh\u00f4, c\u00f3 th\u1ec3 xu\u1ea5t hi\u1ec7n s\u01b0\u01a1ng m\u00f9 nh\u1eb9.<\/span><\/p>\n<p><span style=\"color: #000000;\">&#8211; B\u00f4i l\u1ea1i ch\u1ea5t ch\u1ed1ng th\u1ea5m n\u01b0\u1edbc th\u1ee7y tinh \u0111\u1ec3 \u0111\u1ea3m b\u1ea3o \u0111\u1ed9 ph\u1ee7 ho\u00e0n ch\u1ec9nh v\u00e0 \u0111\u1ed3ng \u0111\u1ec1u.<\/span><\/p>\n<p><span style=\"color: #000000;\">&#8211; Lo\u1ea1i b\u1ecf l\u1edbp m\u00f9 cu\u1ed1i c\u00f9ng b\u1eb1ng v\u1ea3i kh\u00f4 ho\u1eb7c b\u1eb1ng c\u00e1ch t\u01b0\u1edbi n\u01b0\u1edbc l\u00ean l\u1edbp m\u00f9 v\u00e0 lau b\u1eb1ng kh\u0103n gi\u1ea5y.<\/span><\/p>\n<p><span style=\"color: #000000;\"><strong>PRODUCT INFORMATION:<\/strong><\/span><\/p>\n<p><span style=\"color: #000000;\">&#8211; Dung t\u00edch: 300ml \u00a0<\/span><\/p>\n<p><span style=\"color: #000000;\">\u2013 Manufacturer: WUNSCHER Germany<\/span><\/p>\n<p><span style=\"color: #000000;\">\u2013 Shelf life: 5 years from the date of manufacture<\/span><\/p>\n<p><span style=\"color: #000000;\">\u26a0\ufe0f\u26a0\ufe0f\u26a0\ufe0f All products have supplementary labels clearly stating the place of manufacture, the distributing company, and instructions for use.<\/span><\/p>\n<hr \/>\n<p><span style=\"color: #000000;\"><strong>SH GLOBAL STORE \u2013 AUTHENTIC &amp; LEGITIMATE PRODUCTS, COMPLETE PEACE OF MIND<\/strong><\/span><\/p>\n<ul>\n<li><span style=\"color: #000000;\"><strong>100% is a genuine Wunscher product.<\/strong> \u2013 A reputable car care brand from Germany.<\/span><\/li>\n<li><span style=\"color: #000000;\"><strong>Official import<\/strong>, full <strong>Customs \u2013 Taxes \u2013 Certificate of Origin (CO) \u2013 Certificate of Quality (CQ) \u2013 Invoices and supporting documents<\/strong>.<\/span><\/li>\n<li><span style=\"color: #000000;\"><strong>Transparent origin<\/strong>Say no to counterfeit, fake, and substandard goods.<\/span><\/li>\n<li><span style=\"color: #000000;\"><strong>The product matches the description.<\/strong>Correct technical specifications, correct manufacturer standards.<\/span><\/li>\n<li><span style=\"color: #000000;\"><strong>D<\/strong><strong>Secure packaging \u2013 receive your order intact.<\/strong>No dents, no leaks.<\/span><\/li>\n<li><span style=\"color: #000000;\"><strong>100% Refund<\/strong> If you discover that the product is not genuine or does not match the description.<\/span><\/li>\n<li><span style=\"color: #000000;\"><strong>Nationwide delivery (COD)<\/strong> and support for inspection upon delivery (depending on regional policy).<\/span><\/li>\n<li><span style=\"color: #000000;\"><strong>Returns and exchanges are handled according to manufacturer standards.<\/strong>, ensuring maximum benefits for customers.<\/span><\/li>\n<\/ul>\n<p><span style=\"color: #000000;\">\ud83d\udc49 <strong>Genuine products guarantee quality \u2013 Legitimate channels build trust.<\/strong><strong><br \/>\nSH Global Store offers both.<\/strong><\/span><\/p>","protected":false},"excerpt":{"rendered":"<p><strong>Effects:<\/strong><\/p>\n<p>&#8211; Ch\u1ed1ng b\u00e1m n\u01b0\u1edbc tr\u00ean b\u1ec1 m\u1eb7t k\u00ednh xe \u00f4 t\u00f4<\/p>\n<p>&#8211; Kh\u1ea3 n\u0103ng \u0111\u1ea9y l\u00f9i n\u01b0\u1edbc r\u1ea5t cao<\/p>\n<p>&#8211; C\u1ea3i thi\u1ec7n t\u1ea7m nh\u00ecn khi l\u00e1i xe trong th\u1eddi ti\u1ebft \u1ea9m \u01b0\u1edbt<\/p>\n<p>&#8211; S\u1eed d\u1ee5ng cho n\u00f3n b\u1ea3o hi\u1ec3m, k\u00ednh nh\u00e0 t\u1eafm, k\u00ednh c\u1eeda nh\u00e0 v\u00e0 c\u00e1c b\u1ec1 m\u1eb7t k\u00ednh kh\u00e1c<\/p>\n<p>&#8211; S\u1ea3n ph\u1ea9m kh\u00f4ng ch\u1ee9a silicone<\/p>\n<p>&#8211; L\u00e0m s\u1ea1ch v\u00e0 l\u00e0m kh\u00f4 b\u1ec1 m\u1eb7t k\u00ednh tr\u01b0\u1edbc khi x\u1ecbt dung d\u1ecbch<\/p>\n<p>&#8211; Thi c\u00f4ng \u1edf nhi\u1ec7t \u0111\u1ed9 tr\u00ean 15 \u00b0 C.<\/p>\n<p>&#8211; X\u1ecbt v\u00e0 thoa \u0111\u1ec1u dung d\u1ecbch theo v\u00f2ng tr\u00f2n sao cho ch\u1ea5t l\u1ecfng \u0111\u1ed3ng \u0111\u1ec1u v\u00e0 \u0111i\u1ec1n \u0111\u1ea7y.<\/p>\n<p>&#8211; \u0110\u1ec3 s\u1ea3n ph\u1ea9m kh\u00f4, c\u00f3 th\u1ec3 xu\u1ea5t hi\u1ec7n s\u01b0\u01a1ng m\u00f9 nh\u1eb9.<\/p>\n<p>&#8211; B\u00f4i l\u1ea1i ch\u1ea5t ch\u1ed1ng th\u1ea5m n\u01b0\u1edbc th\u1ee7y tinh \u0111\u1ec3 \u0111\u1ea3m b\u1ea3o \u0111\u1ed9 ph\u1ee7 ho\u00e0n ch\u1ec9nh v\u00e0 \u0111\u1ed3ng \u0111\u1ec1u.<\/p>\n<p>&#8211; Lo\u1ea1i b\u1ecf l\u1edbp m\u00f9 cu\u1ed1i c\u00f9ng b\u1eb1ng v\u1ea3i kh\u00f4 ho\u1eb7c b\u1eb1ng c\u00e1ch t\u01b0\u1edbi n\u01b0\u1edbc l\u00ean l\u1edbp m\u00f9 v\u00e0 lau b\u1eb1ng kh\u0103n gi\u1ea5y.<\/p>","protected":false},"featured_media":918,"comment_status":"open","ping_status":"closed","template":"","meta":[],"product_brand":[111],"product_cat":[90],"product_tag":[],"class_list":{"0":"post-917","1":"product","2":"type-product","3":"status-publish","4":"has-post-thumbnail","6":"product_brand-wunscher","7":"product_cat-chat-phu-gia","9":"first","10":"instock","11":"purchasable","12":"product-type-simple"},"acf":[],"yoast_head":"<!-- This site is optimized with the Yoast SEO Premium plugin v20.9 (Yoast SEO v20.9) - https:\/\/yoast.com\/wordpress\/plugins\/seo\/ -->\n<title>Glass Water Repellent 100ml W7204 - Dung D\u1ecbch Ph\u1ee7 Nano Ch\u1ed1ng T\u1ee5 N\u01b0\u1edbc K\u00ednh L\u00e1i Wunscher C\u1ee7a \u0110\u1ee9c - SH Global<\/title>\n<meta name=\"robots\" content=\"index, follow, max-snippet:-1, max-image-preview:large, max-video-preview:-1\" \/>\n<link rel=\"canonical\" href=\"https:\/\/shglobaltrade.vn\/en\/product\/glass-water-repellent-100ml-w7204-dung-dich-phu-nano-chong-tu-nuoc-kinh-lai-wunscher-cua-duc\/\" \/>\n<meta property=\"og:locale\" content=\"en_US\" \/>\n<meta property=\"og:type\" content=\"article\" \/>\n<meta property=\"og:title\" content=\"Glass Water Repellent 100ml W7204 - Dung D\u1ecbch Ph\u1ee7 Nano Ch\u1ed1ng T\u1ee5 N\u01b0\u1edbc K\u00ednh L\u00e1i Wunscher C\u1ee7a \u0110\u1ee9c\" \/>\n<meta property=\"og:description\" content=\"T\u00e1c d\u1ee5ng:  - Ch\u1ed1ng b\u00e1m n\u01b0\u1edbc tr\u00ean b\u1ec1 m\u1eb7t k\u00ednh xe \u00f4 t\u00f4  - Kh\u1ea3 n\u0103ng \u0111\u1ea9y l\u00f9i n\u01b0\u1edbc r\u1ea5t cao  - C\u1ea3i thi\u1ec7n t\u1ea7m nh\u00ecn khi l\u00e1i xe trong th\u1eddi ti\u1ebft \u1ea9m \u01b0\u1edbt  - S\u1eed d\u1ee5ng cho n\u00f3n b\u1ea3o hi\u1ec3m, k\u00ednh nh\u00e0 t\u1eafm, k\u00ednh c\u1eeda nh\u00e0 v\u00e0 c\u00e1c b\u1ec1 m\u1eb7t k\u00ednh kh\u00e1c  - S\u1ea3n ph\u1ea9m kh\u00f4ng ch\u1ee9a silicone  - L\u00e0m s\u1ea1ch v\u00e0 l\u00e0m kh\u00f4 b\u1ec1 m\u1eb7t k\u00ednh tr\u01b0\u1edbc khi x\u1ecbt dung d\u1ecbch  - Thi c\u00f4ng \u1edf nhi\u1ec7t \u0111\u1ed9 tr\u00ean 15 \u00b0 C.  - X\u1ecbt v\u00e0 thoa \u0111\u1ec1u dung d\u1ecbch theo v\u00f2ng tr\u00f2n sao cho ch\u1ea5t l\u1ecfng \u0111\u1ed3ng \u0111\u1ec1u v\u00e0 \u0111i\u1ec1n \u0111\u1ea7y.  - \u0110\u1ec3 s\u1ea3n ph\u1ea9m kh\u00f4, c\u00f3 th\u1ec3 xu\u1ea5t hi\u1ec7n s\u01b0\u01a1ng m\u00f9 nh\u1eb9.  - B\u00f4i l\u1ea1i ch\u1ea5t ch\u1ed1ng th\u1ea5m n\u01b0\u1edbc th\u1ee7y tinh \u0111\u1ec3 \u0111\u1ea3m b\u1ea3o \u0111\u1ed9 ph\u1ee7 ho\u00e0n ch\u1ec9nh v\u00e0 \u0111\u1ed3ng \u0111\u1ec1u.  - Lo\u1ea1i b\u1ecf l\u1edbp m\u00f9 cu\u1ed1i c\u00f9ng b\u1eb1ng v\u1ea3i kh\u00f4 ho\u1eb7c b\u1eb1ng c\u00e1ch t\u01b0\u1edbi n\u01b0\u1edbc l\u00ean l\u1edbp m\u00f9 v\u00e0 lau b\u1eb1ng kh\u0103n gi\u1ea5y.\" \/>\n<meta property=\"og:url\" content=\"https:\/\/shglobaltrade.vn\/en\/product\/glass-water-repellent-100ml-w7204-dung-dich-phu-nano-chong-tu-nuoc-kinh-lai-wunscher-cua-duc\/\" \/>\n<meta property=\"og:site_name\" content=\"SH Global\" \/>\n<meta property=\"article:modified_time\" content=\"2025-12-12T10:14:24+00:00\" \/>\n<meta property=\"og:image\" content=\"https:\/\/shglobaltrade.vn\/wp-content\/uploads\/2025\/11\/W7204.png\" \/>\n\t<meta property=\"og:image:width\" content=\"1200\" \/>\n\t<meta property=\"og:image:height\" content=\"1200\" \/>\n\t<meta property=\"og:image:type\" content=\"image\/png\" \/>\n<meta name=\"twitter:card\" content=\"summary_large_image\" \/>\n<meta name=\"twitter:label1\" content=\"Est. reading time\" \/>\n\t<meta name=\"twitter:data1\" content=\"3 minutes\" \/>\n<script type=\"application\/ld+json\" class=\"yoast-schema-graph\">{\"@context\":\"https:\/\/schema.org\",\"@graph\":[{\"@type\":\"WebPage\",\"@id\":\"https:\/\/shglobaltrade.vn\/san-pham\/glass-water-repellent-100ml-w7204-dung-dich-phu-nano-chong-tu-nuoc-kinh-lai-wunscher-cua-duc\/\",\"url\":\"https:\/\/shglobaltrade.vn\/san-pham\/glass-water-repellent-100ml-w7204-dung-dich-phu-nano-chong-tu-nuoc-kinh-lai-wunscher-cua-duc\/\",\"name\":\"Glass Water Repellent 100ml W7204 - Dung D\u1ecbch Ph\u1ee7 Nano Ch\u1ed1ng T\u1ee5 N\u01b0\u1edbc K\u00ednh L\u00e1i Wunscher C\u1ee7a \u0110\u1ee9c - SH Global\",\"isPartOf\":{\"@id\":\"https:\/\/shglobaltrade.vn\/#website\"},\"datePublished\":\"2025-11-28T07:28:04+00:00\",\"dateModified\":\"2025-12-12T10:14:24+00:00\",\"breadcrumb\":{\"@id\":\"https:\/\/shglobaltrade.vn\/san-pham\/glass-water-repellent-100ml-w7204-dung-dich-phu-nano-chong-tu-nuoc-kinh-lai-wunscher-cua-duc\/#breadcrumb\"},\"inLanguage\":\"en-US\",\"potentialAction\":[{\"@type\":\"ReadAction\",\"target\":[\"https:\/\/shglobaltrade.vn\/san-pham\/glass-water-repellent-100ml-w7204-dung-dich-phu-nano-chong-tu-nuoc-kinh-lai-wunscher-cua-duc\/\"]}]},{\"@type\":\"BreadcrumbList\",\"@id\":\"https:\/\/shglobaltrade.vn\/san-pham\/glass-water-repellent-100ml-w7204-dung-dich-phu-nano-chong-tu-nuoc-kinh-lai-wunscher-cua-duc\/#breadcrumb\",\"itemListElement\":[{\"@type\":\"ListItem\",\"position\":1,\"name\":\"Trang ch\u1ee7\",\"item\":\"https:\/\/shglobaltrade.vn\/\"},{\"@type\":\"ListItem\",\"position\":2,\"name\":\"C\u1eeda h\u00e0ng\",\"item\":\"https:\/\/shglobaltrade.vn\/cua-hang\/\"},{\"@type\":\"ListItem\",\"position\":3,\"name\":\"Glass Water Repellent 100ml W7204 &#8211; Dung D\u1ecbch Ph\u1ee7 Nano Ch\u1ed1ng T\u1ee5 N\u01b0\u1edbc K\u00ednh L\u00e1i Wunscher C\u1ee7a \u0110\u1ee9c\"}]},{\"@type\":\"WebSite\",\"@id\":\"https:\/\/shglobaltrade.vn\/#website\",\"url\":\"https:\/\/shglobaltrade.vn\/\",\"name\":\"SH Global\",\"description\":\"\",\"potentialAction\":[{\"@type\":\"SearchAction\",\"target\":{\"@type\":\"EntryPoint\",\"urlTemplate\":\"https:\/\/shglobaltrade.vn\/?s={search_term_string}\"},\"query-input\":\"required name=search_term_string\"}],\"inLanguage\":\"en-US\"}]}<\/script>\n<!-- \/ Yoast SEO Premium plugin. -->","yoast_head_json":{"title":"Glass Water Repellent 100ml W7204 - Dung D\u1ecbch Ph\u1ee7 Nano Ch\u1ed1ng T\u1ee5 N\u01b0\u1edbc K\u00ednh L\u00e1i Wunscher C\u1ee7a \u0110\u1ee9c - SH Global","robots":{"index":"index","follow":"follow","max-snippet":"max-snippet:-1","max-image-preview":"max-image-preview:large","max-video-preview":"max-video-preview:-1"},"canonical":"https:\/\/shglobaltrade.vn\/en\/product\/glass-water-repellent-100ml-w7204-dung-dich-phu-nano-chong-tu-nuoc-kinh-lai-wunscher-cua-duc\/","og_locale":"en_US","og_type":"article","og_title":"Glass Water Repellent 100ml W7204 - Dung D\u1ecbch Ph\u1ee7 Nano Ch\u1ed1ng T\u1ee5 N\u01b0\u1edbc K\u00ednh L\u00e1i Wunscher C\u1ee7a \u0110\u1ee9c","og_description":"T\u00e1c d\u1ee5ng:  - Ch\u1ed1ng b\u00e1m n\u01b0\u1edbc tr\u00ean b\u1ec1 m\u1eb7t k\u00ednh xe \u00f4 t\u00f4  - Kh\u1ea3 n\u0103ng \u0111\u1ea9y l\u00f9i n\u01b0\u1edbc r\u1ea5t cao  - C\u1ea3i thi\u1ec7n t\u1ea7m nh\u00ecn khi l\u00e1i xe trong th\u1eddi ti\u1ebft \u1ea9m \u01b0\u1edbt  - S\u1eed d\u1ee5ng cho n\u00f3n b\u1ea3o hi\u1ec3m, k\u00ednh nh\u00e0 t\u1eafm, k\u00ednh c\u1eeda nh\u00e0 v\u00e0 c\u00e1c b\u1ec1 m\u1eb7t k\u00ednh kh\u00e1c  - S\u1ea3n ph\u1ea9m kh\u00f4ng ch\u1ee9a silicone  - L\u00e0m s\u1ea1ch v\u00e0 l\u00e0m kh\u00f4 b\u1ec1 m\u1eb7t k\u00ednh tr\u01b0\u1edbc khi x\u1ecbt dung d\u1ecbch  - Thi c\u00f4ng \u1edf nhi\u1ec7t \u0111\u1ed9 tr\u00ean 15 \u00b0 C.  - X\u1ecbt v\u00e0 thoa \u0111\u1ec1u dung d\u1ecbch theo v\u00f2ng tr\u00f2n sao cho ch\u1ea5t l\u1ecfng \u0111\u1ed3ng \u0111\u1ec1u v\u00e0 \u0111i\u1ec1n \u0111\u1ea7y.  - \u0110\u1ec3 s\u1ea3n ph\u1ea9m kh\u00f4, c\u00f3 th\u1ec3 xu\u1ea5t hi\u1ec7n s\u01b0\u01a1ng m\u00f9 nh\u1eb9.  - B\u00f4i l\u1ea1i ch\u1ea5t ch\u1ed1ng th\u1ea5m n\u01b0\u1edbc th\u1ee7y tinh \u0111\u1ec3 \u0111\u1ea3m b\u1ea3o \u0111\u1ed9 ph\u1ee7 ho\u00e0n ch\u1ec9nh v\u00e0 \u0111\u1ed3ng \u0111\u1ec1u.  - Lo\u1ea1i b\u1ecf l\u1edbp m\u00f9 cu\u1ed1i c\u00f9ng b\u1eb1ng v\u1ea3i kh\u00f4 ho\u1eb7c b\u1eb1ng c\u00e1ch t\u01b0\u1edbi n\u01b0\u1edbc l\u00ean l\u1edbp m\u00f9 v\u00e0 lau b\u1eb1ng kh\u0103n gi\u1ea5y.","og_url":"https:\/\/shglobaltrade.vn\/en\/product\/glass-water-repellent-100ml-w7204-dung-dich-phu-nano-chong-tu-nuoc-kinh-lai-wunscher-cua-duc\/","og_site_name":"SH Global","article_modified_time":"2025-12-12T10:14:24+00:00","og_image":[{"width":1200,"height":1200,"url":"https:\/\/shglobaltrade.vn\/wp-content\/uploads\/2025\/11\/W7204.png","type":"image\/png"}],"twitter_card":"summary_large_image","twitter_misc":{"Est. reading time":"3 minutes"},"schema":{"@context":"https:\/\/schema.org","@graph":[{"@type":"WebPage","@id":"https:\/\/shglobaltrade.vn\/san-pham\/glass-water-repellent-100ml-w7204-dung-dich-phu-nano-chong-tu-nuoc-kinh-lai-wunscher-cua-duc\/","url":"https:\/\/shglobaltrade.vn\/san-pham\/glass-water-repellent-100ml-w7204-dung-dich-phu-nano-chong-tu-nuoc-kinh-lai-wunscher-cua-duc\/","name":"Glass Water Repellent 100ml W7204 - Dung D\u1ecbch Ph\u1ee7 Nano Ch\u1ed1ng T\u1ee5 N\u01b0\u1edbc K\u00ednh L\u00e1i Wunscher C\u1ee7a \u0110\u1ee9c - SH Global","isPartOf":{"@id":"https:\/\/shglobaltrade.vn\/#website"},"datePublished":"2025-11-28T07:28:04+00:00","dateModified":"2025-12-12T10:14:24+00:00","breadcrumb":{"@id":"https:\/\/shglobaltrade.vn\/san-pham\/glass-water-repellent-100ml-w7204-dung-dich-phu-nano-chong-tu-nuoc-kinh-lai-wunscher-cua-duc\/#breadcrumb"},"inLanguage":"en-US","potentialAction":[{"@type":"ReadAction","target":["https:\/\/shglobaltrade.vn\/san-pham\/glass-water-repellent-100ml-w7204-dung-dich-phu-nano-chong-tu-nuoc-kinh-lai-wunscher-cua-duc\/"]}]},{"@type":"BreadcrumbList","@id":"https:\/\/shglobaltrade.vn\/san-pham\/glass-water-repellent-100ml-w7204-dung-dich-phu-nano-chong-tu-nuoc-kinh-lai-wunscher-cua-duc\/#breadcrumb","itemListElement":[{"@type":"ListItem","position":1,"name":"Trang ch\u1ee7","item":"https:\/\/shglobaltrade.vn\/"},{"@type":"ListItem","position":2,"name":"C\u1eeda h\u00e0ng","item":"https:\/\/shglobaltrade.vn\/cua-hang\/"},{"@type":"ListItem","position":3,"name":"Glass Water Repellent 100ml W7204 &#8211; Dung D\u1ecbch Ph\u1ee7 Nano Ch\u1ed1ng T\u1ee5 N\u01b0\u1edbc K\u00ednh L\u00e1i Wunscher C\u1ee7a \u0110\u1ee9c"}]},{"@type":"WebSite","@id":"https:\/\/shglobaltrade.vn\/#website","url":"https:\/\/shglobaltrade.vn\/","name":"SH Global","description":"","potentialAction":[{"@type":"SearchAction","target":{"@type":"EntryPoint","urlTemplate":"https:\/\/shglobaltrade.vn\/?s={search_term_string}"},"query-input":"required name=search_term_string"}],"inLanguage":"en-US"}]}},"_links":{"self":[{"href":"https:\/\/shglobaltrade.vn\/en\/wp-json\/wp\/v2\/product\/917","targetHints":{"allow":["GET"]}}],"collection":[{"href":"https:\/\/shglobaltrade.vn\/en\/wp-json\/wp\/v2\/product"}],"about":[{"href":"https:\/\/shglobaltrade.vn\/en\/wp-json\/wp\/v2\/types\/product"}],"replies":[{"embeddable":true,"href":"https:\/\/shglobaltrade.vn\/en\/wp-json\/wp\/v2\/comments?post=917"}],"wp:featuredmedia":[{"embeddable":true,"href":"https:\/\/shglobaltrade.vn\/en\/wp-json\/wp\/v2\/media\/918"}],"wp:attachment":[{"href":"https:\/\/shglobaltrade.vn\/en\/wp-json\/wp\/v2\/media?parent=917"}],"wp:term":[{"taxonomy":"product_brand","embeddable":true,"href":"https:\/\/shglobaltrade.vn\/en\/wp-json\/wp\/v2\/product_brand?post=917"},{"taxonomy":"product_cat","embeddable":true,"href":"https:\/\/shglobaltrade.vn\/en\/wp-json\/wp\/v2\/product_cat?post=917"},{"taxonomy":"product_tag","embeddable":true,"href":"https:\/\/shglobaltrade.vn\/en\/wp-json\/wp\/v2\/product_tag?post=917"}],"curies":[{"name":"wp","href":"https:\/\/api.w.org\/{rel}","templated":true}]}}