{"id":915,"date":"2025-11-28T14:28:04","date_gmt":"2025-11-28T07:28:04","guid":{"rendered":"https:\/\/shglobal.123websitedev.com\/san-pham\/dung-dich-ve-sinh-kim-phun-buong-dot-o-to-wunscher-cua-duc\/"},"modified":"2025-12-12T17:13:05","modified_gmt":"2025-12-12T10:13:05","slug":"fuel-injector-cleaner-w7720-dung-dich-ve-sinh-kim-phun-xang-lam-sach-voi-phun-nhien-lieu-o-to-wunscher-cua-duc","status":"publish","type":"product","link":"https:\/\/shglobaltrade.vn\/en\/product\/fuel-injector-cleaner-w7720-dung-dich-ve-sinh-kim-phun-xang-lam-sach-voi-phun-nhien-lieu-o-to-wunscher-cua-duc\/","title":{"rendered":"Fuel Injector Cleaner W7720 - Fuel Injector Cleaner, Automotive Fuel Nozzle Cleaner, Wunscher, Germany"},"content":{"rendered":"<p><iframe loading=\"lazy\" title=\"W7720 Fuel Injector Cleaner\" src=\"https:\/\/sketchfab.com\/models\/52f157a31bf940219165f8251c6e6d62\/embed?autostart=1&amp;preload=1\" width=\"100%\" height=\"540\" frameborder=\"0\" allowfullscreen=\"allowfullscreen\"> <\/iframe><\/p>\n<h2><span style=\"color: #000000;\"><strong>PRODUCT DESCRIPTION<\/strong><\/span><\/h2>\n<p><span style=\"color: #000000;\">Sau m\u1ed9t th\u1eddi gian di chuy\u1ec3n kim phun s\u1ebd b\u1ecb b\u00e1m b\u1ee5i, c\u1eb7n b\u1ea9n v\u00e0 kh\u00f4ng th\u1ec3 ph\u00e1t huy h\u1ebft vai tr\u00f2 c\u1ee7a n\u00f3, \u0111\u1eb7c bi\u1ec7t v\u1edbi t\u00ecnh tr\u1ea1ng b\u1ee5i m\u1ecbn v\u00e0 \u00f4 nhi\u1ec5m n\u1eb7ng n\u1ec1 nh\u01b0 \u1edf Vi\u1ec7t Nam. V\u00ec v\u1eady, vi\u1ec7c v\u1ec7 sinh kim phun nhi\u00ean li\u1ec7u v\u00e0 bu\u1ed3ng \u0111\u1ed1t \u00f4 t\u00f4 b\u1eb1ng dung d\u1ecbch chuy\u00ean d\u1ee5ng sau m\u1ed7i 15.000 km l\u00e0 vi\u1ec7c l\u00e0m c\u1ea7n thi\u1ebft.<\/span><\/p>\n<p><span style=\"color: #000000;\">\ud83d\udc49 V\u1eady n\u00ean anh em kh\u00f4ng th\u1ec3 n\u00e0o b\u1ecf qua s\u1ea3n ph\u1ea9m n\u00e0y :<\/span><\/p>\n<p><span style=\"color: #000000;\">DUNG D\u1ecaCH V\u1ec6 SINH KIM PHUN X\u0102NG, L\u00c0M S\u1ea0CH V\u00d2I PHUN NHI\u00caN LI\u1ec6U WUNCHER W7720 C\u1ee6A \u0110\u1ee8C<\/span><\/p>\n<p><span style=\"color: #000000;\">&#8212;&#8212;&#8212;&#8212;&#8212;&#8212;&#8212;&#8212;&#8212;&#8212;-<\/span><\/p>\n<p><strong><span style=\"color: #000000;\">USES:<\/span><\/strong><\/p>\n<p><span style=\"color: #000000;\">&#8211; L\u00e0m s\u1ea1ch c\u1eb7n ch\u00ec t\u00edch t\u1ee5 trong b\u00ecnh &#8211; b\u01a1m x\u0103ng, kim phun v\u00e0 bu\u1ed3ng \u0111\u1ed1t.<\/span><\/p>\n<p><span style=\"color: #000000;\">&#8211; Kh\u00f4i ph\u1ee5c hi\u1ec7u su\u1ea5t v\u00e0 s\u1ee9c m\u1ea1nh nguy\u00ean b\u1ea3n cho \u0111\u1ed9ng c\u01a1.<\/span><\/p>\n<p><span style=\"color: #000000;\">&#8211; C\u1ea3i thi\u1ec7n \u0111\u1ed9 n\u00e9n c\u1ee7a \u0111\u1ed9ng c\u01a1.<\/span><\/p>\n<p><span style=\"color: #000000;\">&#8211; Xe v\u1eadn h\u00e0nh \u00eam \u00e1i, gi\u1ea3m ti\u1ebfng \u1ed3n v\u00e0 ti\u1ebfng rung.<\/span><\/p>\n<p><span style=\"color: #000000;\">&#8211; C\u1ea3i thi\u1ec7n hi\u1ec7u su\u1ea5t, ti\u1ebft ki\u1ec7m nhi\u00ean li\u1ec7u.<\/span><\/p>\n<p><span style=\"color: #000000;\">&#8211; Kh\u00f4ng g\u00e2y h\u1ea1i cho \u0111\u1ed9ng c\u01a1 v\u00e0 chi ti\u1ebft m\u00e1y.<\/span><\/p>\n<p><span style=\"color: #000000;\">&#8211; Gi\u1ea3m kh\u00ed th\u1ea3i C02 v\u00e0 NO, b\u1ea3o v\u1ec7 m\u00f4i tr\u01b0\u1eddng.<\/span><\/p>\n<p><strong><span style=\"color: #000000;\">USE:<\/span><\/strong><\/p>\n<p><span style=\"color: #000000;\">&#8211; M\u1ed9t chai 300ml c\u00f3 th\u1ec3 d\u00f9ng cho 50 l\u00edt nhi\u00ean li\u1ec7u<\/span><\/p>\n<p><span style=\"color: #000000;\">&#8211; D\u00f9ng cho t\u1ea5t c\u1ea3 c\u00e1c \u0111\u1ed9ng c\u01a1 x\u0103ng ngay c\u1ea3 v\u1edbi \u0111\u1ed9ng c\u01a1 th\u1ebf h\u1ec7 m\u1edbi nh\u1ea5t v\u1edbi phun nhi\u00ean li\u1ec7u tr\u1ef1c ti\u1ebfp<\/span><\/p>\n<p><span style=\"color: #000000;\">&#8211; Chu k\u00ec : 8.000 &#8211; 10.000km<\/span><\/p>\n<p><span style=\"color: #000000;\">\u26a0\ufe0f\u26a0\ufe0f\u26a0\ufe0f T\u1ea5t c\u1ea3 s\u1ea3n ph\u1ea9m \u0111\u1ec1u c\u00f3 tem ph\u1ee5, ghi r\u00f5 n\u01a1i s\u1ea3n xu\u1ea5t, c\u00f4ng ty ph\u00e2n ph\u1ed1i v\u00e0 h\u01b0\u1edbng d\u1eabn s\u1eed d\u1ee5ng<\/span><\/p>\n<p><span style=\"color: #000000;\">&#8212;&#8212;&#8212;&#8212;&#8212;&#8212;&#8212;&#8212;&#8212;&#8212;&#8212;-<\/span><\/p>\n<p><span style=\"color: #000000;\"><strong>PRODUCT INFORMATION:<\/strong><\/span><\/p>\n<p><span style=\"color: #000000;\">&#8211; Dung t\u00edch: 300ml \u00a0<\/span><\/p>\n<p><span style=\"color: #000000;\">\u2013 Manufacturer: WUNSCHER Germany<\/span><\/p>\n<p><span style=\"color: #000000;\">\u2013 Shelf life: 5 years from the date of manufacture<\/span><\/p>\n<p><span style=\"color: #000000;\">\u26a0\ufe0f\u26a0\ufe0f\u26a0\ufe0f All products have supplementary labels clearly stating the place of manufacture, the distributing company, and instructions for use.<\/span><\/p>\n<p><span style=\"color: #000000;\"><strong>SH GLOBAL STORE \u2013 AUTHENTIC &amp; LEGITIMATE PRODUCTS, COMPLETE PEACE OF MIND<\/strong><\/span><\/p>\n<ul>\n<li><span style=\"color: #000000;\"><strong>100% is a genuine Wunscher product.<\/strong> \u2013 A reputable car care brand from Germany.<\/span><\/li>\n<li><span style=\"color: #000000;\"><strong>Official import<\/strong>, full <strong>Customs \u2013 Taxes \u2013 Certificate of Origin (CO) \u2013 Certificate of Quality (CQ) \u2013 Invoices and supporting documents<\/strong>.<\/span><\/li>\n<li><span style=\"color: #000000;\"><strong>Transparent origin<\/strong>Say no to counterfeit, fake, and substandard goods.<\/span><\/li>\n<li><span style=\"color: #000000;\"><strong>The product matches the description.<\/strong>Correct technical specifications, correct manufacturer standards.<\/span><\/li>\n<li><span style=\"color: #000000;\"><strong>D<\/strong><strong>Secure packaging \u2013 receive your order intact.<\/strong>No dents, no leaks.<\/span><\/li>\n<li><span style=\"color: #000000;\"><strong>100% Refund<\/strong> If you discover that the product is not genuine or does not match the description.<\/span><\/li>\n<li><span style=\"color: #000000;\"><strong>Nationwide delivery (COD)<\/strong> and support for inspection upon delivery (depending on regional policy).<\/span><\/li>\n<li><span style=\"color: #000000;\"><strong>Returns and exchanges are handled according to manufacturer standards.<\/strong>, ensuring maximum benefits for customers.<\/span><\/li>\n<\/ul>\n<p><span style=\"color: #000000;\">\ud83d\udc49 <strong>Genuine products guarantee quality \u2013 Legitimate channels build trust.<\/strong><strong><br \/>\nSH Global Store offers both.<\/strong><\/span><\/p>","protected":false},"excerpt":{"rendered":"<p>USES<\/p>\n<p>&#8211; L\u00e0m s\u1ea1ch c\u1eb7n ch\u00ec t\u00edch t\u1ee5 trong b\u00ecnh &#8211; b\u01a1m x\u0103ng, kim phun v\u00e0 bu\u1ed3ng \u0111\u1ed1t.<\/p>\n<p>&#8211; Kh\u00f4i ph\u1ee5c hi\u1ec7u su\u1ea5t v\u00e0 s\u1ee9c m\u1ea1nh nguy\u00ean b\u1ea3n cho \u0111\u1ed9ng c\u01a1.<\/p>\n<p>&#8211; C\u1ea3i thi\u1ec7n \u0111\u1ed9 n\u00e9n c\u1ee7a \u0111\u1ed9ng c\u01a1.<\/p>\n<p>&#8211; Xe v\u1eadn h\u00e0nh \u00eam \u00e1i, gi\u1ea3m ti\u1ebfng \u1ed3n v\u00e0 ti\u1ebfng rung.<\/p>\n<p>&#8211; C\u1ea3i thi\u1ec7n hi\u1ec7u su\u1ea5t, ti\u1ebft ki\u1ec7m nhi\u00ean li\u1ec7u.<\/p>\n<p>&#8211; Kh\u00f4ng g\u00e2y h\u1ea1i cho \u0111\u1ed9ng c\u01a1 v\u00e0 chi ti\u1ebft m\u00e1y.<\/p>\n<p>&#8211; Gi\u1ea3m kh\u00ed th\u1ea3i C02 v\u00e0 NO, b\u1ea3o v\u1ec7 m\u00f4i tr\u01b0\u1eddng.<\/p>","protected":false},"featured_media":916,"comment_status":"open","ping_status":"closed","template":"","meta":[],"product_brand":[111],"product_cat":[90],"product_tag":[],"class_list":{"0":"post-915","1":"product","2":"type-product","3":"status-publish","4":"has-post-thumbnail","6":"product_brand-wunscher","7":"product_cat-chat-phu-gia","9":"first","10":"instock","11":"purchasable","12":"product-type-simple"},"acf":[],"yoast_head":"<!-- This site is optimized with the Yoast SEO Premium plugin v20.9 (Yoast SEO v20.9) - https:\/\/yoast.com\/wordpress\/plugins\/seo\/ -->\n<title>Fuel Injector Cleaner W7720 -DUNG D\u1ecaCH V\u1ec6 SINH KIM PHUN X\u0102NG, L\u00c0M S\u1ea0CH V\u00d2I PHUN NHI\u00caN LI\u1ec6U \u00d4 T\u00d4 Wunscher C\u1ee7a \u0110\u1ee9c - SH Global<\/title>\n<meta name=\"robots\" content=\"index, follow, max-snippet:-1, max-image-preview:large, max-video-preview:-1\" \/>\n<link rel=\"canonical\" href=\"https:\/\/shglobaltrade.vn\/en\/product\/fuel-injector-cleaner-w7720-dung-dich-ve-sinh-kim-phun-xang-lam-sach-voi-phun-nhien-lieu-o-to-wunscher-cua-duc\/\" \/>\n<meta property=\"og:locale\" content=\"en_US\" \/>\n<meta property=\"og:type\" content=\"article\" \/>\n<meta property=\"og:title\" content=\"Fuel Injector Cleaner W7720 -DUNG D\u1ecaCH V\u1ec6 SINH KIM PHUN X\u0102NG, L\u00c0M S\u1ea0CH V\u00d2I PHUN NHI\u00caN LI\u1ec6U \u00d4 T\u00d4 Wunscher C\u1ee7a \u0110\u1ee9c\" \/>\n<meta property=\"og:description\" content=\"C\u00d4NG D\u1ee4NG  - L\u00e0m s\u1ea1ch c\u1eb7n ch\u00ec t\u00edch t\u1ee5 trong b\u00ecnh - b\u01a1m x\u0103ng, kim phun v\u00e0 bu\u1ed3ng \u0111\u1ed1t.  - Kh\u00f4i ph\u1ee5c hi\u1ec7u su\u1ea5t v\u00e0 s\u1ee9c m\u1ea1nh nguy\u00ean b\u1ea3n cho \u0111\u1ed9ng c\u01a1.  - C\u1ea3i thi\u1ec7n \u0111\u1ed9 n\u00e9n c\u1ee7a \u0111\u1ed9ng c\u01a1.  - Xe v\u1eadn h\u00e0nh \u00eam \u00e1i, gi\u1ea3m ti\u1ebfng \u1ed3n v\u00e0 ti\u1ebfng rung.  - C\u1ea3i thi\u1ec7n hi\u1ec7u su\u1ea5t, ti\u1ebft ki\u1ec7m nhi\u00ean li\u1ec7u.  - Kh\u00f4ng g\u00e2y h\u1ea1i cho \u0111\u1ed9ng c\u01a1 v\u00e0 chi ti\u1ebft m\u00e1y.  - Gi\u1ea3m kh\u00ed th\u1ea3i C02 v\u00e0 NO, b\u1ea3o v\u1ec7 m\u00f4i tr\u01b0\u1eddng.\" \/>\n<meta property=\"og:url\" content=\"https:\/\/shglobaltrade.vn\/en\/product\/fuel-injector-cleaner-w7720-dung-dich-ve-sinh-kim-phun-xang-lam-sach-voi-phun-nhien-lieu-o-to-wunscher-cua-duc\/\" \/>\n<meta property=\"og:site_name\" content=\"SH Global\" \/>\n<meta property=\"article:modified_time\" content=\"2025-12-12T10:13:05+00:00\" \/>\n<meta property=\"og:image\" content=\"https:\/\/shglobaltrade.vn\/wp-content\/uploads\/2025\/11\/W7720-1.png\" \/>\n\t<meta property=\"og:image:width\" content=\"1200\" \/>\n\t<meta property=\"og:image:height\" content=\"1200\" \/>\n\t<meta property=\"og:image:type\" content=\"image\/png\" \/>\n<meta name=\"twitter:card\" content=\"summary_large_image\" \/>\n<meta name=\"twitter:label1\" content=\"Est. reading time\" \/>\n\t<meta name=\"twitter:data1\" content=\"3 minutes\" \/>\n<script type=\"application\/ld+json\" class=\"yoast-schema-graph\">{\"@context\":\"https:\/\/schema.org\",\"@graph\":[{\"@type\":\"WebPage\",\"@id\":\"https:\/\/shglobaltrade.vn\/san-pham\/fuel-injector-cleaner-w7720-dung-dich-ve-sinh-kim-phun-xang-lam-sach-voi-phun-nhien-lieu-o-to-wunscher-cua-duc\/\",\"url\":\"https:\/\/shglobaltrade.vn\/san-pham\/fuel-injector-cleaner-w7720-dung-dich-ve-sinh-kim-phun-xang-lam-sach-voi-phun-nhien-lieu-o-to-wunscher-cua-duc\/\",\"name\":\"Fuel Injector Cleaner W7720 -DUNG D\u1ecaCH V\u1ec6 SINH KIM PHUN X\u0102NG, L\u00c0M S\u1ea0CH V\u00d2I PHUN NHI\u00caN LI\u1ec6U \u00d4 T\u00d4 Wunscher C\u1ee7a \u0110\u1ee9c - SH Global\",\"isPartOf\":{\"@id\":\"https:\/\/shglobaltrade.vn\/#website\"},\"datePublished\":\"2025-11-28T07:28:04+00:00\",\"dateModified\":\"2025-12-12T10:13:05+00:00\",\"breadcrumb\":{\"@id\":\"https:\/\/shglobaltrade.vn\/san-pham\/fuel-injector-cleaner-w7720-dung-dich-ve-sinh-kim-phun-xang-lam-sach-voi-phun-nhien-lieu-o-to-wunscher-cua-duc\/#breadcrumb\"},\"inLanguage\":\"en-US\",\"potentialAction\":[{\"@type\":\"ReadAction\",\"target\":[\"https:\/\/shglobaltrade.vn\/san-pham\/fuel-injector-cleaner-w7720-dung-dich-ve-sinh-kim-phun-xang-lam-sach-voi-phun-nhien-lieu-o-to-wunscher-cua-duc\/\"]}]},{\"@type\":\"BreadcrumbList\",\"@id\":\"https:\/\/shglobaltrade.vn\/san-pham\/fuel-injector-cleaner-w7720-dung-dich-ve-sinh-kim-phun-xang-lam-sach-voi-phun-nhien-lieu-o-to-wunscher-cua-duc\/#breadcrumb\",\"itemListElement\":[{\"@type\":\"ListItem\",\"position\":1,\"name\":\"Trang ch\u1ee7\",\"item\":\"https:\/\/shglobaltrade.vn\/\"},{\"@type\":\"ListItem\",\"position\":2,\"name\":\"C\u1eeda h\u00e0ng\",\"item\":\"https:\/\/shglobaltrade.vn\/cua-hang\/\"},{\"@type\":\"ListItem\",\"position\":3,\"name\":\"Fuel Injector Cleaner W7720 -DUNG D\u1ecaCH V\u1ec6 SINH KIM PHUN X\u0102NG, L\u00c0M S\u1ea0CH V\u00d2I PHUN NHI\u00caN LI\u1ec6U \u00d4 T\u00d4 Wunscher C\u1ee7a \u0110\u1ee9c\"}]},{\"@type\":\"WebSite\",\"@id\":\"https:\/\/shglobaltrade.vn\/#website\",\"url\":\"https:\/\/shglobaltrade.vn\/\",\"name\":\"SH Global\",\"description\":\"\",\"potentialAction\":[{\"@type\":\"SearchAction\",\"target\":{\"@type\":\"EntryPoint\",\"urlTemplate\":\"https:\/\/shglobaltrade.vn\/?s={search_term_string}\"},\"query-input\":\"required name=search_term_string\"}],\"inLanguage\":\"en-US\"}]}<\/script>\n<!-- \/ Yoast SEO Premium plugin. -->","yoast_head_json":{"title":"Fuel Injector Cleaner W7720 -DUNG D\u1ecaCH V\u1ec6 SINH KIM PHUN X\u0102NG, L\u00c0M S\u1ea0CH V\u00d2I PHUN NHI\u00caN LI\u1ec6U \u00d4 T\u00d4 Wunscher C\u1ee7a \u0110\u1ee9c - SH Global","robots":{"index":"index","follow":"follow","max-snippet":"max-snippet:-1","max-image-preview":"max-image-preview:large","max-video-preview":"max-video-preview:-1"},"canonical":"https:\/\/shglobaltrade.vn\/en\/product\/fuel-injector-cleaner-w7720-dung-dich-ve-sinh-kim-phun-xang-lam-sach-voi-phun-nhien-lieu-o-to-wunscher-cua-duc\/","og_locale":"en_US","og_type":"article","og_title":"Fuel Injector Cleaner W7720 -DUNG D\u1ecaCH V\u1ec6 SINH KIM PHUN X\u0102NG, L\u00c0M S\u1ea0CH V\u00d2I PHUN NHI\u00caN LI\u1ec6U \u00d4 T\u00d4 Wunscher C\u1ee7a \u0110\u1ee9c","og_description":"C\u00d4NG D\u1ee4NG  - L\u00e0m s\u1ea1ch c\u1eb7n ch\u00ec t\u00edch t\u1ee5 trong b\u00ecnh - b\u01a1m x\u0103ng, kim phun v\u00e0 bu\u1ed3ng \u0111\u1ed1t.  - Kh\u00f4i ph\u1ee5c hi\u1ec7u su\u1ea5t v\u00e0 s\u1ee9c m\u1ea1nh nguy\u00ean b\u1ea3n cho \u0111\u1ed9ng c\u01a1.  - C\u1ea3i thi\u1ec7n \u0111\u1ed9 n\u00e9n c\u1ee7a \u0111\u1ed9ng c\u01a1.  - Xe v\u1eadn h\u00e0nh \u00eam \u00e1i, gi\u1ea3m ti\u1ebfng \u1ed3n v\u00e0 ti\u1ebfng rung.  - C\u1ea3i thi\u1ec7n hi\u1ec7u su\u1ea5t, ti\u1ebft ki\u1ec7m nhi\u00ean li\u1ec7u.  - Kh\u00f4ng g\u00e2y h\u1ea1i cho \u0111\u1ed9ng c\u01a1 v\u00e0 chi ti\u1ebft m\u00e1y.  - Gi\u1ea3m kh\u00ed th\u1ea3i C02 v\u00e0 NO, b\u1ea3o v\u1ec7 m\u00f4i tr\u01b0\u1eddng.","og_url":"https:\/\/shglobaltrade.vn\/en\/product\/fuel-injector-cleaner-w7720-dung-dich-ve-sinh-kim-phun-xang-lam-sach-voi-phun-nhien-lieu-o-to-wunscher-cua-duc\/","og_site_name":"SH Global","article_modified_time":"2025-12-12T10:13:05+00:00","og_image":[{"width":1200,"height":1200,"url":"https:\/\/shglobaltrade.vn\/wp-content\/uploads\/2025\/11\/W7720-1.png","type":"image\/png"}],"twitter_card":"summary_large_image","twitter_misc":{"Est. reading time":"3 minutes"},"schema":{"@context":"https:\/\/schema.org","@graph":[{"@type":"WebPage","@id":"https:\/\/shglobaltrade.vn\/san-pham\/fuel-injector-cleaner-w7720-dung-dich-ve-sinh-kim-phun-xang-lam-sach-voi-phun-nhien-lieu-o-to-wunscher-cua-duc\/","url":"https:\/\/shglobaltrade.vn\/san-pham\/fuel-injector-cleaner-w7720-dung-dich-ve-sinh-kim-phun-xang-lam-sach-voi-phun-nhien-lieu-o-to-wunscher-cua-duc\/","name":"Fuel Injector Cleaner W7720 -DUNG D\u1ecaCH V\u1ec6 SINH KIM PHUN X\u0102NG, L\u00c0M S\u1ea0CH V\u00d2I PHUN NHI\u00caN LI\u1ec6U \u00d4 T\u00d4 Wunscher C\u1ee7a \u0110\u1ee9c - SH Global","isPartOf":{"@id":"https:\/\/shglobaltrade.vn\/#website"},"datePublished":"2025-11-28T07:28:04+00:00","dateModified":"2025-12-12T10:13:05+00:00","breadcrumb":{"@id":"https:\/\/shglobaltrade.vn\/san-pham\/fuel-injector-cleaner-w7720-dung-dich-ve-sinh-kim-phun-xang-lam-sach-voi-phun-nhien-lieu-o-to-wunscher-cua-duc\/#breadcrumb"},"inLanguage":"en-US","potentialAction":[{"@type":"ReadAction","target":["https:\/\/shglobaltrade.vn\/san-pham\/fuel-injector-cleaner-w7720-dung-dich-ve-sinh-kim-phun-xang-lam-sach-voi-phun-nhien-lieu-o-to-wunscher-cua-duc\/"]}]},{"@type":"BreadcrumbList","@id":"https:\/\/shglobaltrade.vn\/san-pham\/fuel-injector-cleaner-w7720-dung-dich-ve-sinh-kim-phun-xang-lam-sach-voi-phun-nhien-lieu-o-to-wunscher-cua-duc\/#breadcrumb","itemListElement":[{"@type":"ListItem","position":1,"name":"Trang ch\u1ee7","item":"https:\/\/shglobaltrade.vn\/"},{"@type":"ListItem","position":2,"name":"C\u1eeda h\u00e0ng","item":"https:\/\/shglobaltrade.vn\/cua-hang\/"},{"@type":"ListItem","position":3,"name":"Fuel Injector Cleaner W7720 -DUNG D\u1ecaCH V\u1ec6 SINH KIM PHUN X\u0102NG, L\u00c0M S\u1ea0CH V\u00d2I PHUN NHI\u00caN LI\u1ec6U \u00d4 T\u00d4 Wunscher C\u1ee7a \u0110\u1ee9c"}]},{"@type":"WebSite","@id":"https:\/\/shglobaltrade.vn\/#website","url":"https:\/\/shglobaltrade.vn\/","name":"SH Global","description":"","potentialAction":[{"@type":"SearchAction","target":{"@type":"EntryPoint","urlTemplate":"https:\/\/shglobaltrade.vn\/?s={search_term_string}"},"query-input":"required name=search_term_string"}],"inLanguage":"en-US"}]}},"_links":{"self":[{"href":"https:\/\/shglobaltrade.vn\/en\/wp-json\/wp\/v2\/product\/915","targetHints":{"allow":["GET"]}}],"collection":[{"href":"https:\/\/shglobaltrade.vn\/en\/wp-json\/wp\/v2\/product"}],"about":[{"href":"https:\/\/shglobaltrade.vn\/en\/wp-json\/wp\/v2\/types\/product"}],"replies":[{"embeddable":true,"href":"https:\/\/shglobaltrade.vn\/en\/wp-json\/wp\/v2\/comments?post=915"}],"wp:featuredmedia":[{"embeddable":true,"href":"https:\/\/shglobaltrade.vn\/en\/wp-json\/wp\/v2\/media\/916"}],"wp:attachment":[{"href":"https:\/\/shglobaltrade.vn\/en\/wp-json\/wp\/v2\/media?parent=915"}],"wp:term":[{"taxonomy":"product_brand","embeddable":true,"href":"https:\/\/shglobaltrade.vn\/en\/wp-json\/wp\/v2\/product_brand?post=915"},{"taxonomy":"product_cat","embeddable":true,"href":"https:\/\/shglobaltrade.vn\/en\/wp-json\/wp\/v2\/product_cat?post=915"},{"taxonomy":"product_tag","embeddable":true,"href":"https:\/\/shglobaltrade.vn\/en\/wp-json\/wp\/v2\/product_tag?post=915"}],"curies":[{"name":"wp","href":"https:\/\/api.w.org\/{rel}","templated":true}]}}