{"id":913,"date":"2025-11-28T14:28:04","date_gmt":"2025-11-28T07:28:04","guid":{"rendered":"https:\/\/shglobal.123websitedev.com\/san-pham\/dung-dich-ve-sinh-oxy-bau-loc-khi-thai-o-to-may-dau-xang-wunscher-cua-duc\/"},"modified":"2025-12-12T17:11:32","modified_gmt":"2025-12-12T10:11:32","slug":"catalytic-system-cleaner-w7721-dung-dich-ve-sinh-oxy-he-thong-xuc-tac-buong-dot-bau-loc-khi-thai-o-to-wunscher-cua-duc","status":"publish","type":"product","link":"https:\/\/shglobaltrade.vn\/en\/product\/catalytic-system-cleaner-w7721-dung-dich-ve-sinh-oxy-he-thong-xuc-tac-buong-dot-bau-loc-khi-thai-o-to-wunscher-cua-duc\/","title":{"rendered":"Catalytic System Cleaner W7721 \u2013 Cleaning Solution for Oxygen, Catalytic Converters, Combustion Chambers, and Exhaust Filters in German-made Wunscher Cars"},"content":{"rendered":"<p><iframe loading=\"lazy\" title=\"W7721 Catalytic System Cleaner\" src=\"https:\/\/sketchfab.com\/models\/04d384a75bd046beb302f31d544d33ce\/embed?autostart=1&amp;preload=1\" width=\"100%\" height=\"540\" frameborder=\"0\" allowfullscreen=\"allowfullscreen\"> <\/iframe><\/p>\n<h2><span style=\"color: #000000;\"><strong>PRODUCT DESCRIPTION<\/strong><\/span><\/h2>\n<p><span style=\"color: #000000;\">Dung D\u1ecbch V\u1ec7 Sinh Oxy H\u1ec7 Th\u1ed1ng X\u00fac T\u00e1c B\u1ea7u L\u1ecdc Kh\u00ed Th\u1ea3i\u00a0 \u00d4 T\u00f4 \u00a0Wunscher Catalytic System Cleaner W7721 [300ml]<\/span><\/p>\n<p><span style=\"color: #000000;\">[100% Germany] Chai V\u1ec7 Sinh H\u1ec7 Th\u1ed1ng Kh\u00ed Th\u1ea3i Wuncher W7721 \u2013 300ML Catalytic System Cleaner L\u00e0m S\u1ea1ch H\u1ec7 Th\u1ed1ng X\u00fac T\u00e1c Catalytic v\u00e0 Ph\u00f2ng \u0110\u1ed1t Chai V\u1ec7 Sinh H\u1ec7 Th\u1ed1ng Kh\u00ed Th\u1ea3i Wuncher W7721 &#8211; Catalytic System Cleaner l\u00e0 s\u1ea3n ph\u1ea9m chuy\u00ean nghi\u1ec7p thu\u1ed9c th\u1ebf h\u1ec7 m\u1edbi nh\u1ea5t v\u1edbi l\u0129nh v\u1ef1c \u1ee9ng d\u1ee5ng ph\u1ed5 bi\u1ebfn cho t\u1ea5t c\u1ea3 c\u00e1c \u0111\u1ed9ng c\u01a1 x\u0103ng kh\u00f4ng c\u00f3 DPF. \u00d4xy h\u00f3a c\u1eb7n cacbon b\u1eb1ng dung m\u00f4i ph\u00e2n c\u1ef1c, gi\u00e0u \u00f4xy ho\u1ea1t t\u00ednh. L\u00e0m s\u1ea1ch van n\u1ea1p, bu\u1ed3ng \u0111\u1ed1t, \u0111\u1ec9nh Piston, \u0111\u1ea7u xi lanh, m\u00e1y n\u00e9n v\u00e0 b\u1ed9 x\u00fac t\u00e1c kh\u1ecfi c\u1eb7n cacbon v\u00e0 mu\u1ed9i than m\u1ed9t c\u00e1ch hi\u1ec7u qu\u1ea3 v\u00e0 s\u00e2u s\u1eafc.<\/span><\/p>\n<p><span style=\"color: #000000;\"><strong>CHARACTERISTIC<\/strong><\/span><\/p>\n<p><span style=\"color: #000000;\">&#8211; Oxy h\u00f3a c\u1eb7n cacbon<\/span><\/p>\n<p><span style=\"color: #000000;\">&#8211; L\u00e0m s\u1ea1ch to\u00e0n b\u1ed9 qu\u00e1 tr\u00ecnh ti\u00eam v\u00e0 x\u1ea3<\/span><\/p>\n<p><span style=\"color: #000000;\">&#8211; Kh\u00f4i ph\u1ee5c hi\u1ec7u su\u1ea5t DPF v\u00e0 Catalytic Converter<\/span><\/p>\n<p><span style=\"color: #000000;\">&#8211; Kh\u00f4ng ch\u1ee9a c\u00e1c ion kim lo\u1ea1i<\/span><\/p>\n<p><span style=\"color: #000000;\">Ph\u00f9 h\u1ee3p cho t\u1ea5t c\u1ea3 c\u00e1c \u0111\u1ed9ng c\u01a1 x\u0103ng v\u00e0 diesel<\/span><\/p>\n<p><span style=\"color: #000000;\">\u00c1p d\u1ee5ng cho vi\u1ec7c s\u1eed d\u1ee5ng ph\u00f2ng ng\u1eeba c\u0169ng nh\u01b0 gi\u1ea3i quy\u1ebft v\u1ea5n \u0111\u1ec1. B\u1ea1n n\u00ean s\u1eed d\u1ee5ng Ch\u1ea5t l\u00e0m s\u1ea1ch H\u1ec7 th\u1ed1ng X\u00fac t\u00e1c \u1edf m\u1ecdi kho\u1ea3ng th\u1eddi gian b\u1ea3o d\u01b0\u1ee1ng (10.000 KM) ho\u1eb7c nh\u01b0 m\u1ed9t gi\u1ea3i ph\u00e1p trong tr\u01b0\u1eddng h\u1ee3p ti\u00eau th\u1ee5 nhi\u1ec1u nhi\u00ean li\u1ec7u ho\u1eb7c \u0111\u1ed9ng c\u01a1 g\u1eb7p tr\u1ee5c tr\u1eb7c.<\/span><\/p>\n<p><span style=\"color: #000000;\">\u00c1p d\u1ee5ng cho t\u1ea5t c\u1ea3 c\u00e1c \u0111\u1ed9ng c\u01a1 x\u0103ng.<\/span><\/p>\n<p><span style=\"color: #000000;\"><strong>H\u01af\u1edaNG D\u1eaaN S\u1eec D\u1ee4NG<\/strong><\/span><\/p>\n<p><span style=\"color: #000000;\">B\u01b0\u1edbc 1: Th\u00eam 1 lon WUNSCHER W7721 v\u00e0o b\u00ecnh v\u00e0 \u0111\u1ed5 \u0111\u1ea7y n\u00f3 v\u00e0o kho\u1ea3ng 45l nhi\u00ean li\u1ec7u<\/span><\/p>\n<p><span style=\"color: #000000;\">B\u01b0\u1edbc 2: L\u00e1i xe v\u1eadn h\u00e0nh \u0111\u1ed9ng c\u01a1 d\u01b0\u1edbi t\u1ea3i tr\u1ecdng theo h\u01b0\u1edbng t\u0103ng d\u1ea7n, trong d\u1ea3i t\u1ed1c \u0111\u1ed9&gt; 4000U \/ M trong 15 ph\u00fat.<\/span><\/p>\n<p><span style=\"color: #000000;\">\u1ee8ng d\u1ee5ng cho vi\u1ec7c s\u1eed d\u1ee5ng \u0111\u1ec3 ph\u00f2ng ng\u1eeba v\u00e0 x\u1eed l\u00fd s\u1ef1 c\u1ed1.<\/span><\/p>\n<p><span style=\"color: #000000;\">N\u00ean s\u1eed d\u1ee5ng cho m\u1ecdi kho\u1ea3ng th\u1eddi gian b\u1ea3o d\u01b0\u1ee1ng (10.000 KM).<\/span><\/p>\n<p><span style=\"color: #000000;\"><strong>PRODUCT INFORMATION:<\/strong><\/span><\/p>\n<p><span style=\"color: #000000;\">&#8211; Dung t\u00edch: 300ml \u00a0<\/span><\/p>\n<p><span style=\"color: #000000;\">\u2013 Manufacturer: WUNSCHER Germany<\/span><\/p>\n<p><span style=\"color: #000000;\">\u2013 Shelf life: 5 years from the date of manufacture<\/span><\/p>\n<p><span style=\"color: #000000;\">\u26a0\ufe0f\u26a0\ufe0f\u26a0\ufe0f All products have supplementary labels clearly stating the place of manufacture, the distributing company, and instructions for use.<\/span><\/p>\n<p><span style=\"color: #000000;\">&#8212;&#8212;&#8212;&#8212;&#8212;&#8212;&#8212;&#8212;&#8212;&#8212;&#8212;&#8212;&#8212;&#8212;&#8212;&#8212;&#8212;&#8212;<\/span><\/p>\n<p><span style=\"color: #000000;\"><strong>SH GLOBAL STORE \u2013 AUTHENTIC &amp; LEGITIMATE PRODUCTS, COMPLETE PEACE OF MIND<\/strong><\/span><\/p>\n<ul>\n<li><span style=\"color: #000000;\"><strong>100% is a genuine Wunscher product.<\/strong> \u2013 A reputable car care brand from Germany.<\/span><\/li>\n<li><span style=\"color: #000000;\"><strong>Official import<\/strong>, full <strong>Customs \u2013 Taxes \u2013 Certificate of Origin (CO) \u2013 Certificate of Quality (CQ) \u2013 Invoices and supporting documents<\/strong>.<\/span><\/li>\n<li><span style=\"color: #000000;\"><strong>Transparent origin<\/strong>Say no to counterfeit, fake, and substandard goods.<\/span><\/li>\n<li><span style=\"color: #000000;\"><strong>The product matches the description.<\/strong>Correct technical specifications, correct manufacturer standards.<\/span><\/li>\n<li><span style=\"color: #000000;\"><strong>D<\/strong><strong>Secure packaging \u2013 receive your order intact.<\/strong>No dents, no leaks.<\/span><\/li>\n<li><span style=\"color: #000000;\"><strong>100% Refund<\/strong> If you discover that the product is not genuine or does not match the description.<\/span><\/li>\n<li><span style=\"color: #000000;\"><strong>Nationwide delivery (COD)<\/strong> and support for inspection upon delivery (depending on regional policy).<\/span><\/li>\n<li><span style=\"color: #000000;\"><strong>Returns and exchanges are handled according to manufacturer standards.<\/strong>, ensuring maximum benefits for customers.<\/span><\/li>\n<\/ul>\n<p><span style=\"color: #000000;\">\ud83d\udc49 <strong>Genuine products guarantee quality \u2013 Legitimate channels build trust.<\/strong><strong><br \/>\nSH Global Store offers both.<\/strong><\/span><\/p>","protected":false},"excerpt":{"rendered":"<p><strong>CHARACTERISTIC<\/strong><\/p>\n<p>&#8211; Oxy h\u00f3a c\u1eb7n cacbon<\/p>\n<p>&#8211; L\u00e0m s\u1ea1ch to\u00e0n b\u1ed9 qu\u00e1 tr\u00ecnh ti\u00eam v\u00e0 x\u1ea3<\/p>\n<p>&#8211; Kh\u00f4i ph\u1ee5c hi\u1ec7u su\u1ea5t DPF v\u00e0 Catalytic Converter<\/p>\n<p>&#8211; Kh\u00f4ng ch\u1ee9a c\u00e1c ion kim lo\u1ea1i<\/p>\n<p>&#8211; Ph\u00f9 h\u1ee3p cho t\u1ea5t c\u1ea3 c\u00e1c \u0111\u1ed9ng c\u01a1 x\u0103ng v\u00e0 diesel<\/p>","protected":false},"featured_media":914,"comment_status":"open","ping_status":"closed","template":"","meta":[],"product_brand":[111],"product_cat":[90],"product_tag":[],"class_list":{"0":"post-913","1":"product","2":"type-product","3":"status-publish","4":"has-post-thumbnail","6":"product_brand-wunscher","7":"product_cat-chat-phu-gia","9":"first","10":"instock","11":"purchasable","12":"product-type-simple"},"acf":[],"yoast_head":"<!-- This site is optimized with the Yoast SEO Premium plugin v20.9 (Yoast SEO v20.9) - https:\/\/yoast.com\/wordpress\/plugins\/seo\/ -->\n<title>Catalytic System Cleaner W7721 - DUNG D\u1ecaCH V\u1ec6 SINH Oxy, H\u1ec7 Th\u1ed1ng X\u00fac T\u00e1c, Bu\u1ed3ng \u0110\u1ed1t, B\u1ea7u L\u1ecdc Kh\u00ed Th\u1ea3i \u00d4 T\u00d4 Wunscher C\u1ee7a \u0110\u1ee9c - SH Global<\/title>\n<meta name=\"robots\" content=\"index, follow, max-snippet:-1, max-image-preview:large, max-video-preview:-1\" \/>\n<link rel=\"canonical\" href=\"https:\/\/shglobaltrade.vn\/en\/product\/catalytic-system-cleaner-w7721-dung-dich-ve-sinh-oxy-he-thong-xuc-tac-buong-dot-bau-loc-khi-thai-o-to-wunscher-cua-duc\/\" \/>\n<meta property=\"og:locale\" content=\"en_US\" \/>\n<meta property=\"og:type\" content=\"article\" \/>\n<meta property=\"og:title\" content=\"Catalytic System Cleaner W7721 - DUNG D\u1ecaCH V\u1ec6 SINH Oxy, H\u1ec7 Th\u1ed1ng X\u00fac T\u00e1c, Bu\u1ed3ng \u0110\u1ed1t, B\u1ea7u L\u1ecdc Kh\u00ed Th\u1ea3i \u00d4 T\u00d4 Wunscher C\u1ee7a \u0110\u1ee9c\" \/>\n<meta property=\"og:description\" content=\"\u0110\u1eb6C \u0110I\u1ec2M  - Oxy h\u00f3a c\u1eb7n cacbon  - L\u00e0m s\u1ea1ch to\u00e0n b\u1ed9 qu\u00e1 tr\u00ecnh ti\u00eam v\u00e0 x\u1ea3  - Kh\u00f4i ph\u1ee5c hi\u1ec7u su\u1ea5t DPF v\u00e0 Catalytic Converter  - Kh\u00f4ng ch\u1ee9a c\u00e1c ion kim lo\u1ea1i  - Ph\u00f9 h\u1ee3p cho t\u1ea5t c\u1ea3 c\u00e1c \u0111\u1ed9ng c\u01a1 x\u0103ng v\u00e0 diesel\" \/>\n<meta property=\"og:url\" content=\"https:\/\/shglobaltrade.vn\/en\/product\/catalytic-system-cleaner-w7721-dung-dich-ve-sinh-oxy-he-thong-xuc-tac-buong-dot-bau-loc-khi-thai-o-to-wunscher-cua-duc\/\" \/>\n<meta property=\"og:site_name\" content=\"SH Global\" \/>\n<meta property=\"article:modified_time\" content=\"2025-12-12T10:11:32+00:00\" \/>\n<meta property=\"og:image\" content=\"https:\/\/shglobaltrade.vn\/wp-content\/uploads\/2025\/11\/W7721.png\" \/>\n\t<meta property=\"og:image:width\" content=\"1200\" \/>\n\t<meta property=\"og:image:height\" content=\"1200\" \/>\n\t<meta property=\"og:image:type\" content=\"image\/png\" \/>\n<meta name=\"twitter:card\" content=\"summary_large_image\" \/>\n<meta name=\"twitter:label1\" content=\"Est. reading time\" \/>\n\t<meta name=\"twitter:data1\" content=\"3 minutes\" \/>\n<script type=\"application\/ld+json\" class=\"yoast-schema-graph\">{\"@context\":\"https:\/\/schema.org\",\"@graph\":[{\"@type\":\"WebPage\",\"@id\":\"https:\/\/shglobaltrade.vn\/san-pham\/catalytic-system-cleaner-w7721-dung-dich-ve-sinh-oxy-he-thong-xuc-tac-buong-dot-bau-loc-khi-thai-o-to-wunscher-cua-duc\/\",\"url\":\"https:\/\/shglobaltrade.vn\/san-pham\/catalytic-system-cleaner-w7721-dung-dich-ve-sinh-oxy-he-thong-xuc-tac-buong-dot-bau-loc-khi-thai-o-to-wunscher-cua-duc\/\",\"name\":\"Catalytic System Cleaner W7721 - DUNG D\u1ecaCH V\u1ec6 SINH Oxy, H\u1ec7 Th\u1ed1ng X\u00fac T\u00e1c, Bu\u1ed3ng \u0110\u1ed1t, B\u1ea7u L\u1ecdc Kh\u00ed Th\u1ea3i \u00d4 T\u00d4 Wunscher C\u1ee7a \u0110\u1ee9c - SH Global\",\"isPartOf\":{\"@id\":\"https:\/\/shglobaltrade.vn\/#website\"},\"datePublished\":\"2025-11-28T07:28:04+00:00\",\"dateModified\":\"2025-12-12T10:11:32+00:00\",\"breadcrumb\":{\"@id\":\"https:\/\/shglobaltrade.vn\/san-pham\/catalytic-system-cleaner-w7721-dung-dich-ve-sinh-oxy-he-thong-xuc-tac-buong-dot-bau-loc-khi-thai-o-to-wunscher-cua-duc\/#breadcrumb\"},\"inLanguage\":\"en-US\",\"potentialAction\":[{\"@type\":\"ReadAction\",\"target\":[\"https:\/\/shglobaltrade.vn\/san-pham\/catalytic-system-cleaner-w7721-dung-dich-ve-sinh-oxy-he-thong-xuc-tac-buong-dot-bau-loc-khi-thai-o-to-wunscher-cua-duc\/\"]}]},{\"@type\":\"BreadcrumbList\",\"@id\":\"https:\/\/shglobaltrade.vn\/san-pham\/catalytic-system-cleaner-w7721-dung-dich-ve-sinh-oxy-he-thong-xuc-tac-buong-dot-bau-loc-khi-thai-o-to-wunscher-cua-duc\/#breadcrumb\",\"itemListElement\":[{\"@type\":\"ListItem\",\"position\":1,\"name\":\"Trang ch\u1ee7\",\"item\":\"https:\/\/shglobaltrade.vn\/\"},{\"@type\":\"ListItem\",\"position\":2,\"name\":\"C\u1eeda h\u00e0ng\",\"item\":\"https:\/\/shglobaltrade.vn\/cua-hang\/\"},{\"@type\":\"ListItem\",\"position\":3,\"name\":\"Catalytic System Cleaner W7721 &#8211; DUNG D\u1ecaCH V\u1ec6 SINH Oxy, H\u1ec7 Th\u1ed1ng X\u00fac T\u00e1c, Bu\u1ed3ng \u0110\u1ed1t, B\u1ea7u L\u1ecdc Kh\u00ed Th\u1ea3i \u00d4 T\u00d4 Wunscher C\u1ee7a \u0110\u1ee9c\"}]},{\"@type\":\"WebSite\",\"@id\":\"https:\/\/shglobaltrade.vn\/#website\",\"url\":\"https:\/\/shglobaltrade.vn\/\",\"name\":\"SH Global\",\"description\":\"\",\"potentialAction\":[{\"@type\":\"SearchAction\",\"target\":{\"@type\":\"EntryPoint\",\"urlTemplate\":\"https:\/\/shglobaltrade.vn\/?s={search_term_string}\"},\"query-input\":\"required name=search_term_string\"}],\"inLanguage\":\"en-US\"}]}<\/script>\n<!-- \/ Yoast SEO Premium plugin. -->","yoast_head_json":{"title":"Catalytic System Cleaner W7721 - DUNG D\u1ecaCH V\u1ec6 SINH Oxy, H\u1ec7 Th\u1ed1ng X\u00fac T\u00e1c, Bu\u1ed3ng \u0110\u1ed1t, B\u1ea7u L\u1ecdc Kh\u00ed Th\u1ea3i \u00d4 T\u00d4 Wunscher C\u1ee7a \u0110\u1ee9c - SH Global","robots":{"index":"index","follow":"follow","max-snippet":"max-snippet:-1","max-image-preview":"max-image-preview:large","max-video-preview":"max-video-preview:-1"},"canonical":"https:\/\/shglobaltrade.vn\/en\/product\/catalytic-system-cleaner-w7721-dung-dich-ve-sinh-oxy-he-thong-xuc-tac-buong-dot-bau-loc-khi-thai-o-to-wunscher-cua-duc\/","og_locale":"en_US","og_type":"article","og_title":"Catalytic System Cleaner W7721 - DUNG D\u1ecaCH V\u1ec6 SINH Oxy, H\u1ec7 Th\u1ed1ng X\u00fac T\u00e1c, Bu\u1ed3ng \u0110\u1ed1t, B\u1ea7u L\u1ecdc Kh\u00ed Th\u1ea3i \u00d4 T\u00d4 Wunscher C\u1ee7a \u0110\u1ee9c","og_description":"\u0110\u1eb6C \u0110I\u1ec2M  - Oxy h\u00f3a c\u1eb7n cacbon  - L\u00e0m s\u1ea1ch to\u00e0n b\u1ed9 qu\u00e1 tr\u00ecnh ti\u00eam v\u00e0 x\u1ea3  - Kh\u00f4i ph\u1ee5c hi\u1ec7u su\u1ea5t DPF v\u00e0 Catalytic Converter  - Kh\u00f4ng ch\u1ee9a c\u00e1c ion kim lo\u1ea1i  - Ph\u00f9 h\u1ee3p cho t\u1ea5t c\u1ea3 c\u00e1c \u0111\u1ed9ng c\u01a1 x\u0103ng v\u00e0 diesel","og_url":"https:\/\/shglobaltrade.vn\/en\/product\/catalytic-system-cleaner-w7721-dung-dich-ve-sinh-oxy-he-thong-xuc-tac-buong-dot-bau-loc-khi-thai-o-to-wunscher-cua-duc\/","og_site_name":"SH Global","article_modified_time":"2025-12-12T10:11:32+00:00","og_image":[{"width":1200,"height":1200,"url":"https:\/\/shglobaltrade.vn\/wp-content\/uploads\/2025\/11\/W7721.png","type":"image\/png"}],"twitter_card":"summary_large_image","twitter_misc":{"Est. reading time":"3 minutes"},"schema":{"@context":"https:\/\/schema.org","@graph":[{"@type":"WebPage","@id":"https:\/\/shglobaltrade.vn\/san-pham\/catalytic-system-cleaner-w7721-dung-dich-ve-sinh-oxy-he-thong-xuc-tac-buong-dot-bau-loc-khi-thai-o-to-wunscher-cua-duc\/","url":"https:\/\/shglobaltrade.vn\/san-pham\/catalytic-system-cleaner-w7721-dung-dich-ve-sinh-oxy-he-thong-xuc-tac-buong-dot-bau-loc-khi-thai-o-to-wunscher-cua-duc\/","name":"Catalytic System Cleaner W7721 - DUNG D\u1ecaCH V\u1ec6 SINH Oxy, H\u1ec7 Th\u1ed1ng X\u00fac T\u00e1c, Bu\u1ed3ng \u0110\u1ed1t, B\u1ea7u L\u1ecdc Kh\u00ed Th\u1ea3i \u00d4 T\u00d4 Wunscher C\u1ee7a \u0110\u1ee9c - SH Global","isPartOf":{"@id":"https:\/\/shglobaltrade.vn\/#website"},"datePublished":"2025-11-28T07:28:04+00:00","dateModified":"2025-12-12T10:11:32+00:00","breadcrumb":{"@id":"https:\/\/shglobaltrade.vn\/san-pham\/catalytic-system-cleaner-w7721-dung-dich-ve-sinh-oxy-he-thong-xuc-tac-buong-dot-bau-loc-khi-thai-o-to-wunscher-cua-duc\/#breadcrumb"},"inLanguage":"en-US","potentialAction":[{"@type":"ReadAction","target":["https:\/\/shglobaltrade.vn\/san-pham\/catalytic-system-cleaner-w7721-dung-dich-ve-sinh-oxy-he-thong-xuc-tac-buong-dot-bau-loc-khi-thai-o-to-wunscher-cua-duc\/"]}]},{"@type":"BreadcrumbList","@id":"https:\/\/shglobaltrade.vn\/san-pham\/catalytic-system-cleaner-w7721-dung-dich-ve-sinh-oxy-he-thong-xuc-tac-buong-dot-bau-loc-khi-thai-o-to-wunscher-cua-duc\/#breadcrumb","itemListElement":[{"@type":"ListItem","position":1,"name":"Trang ch\u1ee7","item":"https:\/\/shglobaltrade.vn\/"},{"@type":"ListItem","position":2,"name":"C\u1eeda h\u00e0ng","item":"https:\/\/shglobaltrade.vn\/cua-hang\/"},{"@type":"ListItem","position":3,"name":"Catalytic System Cleaner W7721 &#8211; DUNG D\u1ecaCH V\u1ec6 SINH Oxy, H\u1ec7 Th\u1ed1ng X\u00fac T\u00e1c, Bu\u1ed3ng \u0110\u1ed1t, B\u1ea7u L\u1ecdc Kh\u00ed Th\u1ea3i \u00d4 T\u00d4 Wunscher C\u1ee7a \u0110\u1ee9c"}]},{"@type":"WebSite","@id":"https:\/\/shglobaltrade.vn\/#website","url":"https:\/\/shglobaltrade.vn\/","name":"SH Global","description":"","potentialAction":[{"@type":"SearchAction","target":{"@type":"EntryPoint","urlTemplate":"https:\/\/shglobaltrade.vn\/?s={search_term_string}"},"query-input":"required name=search_term_string"}],"inLanguage":"en-US"}]}},"_links":{"self":[{"href":"https:\/\/shglobaltrade.vn\/en\/wp-json\/wp\/v2\/product\/913","targetHints":{"allow":["GET"]}}],"collection":[{"href":"https:\/\/shglobaltrade.vn\/en\/wp-json\/wp\/v2\/product"}],"about":[{"href":"https:\/\/shglobaltrade.vn\/en\/wp-json\/wp\/v2\/types\/product"}],"replies":[{"embeddable":true,"href":"https:\/\/shglobaltrade.vn\/en\/wp-json\/wp\/v2\/comments?post=913"}],"wp:featuredmedia":[{"embeddable":true,"href":"https:\/\/shglobaltrade.vn\/en\/wp-json\/wp\/v2\/media\/914"}],"wp:attachment":[{"href":"https:\/\/shglobaltrade.vn\/en\/wp-json\/wp\/v2\/media?parent=913"}],"wp:term":[{"taxonomy":"product_brand","embeddable":true,"href":"https:\/\/shglobaltrade.vn\/en\/wp-json\/wp\/v2\/product_brand?post=913"},{"taxonomy":"product_cat","embeddable":true,"href":"https:\/\/shglobaltrade.vn\/en\/wp-json\/wp\/v2\/product_cat?post=913"},{"taxonomy":"product_tag","embeddable":true,"href":"https:\/\/shglobaltrade.vn\/en\/wp-json\/wp\/v2\/product_tag?post=913"}],"curies":[{"name":"wp","href":"https:\/\/api.w.org\/{rel}","templated":true}]}}