{"id":911,"date":"2025-11-28T14:28:04","date_gmt":"2025-11-28T07:28:04","guid":{"rendered":"https:\/\/shglobal.123websitedev.com\/san-pham\/dung-dich-ve-sinh-kim-phun-may-dau-diesel-o-to-sach-can-giam-khoi-den-wunscher-cua-duc\/"},"modified":"2025-12-12T17:07:30","modified_gmt":"2025-12-12T10:07:30","slug":"diesel-jet-cleaner-w7730-dung-dich-ve-sinh-suc-rua-kim-phun-dong-co-diesel-jetcleaner-o-to-sach-can-giam-khoi-den-wunscher-cua-duc","status":"publish","type":"product","link":"https:\/\/shglobaltrade.vn\/en\/product\/diesel-jet-cleaner-w7730-dung-dich-ve-sinh-suc-rua-kim-phun-dong-co-diesel-jetcleaner-o-to-sach-can-giam-khoi-den-wunscher-cua-duc\/","title":{"rendered":"Diesel Jet Cleaner W7730 \u2013 Fuel Injector Cleaning Solution for Diesel Engines. Cleans deposits and reduces black smoke. A German-made Wunscher JetCleaner for cars."},"content":{"rendered":"<p><iframe loading=\"lazy\" title=\"W7730 Diesel Jet cleaner\" src=\"https:\/\/sketchfab.com\/models\/04cdd7acc266410aa802327db6615684\/embed?autostart=1&amp;preload=1\" width=\"100%\" height=\"540\" frameborder=\"0\" allowfullscreen=\"allowfullscreen\"> <\/iframe><\/p>\n<p><span style=\"color: #000000;\"><strong>PRODUCT DESCRIPTION<\/strong><\/span><\/p>\n<p><span style=\"color: #000000;\">DUNG D\u1ecaCH V\u1ec6 SINH S\u00daC B\u00c9C V\u00c0 V\u1ec6 SINH KIM PHUN D\u1ea6U DIESEL \u00d4 T\u00d4 S\u1ea0CH C\u1eb6N, GI\u1ea2M KH\u00d3I \u0110EN WUNCHER C\u1ee6A \u0110\u1ee8C<\/span><\/p>\n<p><span style=\"color: #000000;\">\u26a0\ufe0f \u00d4 t\u00f4 kh\u00f4ng \u0111\u01b0\u1ee3c v\u1ec7 sinh kim phun, bu\u1ed3ng \u0111\u1ed1t \u0111\u1ecbnh k\u1ef3 th\u00ec h\u1eadu qu\u1ea3 s\u1ebd nh\u01b0 th\u1ebf n\u00e0o?<\/span><\/p>\n<p><span style=\"color: #000000;\">&#8211; Mu\u1ed9i than xu\u1ea5t hi\u1ec7n c\u00e0ng nhi\u1ec1u d\u1eabn \u0111\u1ebfn kh\u00f3i, rung gi\u1eadt, \u00ec m\u00e1y,&#8230;<\/span><\/p>\n<p><span style=\"color: #000000;\">&#8211; T\u1eafc kim phun, piston b\u1ecb b\u00e0o m\u00f2n<\/span><\/p>\n<p><span style=\"color: #000000;\">&#8211; Hao nhi\u00ean li\u1ec7u, nguy hi\u1ec3m cho ng\u01b0\u1eddi s\u1eed d\u1ee5ng xe<\/span><\/p>\n<p><span style=\"color: #000000;\">&#8211; C\u00f3 nguy c\u01a1 ph\u1ea3i th\u00e1o m\u00e1y v\u1ec7 sinh &#8211; m\u1ea5t gi\u00e1 tr\u1ecb xe<\/span><\/p>\n<p><span style=\"color: #000000;\">Lu\u00f4n lu\u00f4n l\u1eafng nghe v\u00e0 th\u1ea5u hi\u1ec3u nh\u1eefng v\u1ea5n \u0111\u1ec1 anh em g\u1eb7p ph\u1ea3i, WUNSCHER lu\u00f4n c\u00f3 nh\u1eefng gi\u1ea3i ph\u00e1p t\u1ed1i \u01b0u cho nh\u1eefng tr\u01b0\u1eddng h\u1ee3p ph\u1ee9c t\u1ea1p nh\u1ea5t v\u1edbi <strong>Diesel Jet Cleaner W7730<\/strong><\/span><\/p>\n<p><span style=\"color: #000000;\">&#8212;&#8212;&#8212;&#8212;&#8212;&#8212;&#8212;&#8212;&#8212;&#8212;&#8212;-<\/span><\/p>\n<p><span style=\"color: #000000;\"><strong>USES<\/strong>:<\/span><\/p>\n<p><span style=\"color: #000000;\">L\u00e0m s\u1ea1ch c\u1eb7n ch\u00ec t\u00edch t\u1ee5 trong b\u00ecnh &#8211; b\u01a1m d\u1ea7u, kim phun v\u00e0 bu\u1ed3ng \u0111\u1ed1t.<\/span><\/p>\n<p><span style=\"color: #000000;\">Kh\u00f4i ph\u1ee5c hi\u1ec7u su\u1ea5t v\u00e0 s\u1ee9c m\u1ea1nh nguy\u00ean b\u1ea3n cho \u0111\u1ed9ng c\u01a1.<\/span><\/p>\n<p><span style=\"color: #000000;\">C\u1ea3i thi\u1ec7n \u0111\u1ed9 n\u00e9n c\u1ee7a \u0111\u1ed9ng c\u01a1.<\/span><\/p>\n<p><span style=\"color: #000000;\">Xe v\u1eadn h\u00e0nh \u00eam \u00e1i, gi\u1ea3m ti\u1ebfng \u1ed3n v\u00e0 ti\u1ebfng rung.<\/span><\/p>\n<p><span style=\"color: #000000;\">C\u1ea3i thi\u1ec7n hi\u1ec7u su\u1ea5t, ti\u1ebft ki\u1ec7m nhi\u00ean li\u1ec7u.<\/span><\/p>\n<p><span style=\"color: #000000;\">Kh\u00f4ng g\u00e2y h\u1ea1i cho \u0111\u1ed9ng c\u01a1 v\u00e0 chi ti\u1ebft m\u00e1y.<\/span><\/p>\n<p><span style=\"color: #000000;\">Gi\u1ea3m kh\u00ed th\u1ea3i C02 v\u00e0 NO, b\u1ea3o v\u1ec7 m\u00f4i tr\u01b0\u1eddng.<\/span><\/p>\n<p><span style=\"color: #000000;\"><strong>USE:<\/strong><\/span><\/p>\n<p><span style=\"color: #000000;\">M\u1ed9t chai 300ml c\u00f3 th\u1ec3 d\u00f9ng cho 50 l\u00edt nhi\u00ean li\u1ec7u<\/span><\/p>\n<p><span style=\"color: #000000;\">D\u00f9ng cho t\u1ea5t c\u1ea3 c\u00e1c \u0111\u1ed9ng c\u01a1 d\u1ea7u ngay c\u1ea3 v\u1edbi \u0111\u1ed9ng c\u01a1 th\u1ebf h\u1ec7 m\u1edbi nh\u1ea5t v\u1edbi phun nhi\u00ean li\u1ec7u tr\u1ef1c ti\u1ebfp<\/span><\/p>\n<p><span style=\"color: #000000;\">Chu k\u00ec : 8.000 &#8211; 10.000km<\/span><\/p>\n<p><span style=\"color: #000000;\">\u26a0\ufe0f\u26a0\ufe0f\u26a0\ufe0f T\u1ea5t c\u1ea3 s\u1ea3n ph\u1ea9m \u0111\u1ec1u c\u00f3 tem ph\u1ee5, ghi r\u00f5 n\u01a1i s\u1ea3n xu\u1ea5t, c\u00f4ng ty ph\u00e2n ph\u1ed1i v\u00e0 h\u01b0\u1edbng d\u1eabn s\u1eed d\u1ee5ng<\/span><\/p>\n<p><span style=\"color: #000000;\">&#8212;&#8212;&#8212;&#8212;&#8212;&#8212;&#8212;&#8212;&#8212;&#8212;&#8212;-<\/span><\/p>\n<p><span style=\"color: #000000;\"><strong>PRODUCT INFORMATION:<\/strong><\/span><\/p>\n<p><span style=\"color: #000000;\">&#8211; Dung t\u00edch: 300ml<\/span><\/p>\n<p><span style=\"color: #000000;\">\u2013 Manufacturer: WUNSCHER Germany<\/span><\/p>\n<p><span style=\"color: #000000;\">\u2013 Shelf life: 5 years from the date of manufacture<\/span><\/p>\n<p><span style=\"color: #000000;\">\u26a0\ufe0f\u26a0\ufe0f\u26a0\ufe0f All products have supplementary labels clearly stating the place of manufacture, the distributing company, and instructions for use.<\/span><\/p>\n<p><span style=\"color: #000000;\">&#8212;&#8212;&#8212;&#8212;&#8212;&#8212;&#8212;&#8212;<\/span><\/p>\n<p><span style=\"color: #000000;\"><strong>SH GLOBAL STORE \u2013 AUTHENTIC &amp; LEGITIMATE PRODUCTS, COMPLETE PEACE OF MIND<\/strong><\/span><\/p>\n<ul>\n<li><span style=\"color: #000000;\"><strong>100% is a genuine Wunscher product.<\/strong> \u2013 A reputable car care brand from Germany.<\/span><\/li>\n<li><span style=\"color: #000000;\"><strong>Official import<\/strong>, full <strong>Customs \u2013 Taxes \u2013 Certificate of Origin (CO) \u2013 Certificate of Quality (CQ) \u2013 Invoices and supporting documents<\/strong>.<\/span><\/li>\n<li><span style=\"color: #000000;\"><strong>Transparent origin<\/strong>Say no to counterfeit, fake, and substandard goods.<\/span><\/li>\n<li><span style=\"color: #000000;\"><strong>The product matches the description.<\/strong>Correct technical specifications, correct manufacturer standards.<\/span><\/li>\n<li><span style=\"color: #000000;\"><strong>D<\/strong><strong>Secure packaging \u2013 receive your order intact.<\/strong>No dents, no leaks.<\/span><\/li>\n<li><span style=\"color: #000000;\"><strong>100% Refund<\/strong> If you discover that the product is not genuine or does not match the description.<\/span><\/li>\n<li><span style=\"color: #000000;\"><strong>Nationwide delivery (COD)<\/strong> and support for inspection upon delivery (depending on regional policy).<\/span><\/li>\n<li><span style=\"color: #000000;\"><strong>Returns and exchanges are handled according to manufacturer standards.<\/strong>, ensuring maximum benefits for customers.<\/span><\/li>\n<\/ul>\n<p><span style=\"color: #000000;\">\ud83d\udc49 <strong>Genuine products guarantee quality \u2013 Legitimate channels build trust.<\/strong><strong><br \/>\nSH Global Store offers both.<\/strong><\/span><\/p>","protected":false},"excerpt":{"rendered":"<p><span style=\"color: #000000;\"><strong>USES<\/strong>:<\/span><\/p>\n<p><span style=\"color: #000000;\">&#8211; L\u00e0m s\u1ea1ch c\u1eb7n ch\u00ec t\u00edch t\u1ee5 trong b\u00ecnh &#8211; b\u01a1m d\u1ea7u, kim phun v\u00e0 bu\u1ed3ng \u0111\u1ed1t.<\/span><\/p>\n<p><span style=\"color: #000000;\">&#8211; Kh\u00f4i ph\u1ee5c hi\u1ec7u su\u1ea5t v\u00e0 s\u1ee9c m\u1ea1nh nguy\u00ean b\u1ea3n cho \u0111\u1ed9ng c\u01a1.<\/span><\/p>\n<p><span style=\"color: #000000;\">&#8211; C\u1ea3i thi\u1ec7n \u0111\u1ed9 n\u00e9n c\u1ee7a \u0111\u1ed9ng c\u01a1.<\/span><\/p>\n<p><span style=\"color: #000000;\">&#8211; Xe v\u1eadn h\u00e0nh \u00eam \u00e1i, gi\u1ea3m ti\u1ebfng \u1ed3n v\u00e0 ti\u1ebfng rung.<\/span><\/p>\n<p><span style=\"color: #000000;\">&#8211; C\u1ea3i thi\u1ec7n hi\u1ec7u su\u1ea5t, ti\u1ebft ki\u1ec7m nhi\u00ean li\u1ec7u.<\/span><\/p>\n<p><span style=\"color: #000000;\">&#8211; Kh\u00f4ng g\u00e2y h\u1ea1i cho \u0111\u1ed9ng c\u01a1 v\u00e0 chi ti\u1ebft m\u00e1y.<\/span><\/p>\n<p><span style=\"color: #000000;\">&#8211; Gi\u1ea3m kh\u00ed th\u1ea3i C02 v\u00e0 NO, b\u1ea3o v\u1ec7 m\u00f4i tr\u01b0\u1eddng.<\/span><\/p>","protected":false},"featured_media":912,"comment_status":"open","ping_status":"closed","template":"","meta":[],"product_brand":[111],"product_cat":[90],"product_tag":[],"class_list":{"0":"post-911","1":"product","2":"type-product","3":"status-publish","4":"has-post-thumbnail","6":"product_brand-wunscher","7":"product_cat-chat-phu-gia","9":"first","10":"instock","11":"purchasable","12":"product-type-simple"},"acf":[],"yoast_head":"<!-- This site is optimized with the Yoast SEO Premium plugin v20.9 (Yoast SEO v20.9) - https:\/\/yoast.com\/wordpress\/plugins\/seo\/ -->\n<title>Diesel Jet Cleaner W7730 - Dung d\u1ecbch v\u1ec7 sinh S\u00fac r\u1eeda kim phun \u0110\u1ed9ng c\u01a1 diesel JetCleaner \u00f4 t\u00f4 s\u1ea1ch c\u1eb7n, gi\u1ea3m kh\u00f3i \u0111en Wunscher c\u1ee7a \u0110\u1ee9c - SH Global<\/title>\n<meta name=\"robots\" content=\"index, follow, max-snippet:-1, max-image-preview:large, max-video-preview:-1\" \/>\n<link rel=\"canonical\" href=\"https:\/\/shglobaltrade.vn\/en\/product\/diesel-jet-cleaner-w7730-dung-dich-ve-sinh-suc-rua-kim-phun-dong-co-diesel-jetcleaner-o-to-sach-can-giam-khoi-den-wunscher-cua-duc\/\" \/>\n<meta property=\"og:locale\" content=\"en_US\" \/>\n<meta property=\"og:type\" content=\"article\" \/>\n<meta property=\"og:title\" content=\"Diesel Jet Cleaner W7730 - Dung d\u1ecbch v\u1ec7 sinh S\u00fac r\u1eeda kim phun \u0110\u1ed9ng c\u01a1 diesel JetCleaner \u00f4 t\u00f4 s\u1ea1ch c\u1eb7n, gi\u1ea3m kh\u00f3i \u0111en Wunscher c\u1ee7a \u0110\u1ee9c\" \/>\n<meta property=\"og:description\" content=\"C\u00d4NG D\u1ee4NG:  - L\u00e0m s\u1ea1ch c\u1eb7n ch\u00ec t\u00edch t\u1ee5 trong b\u00ecnh - b\u01a1m d\u1ea7u, kim phun v\u00e0 bu\u1ed3ng \u0111\u1ed1t.  - Kh\u00f4i ph\u1ee5c hi\u1ec7u su\u1ea5t v\u00e0 s\u1ee9c m\u1ea1nh nguy\u00ean b\u1ea3n cho \u0111\u1ed9ng c\u01a1.  - C\u1ea3i thi\u1ec7n \u0111\u1ed9 n\u00e9n c\u1ee7a \u0111\u1ed9ng c\u01a1.  - Xe v\u1eadn h\u00e0nh \u00eam \u00e1i, gi\u1ea3m ti\u1ebfng \u1ed3n v\u00e0 ti\u1ebfng rung.  - C\u1ea3i thi\u1ec7n hi\u1ec7u su\u1ea5t, ti\u1ebft ki\u1ec7m nhi\u00ean li\u1ec7u.  - Kh\u00f4ng g\u00e2y h\u1ea1i cho \u0111\u1ed9ng c\u01a1 v\u00e0 chi ti\u1ebft m\u00e1y.  - Gi\u1ea3m kh\u00ed th\u1ea3i C02 v\u00e0 NO, b\u1ea3o v\u1ec7 m\u00f4i tr\u01b0\u1eddng.\" \/>\n<meta property=\"og:url\" content=\"https:\/\/shglobaltrade.vn\/en\/product\/diesel-jet-cleaner-w7730-dung-dich-ve-sinh-suc-rua-kim-phun-dong-co-diesel-jetcleaner-o-to-sach-can-giam-khoi-den-wunscher-cua-duc\/\" \/>\n<meta property=\"og:site_name\" content=\"SH Global\" \/>\n<meta property=\"article:modified_time\" content=\"2025-12-12T10:07:30+00:00\" \/>\n<meta property=\"og:image\" content=\"https:\/\/shglobaltrade.vn\/wp-content\/uploads\/2025\/11\/W7730-1.png\" \/>\n\t<meta property=\"og:image:width\" content=\"1200\" \/>\n\t<meta property=\"og:image:height\" content=\"1200\" \/>\n\t<meta property=\"og:image:type\" content=\"image\/png\" \/>\n<meta name=\"twitter:card\" content=\"summary_large_image\" \/>\n<meta name=\"twitter:label1\" content=\"Est. reading time\" \/>\n\t<meta name=\"twitter:data1\" content=\"3 minutes\" \/>\n<script type=\"application\/ld+json\" class=\"yoast-schema-graph\">{\"@context\":\"https:\/\/schema.org\",\"@graph\":[{\"@type\":\"WebPage\",\"@id\":\"https:\/\/shglobaltrade.vn\/san-pham\/diesel-jet-cleaner-w7730-dung-dich-ve-sinh-suc-rua-kim-phun-dong-co-diesel-jetcleaner-o-to-sach-can-giam-khoi-den-wunscher-cua-duc\/\",\"url\":\"https:\/\/shglobaltrade.vn\/san-pham\/diesel-jet-cleaner-w7730-dung-dich-ve-sinh-suc-rua-kim-phun-dong-co-diesel-jetcleaner-o-to-sach-can-giam-khoi-den-wunscher-cua-duc\/\",\"name\":\"Diesel Jet Cleaner W7730 - Dung d\u1ecbch v\u1ec7 sinh S\u00fac r\u1eeda kim phun \u0110\u1ed9ng c\u01a1 diesel JetCleaner \u00f4 t\u00f4 s\u1ea1ch c\u1eb7n, gi\u1ea3m kh\u00f3i \u0111en Wunscher c\u1ee7a \u0110\u1ee9c - SH Global\",\"isPartOf\":{\"@id\":\"https:\/\/shglobaltrade.vn\/#website\"},\"datePublished\":\"2025-11-28T07:28:04+00:00\",\"dateModified\":\"2025-12-12T10:07:30+00:00\",\"breadcrumb\":{\"@id\":\"https:\/\/shglobaltrade.vn\/san-pham\/diesel-jet-cleaner-w7730-dung-dich-ve-sinh-suc-rua-kim-phun-dong-co-diesel-jetcleaner-o-to-sach-can-giam-khoi-den-wunscher-cua-duc\/#breadcrumb\"},\"inLanguage\":\"en-US\",\"potentialAction\":[{\"@type\":\"ReadAction\",\"target\":[\"https:\/\/shglobaltrade.vn\/san-pham\/diesel-jet-cleaner-w7730-dung-dich-ve-sinh-suc-rua-kim-phun-dong-co-diesel-jetcleaner-o-to-sach-can-giam-khoi-den-wunscher-cua-duc\/\"]}]},{\"@type\":\"BreadcrumbList\",\"@id\":\"https:\/\/shglobaltrade.vn\/san-pham\/diesel-jet-cleaner-w7730-dung-dich-ve-sinh-suc-rua-kim-phun-dong-co-diesel-jetcleaner-o-to-sach-can-giam-khoi-den-wunscher-cua-duc\/#breadcrumb\",\"itemListElement\":[{\"@type\":\"ListItem\",\"position\":1,\"name\":\"Trang ch\u1ee7\",\"item\":\"https:\/\/shglobaltrade.vn\/\"},{\"@type\":\"ListItem\",\"position\":2,\"name\":\"C\u1eeda h\u00e0ng\",\"item\":\"https:\/\/shglobaltrade.vn\/cua-hang\/\"},{\"@type\":\"ListItem\",\"position\":3,\"name\":\"Diesel Jet Cleaner W7730 &#8211; Dung d\u1ecbch v\u1ec7 sinh S\u00fac r\u1eeda kim phun \u0110\u1ed9ng c\u01a1 diesel JetCleaner \u00f4 t\u00f4 s\u1ea1ch c\u1eb7n, gi\u1ea3m kh\u00f3i \u0111en Wunscher c\u1ee7a \u0110\u1ee9c\"}]},{\"@type\":\"WebSite\",\"@id\":\"https:\/\/shglobaltrade.vn\/#website\",\"url\":\"https:\/\/shglobaltrade.vn\/\",\"name\":\"SH Global\",\"description\":\"\",\"potentialAction\":[{\"@type\":\"SearchAction\",\"target\":{\"@type\":\"EntryPoint\",\"urlTemplate\":\"https:\/\/shglobaltrade.vn\/?s={search_term_string}\"},\"query-input\":\"required name=search_term_string\"}],\"inLanguage\":\"en-US\"}]}<\/script>\n<!-- \/ Yoast SEO Premium plugin. -->","yoast_head_json":{"title":"Diesel Jet Cleaner W7730 - Dung d\u1ecbch v\u1ec7 sinh S\u00fac r\u1eeda kim phun \u0110\u1ed9ng c\u01a1 diesel JetCleaner \u00f4 t\u00f4 s\u1ea1ch c\u1eb7n, gi\u1ea3m kh\u00f3i \u0111en Wunscher c\u1ee7a \u0110\u1ee9c - SH Global","robots":{"index":"index","follow":"follow","max-snippet":"max-snippet:-1","max-image-preview":"max-image-preview:large","max-video-preview":"max-video-preview:-1"},"canonical":"https:\/\/shglobaltrade.vn\/en\/product\/diesel-jet-cleaner-w7730-dung-dich-ve-sinh-suc-rua-kim-phun-dong-co-diesel-jetcleaner-o-to-sach-can-giam-khoi-den-wunscher-cua-duc\/","og_locale":"en_US","og_type":"article","og_title":"Diesel Jet Cleaner W7730 - Dung d\u1ecbch v\u1ec7 sinh S\u00fac r\u1eeda kim phun \u0110\u1ed9ng c\u01a1 diesel JetCleaner \u00f4 t\u00f4 s\u1ea1ch c\u1eb7n, gi\u1ea3m kh\u00f3i \u0111en Wunscher c\u1ee7a \u0110\u1ee9c","og_description":"C\u00d4NG D\u1ee4NG:  - L\u00e0m s\u1ea1ch c\u1eb7n ch\u00ec t\u00edch t\u1ee5 trong b\u00ecnh - b\u01a1m d\u1ea7u, kim phun v\u00e0 bu\u1ed3ng \u0111\u1ed1t.  - Kh\u00f4i ph\u1ee5c hi\u1ec7u su\u1ea5t v\u00e0 s\u1ee9c m\u1ea1nh nguy\u00ean b\u1ea3n cho \u0111\u1ed9ng c\u01a1.  - C\u1ea3i thi\u1ec7n \u0111\u1ed9 n\u00e9n c\u1ee7a \u0111\u1ed9ng c\u01a1.  - Xe v\u1eadn h\u00e0nh \u00eam \u00e1i, gi\u1ea3m ti\u1ebfng \u1ed3n v\u00e0 ti\u1ebfng rung.  - C\u1ea3i thi\u1ec7n hi\u1ec7u su\u1ea5t, ti\u1ebft ki\u1ec7m nhi\u00ean li\u1ec7u.  - Kh\u00f4ng g\u00e2y h\u1ea1i cho \u0111\u1ed9ng c\u01a1 v\u00e0 chi ti\u1ebft m\u00e1y.  - Gi\u1ea3m kh\u00ed th\u1ea3i C02 v\u00e0 NO, b\u1ea3o v\u1ec7 m\u00f4i tr\u01b0\u1eddng.","og_url":"https:\/\/shglobaltrade.vn\/en\/product\/diesel-jet-cleaner-w7730-dung-dich-ve-sinh-suc-rua-kim-phun-dong-co-diesel-jetcleaner-o-to-sach-can-giam-khoi-den-wunscher-cua-duc\/","og_site_name":"SH Global","article_modified_time":"2025-12-12T10:07:30+00:00","og_image":[{"width":1200,"height":1200,"url":"https:\/\/shglobaltrade.vn\/wp-content\/uploads\/2025\/11\/W7730-1.png","type":"image\/png"}],"twitter_card":"summary_large_image","twitter_misc":{"Est. reading time":"3 minutes"},"schema":{"@context":"https:\/\/schema.org","@graph":[{"@type":"WebPage","@id":"https:\/\/shglobaltrade.vn\/san-pham\/diesel-jet-cleaner-w7730-dung-dich-ve-sinh-suc-rua-kim-phun-dong-co-diesel-jetcleaner-o-to-sach-can-giam-khoi-den-wunscher-cua-duc\/","url":"https:\/\/shglobaltrade.vn\/san-pham\/diesel-jet-cleaner-w7730-dung-dich-ve-sinh-suc-rua-kim-phun-dong-co-diesel-jetcleaner-o-to-sach-can-giam-khoi-den-wunscher-cua-duc\/","name":"Diesel Jet Cleaner W7730 - Dung d\u1ecbch v\u1ec7 sinh S\u00fac r\u1eeda kim phun \u0110\u1ed9ng c\u01a1 diesel JetCleaner \u00f4 t\u00f4 s\u1ea1ch c\u1eb7n, gi\u1ea3m kh\u00f3i \u0111en Wunscher c\u1ee7a \u0110\u1ee9c - SH Global","isPartOf":{"@id":"https:\/\/shglobaltrade.vn\/#website"},"datePublished":"2025-11-28T07:28:04+00:00","dateModified":"2025-12-12T10:07:30+00:00","breadcrumb":{"@id":"https:\/\/shglobaltrade.vn\/san-pham\/diesel-jet-cleaner-w7730-dung-dich-ve-sinh-suc-rua-kim-phun-dong-co-diesel-jetcleaner-o-to-sach-can-giam-khoi-den-wunscher-cua-duc\/#breadcrumb"},"inLanguage":"en-US","potentialAction":[{"@type":"ReadAction","target":["https:\/\/shglobaltrade.vn\/san-pham\/diesel-jet-cleaner-w7730-dung-dich-ve-sinh-suc-rua-kim-phun-dong-co-diesel-jetcleaner-o-to-sach-can-giam-khoi-den-wunscher-cua-duc\/"]}]},{"@type":"BreadcrumbList","@id":"https:\/\/shglobaltrade.vn\/san-pham\/diesel-jet-cleaner-w7730-dung-dich-ve-sinh-suc-rua-kim-phun-dong-co-diesel-jetcleaner-o-to-sach-can-giam-khoi-den-wunscher-cua-duc\/#breadcrumb","itemListElement":[{"@type":"ListItem","position":1,"name":"Trang ch\u1ee7","item":"https:\/\/shglobaltrade.vn\/"},{"@type":"ListItem","position":2,"name":"C\u1eeda h\u00e0ng","item":"https:\/\/shglobaltrade.vn\/cua-hang\/"},{"@type":"ListItem","position":3,"name":"Diesel Jet Cleaner W7730 &#8211; Dung d\u1ecbch v\u1ec7 sinh S\u00fac r\u1eeda kim phun \u0110\u1ed9ng c\u01a1 diesel JetCleaner \u00f4 t\u00f4 s\u1ea1ch c\u1eb7n, gi\u1ea3m kh\u00f3i \u0111en Wunscher c\u1ee7a \u0110\u1ee9c"}]},{"@type":"WebSite","@id":"https:\/\/shglobaltrade.vn\/#website","url":"https:\/\/shglobaltrade.vn\/","name":"SH Global","description":"","potentialAction":[{"@type":"SearchAction","target":{"@type":"EntryPoint","urlTemplate":"https:\/\/shglobaltrade.vn\/?s={search_term_string}"},"query-input":"required name=search_term_string"}],"inLanguage":"en-US"}]}},"_links":{"self":[{"href":"https:\/\/shglobaltrade.vn\/en\/wp-json\/wp\/v2\/product\/911","targetHints":{"allow":["GET"]}}],"collection":[{"href":"https:\/\/shglobaltrade.vn\/en\/wp-json\/wp\/v2\/product"}],"about":[{"href":"https:\/\/shglobaltrade.vn\/en\/wp-json\/wp\/v2\/types\/product"}],"replies":[{"embeddable":true,"href":"https:\/\/shglobaltrade.vn\/en\/wp-json\/wp\/v2\/comments?post=911"}],"wp:featuredmedia":[{"embeddable":true,"href":"https:\/\/shglobaltrade.vn\/en\/wp-json\/wp\/v2\/media\/912"}],"wp:attachment":[{"href":"https:\/\/shglobaltrade.vn\/en\/wp-json\/wp\/v2\/media?parent=911"}],"wp:term":[{"taxonomy":"product_brand","embeddable":true,"href":"https:\/\/shglobaltrade.vn\/en\/wp-json\/wp\/v2\/product_brand?post=911"},{"taxonomy":"product_cat","embeddable":true,"href":"https:\/\/shglobaltrade.vn\/en\/wp-json\/wp\/v2\/product_cat?post=911"},{"taxonomy":"product_tag","embeddable":true,"href":"https:\/\/shglobaltrade.vn\/en\/wp-json\/wp\/v2\/product_tag?post=911"}],"curies":[{"name":"wp","href":"https:\/\/api.w.org\/{rel}","templated":true}]}}