{"id":909,"date":"2025-11-28T14:28:04","date_gmt":"2025-11-28T07:28:04","guid":{"rendered":"https:\/\/shglobal.123websitedev.com\/san-pham\/dung-dich-ve-sinh-kim-phun-buong-dot-o-to-may-dau-wunscher-cua-duc\/"},"modified":"2025-12-12T17:04:43","modified_gmt":"2025-12-12T10:04:43","slug":"diesel-cdi-system-cleaner-w7731-dung-dich-ve-sinh-suc-rua-he-thong-phun-dau-va-buong-dot-may-dau-o-to-sieu-sach-wunscher-cua-duc","status":"publish","type":"product","link":"https:\/\/shglobaltrade.vn\/en\/product\/diesel-cdi-system-cleaner-w7731-dung-dich-ve-sinh-suc-rua-he-thong-phun-dau-va-buong-dot-may-dau-o-to-sieu-sach-wunscher-cua-duc\/","title":{"rendered":"Diesel CDI System Cleaner W7731 \u2013 Ultra-Clean Fuel Injection System and Combustion Chamber Cleaner for Automotive Diesel Engines - Wunscher, Germany"},"content":{"rendered":"<p><span style=\"color: #000000;\">Kim phun \u0111\u00f3ng vai tr\u00f2 v\u00f4 c\u00f9ng quan tr\u1ecdng trong h\u1ec7 th\u1ed1ng nhi\u00ean li\u1ec7u \u0111\u1ed9ng c\u01a1, n\u00f3 c\u00f3 nhi\u1ec7m v\u1ee5 cung c\u1ea5p v\u00e0 chuy\u1ec3n h\u00f3a nhi\u00ean li\u1ec7u t\u1eeb d\u1ea1ng l\u1ecfng sang d\u1ea1ng s\u01b0\u01a1ng cho qu\u00e1 tr\u00ecnh \u0111\u1ed1t ch\u00e1y c\u1ee7a bu\u1ed3ng \u0111\u1ed1t. N\u1ebfu kim phun bu\u1ed3ng \u0111\u1ed1t b\u1ecb t\u1eafc ngh\u1ebdn, nhi\u00ean li\u1ec7u kh\u00f4ng \u0111\u01b0\u1ee3c phun t\u01a1i, s\u1ebd l\u00e0m ti\u00eau hao nhi\u00ean li\u1ec7u nhi\u1ec1u h\u01a1n, b\u00e1m c\u1eb7n s\u1ebd \u1ea3nh h\u01b0\u1edfng \u0111\u1ebfn kh\u1ea3 n\u0103ng v\u1eadn h\u00e0nh c\u1ee7a xe. V\u00ec th\u1ebf vi\u1ec7c v\u1ec7 sinh kim phun nhi\u00ean li\u1ec7u v\u00e0 bu\u1ed3ng \u0111\u1ed1t \u00f4 t\u00f4 \u0111\u1ecbnh k\u1ef3 l\u00e0 \u0111i\u1ec1u v\u00f4 c\u00f9ng quan tr\u1ecdng m\u00e0 b\u1ea5t k\u1ef3 t\u00e0i x\u1ebf n\u00e0o c\u0169ng c\u1ea7n quan t\u00e2m v\u00e0 l\u01b0u \u00fd.<\/span><\/p>\n<p><span style=\"color: #000000;\">Ch\u00ednh v\u00ec s\u1ef1 c\u1ea7n thi\u1ebft v\u00e0 quan tr\u1ecdng \u0111\u00f3, Th\u01b0\u01a1ng Hi\u1ec7u WUNCHER \u0110\u1ee9c \u0111\u00e3 cho ra \u0111\u1eddi c\u00e1c d\u00f2ng s\u1ea3n ph\u1ea9m ph\u1ee5 gia gi\u00fap b\u1ea1n v\u1ec7 sinh kim phun &#8211; bu\u1ed3ng \u0111\u1ed1t t\u1ea1i nh\u00e0 1 c\u00e1ch hi\u1ec7u qu\u1ea3 v\u00e0 \u0111\u01a1n gi\u1ea3n nh\u1ea5t:<\/span><\/p>\n<p><span style=\"color: #000000;\">DUNG D\u1ecaCH V\u1ec6 SINH S\u00daC R\u1eecA H\u1ec6 TH\u1ed0NG PHUN D\u1ea6U V\u00c0 BU\u1ed2NG \u0110\u1ed0T M\u00c1Y D\u1ea6U \u00d4 T\u00d4 SI\u00caU S\u1ea0CH WUNCHER W7731 C\u1ee6A \u0110\u1ee8C<\/span><\/p>\n<p><span style=\"color: #000000;\">&#8212;&#8212;&#8212;&#8212;&#8212;&#8212;&#8212;&#8212;&#8212;&#8212;&#8212;-<\/span><\/p>\n<p><span style=\"color: #000000;\"><strong>USES:<\/strong><\/span><\/p>\n<p><span style=\"color: #000000;\">&#8211; S\u1ea3n ph\u1ea9m l\u00e0m s\u1ea1ch c\u1eb7n ch\u00ec t\u00edch, c\u1eb7n cacbon trong b\u00ecnh d\u1ea7u, b\u01a1m d\u1ea7u v\u00e0 kim phun.<\/span><\/p>\n<p><span style=\"color: #000000;\">&#8211; Kh\u00f4i ph\u1ee5c hi\u1ec7u su\u1ea5t v\u00e0 s\u1ee9c m\u1ea1nh nguy\u00ean b\u1ea3n cho \u0111\u1ed9ng c\u01a1<\/span><\/p>\n<p><span style=\"color: #000000;\">&#8211; T\u0103ng c\u00f4ng su\u1ea5t v\u00e0 m\u00f4-men xo\u1eafn c\u1ee7a \u0111\u1ed9ng c\u01a1<\/span><\/p>\n<p><span style=\"color: #000000;\">&#8211; \u0110\u1ed9ng c\u01a1 v\u1eadn h\u00e0nh \u00eam \u00e1i, gi\u1ea3m ti\u1ebfng \u1ed3n, \u0111\u1ed9 rung v\u00e0 kh\u00f3i<\/span><\/p>\n<p><span style=\"color: #000000;\">&#8211; D\u1ee9t \u0111i\u1ec3m t\u00ecnh tr\u1ea1ng kh\u00f3i tr\u1eafng do \u0111\u1ed1t nhi\u00ean li\u1ec7u ch\u01b0a h\u1ebft<\/span><\/p>\n<p><span style=\"color: #000000;\">&#8211; C\u1ea3i thi\u1ec7n \u0111\u1ed9 n\u00e9n c\u1ee7a \u0111\u1ed9ng c\u01a1<\/span><\/p>\n<p><span style=\"color: #000000;\">&#8211; C\u1ea3i thi\u1ec7n hi\u1ec7u su\u1ea5t, ti\u1ebft ki\u1ec7m nhi\u00ean li\u1ec7u<\/span><\/p>\n<p><span style=\"color: #000000;\">&#8211; Kh\u00f4ng g\u00e2y h\u1ea1i cho \u0111\u1ed9ng c\u01a1, chi ti\u1ebft m\u00e1y<\/span><\/p>\n<p><span style=\"color: #000000;\">&#8211; Gi\u1ea3m kh\u00ed th\u1ea3i, b\u1ea3o v\u1ec7 m\u00f4i tr\u01b0\u1eddng<\/span><\/p>\n<p><span style=\"color: #000000;\">&#8212;&#8212;&#8212;&#8212;&#8212;&#8212;&#8212;&#8212;&#8212;&#8212;&#8212;&#8212;&#8212;&#8212;&#8212;<\/span><\/p>\n<p><span style=\"color: #000000;\"><strong>APPLICATION:<\/strong><\/span><\/p>\n<p><span style=\"color: #000000;\">D\u00f9ng cho t\u1ea5t c\u1ea3 c\u00e1c \u0111\u1ed9ng c\u01a1 d\u1ea7u, ngay c\u1ea3 \u0111\u1ed1i v\u1edbi \u0111\u1ed9ng c\u01a1 d\u1ea7u th\u1ebf h\u1ec7 m\u1edbi nh\u1ea5t v\u1edbi phun nhi\u00ean li\u1ec7u tr\u1ef1c ti\u1ebfp.<\/span><\/p>\n<p><span style=\"color: #000000;\">S\u1ea3n ph\u1ea9m n\u00ean s\u1eed d\u1ee5ng \u0111\u1ecbnh k\u1ef3 sau 10.000 Km \u0111\u1ec3 \u0111\u1ea3m b\u1ea3o c\u00f4ng su\u1ea5t \u0111\u1ed9ng c\u01a1 lu\u00f4n t\u1ed1t nh\u1ea5t.<\/span><\/p>\n<p><strong><span style=\"color: #000000;\">INSTRUCTIONS FOR USE:<\/span><\/strong><\/p>\n<p><span style=\"color: #000000;\">&#8211; M\u1ed9t chai c\u00f3 th\u1ec3 d\u00f9ng cho b\u00ecnh 50L d\u1ea7u<\/span><\/p>\n<p><span style=\"color: #000000;\">&#8211; \u0110\u1ed5 1 lon ph\u1ee5 gia v\u1ec7 sinh kim phun c\u1ee7a Senfineco v\u00e0o kho\u1ea3ng 30 &#8211; 50lit nhi\u00ean li\u1ec7u r\u1ed3i s\u1eed d\u1ee5ng b\u00ecnh th\u01b0\u1eddng.<\/span><\/p>\n<p><span style=\"color: #000000;\">__________________________________<\/span><\/p>\n<p><span style=\"color: #000000;\"><strong>PRODUCT INFORMATION:<\/strong><\/span><\/p>\n<p><span style=\"color: #000000;\">&#8211; Dung t\u00edch: 300ml<\/span><\/p>\n<p><span style=\"color: #000000;\">\u2013 Manufacturer: WUNSCHER Germany<\/span><\/p>\n<p><span style=\"color: #000000;\">\u2013 Shelf life: 5 years from the date of manufacture<\/span><\/p>\n<p><span style=\"color: #000000;\">\u26a0\ufe0f\u26a0\ufe0f\u26a0\ufe0f All products have supplementary labels clearly stating the place of manufacture, the distributing company, and instructions for use.<\/span><\/p>\n<p><span style=\"color: #000000;\"><strong>SH GLOBAL STORE \u2013 AUTHENTIC &amp; LEGITIMATE PRODUCTS, COMPLETE PEACE OF MIND<\/strong><\/span><\/p>\n<ul>\n<li><span style=\"color: #000000;\"><strong>100% is a genuine Wunscher product.<\/strong> \u2013 A reputable car care brand from Germany.<\/span><\/li>\n<li><span style=\"color: #000000;\"><strong>Official import<\/strong>, full <strong>Customs \u2013 Taxes \u2013 Certificate of Origin (CO) \u2013 Certificate of Quality (CQ) \u2013 Invoices and supporting documents<\/strong>.<\/span><\/li>\n<li><span style=\"color: #000000;\"><strong>Transparent origin<\/strong>Say no to counterfeit, fake, and substandard goods.<\/span><\/li>\n<li><span style=\"color: #000000;\"><strong>The product matches the description.<\/strong>Correct technical specifications, correct manufacturer standards.<\/span><\/li>\n<li><span style=\"color: #000000;\"><strong>D<\/strong><strong>Secure packaging \u2013 receive your order intact.<\/strong>No dents, no leaks.<\/span><\/li>\n<li><span style=\"color: #000000;\"><strong>100% Refund<\/strong> If you discover that the product is not genuine or does not match the description.<\/span><\/li>\n<li><span style=\"color: #000000;\"><strong>Nationwide delivery (COD)<\/strong> and support for inspection upon delivery (depending on regional policy).<\/span><\/li>\n<li><span style=\"color: #000000;\"><strong>Returns and exchanges are handled according to manufacturer standards.<\/strong>, ensuring maximum benefits for customers.<\/span><\/li>\n<\/ul>\n<p><span style=\"color: #000000;\">\ud83d\udc49 <strong>Genuine products guarantee quality \u2013 Legitimate channels build trust.<\/strong><strong><br \/>\nSH Global Store offers both.<\/strong><\/span><\/p>","protected":false},"excerpt":{"rendered":"<p><strong>USES:<\/strong><\/p>\n<p>&#8211; S\u1ea3n ph\u1ea9m l\u00e0m s\u1ea1ch c\u1eb7n ch\u00ec t\u00edch, c\u1eb7n cacbon trong b\u00ecnh d\u1ea7u, b\u01a1m d\u1ea7u v\u00e0 kim phun.<\/p>\n<p>&#8211; Kh\u00f4i ph\u1ee5c hi\u1ec7u su\u1ea5t v\u00e0 s\u1ee9c m\u1ea1nh nguy\u00ean b\u1ea3n cho \u0111\u1ed9ng c\u01a1<\/p>\n<p>&#8211; T\u0103ng c\u00f4ng su\u1ea5t v\u00e0 m\u00f4-men xo\u1eafn c\u1ee7a \u0111\u1ed9ng c\u01a1<\/p>\n<p>&#8211; \u0110\u1ed9ng c\u01a1 v\u1eadn h\u00e0nh \u00eam \u00e1i, gi\u1ea3m ti\u1ebfng \u1ed3n, \u0111\u1ed9 rung v\u00e0 kh\u00f3i<\/p>\n<p>&#8211; D\u1ee9t \u0111i\u1ec3m t\u00ecnh tr\u1ea1ng kh\u00f3i tr\u1eafng do \u0111\u1ed1t nhi\u00ean li\u1ec7u ch\u01b0a h\u1ebft<\/p>\n<p>&#8211; C\u1ea3i thi\u1ec7n \u0111\u1ed9 n\u00e9n c\u1ee7a \u0111\u1ed9ng c\u01a1<\/p>\n<p>&#8211; C\u1ea3i thi\u1ec7n hi\u1ec7u su\u1ea5t, ti\u1ebft ki\u1ec7m nhi\u00ean li\u1ec7u<\/p>\n<p>&#8211; Kh\u00f4ng g\u00e2y h\u1ea1i cho \u0111\u1ed9ng c\u01a1, chi ti\u1ebft m\u00e1y<\/p>\n<p>&#8211; Gi\u1ea3m kh\u00ed th\u1ea3i, b\u1ea3o v\u1ec7 m\u00f4i tr\u01b0\u1eddng<\/p>","protected":false},"featured_media":910,"comment_status":"open","ping_status":"closed","template":"","meta":[],"product_brand":[111],"product_cat":[90],"product_tag":[],"class_list":{"0":"post-909","1":"product","2":"type-product","3":"status-publish","4":"has-post-thumbnail","6":"product_brand-wunscher","7":"product_cat-chat-phu-gia","9":"first","10":"instock","11":"purchasable","12":"product-type-simple"},"acf":[],"yoast_head":"<!-- This site is optimized with the Yoast SEO Premium plugin v20.9 (Yoast SEO v20.9) - https:\/\/yoast.com\/wordpress\/plugins\/seo\/ -->\n<title>Diesel CDI System Cleaner W7731 - DUNG D\u1ecaCH V\u1ec6 SINH S\u00daC R\u1eecA H\u1ec6 TH\u1ed0NG PHUN D\u1ea6U, V\u00c0 BU\u1ed2NG \u0110\u1ed0T M\u00c1Y D\u1ea6U \u00d4 T\u00d4 SI\u00caU S\u1ea0CH Wunscher C\u1ee7a \u0110\u1ee9c - SH Global<\/title>\n<meta name=\"robots\" content=\"index, follow, max-snippet:-1, max-image-preview:large, max-video-preview:-1\" \/>\n<link rel=\"canonical\" href=\"https:\/\/shglobaltrade.vn\/en\/product\/diesel-cdi-system-cleaner-w7731-dung-dich-ve-sinh-suc-rua-he-thong-phun-dau-va-buong-dot-may-dau-o-to-sieu-sach-wunscher-cua-duc\/\" \/>\n<meta property=\"og:locale\" content=\"en_US\" \/>\n<meta property=\"og:type\" content=\"article\" \/>\n<meta property=\"og:title\" content=\"Diesel CDI System Cleaner W7731 - DUNG D\u1ecaCH V\u1ec6 SINH S\u00daC R\u1eecA H\u1ec6 TH\u1ed0NG PHUN D\u1ea6U, V\u00c0 BU\u1ed2NG \u0110\u1ed0T M\u00c1Y D\u1ea6U \u00d4 T\u00d4 SI\u00caU S\u1ea0CH Wunscher C\u1ee7a \u0110\u1ee9c\" \/>\n<meta property=\"og:description\" content=\"C\u00d4NG D\u1ee4NG:  - S\u1ea3n ph\u1ea9m l\u00e0m s\u1ea1ch c\u1eb7n ch\u00ec t\u00edch, c\u1eb7n cacbon trong b\u00ecnh d\u1ea7u, b\u01a1m d\u1ea7u v\u00e0 kim phun.  - Kh\u00f4i ph\u1ee5c hi\u1ec7u su\u1ea5t v\u00e0 s\u1ee9c m\u1ea1nh nguy\u00ean b\u1ea3n cho \u0111\u1ed9ng c\u01a1  - T\u0103ng c\u00f4ng su\u1ea5t v\u00e0 m\u00f4-men xo\u1eafn c\u1ee7a \u0111\u1ed9ng c\u01a1  - \u0110\u1ed9ng c\u01a1 v\u1eadn h\u00e0nh \u00eam \u00e1i, gi\u1ea3m ti\u1ebfng \u1ed3n, \u0111\u1ed9 rung v\u00e0 kh\u00f3i  - D\u1ee9t \u0111i\u1ec3m t\u00ecnh tr\u1ea1ng kh\u00f3i tr\u1eafng do \u0111\u1ed1t nhi\u00ean li\u1ec7u ch\u01b0a h\u1ebft  - C\u1ea3i thi\u1ec7n \u0111\u1ed9 n\u00e9n c\u1ee7a \u0111\u1ed9ng c\u01a1  - C\u1ea3i thi\u1ec7n hi\u1ec7u su\u1ea5t, ti\u1ebft ki\u1ec7m nhi\u00ean li\u1ec7u  - Kh\u00f4ng g\u00e2y h\u1ea1i cho \u0111\u1ed9ng c\u01a1, chi ti\u1ebft m\u00e1y  - Gi\u1ea3m kh\u00ed th\u1ea3i, b\u1ea3o v\u1ec7 m\u00f4i tr\u01b0\u1eddng\" \/>\n<meta property=\"og:url\" content=\"https:\/\/shglobaltrade.vn\/en\/product\/diesel-cdi-system-cleaner-w7731-dung-dich-ve-sinh-suc-rua-he-thong-phun-dau-va-buong-dot-may-dau-o-to-sieu-sach-wunscher-cua-duc\/\" \/>\n<meta property=\"og:site_name\" content=\"SH Global\" \/>\n<meta property=\"article:modified_time\" content=\"2025-12-12T10:04:43+00:00\" \/>\n<meta property=\"og:image\" content=\"https:\/\/shglobaltrade.vn\/wp-content\/uploads\/2025\/11\/W7731-1.png\" \/>\n\t<meta property=\"og:image:width\" content=\"1200\" \/>\n\t<meta property=\"og:image:height\" content=\"1200\" \/>\n\t<meta property=\"og:image:type\" content=\"image\/png\" \/>\n<meta name=\"twitter:card\" content=\"summary_large_image\" \/>\n<meta name=\"twitter:label1\" content=\"Est. reading time\" \/>\n\t<meta name=\"twitter:data1\" content=\"4 minutes\" \/>\n<script type=\"application\/ld+json\" class=\"yoast-schema-graph\">{\"@context\":\"https:\/\/schema.org\",\"@graph\":[{\"@type\":\"WebPage\",\"@id\":\"https:\/\/shglobaltrade.vn\/san-pham\/diesel-cdi-system-cleaner-w7731-dung-dich-ve-sinh-suc-rua-he-thong-phun-dau-va-buong-dot-may-dau-o-to-sieu-sach-wunscher-cua-duc\/\",\"url\":\"https:\/\/shglobaltrade.vn\/san-pham\/diesel-cdi-system-cleaner-w7731-dung-dich-ve-sinh-suc-rua-he-thong-phun-dau-va-buong-dot-may-dau-o-to-sieu-sach-wunscher-cua-duc\/\",\"name\":\"Diesel CDI System Cleaner W7731 - DUNG D\u1ecaCH V\u1ec6 SINH S\u00daC R\u1eecA H\u1ec6 TH\u1ed0NG PHUN D\u1ea6U, V\u00c0 BU\u1ed2NG \u0110\u1ed0T M\u00c1Y D\u1ea6U \u00d4 T\u00d4 SI\u00caU S\u1ea0CH Wunscher C\u1ee7a \u0110\u1ee9c - SH Global\",\"isPartOf\":{\"@id\":\"https:\/\/shglobaltrade.vn\/#website\"},\"datePublished\":\"2025-11-28T07:28:04+00:00\",\"dateModified\":\"2025-12-12T10:04:43+00:00\",\"breadcrumb\":{\"@id\":\"https:\/\/shglobaltrade.vn\/san-pham\/diesel-cdi-system-cleaner-w7731-dung-dich-ve-sinh-suc-rua-he-thong-phun-dau-va-buong-dot-may-dau-o-to-sieu-sach-wunscher-cua-duc\/#breadcrumb\"},\"inLanguage\":\"en-US\",\"potentialAction\":[{\"@type\":\"ReadAction\",\"target\":[\"https:\/\/shglobaltrade.vn\/san-pham\/diesel-cdi-system-cleaner-w7731-dung-dich-ve-sinh-suc-rua-he-thong-phun-dau-va-buong-dot-may-dau-o-to-sieu-sach-wunscher-cua-duc\/\"]}]},{\"@type\":\"BreadcrumbList\",\"@id\":\"https:\/\/shglobaltrade.vn\/san-pham\/diesel-cdi-system-cleaner-w7731-dung-dich-ve-sinh-suc-rua-he-thong-phun-dau-va-buong-dot-may-dau-o-to-sieu-sach-wunscher-cua-duc\/#breadcrumb\",\"itemListElement\":[{\"@type\":\"ListItem\",\"position\":1,\"name\":\"Trang ch\u1ee7\",\"item\":\"https:\/\/shglobaltrade.vn\/\"},{\"@type\":\"ListItem\",\"position\":2,\"name\":\"C\u1eeda h\u00e0ng\",\"item\":\"https:\/\/shglobaltrade.vn\/cua-hang\/\"},{\"@type\":\"ListItem\",\"position\":3,\"name\":\"Diesel CDI System Cleaner W7731 &#8211; DUNG D\u1ecaCH V\u1ec6 SINH S\u00daC R\u1eecA H\u1ec6 TH\u1ed0NG PHUN D\u1ea6U, V\u00c0 BU\u1ed2NG \u0110\u1ed0T M\u00c1Y D\u1ea6U \u00d4 T\u00d4 SI\u00caU S\u1ea0CH Wunscher C\u1ee7a \u0110\u1ee9c\"}]},{\"@type\":\"WebSite\",\"@id\":\"https:\/\/shglobaltrade.vn\/#website\",\"url\":\"https:\/\/shglobaltrade.vn\/\",\"name\":\"SH Global\",\"description\":\"\",\"potentialAction\":[{\"@type\":\"SearchAction\",\"target\":{\"@type\":\"EntryPoint\",\"urlTemplate\":\"https:\/\/shglobaltrade.vn\/?s={search_term_string}\"},\"query-input\":\"required name=search_term_string\"}],\"inLanguage\":\"en-US\"}]}<\/script>\n<!-- \/ Yoast SEO Premium plugin. -->","yoast_head_json":{"title":"Diesel CDI System Cleaner W7731 - DUNG D\u1ecaCH V\u1ec6 SINH S\u00daC R\u1eecA H\u1ec6 TH\u1ed0NG PHUN D\u1ea6U, V\u00c0 BU\u1ed2NG \u0110\u1ed0T M\u00c1Y D\u1ea6U \u00d4 T\u00d4 SI\u00caU S\u1ea0CH Wunscher C\u1ee7a \u0110\u1ee9c - SH Global","robots":{"index":"index","follow":"follow","max-snippet":"max-snippet:-1","max-image-preview":"max-image-preview:large","max-video-preview":"max-video-preview:-1"},"canonical":"https:\/\/shglobaltrade.vn\/en\/product\/diesel-cdi-system-cleaner-w7731-dung-dich-ve-sinh-suc-rua-he-thong-phun-dau-va-buong-dot-may-dau-o-to-sieu-sach-wunscher-cua-duc\/","og_locale":"en_US","og_type":"article","og_title":"Diesel CDI System Cleaner W7731 - DUNG D\u1ecaCH V\u1ec6 SINH S\u00daC R\u1eecA H\u1ec6 TH\u1ed0NG PHUN D\u1ea6U, V\u00c0 BU\u1ed2NG \u0110\u1ed0T M\u00c1Y D\u1ea6U \u00d4 T\u00d4 SI\u00caU S\u1ea0CH Wunscher C\u1ee7a \u0110\u1ee9c","og_description":"C\u00d4NG D\u1ee4NG:  - S\u1ea3n ph\u1ea9m l\u00e0m s\u1ea1ch c\u1eb7n ch\u00ec t\u00edch, c\u1eb7n cacbon trong b\u00ecnh d\u1ea7u, b\u01a1m d\u1ea7u v\u00e0 kim phun.  - Kh\u00f4i ph\u1ee5c hi\u1ec7u su\u1ea5t v\u00e0 s\u1ee9c m\u1ea1nh nguy\u00ean b\u1ea3n cho \u0111\u1ed9ng c\u01a1  - T\u0103ng c\u00f4ng su\u1ea5t v\u00e0 m\u00f4-men xo\u1eafn c\u1ee7a \u0111\u1ed9ng c\u01a1  - \u0110\u1ed9ng c\u01a1 v\u1eadn h\u00e0nh \u00eam \u00e1i, gi\u1ea3m ti\u1ebfng \u1ed3n, \u0111\u1ed9 rung v\u00e0 kh\u00f3i  - D\u1ee9t \u0111i\u1ec3m t\u00ecnh tr\u1ea1ng kh\u00f3i tr\u1eafng do \u0111\u1ed1t nhi\u00ean li\u1ec7u ch\u01b0a h\u1ebft  - C\u1ea3i thi\u1ec7n \u0111\u1ed9 n\u00e9n c\u1ee7a \u0111\u1ed9ng c\u01a1  - C\u1ea3i thi\u1ec7n hi\u1ec7u su\u1ea5t, ti\u1ebft ki\u1ec7m nhi\u00ean li\u1ec7u  - Kh\u00f4ng g\u00e2y h\u1ea1i cho \u0111\u1ed9ng c\u01a1, chi ti\u1ebft m\u00e1y  - Gi\u1ea3m kh\u00ed th\u1ea3i, b\u1ea3o v\u1ec7 m\u00f4i tr\u01b0\u1eddng","og_url":"https:\/\/shglobaltrade.vn\/en\/product\/diesel-cdi-system-cleaner-w7731-dung-dich-ve-sinh-suc-rua-he-thong-phun-dau-va-buong-dot-may-dau-o-to-sieu-sach-wunscher-cua-duc\/","og_site_name":"SH Global","article_modified_time":"2025-12-12T10:04:43+00:00","og_image":[{"width":1200,"height":1200,"url":"https:\/\/shglobaltrade.vn\/wp-content\/uploads\/2025\/11\/W7731-1.png","type":"image\/png"}],"twitter_card":"summary_large_image","twitter_misc":{"Est. reading time":"4 minutes"},"schema":{"@context":"https:\/\/schema.org","@graph":[{"@type":"WebPage","@id":"https:\/\/shglobaltrade.vn\/san-pham\/diesel-cdi-system-cleaner-w7731-dung-dich-ve-sinh-suc-rua-he-thong-phun-dau-va-buong-dot-may-dau-o-to-sieu-sach-wunscher-cua-duc\/","url":"https:\/\/shglobaltrade.vn\/san-pham\/diesel-cdi-system-cleaner-w7731-dung-dich-ve-sinh-suc-rua-he-thong-phun-dau-va-buong-dot-may-dau-o-to-sieu-sach-wunscher-cua-duc\/","name":"Diesel CDI System Cleaner W7731 - DUNG D\u1ecaCH V\u1ec6 SINH S\u00daC R\u1eecA H\u1ec6 TH\u1ed0NG PHUN D\u1ea6U, V\u00c0 BU\u1ed2NG \u0110\u1ed0T M\u00c1Y D\u1ea6U \u00d4 T\u00d4 SI\u00caU S\u1ea0CH Wunscher C\u1ee7a \u0110\u1ee9c - SH Global","isPartOf":{"@id":"https:\/\/shglobaltrade.vn\/#website"},"datePublished":"2025-11-28T07:28:04+00:00","dateModified":"2025-12-12T10:04:43+00:00","breadcrumb":{"@id":"https:\/\/shglobaltrade.vn\/san-pham\/diesel-cdi-system-cleaner-w7731-dung-dich-ve-sinh-suc-rua-he-thong-phun-dau-va-buong-dot-may-dau-o-to-sieu-sach-wunscher-cua-duc\/#breadcrumb"},"inLanguage":"en-US","potentialAction":[{"@type":"ReadAction","target":["https:\/\/shglobaltrade.vn\/san-pham\/diesel-cdi-system-cleaner-w7731-dung-dich-ve-sinh-suc-rua-he-thong-phun-dau-va-buong-dot-may-dau-o-to-sieu-sach-wunscher-cua-duc\/"]}]},{"@type":"BreadcrumbList","@id":"https:\/\/shglobaltrade.vn\/san-pham\/diesel-cdi-system-cleaner-w7731-dung-dich-ve-sinh-suc-rua-he-thong-phun-dau-va-buong-dot-may-dau-o-to-sieu-sach-wunscher-cua-duc\/#breadcrumb","itemListElement":[{"@type":"ListItem","position":1,"name":"Trang ch\u1ee7","item":"https:\/\/shglobaltrade.vn\/"},{"@type":"ListItem","position":2,"name":"C\u1eeda h\u00e0ng","item":"https:\/\/shglobaltrade.vn\/cua-hang\/"},{"@type":"ListItem","position":3,"name":"Diesel CDI System Cleaner W7731 &#8211; DUNG D\u1ecaCH V\u1ec6 SINH S\u00daC R\u1eecA H\u1ec6 TH\u1ed0NG PHUN D\u1ea6U, V\u00c0 BU\u1ed2NG \u0110\u1ed0T M\u00c1Y D\u1ea6U \u00d4 T\u00d4 SI\u00caU S\u1ea0CH Wunscher C\u1ee7a \u0110\u1ee9c"}]},{"@type":"WebSite","@id":"https:\/\/shglobaltrade.vn\/#website","url":"https:\/\/shglobaltrade.vn\/","name":"SH Global","description":"","potentialAction":[{"@type":"SearchAction","target":{"@type":"EntryPoint","urlTemplate":"https:\/\/shglobaltrade.vn\/?s={search_term_string}"},"query-input":"required name=search_term_string"}],"inLanguage":"en-US"}]}},"_links":{"self":[{"href":"https:\/\/shglobaltrade.vn\/en\/wp-json\/wp\/v2\/product\/909","targetHints":{"allow":["GET"]}}],"collection":[{"href":"https:\/\/shglobaltrade.vn\/en\/wp-json\/wp\/v2\/product"}],"about":[{"href":"https:\/\/shglobaltrade.vn\/en\/wp-json\/wp\/v2\/types\/product"}],"replies":[{"embeddable":true,"href":"https:\/\/shglobaltrade.vn\/en\/wp-json\/wp\/v2\/comments?post=909"}],"wp:featuredmedia":[{"embeddable":true,"href":"https:\/\/shglobaltrade.vn\/en\/wp-json\/wp\/v2\/media\/910"}],"wp:attachment":[{"href":"https:\/\/shglobaltrade.vn\/en\/wp-json\/wp\/v2\/media?parent=909"}],"wp:term":[{"taxonomy":"product_brand","embeddable":true,"href":"https:\/\/shglobaltrade.vn\/en\/wp-json\/wp\/v2\/product_brand?post=909"},{"taxonomy":"product_cat","embeddable":true,"href":"https:\/\/shglobaltrade.vn\/en\/wp-json\/wp\/v2\/product_cat?post=909"},{"taxonomy":"product_tag","embeddable":true,"href":"https:\/\/shglobaltrade.vn\/en\/wp-json\/wp\/v2\/product_tag?post=909"}],"curies":[{"name":"wp","href":"https:\/\/api.w.org\/{rel}","templated":true}]}}