{"id":907,"date":"2025-11-28T14:28:04","date_gmt":"2025-11-28T07:28:04","guid":{"rendered":"https:\/\/shglobal.123websitedev.com\/san-pham\/dung-dich-ve-sinh-buong-dot-o-to-wunscher-cua-duc\/"},"modified":"2025-12-12T17:01:48","modified_gmt":"2025-12-12T10:01:48","slug":"maxclean-fuel-system-cleaner-w7723-dung-dich-ve-sinh-buong-dot-o-to-wunscher-cua-duc","status":"publish","type":"product","link":"https:\/\/shglobaltrade.vn\/en\/product\/maxclean-fuel-system-cleaner-w7723-dung-dich-ve-sinh-buong-dot-o-to-wunscher-cua-duc\/","title":{"rendered":"Maxclean Fuel System Cleaner W7723 \u2013 Automotive Combustion Chamber Cleaner from Wunscher, Germany"},"content":{"rendered":"<p><iframe loading=\"lazy\" title=\"W7723 MaxClean Fuel System Cleaner\" src=\"https:\/\/sketchfab.com\/models\/18eb00cfd2c74e6e83c49467589a8bce\/embed?autostart=1&amp;preload=1\" width=\"100%\" height=\"540\" frameborder=\"0\" allowfullscreen=\"allowfullscreen\"> <\/iframe><\/p>\n<p>Kim phun \u0111\u00f3ng vai tr\u00f2 v\u00f4 c\u00f9ng quan tr\u1ecdng trong h\u1ec7 th\u1ed1ng nhi\u00ean li\u1ec7u \u0111\u1ed9ng c\u01a1, n\u00f3 c\u00f3 nhi\u1ec7m v\u1ee5 cung c\u1ea5p v\u00e0 chuy\u1ec3n h\u00f3a nhi\u00ean li\u1ec7u t\u1eeb d\u1ea1ng l\u1ecfng sang d\u1ea1ng s\u01b0\u01a1ng cho qu\u00e1 tr\u00ecnh \u0111\u1ed1t ch\u00e1y c\u1ee7a bu\u1ed3ng \u0111\u1ed1t. N\u1ebfu kim phun bu\u1ed3ng \u0111\u1ed1t b\u1ecb t\u1eafc ngh\u1ebdn, nhi\u00ean li\u1ec7u kh\u00f4ng \u0111\u01b0\u1ee3c phun t\u01a1i, s\u1ebd l\u00e0m ti\u00eau hao nhi\u00ean li\u1ec7u nhi\u1ec1u h\u01a1n, b\u00e1m c\u1eb7n s\u1ebd \u1ea3nh h\u01b0\u1edfng \u0111\u1ebfn kh\u1ea3 n\u0103ng v\u1eadn h\u00e0nh c\u1ee7a xe. V\u00ec th\u1ebf vi\u1ec7c v\u1ec7 sinh kim phun nhi\u00ean li\u1ec7u v\u00e0 bu\u1ed3ng \u0111\u1ed1t \u00f4 t\u00f4 \u0111\u1ecbnh k\u1ef3 l\u00e0 \u0111i\u1ec1u v\u00f4 c\u00f9ng quan tr\u1ecdng m\u00e0 b\u1ea5t k\u1ef3 t\u00e0i x\u1ebf n\u00e0o c\u0169ng c\u1ea7n quan t\u00e2m v\u00e0 l\u01b0u \u00fd.<\/p>\n<p>Ch\u00ednh v\u00ec s\u1ef1 c\u1ea7n thi\u1ebft v\u00e0 quan tr\u1ecdng \u0111\u00f3, Th\u01b0\u01a1ng Hi\u1ec7u WUNSCHER \u0110\u1ee9c \u0111\u00e3 cho ra \u0111\u1eddi c\u00e1c d\u00f2ng s\u1ea3n ph\u1ea9m ph\u1ee5 gia gi\u00fap b\u1ea1n v\u1ec7 sinh kim phun &#8211; bu\u1ed3ng \u0111\u1ed1t t\u1ea1i nh\u00e0 1 c\u00e1ch hi\u1ec7u qu\u1ea3 v\u00e0 \u0111\u01a1n gi\u1ea3n nh\u1ea5t<\/p>\n<p><strong>USES: <\/strong><\/p>\n<p>&#8211; L\u00e0m tan c\u1eb7n b\u1ea9n v\u00e0 ch\u00ec t\u00edch t\u1ee5 trong b\u00ecnh nhi\u00ean li\u1ec7u, l\u1ecdc v\u00e0 b\u01a1m nhi\u00ean li\u1ec7u<\/p>\n<p>&#8211; Lo\u1ea1i b\u1ecf c\u1eb7n ch\u00ec v\u00e0 c\u1eb7n Sunfat t\u00edch t\u1ee5 \u1edf \u0111\u1ea7u kim phun, gi\u00fap th\u00f4ng t\u1eafc kim phun<\/p>\n<p>&#8211; Gi\u1ea3m s\u1ef1 h\u00ecnh th\u00e0nh c\u1eb7n carbon trong bu\u1ed3ng \u0111\u1ed1t<\/p>\n<p>&#8211; Xo\u00e1 \u0111\u01b0\u1ee3c c\u00e1c l\u1ed7i b\u00e1o c\u00e1 v\u00e0ng do d\u01b0 l\u01b0\u1ee3ng nhi\u00ean li\u1ec7u trong kh\u00ed th\u1ea3i<\/p>\n<p>&#8211; Lo\u1ea1i b\u1ecf hi\u1ec7n t\u01b0\u1ee3ng kh\u00f3 kh\u1edfi \u0111\u1ed9ng v\u00e0 rung l\u1eafc nh\u1eb9 c\u1ee7a \u00f4 t\u00f4<\/p>\n<p>&#8211; Kh\u00f4i ph\u1ee5c c\u00f4ng su\u1ea5t \u0111\u1ed9ng c\u01a1 v\u00e0 ti\u1ebft ki\u1ec7m nhi\u00ean li\u1ec7u h\u01a1n<\/p>\n<p>&#8212;&#8212;&#8212;&#8212;&#8212;&#8212;&#8212;&#8212;&#8212;&#8212;&#8212;<\/p>\n<p><strong>INSTRUCTIONS FOR USE: <\/strong><\/p>\n<p>&#8211; M\u1ed9t lon ph\u1ee5 gia \u0111\u1ed5 v\u00e0o v\u1edbi kho\u1ea3ng 30-50lit nhi\u00ean li\u1ec7u trong b\u00ecnh v\u00e0 \u0111i b\u00ecnh th\u01b0\u1eddng.<\/p>\n<p>&#8211; Khi n\u00e0o h\u1ebft nhi\u00ean li\u1ec7u c\u00f3 ph\u1ee5 gia th\u00ec \u0111\u1ed5 nhi\u00ean li\u1ec7u m\u1edbi<\/p>\n<p>&#8211; S\u1eed d\u1ee5ng sau kho\u1ea3ng 5.000-8.000 \u0111\u1ec3 hi\u1ec7u su\u1ea5t \u0111\u1ed9ng c\u01a1 \u0111\u1ea3m b\u1ea3o nh\u1ea5t.<\/p>\n<p>&#8211; S\u1ea3n ph\u1ea9m trung t\u00ednh v\u1edbi c\u00e1c ph\u1ea3n \u1ee9ng ho\u00e1 h\u1ecdc v\u00e0 kh\u00f4ng \u0103n m\u00f2n chi ti\u1ebft \u0111\u1ed9ng c\u01a1.<\/p>\n<p>&#8212;&#8212;&#8212;&#8212;&#8212;&#8212;&#8212;&#8212;&#8212;&#8212;&#8212;-<\/p>\n<p><strong>PRODUCT INFORMATION:<\/strong><\/p>\n<p>Dung t\u00edch: 300ml<\/p>\n<p>H\u00e3ng s\u1ea3n xu\u1ea5t : WUNSCHER Germany ( \u0110\u1ee9c )<\/p>\n<p>H\u1ea1n s\u1eed d\u1ee5ng: 5 n\u0103m t\u1eeb ng\u00e0y s\u1ea3n xu\u1ea5t<\/p>\n<p>\u26a0\ufe0f\u26a0\ufe0f\u26a0\ufe0f T\u1ea5t c\u1ea3 s\u1ea3n ph\u1ea9m \u0111\u1ec1u c\u00f3 tem ph\u1ee5, ghi r\u00f5 n\u01a1i s\u1ea3n xu\u1ea5t, c\u00f4ng ty ph\u00e2n ph\u1ed1i v\u00e0 h\u01b0\u1edbng d\u1eabn s\u1eed d\u1ee5ng<\/p>\n<p><strong>SH GLOBAL STORE \u2013 AUTHENTIC &amp; LEGITIMATE PRODUCTS, COMPLETE PEACE OF MIND<\/strong><\/p>\n<ul>\n<li><strong>100% is a genuine Wunscher product.<\/strong> \u2013 A reputable car care brand from Germany.<\/li>\n<li><strong>Official import<\/strong>, full <strong>Customs \u2013 Taxes \u2013 Certificate of Origin (CO) \u2013 Certificate of Quality (CQ) \u2013 Invoices and supporting documents<\/strong>.<\/li>\n<li><strong>Transparent origin<\/strong>Say no to counterfeit, fake, and substandard goods.<\/li>\n<li><strong>The product matches the description.<\/strong>Correct technical specifications, correct manufacturer standards.<\/li>\n<li><strong>D<\/strong><strong>Secure packaging \u2013 receive your order intact.<\/strong>No dents, no leaks.<\/li>\n<li><strong>100% Refund<\/strong> If you discover that the product is not genuine or does not match the description.<\/li>\n<li><strong>Nationwide delivery (COD)<\/strong> and support for inspection upon delivery (depending on regional policy).<\/li>\n<li><strong>Returns and exchanges are handled according to manufacturer standards.<\/strong>, ensuring maximum benefits for customers.<\/li>\n<\/ul>\n<p>\ud83d\udc49 <strong>Genuine products guarantee quality \u2013 Legitimate channels build trust.<\/strong><strong><br \/>\nSH Global Store offers both.<\/strong><\/p>","protected":false},"excerpt":{"rendered":"<p><strong>USES: <\/strong><\/p>\n<p>&#8211; L\u00e0m tan c\u1eb7n b\u1ea9n v\u00e0 ch\u00ec t\u00edch t\u1ee5 trong b\u00ecnh nhi\u00ean li\u1ec7u, l\u1ecdc v\u00e0 b\u01a1m nhi\u00ean li\u1ec7u<\/p>\n<p>&#8211; Lo\u1ea1i b\u1ecf c\u1eb7n ch\u00ec v\u00e0 c\u1eb7n Sunfat t\u00edch t\u1ee5 \u1edf \u0111\u1ea7u kim phun, gi\u00fap th\u00f4ng t\u1eafc kim phun<\/p>\n<p>&#8211; Gi\u1ea3m s\u1ef1 h\u00ecnh th\u00e0nh c\u1eb7n carbon trong bu\u1ed3ng \u0111\u1ed1t<\/p>\n<p>&#8211; Xo\u00e1 \u0111\u01b0\u1ee3c c\u00e1c l\u1ed7i b\u00e1o c\u00e1 v\u00e0ng do d\u01b0 l\u01b0\u1ee3ng nhi\u00ean li\u1ec7u trong kh\u00ed th\u1ea3i<\/p>\n<p>&#8211; Lo\u1ea1i b\u1ecf hi\u1ec7n t\u01b0\u1ee3ng kh\u00f3 kh\u1edfi \u0111\u1ed9ng v\u00e0 rung l\u1eafc nh\u1eb9 c\u1ee7a \u00f4 t\u00f4<\/p>\n<p>&#8211; Kh\u00f4i ph\u1ee5c c\u00f4ng su\u1ea5t \u0111\u1ed9ng c\u01a1 v\u00e0 ti\u1ebft ki\u1ec7m nhi\u00ean li\u1ec7u h\u01a1n<\/p>","protected":false},"featured_media":908,"comment_status":"open","ping_status":"closed","template":"","meta":[],"product_brand":[111],"product_cat":[90],"product_tag":[],"class_list":{"0":"post-907","1":"product","2":"type-product","3":"status-publish","4":"has-post-thumbnail","6":"product_brand-wunscher","7":"product_cat-chat-phu-gia","9":"first","10":"instock","11":"purchasable","12":"product-type-simple"},"acf":[],"yoast_head":"<!-- This site is optimized with the Yoast SEO Premium plugin v20.9 (Yoast SEO v20.9) - https:\/\/yoast.com\/wordpress\/plugins\/seo\/ -->\n<title>Maxclean Fuel System Cleaner W7723 - DUNG D\u1ecaCH V\u1ec6 SINH BU\u1ed2NG \u0110\u1ed0T \u00d4 T\u00d4 Wunscher C\u1ee7a \u0110\u1ee9c - SH Global<\/title>\n<meta name=\"robots\" content=\"index, follow, max-snippet:-1, max-image-preview:large, max-video-preview:-1\" \/>\n<link rel=\"canonical\" href=\"https:\/\/shglobaltrade.vn\/en\/product\/maxclean-fuel-system-cleaner-w7723-dung-dich-ve-sinh-buong-dot-o-to-wunscher-cua-duc\/\" \/>\n<meta property=\"og:locale\" content=\"en_US\" \/>\n<meta property=\"og:type\" content=\"article\" \/>\n<meta property=\"og:title\" content=\"Maxclean Fuel System Cleaner W7723 - DUNG D\u1ecaCH V\u1ec6 SINH BU\u1ed2NG \u0110\u1ed0T \u00d4 T\u00d4 Wunscher C\u1ee7a \u0110\u1ee9c\" \/>\n<meta property=\"og:description\" content=\"C\u00d4NG D\u1ee4NG:   - L\u00e0m tan c\u1eb7n b\u1ea9n v\u00e0 ch\u00ec t\u00edch t\u1ee5 trong b\u00ecnh nhi\u00ean li\u1ec7u, l\u1ecdc v\u00e0 b\u01a1m nhi\u00ean li\u1ec7u  - Lo\u1ea1i b\u1ecf c\u1eb7n ch\u00ec v\u00e0 c\u1eb7n Sunfat t\u00edch t\u1ee5 \u1edf \u0111\u1ea7u kim phun, gi\u00fap th\u00f4ng t\u1eafc kim phun  - Gi\u1ea3m s\u1ef1 h\u00ecnh th\u00e0nh c\u1eb7n carbon trong bu\u1ed3ng \u0111\u1ed1t  - Xo\u00e1 \u0111\u01b0\u1ee3c c\u00e1c l\u1ed7i b\u00e1o c\u00e1 v\u00e0ng do d\u01b0 l\u01b0\u1ee3ng nhi\u00ean li\u1ec7u trong kh\u00ed th\u1ea3i  - Lo\u1ea1i b\u1ecf hi\u1ec7n t\u01b0\u1ee3ng kh\u00f3 kh\u1edfi \u0111\u1ed9ng v\u00e0 rung l\u1eafc nh\u1eb9 c\u1ee7a \u00f4 t\u00f4  - Kh\u00f4i ph\u1ee5c c\u00f4ng su\u1ea5t \u0111\u1ed9ng c\u01a1 v\u00e0 ti\u1ebft ki\u1ec7m nhi\u00ean li\u1ec7u h\u01a1n\" \/>\n<meta property=\"og:url\" content=\"https:\/\/shglobaltrade.vn\/en\/product\/maxclean-fuel-system-cleaner-w7723-dung-dich-ve-sinh-buong-dot-o-to-wunscher-cua-duc\/\" \/>\n<meta property=\"og:site_name\" content=\"SH Global\" \/>\n<meta property=\"article:modified_time\" content=\"2025-12-12T10:01:48+00:00\" \/>\n<meta property=\"og:image\" content=\"https:\/\/shglobaltrade.vn\/wp-content\/uploads\/2025\/11\/W7723-1.png\" \/>\n\t<meta property=\"og:image:width\" content=\"1200\" \/>\n\t<meta property=\"og:image:height\" content=\"1200\" \/>\n\t<meta property=\"og:image:type\" content=\"image\/png\" \/>\n<meta name=\"twitter:card\" content=\"summary_large_image\" \/>\n<meta name=\"twitter:label1\" content=\"Est. reading time\" \/>\n\t<meta name=\"twitter:data1\" content=\"3 minutes\" \/>\n<script type=\"application\/ld+json\" class=\"yoast-schema-graph\">{\"@context\":\"https:\/\/schema.org\",\"@graph\":[{\"@type\":\"WebPage\",\"@id\":\"https:\/\/shglobaltrade.vn\/san-pham\/maxclean-fuel-system-cleaner-w7723-dung-dich-ve-sinh-buong-dot-o-to-wunscher-cua-duc\/\",\"url\":\"https:\/\/shglobaltrade.vn\/san-pham\/maxclean-fuel-system-cleaner-w7723-dung-dich-ve-sinh-buong-dot-o-to-wunscher-cua-duc\/\",\"name\":\"Maxclean Fuel System Cleaner W7723 - DUNG D\u1ecaCH V\u1ec6 SINH BU\u1ed2NG \u0110\u1ed0T \u00d4 T\u00d4 Wunscher C\u1ee7a \u0110\u1ee9c - SH Global\",\"isPartOf\":{\"@id\":\"https:\/\/shglobaltrade.vn\/#website\"},\"datePublished\":\"2025-11-28T07:28:04+00:00\",\"dateModified\":\"2025-12-12T10:01:48+00:00\",\"breadcrumb\":{\"@id\":\"https:\/\/shglobaltrade.vn\/san-pham\/maxclean-fuel-system-cleaner-w7723-dung-dich-ve-sinh-buong-dot-o-to-wunscher-cua-duc\/#breadcrumb\"},\"inLanguage\":\"en-US\",\"potentialAction\":[{\"@type\":\"ReadAction\",\"target\":[\"https:\/\/shglobaltrade.vn\/san-pham\/maxclean-fuel-system-cleaner-w7723-dung-dich-ve-sinh-buong-dot-o-to-wunscher-cua-duc\/\"]}]},{\"@type\":\"BreadcrumbList\",\"@id\":\"https:\/\/shglobaltrade.vn\/san-pham\/maxclean-fuel-system-cleaner-w7723-dung-dich-ve-sinh-buong-dot-o-to-wunscher-cua-duc\/#breadcrumb\",\"itemListElement\":[{\"@type\":\"ListItem\",\"position\":1,\"name\":\"Trang ch\u1ee7\",\"item\":\"https:\/\/shglobaltrade.vn\/\"},{\"@type\":\"ListItem\",\"position\":2,\"name\":\"C\u1eeda h\u00e0ng\",\"item\":\"https:\/\/shglobaltrade.vn\/cua-hang\/\"},{\"@type\":\"ListItem\",\"position\":3,\"name\":\"Maxclean Fuel System Cleaner W7723 &#8211; DUNG D\u1ecaCH V\u1ec6 SINH BU\u1ed2NG \u0110\u1ed0T \u00d4 T\u00d4 Wunscher C\u1ee7a \u0110\u1ee9c\"}]},{\"@type\":\"WebSite\",\"@id\":\"https:\/\/shglobaltrade.vn\/#website\",\"url\":\"https:\/\/shglobaltrade.vn\/\",\"name\":\"SH Global\",\"description\":\"\",\"potentialAction\":[{\"@type\":\"SearchAction\",\"target\":{\"@type\":\"EntryPoint\",\"urlTemplate\":\"https:\/\/shglobaltrade.vn\/?s={search_term_string}\"},\"query-input\":\"required name=search_term_string\"}],\"inLanguage\":\"en-US\"}]}<\/script>\n<!-- \/ Yoast SEO Premium plugin. -->","yoast_head_json":{"title":"Maxclean Fuel System Cleaner W7723 - DUNG D\u1ecaCH V\u1ec6 SINH BU\u1ed2NG \u0110\u1ed0T \u00d4 T\u00d4 Wunscher C\u1ee7a \u0110\u1ee9c - SH Global","robots":{"index":"index","follow":"follow","max-snippet":"max-snippet:-1","max-image-preview":"max-image-preview:large","max-video-preview":"max-video-preview:-1"},"canonical":"https:\/\/shglobaltrade.vn\/en\/product\/maxclean-fuel-system-cleaner-w7723-dung-dich-ve-sinh-buong-dot-o-to-wunscher-cua-duc\/","og_locale":"en_US","og_type":"article","og_title":"Maxclean Fuel System Cleaner W7723 - DUNG D\u1ecaCH V\u1ec6 SINH BU\u1ed2NG \u0110\u1ed0T \u00d4 T\u00d4 Wunscher C\u1ee7a \u0110\u1ee9c","og_description":"C\u00d4NG D\u1ee4NG:   - L\u00e0m tan c\u1eb7n b\u1ea9n v\u00e0 ch\u00ec t\u00edch t\u1ee5 trong b\u00ecnh nhi\u00ean li\u1ec7u, l\u1ecdc v\u00e0 b\u01a1m nhi\u00ean li\u1ec7u  - Lo\u1ea1i b\u1ecf c\u1eb7n ch\u00ec v\u00e0 c\u1eb7n Sunfat t\u00edch t\u1ee5 \u1edf \u0111\u1ea7u kim phun, gi\u00fap th\u00f4ng t\u1eafc kim phun  - Gi\u1ea3m s\u1ef1 h\u00ecnh th\u00e0nh c\u1eb7n carbon trong bu\u1ed3ng \u0111\u1ed1t  - Xo\u00e1 \u0111\u01b0\u1ee3c c\u00e1c l\u1ed7i b\u00e1o c\u00e1 v\u00e0ng do d\u01b0 l\u01b0\u1ee3ng nhi\u00ean li\u1ec7u trong kh\u00ed th\u1ea3i  - Lo\u1ea1i b\u1ecf hi\u1ec7n t\u01b0\u1ee3ng kh\u00f3 kh\u1edfi \u0111\u1ed9ng v\u00e0 rung l\u1eafc nh\u1eb9 c\u1ee7a \u00f4 t\u00f4  - Kh\u00f4i ph\u1ee5c c\u00f4ng su\u1ea5t \u0111\u1ed9ng c\u01a1 v\u00e0 ti\u1ebft ki\u1ec7m nhi\u00ean li\u1ec7u h\u01a1n","og_url":"https:\/\/shglobaltrade.vn\/en\/product\/maxclean-fuel-system-cleaner-w7723-dung-dich-ve-sinh-buong-dot-o-to-wunscher-cua-duc\/","og_site_name":"SH Global","article_modified_time":"2025-12-12T10:01:48+00:00","og_image":[{"width":1200,"height":1200,"url":"https:\/\/shglobaltrade.vn\/wp-content\/uploads\/2025\/11\/W7723-1.png","type":"image\/png"}],"twitter_card":"summary_large_image","twitter_misc":{"Est. reading time":"3 minutes"},"schema":{"@context":"https:\/\/schema.org","@graph":[{"@type":"WebPage","@id":"https:\/\/shglobaltrade.vn\/san-pham\/maxclean-fuel-system-cleaner-w7723-dung-dich-ve-sinh-buong-dot-o-to-wunscher-cua-duc\/","url":"https:\/\/shglobaltrade.vn\/san-pham\/maxclean-fuel-system-cleaner-w7723-dung-dich-ve-sinh-buong-dot-o-to-wunscher-cua-duc\/","name":"Maxclean Fuel System Cleaner W7723 - DUNG D\u1ecaCH V\u1ec6 SINH BU\u1ed2NG \u0110\u1ed0T \u00d4 T\u00d4 Wunscher C\u1ee7a \u0110\u1ee9c - SH Global","isPartOf":{"@id":"https:\/\/shglobaltrade.vn\/#website"},"datePublished":"2025-11-28T07:28:04+00:00","dateModified":"2025-12-12T10:01:48+00:00","breadcrumb":{"@id":"https:\/\/shglobaltrade.vn\/san-pham\/maxclean-fuel-system-cleaner-w7723-dung-dich-ve-sinh-buong-dot-o-to-wunscher-cua-duc\/#breadcrumb"},"inLanguage":"en-US","potentialAction":[{"@type":"ReadAction","target":["https:\/\/shglobaltrade.vn\/san-pham\/maxclean-fuel-system-cleaner-w7723-dung-dich-ve-sinh-buong-dot-o-to-wunscher-cua-duc\/"]}]},{"@type":"BreadcrumbList","@id":"https:\/\/shglobaltrade.vn\/san-pham\/maxclean-fuel-system-cleaner-w7723-dung-dich-ve-sinh-buong-dot-o-to-wunscher-cua-duc\/#breadcrumb","itemListElement":[{"@type":"ListItem","position":1,"name":"Trang ch\u1ee7","item":"https:\/\/shglobaltrade.vn\/"},{"@type":"ListItem","position":2,"name":"C\u1eeda h\u00e0ng","item":"https:\/\/shglobaltrade.vn\/cua-hang\/"},{"@type":"ListItem","position":3,"name":"Maxclean Fuel System Cleaner W7723 &#8211; DUNG D\u1ecaCH V\u1ec6 SINH BU\u1ed2NG \u0110\u1ed0T \u00d4 T\u00d4 Wunscher C\u1ee7a \u0110\u1ee9c"}]},{"@type":"WebSite","@id":"https:\/\/shglobaltrade.vn\/#website","url":"https:\/\/shglobaltrade.vn\/","name":"SH Global","description":"","potentialAction":[{"@type":"SearchAction","target":{"@type":"EntryPoint","urlTemplate":"https:\/\/shglobaltrade.vn\/?s={search_term_string}"},"query-input":"required name=search_term_string"}],"inLanguage":"en-US"}]}},"_links":{"self":[{"href":"https:\/\/shglobaltrade.vn\/en\/wp-json\/wp\/v2\/product\/907","targetHints":{"allow":["GET"]}}],"collection":[{"href":"https:\/\/shglobaltrade.vn\/en\/wp-json\/wp\/v2\/product"}],"about":[{"href":"https:\/\/shglobaltrade.vn\/en\/wp-json\/wp\/v2\/types\/product"}],"replies":[{"embeddable":true,"href":"https:\/\/shglobaltrade.vn\/en\/wp-json\/wp\/v2\/comments?post=907"}],"wp:featuredmedia":[{"embeddable":true,"href":"https:\/\/shglobaltrade.vn\/en\/wp-json\/wp\/v2\/media\/908"}],"wp:attachment":[{"href":"https:\/\/shglobaltrade.vn\/en\/wp-json\/wp\/v2\/media?parent=907"}],"wp:term":[{"taxonomy":"product_brand","embeddable":true,"href":"https:\/\/shglobaltrade.vn\/en\/wp-json\/wp\/v2\/product_brand?post=907"},{"taxonomy":"product_cat","embeddable":true,"href":"https:\/\/shglobaltrade.vn\/en\/wp-json\/wp\/v2\/product_cat?post=907"},{"taxonomy":"product_tag","embeddable":true,"href":"https:\/\/shglobaltrade.vn\/en\/wp-json\/wp\/v2\/product_tag?post=907"}],"curies":[{"name":"wp","href":"https:\/\/api.w.org\/{rel}","templated":true}]}}