{"id":905,"date":"2025-11-28T14:28:04","date_gmt":"2025-11-28T07:28:04","guid":{"rendered":"https:\/\/shglobal.123websitedev.com\/san-pham\/dung-dich-xuc-rua-dong-co-o-to-wunscher-cua-duc\/"},"modified":"2025-12-12T17:00:29","modified_gmt":"2025-12-12T10:00:29","slug":"engine-oil-system-flush-w7713-dung-dich-xuc-rua-dong-co-o-to-wunscher-cua-duc","status":"publish","type":"product","link":"https:\/\/shglobaltrade.vn\/en\/product\/engine-oil-system-flush-w7713-dung-dich-xuc-rua-dong-co-o-to-wunscher-cua-duc\/","title":{"rendered":"Engine Oil System Flush W7713 \u2013 Wunscher German Automotive Engine Flush Solution"},"content":{"rendered":"<p><iframe loading=\"lazy\" title=\"W7713 Motor Flush 10min\" src=\"https:\/\/sketchfab.com\/models\/636ce1e84c3d422b92ae5be56adf2ac7\/embed?autostart=1&amp;preload=1\" width=\"100%\" height=\"540\" frameborder=\"0\" allowfullscreen=\"allowfullscreen\"> <\/iframe><\/p>\n<p>Trong qu\u00e1 tr\u00ecnh s\u1eed d\u1ee5ng xe l\u00e2u ng\u00e0y, d\u1ea7u b\u00f4i tr\u01a1n s\u1ebd b\u1ecb \u0111\u00f3ng c\u1eb7n v\u00e0 t\u00edch t\u1ee5 trong l\u00f2ng \u0111\u1ed9ng c\u01a1 theo th\u1eddi gian. C\u00e1c ch\u1ea5t b\u1ea9n n\u00e0y s\u1ebd ng\u0103n c\u1ea3n d\u00f2ng ch\u1ea3y c\u1ee7a nh\u1edbt v\u00e0o nh\u1eefng ng\u00f5 ng\u00e1ch trong m\u00e1y. Dung d\u1ecbch s\u00fac r\u1eeda \u0111\u1ed9ng c\u01a1 s\u1ebd t\u1ea9y nh\u1eefng c\u1eb7n b\u1ea9n n\u00e0y, gi\u00fap d\u00f2ng ch\u1ea3y c\u1ee7a nh\u1edbt kh\u00f4ng b\u1ecb ngh\u1ebdn v\u00e0 t\u1eebng ph\u1ea7n trong \u0111\u1ed9ng c\u01a1 \u0111\u1ec1u \u0111\u01b0\u1ee3c b\u00f4i tr\u01a1n t\u1ed1i \u01b0u qu\u00e1 tr\u00ecnh v\u1eadn h\u00e0nh c\u1ee7a xe. V\u1ec7 sinh \u0111\u1ed9ng c\u01a1 l\u00e0 m\u1ed9t trong nh\u1eefng c\u00f4ng vi\u1ec7c c\u1ea7n thi\u1ebft trong vi\u1ec7c b\u1ea3o d\u01b0\u1ee1ng, ch\u0103m s\u00f3c xe.<\/p>\n<p><strong>USES: <\/strong><\/p>\n<p>&#8211; Ph\u1ee5 gia \u0111\u1eb7c bi\u1ec7t gi\u00fap lo\u1ea1i b\u1ecf c\u1eb7n, d\u1ea7u b\u1ecb ch\u00e1y v\u00e0 c\u00e1c th\u00e0nh ph\u1ea7n b\u00e0o m\u00f2n t\u1eeb c\u00e1c chi ti\u1ebft \u0111\u1ed9ng c\u01a1.<\/p>\n<p>&#8211; Lo\u1ea1i b\u1ecf c\u00e1c th\u00e0nh ph\u1ea7n k\u1ebft t\u1ee7a nh\u1ea7y nh\u1ea7y m\u00e0u \u0111en trong c\u00e1c chi ti\u1ebft \u0111\u1ed9ng c\u01a1.<\/p>\n<p>&#8211; S\u1ea3n ph\u1ea9m l\u00e0m s\u1ea1ch h\u1ec7 th\u1ed1ng d\u1ea7u nh\u1edbt, gi\u00fap cho d\u1ea7u m\u1edbi ti\u1ebfp x\u00fac t\u1ed1t t\u1edbi b\u1ec1 m\u1eb7t ma s\u00e1t, b\u00f4i tr\u01a1n v\u00e0 t\u1ea3n nhi\u1ec7t t\u1ed1t h\u01a1n.<\/p>\n<p>&#8211; C\u00f3 th\u1ec3 s\u1eed d\u1ee5ng cho \u0111\u1ed9ng c\u01a1 x\u0103ng v\u00e0 diesel c\u00f3 ho\u1eb7c kh\u00f4ng c\u00f3 b\u1ed9 turbo t\u0103ng \u00e1p.<\/p>\n<p>&#8211; S\u1eed d\u1ee5ng \u0111\u01b0\u1ee3c v\u1edbi m\u1ecdi d\u1ea7u nh\u1edbt c\u1ee7a c\u00e1c h\u00e3ng kh\u00e1c nhau.<\/p>\n<p>&#8211; \u0110\u1eb7c bi\u1ec7t hi\u1ec7u qu\u1ea3 cho c\u00e1c xe \u0111\u1eddi c\u0169, c\u00e1c xe mua \u0111i b\u00e1n l\u1ea1i, ho\u1eb7c kh\u00f4ng may s\u1eed d\u1ee5ng ph\u1ea3i d\u1ea7u nh\u1edbt k\u00e9m ch\u1ea5t l\u01b0\u1ee3ng.<\/p>\n<p>&#8212;&#8212;&#8212;&#8212;&#8212;&#8212;&#8212;&#8212;&#8212;&#8212;&#8212;&#8211;<\/p>\n<p><strong>INSTRUCTIONS FOR USE: <\/strong><\/p>\n<p>&#8211; \u0110\u1ed5 ph\u1ee5 gia v\u00e0o b\u00ecnh nh\u1edbt c\u0169 tr\u01b0\u1edbc khi thay.<\/p>\n<p>&#8211; \u0110\u1ec3 \u0111\u1ed9ng c\u01a1 ch\u1ea1y trong 10 ph\u00fat \u1edf ch\u1ebf \u0111\u1ed9 kh\u00f4ng t\u1ea3i.<\/p>\n<p>&#8211; Sau \u0111\u00f3 x\u1ea3 h\u1ebft d\u1ea7u c\u0169 v\u00e0 thay b\u1ed9 c\u1ed1c l\u1ecdc d\u1ea7u m\u1edbi.<\/p>\n<p>&#8211; 1 lon \u0111\u1ee7 \u0111\u1ec3 r\u1eeda cho \u0111\u1ed9ng c\u01a1 c\u00f3 th\u1ec3 t\u00edch l\u00ean \u0111\u1ebfn 6L nh\u1edbt<\/p>\n<p>&#8212;&#8212;&#8212;&#8212;&#8212;&#8212;&#8212;&#8212;&#8212;&#8212;-<\/p>\n<p><strong>TH\u00d4NG TIN S\u1ea2N PH\u1ea8M<\/strong><strong>:<\/strong><\/p>\n<p>&#8211; Dung t\u00edch: 443ml<\/p>\n<p>\u2013 Manufacturer: WUNSCHER Germany<\/p>\n<p>\u2013 Shelf life: 5 years from the date of manufacture<\/p>\n<p>\u26a0\ufe0f\u26a0\ufe0f\u26a0\ufe0f All products have supplementary labels clearly stating the place of manufacture, the distributing company, and instructions for use.<\/p>\n<p><strong>SH GLOBAL STORE \u2013 AUTHENTIC &amp; LEGITIMATE PRODUCTS, COMPLETE PEACE OF MIND<\/strong><\/p>\n<ul>\n<li><strong>100% is a genuine Wunscher product.<\/strong> \u2013 A reputable car care brand from Germany.<\/li>\n<li><strong>Official import<\/strong>, full <strong>Customs \u2013 Taxes \u2013 Certificate of Origin (CO) \u2013 Certificate of Quality (CQ) \u2013 Invoices and supporting documents<\/strong>.<\/li>\n<li><strong>Transparent origin<\/strong>Say no to counterfeit, fake, and substandard goods.<\/li>\n<li><strong>The product matches the description.<\/strong>Correct technical specifications, correct manufacturer standards.<\/li>\n<li><strong>D<\/strong><strong>Secure packaging \u2013 receive your order intact.<\/strong>No dents, no leaks.<\/li>\n<li><strong>100% Refund<\/strong> If you discover that the product is not genuine or does not match the description.<\/li>\n<li><strong>Nationwide delivery (COD)<\/strong> and support for inspection upon delivery (depending on regional policy).<\/li>\n<li><strong>Returns and exchanges are handled according to manufacturer standards.<\/strong>, ensuring maximum benefits for customers.<\/li>\n<\/ul>\n<p>\ud83d\udc49 <strong>Genuine products guarantee quality \u2013 Legitimate channels build trust.<\/strong><strong><br \/>\nSH Global Store offers both.<\/strong><\/p>","protected":false},"excerpt":{"rendered":"<p><strong>USES: <\/strong><\/p>\n<p>&#8211; Ph\u1ee5 gia \u0111\u1eb7c bi\u1ec7t gi\u00fap lo\u1ea1i b\u1ecf c\u1eb7n, d\u1ea7u b\u1ecb ch\u00e1y v\u00e0 c\u00e1c th\u00e0nh ph\u1ea7n b\u00e0o m\u00f2n t\u1eeb c\u00e1c chi ti\u1ebft \u0111\u1ed9ng c\u01a1.<\/p>\n<p>&#8211; Lo\u1ea1i b\u1ecf c\u00e1c th\u00e0nh ph\u1ea7n k\u1ebft t\u1ee7a nh\u1ea7y nh\u1ea7y m\u00e0u \u0111en trong c\u00e1c chi ti\u1ebft \u0111\u1ed9ng c\u01a1.<\/p>\n<p>&#8211; S\u1ea3n ph\u1ea9m l\u00e0m s\u1ea1ch h\u1ec7 th\u1ed1ng d\u1ea7u nh\u1edbt, gi\u00fap cho d\u1ea7u m\u1edbi ti\u1ebfp x\u00fac t\u1ed1t t\u1edbi b\u1ec1 m\u1eb7t ma s\u00e1t, b\u00f4i tr\u01a1n v\u00e0 t\u1ea3n nhi\u1ec7t t\u1ed1t h\u01a1n.<\/p>\n<p>&#8211; C\u00f3 th\u1ec3 s\u1eed d\u1ee5ng cho \u0111\u1ed9ng c\u01a1 x\u0103ng v\u00e0 diesel c\u00f3 ho\u1eb7c kh\u00f4ng c\u00f3 b\u1ed9 turbo t\u0103ng \u00e1p.<\/p>\n<p>&#8211; S\u1eed d\u1ee5ng \u0111\u01b0\u1ee3c v\u1edbi m\u1ecdi d\u1ea7u nh\u1edbt c\u1ee7a c\u00e1c h\u00e3ng kh\u00e1c nhau.<\/p>\n<p>&#8211; \u0110\u1eb7c bi\u1ec7t hi\u1ec7u qu\u1ea3 cho c\u00e1c xe \u0111\u1eddi c\u0169, c\u00e1c xe mua \u0111i b\u00e1n l\u1ea1i, ho\u1eb7c kh\u00f4ng may s\u1eed d\u1ee5ng ph\u1ea3i d\u1ea7u nh\u1edbt k\u00e9m ch\u1ea5t l\u01b0\u1ee3ng.<\/p>","protected":false},"featured_media":906,"comment_status":"open","ping_status":"closed","template":"","meta":[],"product_brand":[111],"product_cat":[90],"product_tag":[],"class_list":{"0":"post-905","1":"product","2":"type-product","3":"status-publish","4":"has-post-thumbnail","6":"product_brand-wunscher","7":"product_cat-chat-phu-gia","9":"first","10":"instock","11":"purchasable","12":"product-type-simple"},"acf":[],"yoast_head":"<!-- This site is optimized with the Yoast SEO Premium plugin v20.9 (Yoast SEO v20.9) - https:\/\/yoast.com\/wordpress\/plugins\/seo\/ -->\n<title>Engine Oil System Flush W7713 - DUNG D\u1ecaCH X\u00daC R\u1eecA \u0110\u1ed8NG C\u01a0 \u00d4 T\u00d4 Wunscher C\u1ee7a \u0110\u1ee9c - SH Global<\/title>\n<meta name=\"robots\" content=\"index, follow, max-snippet:-1, max-image-preview:large, max-video-preview:-1\" \/>\n<link rel=\"canonical\" href=\"https:\/\/shglobaltrade.vn\/en\/product\/engine-oil-system-flush-w7713-dung-dich-xuc-rua-dong-co-o-to-wunscher-cua-duc\/\" \/>\n<meta property=\"og:locale\" content=\"en_US\" \/>\n<meta property=\"og:type\" content=\"article\" \/>\n<meta property=\"og:title\" content=\"Engine Oil System Flush W7713 - DUNG D\u1ecaCH X\u00daC R\u1eecA \u0110\u1ed8NG C\u01a0 \u00d4 T\u00d4 Wunscher C\u1ee7a \u0110\u1ee9c\" \/>\n<meta property=\"og:description\" content=\"C\u00d4NG D\u1ee4NG:   - Ph\u1ee5 gia \u0111\u1eb7c bi\u1ec7t gi\u00fap lo\u1ea1i b\u1ecf c\u1eb7n, d\u1ea7u b\u1ecb ch\u00e1y v\u00e0 c\u00e1c th\u00e0nh ph\u1ea7n b\u00e0o m\u00f2n t\u1eeb c\u00e1c chi ti\u1ebft \u0111\u1ed9ng c\u01a1.  - Lo\u1ea1i b\u1ecf c\u00e1c th\u00e0nh ph\u1ea7n k\u1ebft t\u1ee7a nh\u1ea7y nh\u1ea7y m\u00e0u \u0111en trong c\u00e1c chi ti\u1ebft \u0111\u1ed9ng c\u01a1.  - S\u1ea3n ph\u1ea9m l\u00e0m s\u1ea1ch h\u1ec7 th\u1ed1ng d\u1ea7u nh\u1edbt, gi\u00fap cho d\u1ea7u m\u1edbi ti\u1ebfp x\u00fac t\u1ed1t t\u1edbi b\u1ec1 m\u1eb7t ma s\u00e1t, b\u00f4i tr\u01a1n v\u00e0 t\u1ea3n nhi\u1ec7t t\u1ed1t h\u01a1n.  - C\u00f3 th\u1ec3 s\u1eed d\u1ee5ng cho \u0111\u1ed9ng c\u01a1 x\u0103ng v\u00e0 diesel c\u00f3 ho\u1eb7c kh\u00f4ng c\u00f3 b\u1ed9 turbo t\u0103ng \u00e1p.  - S\u1eed d\u1ee5ng \u0111\u01b0\u1ee3c v\u1edbi m\u1ecdi d\u1ea7u nh\u1edbt c\u1ee7a c\u00e1c h\u00e3ng kh\u00e1c nhau.  - \u0110\u1eb7c bi\u1ec7t hi\u1ec7u qu\u1ea3 cho c\u00e1c xe \u0111\u1eddi c\u0169, c\u00e1c xe mua \u0111i b\u00e1n l\u1ea1i, ho\u1eb7c kh\u00f4ng may s\u1eed d\u1ee5ng ph\u1ea3i d\u1ea7u nh\u1edbt k\u00e9m ch\u1ea5t l\u01b0\u1ee3ng.\" \/>\n<meta property=\"og:url\" content=\"https:\/\/shglobaltrade.vn\/en\/product\/engine-oil-system-flush-w7713-dung-dich-xuc-rua-dong-co-o-to-wunscher-cua-duc\/\" \/>\n<meta property=\"og:site_name\" content=\"SH Global\" \/>\n<meta property=\"article:modified_time\" content=\"2025-12-12T10:00:29+00:00\" \/>\n<meta property=\"og:image\" content=\"https:\/\/shglobaltrade.vn\/wp-content\/uploads\/2025\/11\/W7713-scaled.png\" \/>\n\t<meta property=\"og:image:width\" content=\"2560\" \/>\n\t<meta property=\"og:image:height\" content=\"2560\" \/>\n\t<meta property=\"og:image:type\" content=\"image\/png\" \/>\n<meta name=\"twitter:card\" content=\"summary_large_image\" \/>\n<meta name=\"twitter:label1\" content=\"Est. reading time\" \/>\n\t<meta name=\"twitter:data1\" content=\"3 minutes\" \/>\n<script type=\"application\/ld+json\" class=\"yoast-schema-graph\">{\"@context\":\"https:\/\/schema.org\",\"@graph\":[{\"@type\":\"WebPage\",\"@id\":\"https:\/\/shglobaltrade.vn\/san-pham\/engine-oil-system-flush-w7713-dung-dich-xuc-rua-dong-co-o-to-wunscher-cua-duc\/\",\"url\":\"https:\/\/shglobaltrade.vn\/san-pham\/engine-oil-system-flush-w7713-dung-dich-xuc-rua-dong-co-o-to-wunscher-cua-duc\/\",\"name\":\"Engine Oil System Flush W7713 - DUNG D\u1ecaCH X\u00daC R\u1eecA \u0110\u1ed8NG C\u01a0 \u00d4 T\u00d4 Wunscher C\u1ee7a \u0110\u1ee9c - SH Global\",\"isPartOf\":{\"@id\":\"https:\/\/shglobaltrade.vn\/#website\"},\"datePublished\":\"2025-11-28T07:28:04+00:00\",\"dateModified\":\"2025-12-12T10:00:29+00:00\",\"breadcrumb\":{\"@id\":\"https:\/\/shglobaltrade.vn\/san-pham\/engine-oil-system-flush-w7713-dung-dich-xuc-rua-dong-co-o-to-wunscher-cua-duc\/#breadcrumb\"},\"inLanguage\":\"en-US\",\"potentialAction\":[{\"@type\":\"ReadAction\",\"target\":[\"https:\/\/shglobaltrade.vn\/san-pham\/engine-oil-system-flush-w7713-dung-dich-xuc-rua-dong-co-o-to-wunscher-cua-duc\/\"]}]},{\"@type\":\"BreadcrumbList\",\"@id\":\"https:\/\/shglobaltrade.vn\/san-pham\/engine-oil-system-flush-w7713-dung-dich-xuc-rua-dong-co-o-to-wunscher-cua-duc\/#breadcrumb\",\"itemListElement\":[{\"@type\":\"ListItem\",\"position\":1,\"name\":\"Trang ch\u1ee7\",\"item\":\"https:\/\/shglobaltrade.vn\/\"},{\"@type\":\"ListItem\",\"position\":2,\"name\":\"C\u1eeda h\u00e0ng\",\"item\":\"https:\/\/shglobaltrade.vn\/cua-hang\/\"},{\"@type\":\"ListItem\",\"position\":3,\"name\":\"Engine Oil System Flush W7713 &#8211; DUNG D\u1ecaCH X\u00daC R\u1eecA \u0110\u1ed8NG C\u01a0 \u00d4 T\u00d4 Wunscher C\u1ee7a \u0110\u1ee9c\"}]},{\"@type\":\"WebSite\",\"@id\":\"https:\/\/shglobaltrade.vn\/#website\",\"url\":\"https:\/\/shglobaltrade.vn\/\",\"name\":\"SH Global\",\"description\":\"\",\"potentialAction\":[{\"@type\":\"SearchAction\",\"target\":{\"@type\":\"EntryPoint\",\"urlTemplate\":\"https:\/\/shglobaltrade.vn\/?s={search_term_string}\"},\"query-input\":\"required name=search_term_string\"}],\"inLanguage\":\"en-US\"}]}<\/script>\n<!-- \/ Yoast SEO Premium plugin. -->","yoast_head_json":{"title":"Engine Oil System Flush W7713 - DUNG D\u1ecaCH X\u00daC R\u1eecA \u0110\u1ed8NG C\u01a0 \u00d4 T\u00d4 Wunscher C\u1ee7a \u0110\u1ee9c - SH Global","robots":{"index":"index","follow":"follow","max-snippet":"max-snippet:-1","max-image-preview":"max-image-preview:large","max-video-preview":"max-video-preview:-1"},"canonical":"https:\/\/shglobaltrade.vn\/en\/product\/engine-oil-system-flush-w7713-dung-dich-xuc-rua-dong-co-o-to-wunscher-cua-duc\/","og_locale":"en_US","og_type":"article","og_title":"Engine Oil System Flush W7713 - DUNG D\u1ecaCH X\u00daC R\u1eecA \u0110\u1ed8NG C\u01a0 \u00d4 T\u00d4 Wunscher C\u1ee7a \u0110\u1ee9c","og_description":"C\u00d4NG D\u1ee4NG:   - Ph\u1ee5 gia \u0111\u1eb7c bi\u1ec7t gi\u00fap lo\u1ea1i b\u1ecf c\u1eb7n, d\u1ea7u b\u1ecb ch\u00e1y v\u00e0 c\u00e1c th\u00e0nh ph\u1ea7n b\u00e0o m\u00f2n t\u1eeb c\u00e1c chi ti\u1ebft \u0111\u1ed9ng c\u01a1.  - Lo\u1ea1i b\u1ecf c\u00e1c th\u00e0nh ph\u1ea7n k\u1ebft t\u1ee7a nh\u1ea7y nh\u1ea7y m\u00e0u \u0111en trong c\u00e1c chi ti\u1ebft \u0111\u1ed9ng c\u01a1.  - S\u1ea3n ph\u1ea9m l\u00e0m s\u1ea1ch h\u1ec7 th\u1ed1ng d\u1ea7u nh\u1edbt, gi\u00fap cho d\u1ea7u m\u1edbi ti\u1ebfp x\u00fac t\u1ed1t t\u1edbi b\u1ec1 m\u1eb7t ma s\u00e1t, b\u00f4i tr\u01a1n v\u00e0 t\u1ea3n nhi\u1ec7t t\u1ed1t h\u01a1n.  - C\u00f3 th\u1ec3 s\u1eed d\u1ee5ng cho \u0111\u1ed9ng c\u01a1 x\u0103ng v\u00e0 diesel c\u00f3 ho\u1eb7c kh\u00f4ng c\u00f3 b\u1ed9 turbo t\u0103ng \u00e1p.  - S\u1eed d\u1ee5ng \u0111\u01b0\u1ee3c v\u1edbi m\u1ecdi d\u1ea7u nh\u1edbt c\u1ee7a c\u00e1c h\u00e3ng kh\u00e1c nhau.  - \u0110\u1eb7c bi\u1ec7t hi\u1ec7u qu\u1ea3 cho c\u00e1c xe \u0111\u1eddi c\u0169, c\u00e1c xe mua \u0111i b\u00e1n l\u1ea1i, ho\u1eb7c kh\u00f4ng may s\u1eed d\u1ee5ng ph\u1ea3i d\u1ea7u nh\u1edbt k\u00e9m ch\u1ea5t l\u01b0\u1ee3ng.","og_url":"https:\/\/shglobaltrade.vn\/en\/product\/engine-oil-system-flush-w7713-dung-dich-xuc-rua-dong-co-o-to-wunscher-cua-duc\/","og_site_name":"SH Global","article_modified_time":"2025-12-12T10:00:29+00:00","og_image":[{"width":2560,"height":2560,"url":"https:\/\/shglobaltrade.vn\/wp-content\/uploads\/2025\/11\/W7713-scaled.png","type":"image\/png"}],"twitter_card":"summary_large_image","twitter_misc":{"Est. reading time":"3 minutes"},"schema":{"@context":"https:\/\/schema.org","@graph":[{"@type":"WebPage","@id":"https:\/\/shglobaltrade.vn\/san-pham\/engine-oil-system-flush-w7713-dung-dich-xuc-rua-dong-co-o-to-wunscher-cua-duc\/","url":"https:\/\/shglobaltrade.vn\/san-pham\/engine-oil-system-flush-w7713-dung-dich-xuc-rua-dong-co-o-to-wunscher-cua-duc\/","name":"Engine Oil System Flush W7713 - DUNG D\u1ecaCH X\u00daC R\u1eecA \u0110\u1ed8NG C\u01a0 \u00d4 T\u00d4 Wunscher C\u1ee7a \u0110\u1ee9c - SH Global","isPartOf":{"@id":"https:\/\/shglobaltrade.vn\/#website"},"datePublished":"2025-11-28T07:28:04+00:00","dateModified":"2025-12-12T10:00:29+00:00","breadcrumb":{"@id":"https:\/\/shglobaltrade.vn\/san-pham\/engine-oil-system-flush-w7713-dung-dich-xuc-rua-dong-co-o-to-wunscher-cua-duc\/#breadcrumb"},"inLanguage":"en-US","potentialAction":[{"@type":"ReadAction","target":["https:\/\/shglobaltrade.vn\/san-pham\/engine-oil-system-flush-w7713-dung-dich-xuc-rua-dong-co-o-to-wunscher-cua-duc\/"]}]},{"@type":"BreadcrumbList","@id":"https:\/\/shglobaltrade.vn\/san-pham\/engine-oil-system-flush-w7713-dung-dich-xuc-rua-dong-co-o-to-wunscher-cua-duc\/#breadcrumb","itemListElement":[{"@type":"ListItem","position":1,"name":"Trang ch\u1ee7","item":"https:\/\/shglobaltrade.vn\/"},{"@type":"ListItem","position":2,"name":"C\u1eeda h\u00e0ng","item":"https:\/\/shglobaltrade.vn\/cua-hang\/"},{"@type":"ListItem","position":3,"name":"Engine Oil System Flush W7713 &#8211; DUNG D\u1ecaCH X\u00daC R\u1eecA \u0110\u1ed8NG C\u01a0 \u00d4 T\u00d4 Wunscher C\u1ee7a \u0110\u1ee9c"}]},{"@type":"WebSite","@id":"https:\/\/shglobaltrade.vn\/#website","url":"https:\/\/shglobaltrade.vn\/","name":"SH Global","description":"","potentialAction":[{"@type":"SearchAction","target":{"@type":"EntryPoint","urlTemplate":"https:\/\/shglobaltrade.vn\/?s={search_term_string}"},"query-input":"required name=search_term_string"}],"inLanguage":"en-US"}]}},"_links":{"self":[{"href":"https:\/\/shglobaltrade.vn\/en\/wp-json\/wp\/v2\/product\/905","targetHints":{"allow":["GET"]}}],"collection":[{"href":"https:\/\/shglobaltrade.vn\/en\/wp-json\/wp\/v2\/product"}],"about":[{"href":"https:\/\/shglobaltrade.vn\/en\/wp-json\/wp\/v2\/types\/product"}],"replies":[{"embeddable":true,"href":"https:\/\/shglobaltrade.vn\/en\/wp-json\/wp\/v2\/comments?post=905"}],"wp:featuredmedia":[{"embeddable":true,"href":"https:\/\/shglobaltrade.vn\/en\/wp-json\/wp\/v2\/media\/906"}],"wp:attachment":[{"href":"https:\/\/shglobaltrade.vn\/en\/wp-json\/wp\/v2\/media?parent=905"}],"wp:term":[{"taxonomy":"product_brand","embeddable":true,"href":"https:\/\/shglobaltrade.vn\/en\/wp-json\/wp\/v2\/product_brand?post=905"},{"taxonomy":"product_cat","embeddable":true,"href":"https:\/\/shglobaltrade.vn\/en\/wp-json\/wp\/v2\/product_cat?post=905"},{"taxonomy":"product_tag","embeddable":true,"href":"https:\/\/shglobaltrade.vn\/en\/wp-json\/wp\/v2\/product_tag?post=905"}],"curies":[{"name":"wp","href":"https:\/\/api.w.org\/{rel}","templated":true}]}}