{"id":845,"date":"2025-11-15T10:33:38","date_gmt":"2025-11-15T03:33:38","guid":{"rendered":"https:\/\/shglobal.123websitedev.com\/san-pham\/motul-h-tech-100-plus-5w30-sp\/"},"modified":"2025-11-19T09:16:44","modified_gmt":"2025-11-19T02:16:44","slug":"motul-h-tech-100-plus-5w30-sp","status":"publish","type":"product","link":"https:\/\/shglobaltrade.vn\/en\/product\/motul-h-tech-100-plus-5w30-sp\/","title":{"rendered":"MOTUL H-TECH 100 PLUS 5W30 SP"},"content":{"rendered":"<div>\n<div>\n<div>\n<h4>APPLICATION:<\/h4>\n<\/div>\n<div>\n<p>D\u1ea7u nh\u1edbt \u00f4t\u00f4 ch\u1ea5t l\u01b0\u1ee3ng cao 100% t\u1ed5ng h\u1ee3p d\u00e0nh cho \u0111\u1ed9ng c\u01a1 xe nh\u1eadp kh\u1ea9u \u0111\u1eddi m\u1edbi, th\u00f4ng d\u1ee5ng c\u1ee7a c\u00e1c h\u00e3ng nh\u01b0: Honda, Toyota, Mitsubishi, Chervolet, Huyndai, Kia&#8230; y\u00eau c\u1ea7u c\u1ea5p \u0111\u1ed9 nh\u1edbt ph\u00f9 h\u1ee3p.<\/p>\n<\/div>\n<\/div>\n<div>\n<div>\n<h4>ADVANTAGE:<\/h4>\n<\/div>\n<div>\n<p>\u2022 C\u1ea5p ch\u1ea5t l\u01b0\u1ee3ng m\u1edbi API SP b\u1ea3o v\u1ec7 ch\u1ed1ng \u0110\u00e1nh l\u1eeda s\u1edbm \u1edf t\u1ed1c \u0111\u1ed9 th\u1ea5p (LSPI) gi\u00fap ng\u0103n ng\u1eeba h\u1ecfng h\u00f3c b\u00ean trong \u0111\u1ed9ng c\u01a1<br \/>\n\u2022 Ti\u1ebft ki\u1ec7m nhi\u00ean li\u1ec7u h\u01a1n so v\u1edbi nh\u1eefng ti\u00eau chu\u1ea9n tr\u01b0\u1edbc \u0111\u00f3<br \/>\n\u2022 D\u1ea7u nh\u1edbt ti\u00ean phong tr\u00ean th\u1ecb tr\u01b0\u1eddng \u0111\u1ea3m b\u1ea3o gi\u1eef s\u1ea1ch \u0111\u1ed9ng c\u01a1 th\u00f4ng qua \u0111\u1eb7c t\u00ednh ch\u1ed1ng t\u1ea1o c\u1eb7n v\u00e0 \u0111\u00f3ng c\u1eb7n \u0111\u1ed9ng c\u01a1<br \/>\n\u2022 D\u1ea7u nh\u1edbt 100% t\u1ed5ng h\u1ee3p, b\u1ea3o v\u1ec7 \u0111\u1ed9ng c\u01a1 th\u00f4ng qua \u0111\u1ed9 b\u1ec1n oxi h\u00f3a tuy\u1ec7t h\u1ea3o gi\u00fap k\u00e9o d\u00e0i th\u1eddi gian s\u1eed d\u1ee5ng d\u1ea7u<br \/>\n\u2022 Duy tr\u00ec b\u00f4i tr\u01a1n khi v\u1eadn h\u00e0nh \u1edf nhi\u1ec7t \u0111\u1ed9 cao<\/p>\n<\/div>\n<\/div>\n<table>\n<tbody>\n<tr>\n<td>ENGINE TYPE:<\/td>\n<td>\u0110\u1ed9ng c\u01a1 x\u0103ng<\/td>\n<\/tr>\n<tr>\n<td>QUALITY:<\/td>\n<td>100% synthetic engine oil<\/td>\n<\/tr>\n<tr>\n<td>PRODUCT LIST:<\/td>\n<td>D\u1ea7u nh\u1edbt xe \u00f4t\u00f4<\/td>\n<\/tr>\n<\/tbody>\n<\/table>\n<\/div>","protected":false},"excerpt":{"rendered":"<p>High quality motor oil, 100% synthetic for new generation car engines.<\/p>","protected":false},"featured_media":846,"comment_status":"open","ping_status":"closed","template":"","meta":[],"product_brand":[119],"product_cat":[129,87],"product_tag":[],"class_list":{"0":"post-845","1":"product","2":"type-product","3":"status-publish","4":"has-post-thumbnail","6":"product_brand-motul-2","7":"product_cat-dau-nhot-xe-hoi","8":"product_cat-dau-nhot","10":"first","11":"instock","12":"product-type-simple"},"acf":[],"yoast_head":"<!-- This site is optimized with the Yoast SEO Premium plugin v20.9 (Yoast SEO v20.9) - https:\/\/yoast.com\/wordpress\/plugins\/seo\/ -->\n<title>MOTUL H-TECH 100 PLUS 5W30 SP - SH Global<\/title>\n<meta name=\"robots\" content=\"index, follow, max-snippet:-1, max-image-preview:large, max-video-preview:-1\" \/>\n<link rel=\"canonical\" href=\"https:\/\/shglobaltrade.vn\/en\/product\/motul-h-tech-100-plus-5w30-sp\/\" \/>\n<meta property=\"og:locale\" content=\"en_US\" \/>\n<meta property=\"og:type\" content=\"article\" \/>\n<meta property=\"og:title\" content=\"MOTUL H-TECH 100 PLUS 5W30 SP\" \/>\n<meta property=\"og:description\" content=\"D\u1ea7u nh\u1edbt \u00f4t\u00f4 ch\u1ea5t l\u01b0\u1ee3ng cao, 100% t\u1ed5ng h\u1ee3p d\u00e0nh cho c\u00e1c \u0111\u1ed9ng c\u01a1 xe \u00f4t\u00f4 \u0111\u1eddi m\u1edbi.\" \/>\n<meta property=\"og:url\" content=\"https:\/\/shglobaltrade.vn\/en\/product\/motul-h-tech-100-plus-5w30-sp\/\" \/>\n<meta property=\"og:site_name\" content=\"SH Global\" \/>\n<meta property=\"article:modified_time\" content=\"2025-11-19T02:16:44+00:00\" \/>\n<meta property=\"og:image\" content=\"https:\/\/shglobaltrade.vn\/wp-content\/uploads\/2025\/11\/H-TECH-100-PLUS-1L-900x900-1.png\" \/>\n\t<meta property=\"og:image:width\" content=\"900\" \/>\n\t<meta property=\"og:image:height\" content=\"900\" \/>\n\t<meta property=\"og:image:type\" content=\"image\/png\" \/>\n<meta name=\"twitter:card\" content=\"summary_large_image\" \/>\n<meta name=\"twitter:label1\" content=\"Est. reading time\" \/>\n\t<meta name=\"twitter:data1\" content=\"1 minute\" \/>\n<script type=\"application\/ld+json\" class=\"yoast-schema-graph\">{\"@context\":\"https:\/\/schema.org\",\"@graph\":[{\"@type\":\"WebPage\",\"@id\":\"https:\/\/shglobaltrade.vn\/san-pham\/motul-h-tech-100-plus-5w30-sp\/\",\"url\":\"https:\/\/shglobaltrade.vn\/san-pham\/motul-h-tech-100-plus-5w30-sp\/\",\"name\":\"MOTUL H-TECH 100 PLUS 5W30 SP - SH Global\",\"isPartOf\":{\"@id\":\"https:\/\/shglobaltrade.vn\/#website\"},\"datePublished\":\"2025-11-15T03:33:38+00:00\",\"dateModified\":\"2025-11-19T02:16:44+00:00\",\"breadcrumb\":{\"@id\":\"https:\/\/shglobaltrade.vn\/san-pham\/motul-h-tech-100-plus-5w30-sp\/#breadcrumb\"},\"inLanguage\":\"en-US\",\"potentialAction\":[{\"@type\":\"ReadAction\",\"target\":[\"https:\/\/shglobaltrade.vn\/san-pham\/motul-h-tech-100-plus-5w30-sp\/\"]}]},{\"@type\":\"BreadcrumbList\",\"@id\":\"https:\/\/shglobaltrade.vn\/san-pham\/motul-h-tech-100-plus-5w30-sp\/#breadcrumb\",\"itemListElement\":[{\"@type\":\"ListItem\",\"position\":1,\"name\":\"Trang ch\u1ee7\",\"item\":\"https:\/\/shglobaltrade.vn\/\"},{\"@type\":\"ListItem\",\"position\":2,\"name\":\"C\u1eeda h\u00e0ng\",\"item\":\"https:\/\/shglobaltrade.vn\/cua-hang\/\"},{\"@type\":\"ListItem\",\"position\":3,\"name\":\"MOTUL H-TECH 100 PLUS 5W30 SP\"}]},{\"@type\":\"WebSite\",\"@id\":\"https:\/\/shglobaltrade.vn\/#website\",\"url\":\"https:\/\/shglobaltrade.vn\/\",\"name\":\"SH Global\",\"description\":\"\",\"potentialAction\":[{\"@type\":\"SearchAction\",\"target\":{\"@type\":\"EntryPoint\",\"urlTemplate\":\"https:\/\/shglobaltrade.vn\/?s={search_term_string}\"},\"query-input\":\"required name=search_term_string\"}],\"inLanguage\":\"en-US\"}]}<\/script>\n<!-- \/ Yoast SEO Premium plugin. -->","yoast_head_json":{"title":"MOTUL H-TECH 100 PLUS 5W30 SP - SH Global","robots":{"index":"index","follow":"follow","max-snippet":"max-snippet:-1","max-image-preview":"max-image-preview:large","max-video-preview":"max-video-preview:-1"},"canonical":"https:\/\/shglobaltrade.vn\/en\/product\/motul-h-tech-100-plus-5w30-sp\/","og_locale":"en_US","og_type":"article","og_title":"MOTUL H-TECH 100 PLUS 5W30 SP","og_description":"D\u1ea7u nh\u1edbt \u00f4t\u00f4 ch\u1ea5t l\u01b0\u1ee3ng cao, 100% t\u1ed5ng h\u1ee3p d\u00e0nh cho c\u00e1c \u0111\u1ed9ng c\u01a1 xe \u00f4t\u00f4 \u0111\u1eddi m\u1edbi.","og_url":"https:\/\/shglobaltrade.vn\/en\/product\/motul-h-tech-100-plus-5w30-sp\/","og_site_name":"SH Global","article_modified_time":"2025-11-19T02:16:44+00:00","og_image":[{"width":900,"height":900,"url":"https:\/\/shglobaltrade.vn\/wp-content\/uploads\/2025\/11\/H-TECH-100-PLUS-1L-900x900-1.png","type":"image\/png"}],"twitter_card":"summary_large_image","twitter_misc":{"Est. reading time":"1 minute"},"schema":{"@context":"https:\/\/schema.org","@graph":[{"@type":"WebPage","@id":"https:\/\/shglobaltrade.vn\/san-pham\/motul-h-tech-100-plus-5w30-sp\/","url":"https:\/\/shglobaltrade.vn\/san-pham\/motul-h-tech-100-plus-5w30-sp\/","name":"MOTUL H-TECH 100 PLUS 5W30 SP - SH Global","isPartOf":{"@id":"https:\/\/shglobaltrade.vn\/#website"},"datePublished":"2025-11-15T03:33:38+00:00","dateModified":"2025-11-19T02:16:44+00:00","breadcrumb":{"@id":"https:\/\/shglobaltrade.vn\/san-pham\/motul-h-tech-100-plus-5w30-sp\/#breadcrumb"},"inLanguage":"en-US","potentialAction":[{"@type":"ReadAction","target":["https:\/\/shglobaltrade.vn\/san-pham\/motul-h-tech-100-plus-5w30-sp\/"]}]},{"@type":"BreadcrumbList","@id":"https:\/\/shglobaltrade.vn\/san-pham\/motul-h-tech-100-plus-5w30-sp\/#breadcrumb","itemListElement":[{"@type":"ListItem","position":1,"name":"Trang ch\u1ee7","item":"https:\/\/shglobaltrade.vn\/"},{"@type":"ListItem","position":2,"name":"C\u1eeda h\u00e0ng","item":"https:\/\/shglobaltrade.vn\/cua-hang\/"},{"@type":"ListItem","position":3,"name":"MOTUL H-TECH 100 PLUS 5W30 SP"}]},{"@type":"WebSite","@id":"https:\/\/shglobaltrade.vn\/#website","url":"https:\/\/shglobaltrade.vn\/","name":"SH Global","description":"","potentialAction":[{"@type":"SearchAction","target":{"@type":"EntryPoint","urlTemplate":"https:\/\/shglobaltrade.vn\/?s={search_term_string}"},"query-input":"required name=search_term_string"}],"inLanguage":"en-US"}]}},"_links":{"self":[{"href":"https:\/\/shglobaltrade.vn\/en\/wp-json\/wp\/v2\/product\/845","targetHints":{"allow":["GET"]}}],"collection":[{"href":"https:\/\/shglobaltrade.vn\/en\/wp-json\/wp\/v2\/product"}],"about":[{"href":"https:\/\/shglobaltrade.vn\/en\/wp-json\/wp\/v2\/types\/product"}],"replies":[{"embeddable":true,"href":"https:\/\/shglobaltrade.vn\/en\/wp-json\/wp\/v2\/comments?post=845"}],"wp:featuredmedia":[{"embeddable":true,"href":"https:\/\/shglobaltrade.vn\/en\/wp-json\/wp\/v2\/media\/846"}],"wp:attachment":[{"href":"https:\/\/shglobaltrade.vn\/en\/wp-json\/wp\/v2\/media?parent=845"}],"wp:term":[{"taxonomy":"product_brand","embeddable":true,"href":"https:\/\/shglobaltrade.vn\/en\/wp-json\/wp\/v2\/product_brand?post=845"},{"taxonomy":"product_cat","embeddable":true,"href":"https:\/\/shglobaltrade.vn\/en\/wp-json\/wp\/v2\/product_cat?post=845"},{"taxonomy":"product_tag","embeddable":true,"href":"https:\/\/shglobaltrade.vn\/en\/wp-json\/wp\/v2\/product_tag?post=845"}],"curies":[{"name":"wp","href":"https:\/\/api.w.org\/{rel}","templated":true}]}}