{"id":832,"date":"2025-11-15T10:33:38","date_gmt":"2025-11-15T03:33:38","guid":{"rendered":"https:\/\/shglobal.123websitedev.com\/san-pham\/motul-scooter-expert-4t-10w40\/"},"modified":"2025-11-15T10:33:47","modified_gmt":"2025-11-15T03:33:47","slug":"motul-scooter-expert-4t-10w40","status":"publish","type":"product","link":"https:\/\/shglobaltrade.vn\/en\/product\/motul-scooter-expert-4t-10w40\/","title":{"rendered":"MOTUL SCOOTER EXPERT 4T 10W40"},"content":{"rendered":"<div>\n<div>\n<div>\n<h4>APPLICATION:<\/h4>\n<\/div>\n<div>\n<p>S\u1eed d\u1ee5ng cho c&aacute;c lo\u1ea1i \u0111\u1ed9ng c\u01a1 xe tay ga 4 th&igrave; \u0111\u1eddi m\u1edbi, c&ocirc;ng su\u1ea5t m\u1ea1nh c\u1ee7a c&aacute;c h&atilde;ng nh\u01b0 Honda, Yamaha, Suzuki, Piaggio, SYM&hellip; y&ecirc;u c\u1ea7u ti&ecirc;u chu\u1ea9n JASO MB v&agrave; \u0111\u1ed9 nh\u1edbt ph&ugrave; h\u1ee3p.<\/p>\n<\/div>\n<\/div>\n<div>\n<div>\n<h4>ADVANTAGE:<\/h4>\n<\/div>\n<div>\n<p>&bull;&nbsp;T&iacute;nh n\u0103ng t\u1ea9y r\u1eeda v&agrave; ph&acirc;n t&aacute;n t\u1ed1t gi&uacute;p gi\u1eef \u0111\u1ed9ng c\u01a1 lu&ocirc;n s\u1ea1ch s\u1ebd.<\/p>\n<p>&bull;&nbsp;C&acirc;n b\u1eb1ng ho&agrave;n h\u1ea3o gi\u1eefa t&iacute;nh n\u0103ng b\u1ea3o v\u1ec7 ch\u1ed1ng c\u1eb7n m&ugrave;n, m&agrave;i m&ograve;n v&agrave; \u0103n m&ograve;n.<\/p>\n<p>&bull;&nbsp;D\u1ea7u nh\u1edbt b&aacute;n t\u1ed5ng h\u1ee3p v\u1edbi t&iacute;nh n\u0103ng ch\u1ed1ng oxy h&oacute;a t\u1ed1t gi&uacute;p k&eacute;o d&agrave;i th\u1eddi gian s\u1eed d\u1ee5ng d\u1ea7u.<\/p>\n<\/div>\n<\/div>\n<div>\n<table>\n<tbody>\n<tr>\n<td>ENGINE TYPE:<\/td>\n<td>4 stroke<\/td>\n<\/tr>\n<tr>\n<td>JASO STANDARD:<\/td>\n<td>API SP; JASO MB-2023<\/td>\n<\/tr>\n<tr>\n<td>PACKAGING:<\/td>\n<td>1L, 800ML<\/td>\n<\/tr>\n<tr>\n<td>PRODUCT LIST:<\/td>\n<td>Xe Tay Ga<\/td>\n<\/tr>\n<tr>\n<td>VISCOSITY:<\/td>\n<td>10W40<\/td>\n<\/tr>\n<tr>\n<td>RECOMMENDED RETAIL PRICE:<\/td>\n<td>168,000 VND(0.8L) &#8211; 190,000 VND(1L)<\/td>\n<\/tr>\n<\/tbody>\n<\/table>\n<\/div>\n<\/div>","protected":false},"excerpt":{"rendered":"<p>Synthetic technology engine oil for 4-stroke Scooters and Maxi Scooters.<\/p>","protected":false},"featured_media":833,"comment_status":"open","ping_status":"open","template":"","meta":[],"product_brand":[119],"product_cat":[124,120,87],"product_tag":[],"class_list":{"0":"post-832","1":"product","2":"type-product","3":"status-publish","4":"has-post-thumbnail","6":"product_brand-motul-2","7":"product_cat-dau-nhot-xe-ga","8":"product_cat-dau-nhot-xe-may","9":"product_cat-dau-nhot","11":"first","12":"instock","13":"product-type-simple"},"acf":[],"yoast_head":"<!-- This site is optimized with the Yoast SEO Premium plugin v20.9 (Yoast SEO v20.9) - https:\/\/yoast.com\/wordpress\/plugins\/seo\/ -->\n<title>MOTUL SCOOTER EXPERT 4T 10W40 - SH Global<\/title>\n<meta name=\"robots\" content=\"index, follow, max-snippet:-1, max-image-preview:large, max-video-preview:-1\" \/>\n<link rel=\"canonical\" href=\"https:\/\/shglobaltrade.vn\/en\/product\/motul-scooter-expert-4t-10w40\/\" \/>\n<meta property=\"og:locale\" content=\"en_US\" \/>\n<meta property=\"og:type\" content=\"article\" \/>\n<meta property=\"og:title\" content=\"MOTUL SCOOTER EXPERT 4T 10W40\" \/>\n<meta property=\"og:description\" content=\"D\u1ea7u nh\u1edbt c\u00f4ng ngh\u1ec7 t\u1ed5ng h\u1ee3p d\u00e0nh cho xe Tay Ga 4 th\u00ec v\u00e0 xe Tay Ga C\u1ee1 L\u1edbn ( Maxi Scooters ).\" \/>\n<meta property=\"og:url\" content=\"https:\/\/shglobaltrade.vn\/en\/product\/motul-scooter-expert-4t-10w40\/\" \/>\n<meta property=\"og:site_name\" content=\"SH Global\" \/>\n<meta property=\"article:modified_time\" content=\"2025-11-15T03:33:47+00:00\" \/>\n<meta property=\"og:image\" content=\"https:\/\/shglobaltrade.vn\/wp-content\/uploads\/2025\/11\/0.8L-Scooter-Expert-LE-10W40-F1585-B3074-truoc-515x800.png\" \/>\n\t<meta property=\"og:image:width\" content=\"515\" \/>\n\t<meta property=\"og:image:height\" content=\"800\" \/>\n\t<meta property=\"og:image:type\" content=\"image\/png\" \/>\n<meta name=\"twitter:card\" content=\"summary_large_image\" \/>\n<meta name=\"twitter:label1\" content=\"Est. reading time\" \/>\n\t<meta name=\"twitter:data1\" content=\"1 minute\" \/>\n<script type=\"application\/ld+json\" class=\"yoast-schema-graph\">{\"@context\":\"https:\/\/schema.org\",\"@graph\":[{\"@type\":\"WebPage\",\"@id\":\"https:\/\/shglobaltrade.vn\/san-pham\/motul-scooter-expert-4t-10w40\/\",\"url\":\"https:\/\/shglobaltrade.vn\/san-pham\/motul-scooter-expert-4t-10w40\/\",\"name\":\"MOTUL SCOOTER EXPERT 4T 10W40 - SH Global\",\"isPartOf\":{\"@id\":\"https:\/\/shglobaltrade.vn\/#website\"},\"datePublished\":\"2025-11-15T03:33:38+00:00\",\"dateModified\":\"2025-11-15T03:33:47+00:00\",\"breadcrumb\":{\"@id\":\"https:\/\/shglobaltrade.vn\/san-pham\/motul-scooter-expert-4t-10w40\/#breadcrumb\"},\"inLanguage\":\"en-US\",\"potentialAction\":[{\"@type\":\"ReadAction\",\"target\":[\"https:\/\/shglobaltrade.vn\/san-pham\/motul-scooter-expert-4t-10w40\/\"]}]},{\"@type\":\"BreadcrumbList\",\"@id\":\"https:\/\/shglobaltrade.vn\/san-pham\/motul-scooter-expert-4t-10w40\/#breadcrumb\",\"itemListElement\":[{\"@type\":\"ListItem\",\"position\":1,\"name\":\"Trang ch\u1ee7\",\"item\":\"https:\/\/shglobaltrade.vn\/\"},{\"@type\":\"ListItem\",\"position\":2,\"name\":\"C\u1eeda h\u00e0ng\",\"item\":\"https:\/\/shglobaltrade.vn\/cua-hang\/\"},{\"@type\":\"ListItem\",\"position\":3,\"name\":\"MOTUL SCOOTER EXPERT 4T 10W40\"}]},{\"@type\":\"WebSite\",\"@id\":\"https:\/\/shglobaltrade.vn\/#website\",\"url\":\"https:\/\/shglobaltrade.vn\/\",\"name\":\"SH Global\",\"description\":\"\",\"potentialAction\":[{\"@type\":\"SearchAction\",\"target\":{\"@type\":\"EntryPoint\",\"urlTemplate\":\"https:\/\/shglobaltrade.vn\/?s={search_term_string}\"},\"query-input\":\"required name=search_term_string\"}],\"inLanguage\":\"en-US\"}]}<\/script>\n<!-- \/ Yoast SEO Premium plugin. -->","yoast_head_json":{"title":"MOTUL SCOOTER EXPERT 4T 10W40 - SH Global","robots":{"index":"index","follow":"follow","max-snippet":"max-snippet:-1","max-image-preview":"max-image-preview:large","max-video-preview":"max-video-preview:-1"},"canonical":"https:\/\/shglobaltrade.vn\/en\/product\/motul-scooter-expert-4t-10w40\/","og_locale":"en_US","og_type":"article","og_title":"MOTUL SCOOTER EXPERT 4T 10W40","og_description":"D\u1ea7u nh\u1edbt c\u00f4ng ngh\u1ec7 t\u1ed5ng h\u1ee3p d\u00e0nh cho xe Tay Ga 4 th\u00ec v\u00e0 xe Tay Ga C\u1ee1 L\u1edbn ( Maxi Scooters ).","og_url":"https:\/\/shglobaltrade.vn\/en\/product\/motul-scooter-expert-4t-10w40\/","og_site_name":"SH Global","article_modified_time":"2025-11-15T03:33:47+00:00","og_image":[{"width":515,"height":800,"url":"https:\/\/shglobaltrade.vn\/wp-content\/uploads\/2025\/11\/0.8L-Scooter-Expert-LE-10W40-F1585-B3074-truoc-515x800.png","type":"image\/png"}],"twitter_card":"summary_large_image","twitter_misc":{"Est. reading time":"1 minute"},"schema":{"@context":"https:\/\/schema.org","@graph":[{"@type":"WebPage","@id":"https:\/\/shglobaltrade.vn\/san-pham\/motul-scooter-expert-4t-10w40\/","url":"https:\/\/shglobaltrade.vn\/san-pham\/motul-scooter-expert-4t-10w40\/","name":"MOTUL SCOOTER EXPERT 4T 10W40 - SH Global","isPartOf":{"@id":"https:\/\/shglobaltrade.vn\/#website"},"datePublished":"2025-11-15T03:33:38+00:00","dateModified":"2025-11-15T03:33:47+00:00","breadcrumb":{"@id":"https:\/\/shglobaltrade.vn\/san-pham\/motul-scooter-expert-4t-10w40\/#breadcrumb"},"inLanguage":"en-US","potentialAction":[{"@type":"ReadAction","target":["https:\/\/shglobaltrade.vn\/san-pham\/motul-scooter-expert-4t-10w40\/"]}]},{"@type":"BreadcrumbList","@id":"https:\/\/shglobaltrade.vn\/san-pham\/motul-scooter-expert-4t-10w40\/#breadcrumb","itemListElement":[{"@type":"ListItem","position":1,"name":"Trang ch\u1ee7","item":"https:\/\/shglobaltrade.vn\/"},{"@type":"ListItem","position":2,"name":"C\u1eeda h\u00e0ng","item":"https:\/\/shglobaltrade.vn\/cua-hang\/"},{"@type":"ListItem","position":3,"name":"MOTUL SCOOTER EXPERT 4T 10W40"}]},{"@type":"WebSite","@id":"https:\/\/shglobaltrade.vn\/#website","url":"https:\/\/shglobaltrade.vn\/","name":"SH Global","description":"","potentialAction":[{"@type":"SearchAction","target":{"@type":"EntryPoint","urlTemplate":"https:\/\/shglobaltrade.vn\/?s={search_term_string}"},"query-input":"required name=search_term_string"}],"inLanguage":"en-US"}]}},"_links":{"self":[{"href":"https:\/\/shglobaltrade.vn\/en\/wp-json\/wp\/v2\/product\/832","targetHints":{"allow":["GET"]}}],"collection":[{"href":"https:\/\/shglobaltrade.vn\/en\/wp-json\/wp\/v2\/product"}],"about":[{"href":"https:\/\/shglobaltrade.vn\/en\/wp-json\/wp\/v2\/types\/product"}],"replies":[{"embeddable":true,"href":"https:\/\/shglobaltrade.vn\/en\/wp-json\/wp\/v2\/comments?post=832"}],"wp:featuredmedia":[{"embeddable":true,"href":"https:\/\/shglobaltrade.vn\/en\/wp-json\/wp\/v2\/media\/833"}],"wp:attachment":[{"href":"https:\/\/shglobaltrade.vn\/en\/wp-json\/wp\/v2\/media?parent=832"}],"wp:term":[{"taxonomy":"product_brand","embeddable":true,"href":"https:\/\/shglobaltrade.vn\/en\/wp-json\/wp\/v2\/product_brand?post=832"},{"taxonomy":"product_cat","embeddable":true,"href":"https:\/\/shglobaltrade.vn\/en\/wp-json\/wp\/v2\/product_cat?post=832"},{"taxonomy":"product_tag","embeddable":true,"href":"https:\/\/shglobaltrade.vn\/en\/wp-json\/wp\/v2\/product_tag?post=832"}],"curies":[{"name":"wp","href":"https:\/\/api.w.org\/{rel}","templated":true}]}}