{"id":811,"date":"2025-11-15T10:33:38","date_gmt":"2025-11-15T03:33:38","guid":{"rendered":"https:\/\/shglobal.123websitedev.com\/san-pham\/motul-5100-4t-10w30\/"},"modified":"2025-11-15T10:33:43","modified_gmt":"2025-11-15T03:33:43","slug":"motul-5100-4t-10w30","status":"publish","type":"product","link":"https:\/\/shglobaltrade.vn\/en\/product\/motul-5100-4t-10w30\/","title":{"rendered":"MOTUL 5100 4T 10W30"},"content":{"rendered":"<div>\n<div>\n<div>\n<h4>APPLICATION:<\/h4>\n<\/div>\n<div>\n<div>\n<div>\n<div>\n<p>Sa\u0309n ph&acirc;\u0309m s\u01b0\u0309 du\u0323ng cho \u0111\u1ecd\u0302ng co\u031b xe ma\u0301y 4 thi\u0300 nhu\u031b ca\u0301c do\u0300ng xe \u0111u\u031b\u01a1\u0300ng tru\u031b\u01a1\u0300ng, xe \u0111i\u0323a hi\u0300nh, &#8230; co\u0301 trang bi\u0323 ly h\u01a1\u0323p kho\u0302 ho\u1ea1\u0306c u\u031b\u01a1\u0301t, co\u0301 h\u1ecd\u0302p s&ocirc;\u0301 ho\u1ea1\u0306c kho\u0302ng co\u0301 h\u1ecd\u0302p s&ocirc;\u0301, ca\u0301c \u0111\u1ecd\u0302ng co\u031b \u0111u\u031b\u01a1\u0323c khuy&ecirc;\u0301n nghi\u0323 s\u01b0\u0309 du\u0323ng \u0111\u1ecd\u0302 nh\u01a1\u0301t th&acirc;\u0301p \u0111a\u0301p \u01b0\u0301ng tie\u0302u chu&acirc;\u0309n Euro 2 va\u0300 Euro 3, co\u0301 trang bi\u0323 b\u1ecd\u0302 x\u01b0\u0309 ly\u0301 khi\u0301 tha\u0309i.<\/p>\n<p>Sa\u0309n ph&acirc;\u0309m \u0111u\u031b\u01a1\u0323c khuy&ecirc;\u0301n nghi\u0323 s\u01b0\u0309 du\u0323ng cho ca\u0301c do\u0300ng xe ma\u0301y HONDA, YAMAHA ye\u0302u c&acirc;\u0300u c&acirc;\u0301p \u0111\u1ecd\u0302 nh\u01a1\u0301t 10W30.<\/p>\n<p>Sa\u0309n ph&acirc;\u0309m cu\u0303ng co\u0301 th&ecirc;\u0309 s\u01b0\u0309 du\u0323ng cho ca\u0301c xe kho\u0302ng co\u0301 b\u1ecd\u0302 x\u01b0\u0309 ly\u0301 khi\u0301 tha\u0309i, xe tay ga, ATV&rsquo;s, UTV&rsquo;s&#8230;.<\/p>\n<\/div>\n<\/div>\n<\/div>\n<\/div>\n<\/div>\n<div>\n<div>\n<h4>ADVANTAGE:<\/h4>\n<\/div>\n<div>\n<div>\n<div>\n<div>\n<p>\u0110\u1ea1\u0306c ti\u0301nh ba\u0309o v\u1eb9\u0302<\/p>\n<p>D&acirc;\u0300u nh\u01a1\u0301t ba\u0301n t&ocirc;\u0309ng h\u01a1\u0323p co\u0302ng ngh\u1eb9\u0302 Technosynthese&reg; \u0111u\u031b\u01a1\u0323c ta\u0306ng cu\u031b\u01a1\u0300ng d&acirc;\u0300u g&ocirc;\u0301c Ester giu\u0301p ba\u0309o v\u1eb9\u0302 ch&ocirc;\u0301ng ma\u0300i mo\u0300n hoa\u0300n ha\u0309o va\u0300 ke\u0301o da\u0300i tu&ocirc;\u0309i tho\u0323 h\u1ecd\u0302p s&ocirc;\u0301.<br \/> Ca\u0309i thi\u1eb9\u0302n \u0111\u1ecd\u0302 b&ecirc;\u0300n ma\u0300ng d&acirc;\u0300u \u01a1\u0309 nhi\u1eb9\u0302t \u0111\u1ecd\u0302 cao giu\u0301p ke\u0301o da\u0300i tu&ocirc;\u0309i tho\u0323 \u0111\u1ecd\u0302ng co\u031b.<br \/> Ha\u0300m lu\u031b\u01a1\u0323ng photpho va\u0300 sunfua \u0111u\u031b\u01a1\u0323c t&ocirc;\u0301i u\u031bu ho\u0301a (JASO MA2 &lt; 1200 ppm) tu\u031bo\u031bng thi\u0301ch ho\u031bn v\u01a1\u0301i b\u1ecd\u0302 x\u01b0\u0309 ly\u0301 khi\u0301 tha\u0309i.<\/p>\n<p>H\u1eb9\u0302 phu\u0323 gia ch&ocirc;\u0301ng ma\u0300i mo\u0300n tie\u0302n ti&ecirc;\u0301n giu\u0301p ba\u0309o v\u1eb9\u0302 hoa\u0300n ha\u0309o h\u1ecd\u0302p s&ocirc;\u0301. K&ecirc;\u0301t qua\u0309 phe\u0301p th\u01b0\u0309 FZG: \u0110a\u0323t FLS 14. Phu\u031bo\u031bng pha\u0301p FZG xa\u0301c \u0111i\u0323nh m\u01b0\u0301c lua\u0302n chuy&ecirc;\u0309n va\u0300 ba\u0309o v\u1eb9\u0302 ch&ocirc;\u0301ng ma\u0300i mo\u0300n ba\u0301nh ra\u0306ng cu\u0309a d&acirc;\u0300u nh\u01a1\u0301t theo t\u01b0\u0300ng c&acirc;\u0301p ta\u0309i tro\u0323ng kha\u0301c nhau.<\/p>\n<p>\u0110a\u0323t tie\u0302u chu&acirc;\u0309n JASO MA2<\/p>\n<p>Tie\u0302u chu&acirc;\u0309n JASO \u0111u\u031b\u01a1\u0323c pha\u0301t tri&ecirc;\u0309n da\u0300nh cho \u0111\u1ecd\u0302ng co\u031b xe ma\u0301y 4 thi\u0300 &#8211; JASO T903 bao g&ocirc;\u0300m 3 c&acirc;\u0301p \u0111\u1ecd\u0302 MA, MA1 va\u0300 MA2<br \/> Tie\u0302u chu&acirc;\u0309n JASO MA2 v\u01a1\u0301i \u0111\u1ecd\u0302 ma sa\u0301t t&ocirc;\u0301i u\u031bu giu\u0301p duy tri\u0300 kho\u0301a c\u01b0\u0301ng ly h\u01a1\u0323p \u01a1\u0309 mo\u0323i ch&ecirc;\u0301 \u0111\u1ecd\u0302 v\u1ea1\u0302n ha\u0300nh nhu\u031b khi kh\u01a1\u0309i \u0111\u1ecd\u0302ng, ta\u0306ng t&ocirc;\u0301c va\u0300 gi\u01b0\u0303 t&ocirc;\u0301c.<\/p>\n<\/div>\n<\/div>\n<\/div>\n<\/div>\n<\/div>\n<div>\n<table>\n<tbody>\n<tr>\n<td>ENGINE TYPE:<\/td>\n<td>4 stroke<\/td>\n<\/tr>\n<tr>\n<td>QUALITY:<\/td>\n<td>Summary 100%<\/td>\n<\/tr>\n<tr>\n<td>PACKAGING:<\/td>\n<td>B&igrave;nh 1L, 0.8L<\/td>\n<\/tr>\n<tr>\n<td>PRODUCT LIST:<\/td>\n<td>Motorbike<\/td>\n<\/tr>\n<tr>\n<td>VISCOSITY:<\/td>\n<td>10W30<\/td>\n<\/tr>\n<tr>\n<td>JASO STANDARD:<\/td>\n<td>JASO MA2 2023<\/td>\n<\/tr>\n<tr>\n<td>RECOMMENDED RETAIL PRICE:<\/td>\n<td>161,000 &#8211; 168,000 VND(0.8L) &#8211; 181,000 &#8211; 192,000 VND(1L)<\/td>\n<\/tr>\n<\/tbody>\n<\/table>\n<\/div>\n<\/div>","protected":false},"excerpt":{"rendered":"<p>D\u1ea7u nh\u1edbt d\u00e0nh cho xe m\u00e1y 4 th\u00ec. C\u00f4ng ngh\u1ec7 Technosynthese \u00ae &#8211; B\u00e1n t\u1ed5ng h\u1ee3p (Ester)<\/p>","protected":false},"featured_media":812,"comment_status":"open","ping_status":"open","template":"","meta":[],"product_brand":[119],"product_cat":[120,121,87],"product_tag":[],"class_list":{"0":"post-811","1":"product","2":"type-product","3":"status-publish","4":"has-post-thumbnail","6":"product_brand-motul-2","7":"product_cat-dau-nhot-xe-may","8":"product_cat-dau-nhot-xe-so","9":"product_cat-dau-nhot","11":"first","12":"instock","13":"product-type-simple"},"acf":[],"yoast_head":"<!-- This site is optimized with the Yoast SEO Premium plugin v20.9 (Yoast SEO v20.9) - https:\/\/yoast.com\/wordpress\/plugins\/seo\/ -->\n<title>MOTUL 5100 4T 10W30 - SH Global<\/title>\n<meta name=\"robots\" content=\"index, follow, max-snippet:-1, max-image-preview:large, max-video-preview:-1\" \/>\n<link rel=\"canonical\" href=\"https:\/\/shglobaltrade.vn\/en\/product\/motul-5100-4t-10w30\/\" \/>\n<meta property=\"og:locale\" content=\"en_US\" \/>\n<meta property=\"og:type\" content=\"article\" \/>\n<meta property=\"og:title\" content=\"MOTUL 5100 4T 10W30\" \/>\n<meta property=\"og:description\" content=\"D\u1ea7u nh\u1edbt d\u00e0nh cho xe m\u00e1y 4 th\u00ec. C\u00f4ng ngh\u1ec7 Technosynthese \u00ae - B\u00e1n t\u1ed5ng h\u1ee3p (Ester)\" \/>\n<meta property=\"og:url\" content=\"https:\/\/shglobaltrade.vn\/en\/product\/motul-5100-4t-10w30\/\" \/>\n<meta property=\"og:site_name\" content=\"SH Global\" \/>\n<meta property=\"article:modified_time\" content=\"2025-11-15T03:33:43+00:00\" \/>\n<meta property=\"og:image\" content=\"https:\/\/shglobaltrade.vn\/wp-content\/uploads\/2025\/11\/0.8L_5100-4T-0.8L-front-scaled.png\" \/>\n\t<meta property=\"og:image:width\" content=\"1423\" \/>\n\t<meta property=\"og:image:height\" content=\"2560\" \/>\n\t<meta property=\"og:image:type\" content=\"image\/png\" \/>\n<meta name=\"twitter:card\" content=\"summary_large_image\" \/>\n<meta name=\"twitter:label1\" content=\"Est. reading time\" \/>\n\t<meta name=\"twitter:data1\" content=\"3 minutes\" \/>\n<script type=\"application\/ld+json\" class=\"yoast-schema-graph\">{\"@context\":\"https:\/\/schema.org\",\"@graph\":[{\"@type\":\"WebPage\",\"@id\":\"https:\/\/shglobaltrade.vn\/san-pham\/motul-5100-4t-10w30\/\",\"url\":\"https:\/\/shglobaltrade.vn\/san-pham\/motul-5100-4t-10w30\/\",\"name\":\"MOTUL 5100 4T 10W30 - SH Global\",\"isPartOf\":{\"@id\":\"https:\/\/shglobaltrade.vn\/#website\"},\"datePublished\":\"2025-11-15T03:33:38+00:00\",\"dateModified\":\"2025-11-15T03:33:43+00:00\",\"breadcrumb\":{\"@id\":\"https:\/\/shglobaltrade.vn\/san-pham\/motul-5100-4t-10w30\/#breadcrumb\"},\"inLanguage\":\"en-US\",\"potentialAction\":[{\"@type\":\"ReadAction\",\"target\":[\"https:\/\/shglobaltrade.vn\/san-pham\/motul-5100-4t-10w30\/\"]}]},{\"@type\":\"BreadcrumbList\",\"@id\":\"https:\/\/shglobaltrade.vn\/san-pham\/motul-5100-4t-10w30\/#breadcrumb\",\"itemListElement\":[{\"@type\":\"ListItem\",\"position\":1,\"name\":\"Trang ch\u1ee7\",\"item\":\"https:\/\/shglobaltrade.vn\/\"},{\"@type\":\"ListItem\",\"position\":2,\"name\":\"C\u1eeda h\u00e0ng\",\"item\":\"https:\/\/shglobaltrade.vn\/cua-hang\/\"},{\"@type\":\"ListItem\",\"position\":3,\"name\":\"MOTUL 5100 4T 10W30\"}]},{\"@type\":\"WebSite\",\"@id\":\"https:\/\/shglobaltrade.vn\/#website\",\"url\":\"https:\/\/shglobaltrade.vn\/\",\"name\":\"SH Global\",\"description\":\"\",\"potentialAction\":[{\"@type\":\"SearchAction\",\"target\":{\"@type\":\"EntryPoint\",\"urlTemplate\":\"https:\/\/shglobaltrade.vn\/?s={search_term_string}\"},\"query-input\":\"required name=search_term_string\"}],\"inLanguage\":\"en-US\"}]}<\/script>\n<!-- \/ Yoast SEO Premium plugin. -->","yoast_head_json":{"title":"MOTUL 5100 4T 10W30 - SH Global","robots":{"index":"index","follow":"follow","max-snippet":"max-snippet:-1","max-image-preview":"max-image-preview:large","max-video-preview":"max-video-preview:-1"},"canonical":"https:\/\/shglobaltrade.vn\/en\/product\/motul-5100-4t-10w30\/","og_locale":"en_US","og_type":"article","og_title":"MOTUL 5100 4T 10W30","og_description":"D\u1ea7u nh\u1edbt d\u00e0nh cho xe m\u00e1y 4 th\u00ec. C\u00f4ng ngh\u1ec7 Technosynthese \u00ae - B\u00e1n t\u1ed5ng h\u1ee3p (Ester)","og_url":"https:\/\/shglobaltrade.vn\/en\/product\/motul-5100-4t-10w30\/","og_site_name":"SH Global","article_modified_time":"2025-11-15T03:33:43+00:00","og_image":[{"width":1423,"height":2560,"url":"https:\/\/shglobaltrade.vn\/wp-content\/uploads\/2025\/11\/0.8L_5100-4T-0.8L-front-scaled.png","type":"image\/png"}],"twitter_card":"summary_large_image","twitter_misc":{"Est. reading time":"3 minutes"},"schema":{"@context":"https:\/\/schema.org","@graph":[{"@type":"WebPage","@id":"https:\/\/shglobaltrade.vn\/san-pham\/motul-5100-4t-10w30\/","url":"https:\/\/shglobaltrade.vn\/san-pham\/motul-5100-4t-10w30\/","name":"MOTUL 5100 4T 10W30 - SH Global","isPartOf":{"@id":"https:\/\/shglobaltrade.vn\/#website"},"datePublished":"2025-11-15T03:33:38+00:00","dateModified":"2025-11-15T03:33:43+00:00","breadcrumb":{"@id":"https:\/\/shglobaltrade.vn\/san-pham\/motul-5100-4t-10w30\/#breadcrumb"},"inLanguage":"en-US","potentialAction":[{"@type":"ReadAction","target":["https:\/\/shglobaltrade.vn\/san-pham\/motul-5100-4t-10w30\/"]}]},{"@type":"BreadcrumbList","@id":"https:\/\/shglobaltrade.vn\/san-pham\/motul-5100-4t-10w30\/#breadcrumb","itemListElement":[{"@type":"ListItem","position":1,"name":"Trang ch\u1ee7","item":"https:\/\/shglobaltrade.vn\/"},{"@type":"ListItem","position":2,"name":"C\u1eeda h\u00e0ng","item":"https:\/\/shglobaltrade.vn\/cua-hang\/"},{"@type":"ListItem","position":3,"name":"MOTUL 5100 4T 10W30"}]},{"@type":"WebSite","@id":"https:\/\/shglobaltrade.vn\/#website","url":"https:\/\/shglobaltrade.vn\/","name":"SH Global","description":"","potentialAction":[{"@type":"SearchAction","target":{"@type":"EntryPoint","urlTemplate":"https:\/\/shglobaltrade.vn\/?s={search_term_string}"},"query-input":"required name=search_term_string"}],"inLanguage":"en-US"}]}},"_links":{"self":[{"href":"https:\/\/shglobaltrade.vn\/en\/wp-json\/wp\/v2\/product\/811","targetHints":{"allow":["GET"]}}],"collection":[{"href":"https:\/\/shglobaltrade.vn\/en\/wp-json\/wp\/v2\/product"}],"about":[{"href":"https:\/\/shglobaltrade.vn\/en\/wp-json\/wp\/v2\/types\/product"}],"replies":[{"embeddable":true,"href":"https:\/\/shglobaltrade.vn\/en\/wp-json\/wp\/v2\/comments?post=811"}],"wp:featuredmedia":[{"embeddable":true,"href":"https:\/\/shglobaltrade.vn\/en\/wp-json\/wp\/v2\/media\/812"}],"wp:attachment":[{"href":"https:\/\/shglobaltrade.vn\/en\/wp-json\/wp\/v2\/media?parent=811"}],"wp:term":[{"taxonomy":"product_brand","embeddable":true,"href":"https:\/\/shglobaltrade.vn\/en\/wp-json\/wp\/v2\/product_brand?post=811"},{"taxonomy":"product_cat","embeddable":true,"href":"https:\/\/shglobaltrade.vn\/en\/wp-json\/wp\/v2\/product_cat?post=811"},{"taxonomy":"product_tag","embeddable":true,"href":"https:\/\/shglobaltrade.vn\/en\/wp-json\/wp\/v2\/product_tag?post=811"}],"curies":[{"name":"wp","href":"https:\/\/api.w.org\/{rel}","templated":true}]}}