{"id":805,"date":"2025-11-15T10:33:38","date_gmt":"2025-11-15T03:33:38","guid":{"rendered":"https:\/\/shglobal.123websitedev.com\/san-pham\/motul-7100-4t-10w50\/"},"modified":"2025-11-15T10:33:41","modified_gmt":"2025-11-15T03:33:41","slug":"motul-7100-4t-10w50","status":"publish","type":"product","link":"https:\/\/shglobaltrade.vn\/en\/product\/motul-7100-4t-10w50\/","title":{"rendered":"MOTUL 7100 4T 10W50"},"content":{"rendered":"<div>\n<div>\n<div>\n<h4>APPLICATION:<\/h4>\n<\/div>\n<div>\n<p>Ester technology \u2013 meets the standards of motorcycle manufacturers, especially large displacement motorcycles such as KTM and HUSQVARNA, recommending SAE 10W50 viscosity grade for some models.<\/p>\n<\/div>\n<\/div>\n<div>\n<div>\n<h4>ADVANTAGE:<\/h4>\n<\/div>\n<div>\n<p>\u2022 Excellent circuit durability, protects engine and gearbox, helps shift gears smoothly and easily.<\/p>\n<p>\u2022 The product meets JASO MA2 standards for optimal wet clutch operation.<\/p>\n<p>\u2022 Suitable for exhaust gas treatment catalysts.<\/p>\n<\/div>\n<\/div>\n<div>\n<table>\n<tbody>\n<tr>\n<td>ENGINE TYPE:<\/td>\n<td>4 stroke<\/td>\n<\/tr>\n<tr>\n<td>PACKAGING:<\/td>\n<td>1 Liter Bottle<\/td>\n<\/tr>\n<tr>\n<td>QUALITY:<\/td>\n<td>Summary 100%<\/td>\n<\/tr>\n<tr>\n<td>PRODUCT LIST:<\/td>\n<td>Motorbike<\/td>\n<\/tr>\n<tr>\n<td>VISCOSITY:<\/td>\n<td>10W50<\/td>\n<\/tr>\n<tr>\n<td>JASO STANDARD:<\/td>\n<td>JASO MA2 2025<\/td>\n<\/tr>\n<tr>\n<td>RECOMMENDED RETAIL PRICE:<\/td>\n<td>315,000 VND<\/td>\n<\/tr>\n<\/tbody>\n<\/table>\n<\/div>\n<\/div>","protected":false},"excerpt":{"rendered":"<p>100% synthetic engine oil for 4-stroke motorcycles \u2013 Ester technology.<\/p>","protected":false},"featured_media":806,"comment_status":"open","ping_status":"open","template":"","meta":[],"product_brand":[119],"product_cat":[120,121,87],"product_tag":[],"class_list":{"0":"post-805","1":"product","2":"type-product","3":"status-publish","4":"has-post-thumbnail","6":"product_brand-motul-2","7":"product_cat-dau-nhot-xe-may","8":"product_cat-dau-nhot-xe-so","9":"product_cat-dau-nhot","11":"first","12":"instock","13":"product-type-simple"},"acf":[],"yoast_head":"<!-- This site is optimized with the Yoast SEO Premium plugin v20.9 (Yoast SEO v20.9) - https:\/\/yoast.com\/wordpress\/plugins\/seo\/ -->\n<title>MOTUL 7100 4T 10W50 - SH Global<\/title>\n<meta name=\"robots\" content=\"index, follow, max-snippet:-1, max-image-preview:large, max-video-preview:-1\" \/>\n<link rel=\"canonical\" href=\"https:\/\/shglobaltrade.vn\/en\/product\/motul-7100-4t-10w50\/\" \/>\n<meta property=\"og:locale\" content=\"en_US\" \/>\n<meta property=\"og:type\" content=\"article\" \/>\n<meta property=\"og:title\" content=\"MOTUL 7100 4T 10W50\" \/>\n<meta property=\"og:description\" content=\"D\u1ea7u nh\u1edbt 100% t\u1ed5ng h\u1ee3p d\u00e0nh cho xe g\u1eafn m\u00e1y 4 th\u00ec - c\u00f4ng ngh\u1ec7 Ester.\" \/>\n<meta property=\"og:url\" content=\"https:\/\/shglobaltrade.vn\/en\/product\/motul-7100-4t-10w50\/\" \/>\n<meta property=\"og:site_name\" content=\"SH Global\" \/>\n<meta property=\"article:modified_time\" content=\"2025-11-15T03:33:41+00:00\" \/>\n<meta property=\"og:image\" content=\"https:\/\/shglobaltrade.vn\/wp-content\/uploads\/2025\/11\/1L_7100-10W50-1L-Front-scaled.png\" \/>\n\t<meta property=\"og:image:width\" content=\"1423\" \/>\n\t<meta property=\"og:image:height\" content=\"2560\" \/>\n\t<meta property=\"og:image:type\" content=\"image\/png\" \/>\n<meta name=\"twitter:card\" content=\"summary_large_image\" \/>\n<meta name=\"twitter:label1\" content=\"Est. reading time\" \/>\n\t<meta name=\"twitter:data1\" content=\"1 minute\" \/>\n<script type=\"application\/ld+json\" class=\"yoast-schema-graph\">{\"@context\":\"https:\/\/schema.org\",\"@graph\":[{\"@type\":\"WebPage\",\"@id\":\"https:\/\/shglobaltrade.vn\/san-pham\/motul-7100-4t-10w50\/\",\"url\":\"https:\/\/shglobaltrade.vn\/san-pham\/motul-7100-4t-10w50\/\",\"name\":\"MOTUL 7100 4T 10W50 - SH Global\",\"isPartOf\":{\"@id\":\"https:\/\/shglobaltrade.vn\/#website\"},\"datePublished\":\"2025-11-15T03:33:38+00:00\",\"dateModified\":\"2025-11-15T03:33:41+00:00\",\"breadcrumb\":{\"@id\":\"https:\/\/shglobaltrade.vn\/san-pham\/motul-7100-4t-10w50\/#breadcrumb\"},\"inLanguage\":\"en-US\",\"potentialAction\":[{\"@type\":\"ReadAction\",\"target\":[\"https:\/\/shglobaltrade.vn\/san-pham\/motul-7100-4t-10w50\/\"]}]},{\"@type\":\"BreadcrumbList\",\"@id\":\"https:\/\/shglobaltrade.vn\/san-pham\/motul-7100-4t-10w50\/#breadcrumb\",\"itemListElement\":[{\"@type\":\"ListItem\",\"position\":1,\"name\":\"Trang ch\u1ee7\",\"item\":\"https:\/\/shglobaltrade.vn\/\"},{\"@type\":\"ListItem\",\"position\":2,\"name\":\"C\u1eeda h\u00e0ng\",\"item\":\"https:\/\/shglobaltrade.vn\/cua-hang\/\"},{\"@type\":\"ListItem\",\"position\":3,\"name\":\"MOTUL 7100 4T 10W50\"}]},{\"@type\":\"WebSite\",\"@id\":\"https:\/\/shglobaltrade.vn\/#website\",\"url\":\"https:\/\/shglobaltrade.vn\/\",\"name\":\"SH Global\",\"description\":\"\",\"potentialAction\":[{\"@type\":\"SearchAction\",\"target\":{\"@type\":\"EntryPoint\",\"urlTemplate\":\"https:\/\/shglobaltrade.vn\/?s={search_term_string}\"},\"query-input\":\"required name=search_term_string\"}],\"inLanguage\":\"en-US\"}]}<\/script>\n<!-- \/ Yoast SEO Premium plugin. -->","yoast_head_json":{"title":"MOTUL 7100 4T 10W50 - SH Global","robots":{"index":"index","follow":"follow","max-snippet":"max-snippet:-1","max-image-preview":"max-image-preview:large","max-video-preview":"max-video-preview:-1"},"canonical":"https:\/\/shglobaltrade.vn\/en\/product\/motul-7100-4t-10w50\/","og_locale":"en_US","og_type":"article","og_title":"MOTUL 7100 4T 10W50","og_description":"D\u1ea7u nh\u1edbt 100% t\u1ed5ng h\u1ee3p d\u00e0nh cho xe g\u1eafn m\u00e1y 4 th\u00ec - c\u00f4ng ngh\u1ec7 Ester.","og_url":"https:\/\/shglobaltrade.vn\/en\/product\/motul-7100-4t-10w50\/","og_site_name":"SH Global","article_modified_time":"2025-11-15T03:33:41+00:00","og_image":[{"width":1423,"height":2560,"url":"https:\/\/shglobaltrade.vn\/wp-content\/uploads\/2025\/11\/1L_7100-10W50-1L-Front-scaled.png","type":"image\/png"}],"twitter_card":"summary_large_image","twitter_misc":{"Est. reading time":"1 minute"},"schema":{"@context":"https:\/\/schema.org","@graph":[{"@type":"WebPage","@id":"https:\/\/shglobaltrade.vn\/san-pham\/motul-7100-4t-10w50\/","url":"https:\/\/shglobaltrade.vn\/san-pham\/motul-7100-4t-10w50\/","name":"MOTUL 7100 4T 10W50 - SH Global","isPartOf":{"@id":"https:\/\/shglobaltrade.vn\/#website"},"datePublished":"2025-11-15T03:33:38+00:00","dateModified":"2025-11-15T03:33:41+00:00","breadcrumb":{"@id":"https:\/\/shglobaltrade.vn\/san-pham\/motul-7100-4t-10w50\/#breadcrumb"},"inLanguage":"en-US","potentialAction":[{"@type":"ReadAction","target":["https:\/\/shglobaltrade.vn\/san-pham\/motul-7100-4t-10w50\/"]}]},{"@type":"BreadcrumbList","@id":"https:\/\/shglobaltrade.vn\/san-pham\/motul-7100-4t-10w50\/#breadcrumb","itemListElement":[{"@type":"ListItem","position":1,"name":"Trang ch\u1ee7","item":"https:\/\/shglobaltrade.vn\/"},{"@type":"ListItem","position":2,"name":"C\u1eeda h\u00e0ng","item":"https:\/\/shglobaltrade.vn\/cua-hang\/"},{"@type":"ListItem","position":3,"name":"MOTUL 7100 4T 10W50"}]},{"@type":"WebSite","@id":"https:\/\/shglobaltrade.vn\/#website","url":"https:\/\/shglobaltrade.vn\/","name":"SH Global","description":"","potentialAction":[{"@type":"SearchAction","target":{"@type":"EntryPoint","urlTemplate":"https:\/\/shglobaltrade.vn\/?s={search_term_string}"},"query-input":"required name=search_term_string"}],"inLanguage":"en-US"}]}},"_links":{"self":[{"href":"https:\/\/shglobaltrade.vn\/en\/wp-json\/wp\/v2\/product\/805","targetHints":{"allow":["GET"]}}],"collection":[{"href":"https:\/\/shglobaltrade.vn\/en\/wp-json\/wp\/v2\/product"}],"about":[{"href":"https:\/\/shglobaltrade.vn\/en\/wp-json\/wp\/v2\/types\/product"}],"replies":[{"embeddable":true,"href":"https:\/\/shglobaltrade.vn\/en\/wp-json\/wp\/v2\/comments?post=805"}],"wp:featuredmedia":[{"embeddable":true,"href":"https:\/\/shglobaltrade.vn\/en\/wp-json\/wp\/v2\/media\/806"}],"wp:attachment":[{"href":"https:\/\/shglobaltrade.vn\/en\/wp-json\/wp\/v2\/media?parent=805"}],"wp:term":[{"taxonomy":"product_brand","embeddable":true,"href":"https:\/\/shglobaltrade.vn\/en\/wp-json\/wp\/v2\/product_brand?post=805"},{"taxonomy":"product_cat","embeddable":true,"href":"https:\/\/shglobaltrade.vn\/en\/wp-json\/wp\/v2\/product_cat?post=805"},{"taxonomy":"product_tag","embeddable":true,"href":"https:\/\/shglobaltrade.vn\/en\/wp-json\/wp\/v2\/product_tag?post=805"}],"curies":[{"name":"wp","href":"https:\/\/api.w.org\/{rel}","templated":true}]}}