{"id":799,"date":"2025-11-15T10:33:38","date_gmt":"2025-11-15T03:33:38","guid":{"rendered":"https:\/\/shglobal.123websitedev.com\/san-pham\/motul-300v-road-racing-4t-10w40-1l-2\/"},"modified":"2025-11-15T10:33:39","modified_gmt":"2025-11-15T03:33:39","slug":"motul-300v-road-racing-4t-10w40-1l-2","status":"publish","type":"product","link":"https:\/\/shglobaltrade.vn\/en\/product\/motul-300v-road-racing-4t-10w40-1l-2\/","title":{"rendered":"MOTUL 300V ROAD RACING 4T 10W40 1L"},"content":{"rendered":"<div>\n<div>\n<div>\n<h4>APPLICATION:<\/h4>\n<\/div>\n<div>\n<p>&bull; S\u1eed d\u1ee5ng cho c&aacute;c lo\u1ea1i \u0111\u1ed9ng c\u01a1 xe m&ocirc; t&ocirc; 4 th&igrave;: xe \u0111ua, xe th\u1ec3 thao, xe ph&acirc;n kh\u1ed1i l\u1edbn c\u1ee7a c&aacute;c h&atilde;ng nh\u01b0 Ducati, Honda, Yamaha, BMW, Aprilia, Kawasaki, Suzuki, Benelli, KTM&hellip; y&ecirc;u c\u1ea7u \u0111\u1ed9 nh\u1edbt ph&ugrave; h\u1ee3p.<br \/> &bull; S\u1ea3n ph\u1ea9m c\u0169ng ph&ugrave; h\u1ee3p s\u1eed d\u1ee5ng cho c&aacute;c lo\u1ea1i xe ch\u1ea1y \u0111\u01b0\u1eddng ph\u1ed1 c&oacute; trang b\u1ecb b\u1ed9 x\u1eed l&yacute; x&uacute;c t&aacute;c, xe ATV, UTV&#8230;<\/p>\n<\/div>\n<\/div>\n<div>\n<div>\n<h4>ADVANTAGE:<\/h4>\n<\/div>\n<div>\n<p>&bull; C&ocirc;ng ngh\u1ec7 Ester Core&reg; \u0111\u1ed9c quy\u1ec1n gi&uacute;p \u0111\u1ed9c c\u01a1 ho\u1ea1t \u0111\u1ed9ng t\u1ed1i \u0111a c&ocirc;ng su\u1ea5t v&agrave; b\u1ea3o v\u1ec7 ho&agrave;n h\u1ea3o \u0111\u1ed9ng c\u01a1.<\/p>\n<p>&bull; T\u0103ng c&ocirc;ng su\u1ea5t th&ecirc;m \u0111\u1ebfn 1.3% m&atilde; l\u1ef1c.<\/p>\n<p>&bull; B\u1ea3o v\u1ec7 h\u1ed9p s\u1ed1 ho&agrave;n h\u1ea3o trong \u0111i\u1ec1u ki\u1ec7n v\u1eadn h&agrave;nh kh\u1eafc nghi\u1ec7t v\u1edbi ch\u1ec9 s\u1ed1 FLS&gt;14.<\/p>\n<p>&bull; Gi\u1eef \u1ed5n \u0111\u1ecbnh &aacute;p su\u1ea5t d\u1ea7u trong m\u1ecdi \u0111i\u1ec1u ki\u1ec7n v\u1eadn h&agrave;nh.<\/p>\n<\/div>\n<\/div>\n<div>\n<table>\n<tbody>\n<tr>\n<td>ENGINE TYPE:<\/td>\n<td>Xe m&ocirc; t&ocirc;<\/td>\n<\/tr>\n<tr>\n<td>QUALITY:<\/td>\n<td>100% t\u1ed5ng h\u1ee3p, C&ocirc;ng ngh\u1ec7 Ester Core&reg;<\/td>\n<\/tr>\n<tr>\n<td>PRODUCT LIST:<\/td>\n<td>Motorbike<\/td>\n<\/tr>\n<tr>\n<td>VISCOSITY:<\/td>\n<td>10W40<\/td>\n<\/tr>\n<tr>\n<td>RECOMMENDED RETAIL PRICE:<\/td>\n<td>489,000 &#8211; 547,000 VND<\/td>\n<\/tr>\n<tr>\n<td>PACKAGING:<\/td>\n<td>B&igrave;nh 1 l&iacute;t<\/td>\n<\/tr>\n<\/tbody>\n<\/table>\n<\/div>\n<\/div>","protected":false},"excerpt":{"rendered":"<p>100% synthetic engine oil with Ester Core technology for motorcycles and racing cars.<\/p>","protected":false},"featured_media":800,"comment_status":"open","ping_status":"open","template":"","meta":[],"product_brand":[119],"product_cat":[120,121,87],"product_tag":[],"class_list":{"0":"post-799","1":"product","2":"type-product","3":"status-publish","4":"has-post-thumbnail","6":"product_brand-motul-2","7":"product_cat-dau-nhot-xe-may","8":"product_cat-dau-nhot-xe-so","9":"product_cat-dau-nhot","11":"first","12":"instock","13":"product-type-simple"},"acf":[],"yoast_head":"<!-- This site is optimized with the Yoast SEO Premium plugin v20.9 (Yoast SEO v20.9) - https:\/\/yoast.com\/wordpress\/plugins\/seo\/ -->\n<title>MOTUL 300V ROAD RACING 4T 10W40 1L - SH Global<\/title>\n<meta name=\"robots\" content=\"index, follow, max-snippet:-1, max-image-preview:large, max-video-preview:-1\" \/>\n<link rel=\"canonical\" href=\"https:\/\/shglobaltrade.vn\/en\/product\/motul-300v-road-racing-4t-10w40-1l-2\/\" \/>\n<meta property=\"og:locale\" content=\"en_US\" \/>\n<meta property=\"og:type\" content=\"article\" \/>\n<meta property=\"og:title\" content=\"MOTUL 300V ROAD RACING 4T 10W40 1L\" \/>\n<meta property=\"og:description\" content=\"D\u1ea7u nh\u1edbt 100% t\u1ed5ng h\u1ee3p c\u00f4ng ngh\u1ec7 Ester Core d\u00e0nh cho xe m\u00f4 t\u00f4 v\u00e0 xe \u0111ua.\" \/>\n<meta property=\"og:url\" content=\"https:\/\/shglobaltrade.vn\/en\/product\/motul-300v-road-racing-4t-10w40-1l-2\/\" \/>\n<meta property=\"og:site_name\" content=\"SH Global\" \/>\n<meta property=\"article:modified_time\" content=\"2025-11-15T03:33:39+00:00\" \/>\n<meta property=\"og:image\" content=\"https:\/\/shglobaltrade.vn\/wp-content\/uploads\/2025\/11\/300V-ROAD-RACING-10W40-Front-scaled.png\" \/>\n\t<meta property=\"og:image:width\" content=\"1441\" \/>\n\t<meta property=\"og:image:height\" content=\"2560\" \/>\n\t<meta property=\"og:image:type\" content=\"image\/png\" \/>\n<meta name=\"twitter:card\" content=\"summary_large_image\" \/>\n<meta name=\"twitter:label1\" content=\"Est. reading time\" \/>\n\t<meta name=\"twitter:data1\" content=\"1 minute\" \/>\n<script type=\"application\/ld+json\" class=\"yoast-schema-graph\">{\"@context\":\"https:\/\/schema.org\",\"@graph\":[{\"@type\":\"WebPage\",\"@id\":\"https:\/\/shglobaltrade.vn\/san-pham\/motul-300v-road-racing-4t-10w40-1l-2\/\",\"url\":\"https:\/\/shglobaltrade.vn\/san-pham\/motul-300v-road-racing-4t-10w40-1l-2\/\",\"name\":\"MOTUL 300V ROAD RACING 4T 10W40 1L - SH Global\",\"isPartOf\":{\"@id\":\"https:\/\/shglobaltrade.vn\/#website\"},\"datePublished\":\"2025-11-15T03:33:38+00:00\",\"dateModified\":\"2025-11-15T03:33:39+00:00\",\"breadcrumb\":{\"@id\":\"https:\/\/shglobaltrade.vn\/san-pham\/motul-300v-road-racing-4t-10w40-1l-2\/#breadcrumb\"},\"inLanguage\":\"en-US\",\"potentialAction\":[{\"@type\":\"ReadAction\",\"target\":[\"https:\/\/shglobaltrade.vn\/san-pham\/motul-300v-road-racing-4t-10w40-1l-2\/\"]}]},{\"@type\":\"BreadcrumbList\",\"@id\":\"https:\/\/shglobaltrade.vn\/san-pham\/motul-300v-road-racing-4t-10w40-1l-2\/#breadcrumb\",\"itemListElement\":[{\"@type\":\"ListItem\",\"position\":1,\"name\":\"Trang ch\u1ee7\",\"item\":\"https:\/\/shglobaltrade.vn\/\"},{\"@type\":\"ListItem\",\"position\":2,\"name\":\"C\u1eeda h\u00e0ng\",\"item\":\"https:\/\/shglobaltrade.vn\/cua-hang\/\"},{\"@type\":\"ListItem\",\"position\":3,\"name\":\"MOTUL 300V ROAD RACING 4T 10W40 1L\"}]},{\"@type\":\"WebSite\",\"@id\":\"https:\/\/shglobaltrade.vn\/#website\",\"url\":\"https:\/\/shglobaltrade.vn\/\",\"name\":\"SH Global\",\"description\":\"\",\"potentialAction\":[{\"@type\":\"SearchAction\",\"target\":{\"@type\":\"EntryPoint\",\"urlTemplate\":\"https:\/\/shglobaltrade.vn\/?s={search_term_string}\"},\"query-input\":\"required name=search_term_string\"}],\"inLanguage\":\"en-US\"}]}<\/script>\n<!-- \/ Yoast SEO Premium plugin. -->","yoast_head_json":{"title":"MOTUL 300V ROAD RACING 4T 10W40 1L - SH Global","robots":{"index":"index","follow":"follow","max-snippet":"max-snippet:-1","max-image-preview":"max-image-preview:large","max-video-preview":"max-video-preview:-1"},"canonical":"https:\/\/shglobaltrade.vn\/en\/product\/motul-300v-road-racing-4t-10w40-1l-2\/","og_locale":"en_US","og_type":"article","og_title":"MOTUL 300V ROAD RACING 4T 10W40 1L","og_description":"D\u1ea7u nh\u1edbt 100% t\u1ed5ng h\u1ee3p c\u00f4ng ngh\u1ec7 Ester Core d\u00e0nh cho xe m\u00f4 t\u00f4 v\u00e0 xe \u0111ua.","og_url":"https:\/\/shglobaltrade.vn\/en\/product\/motul-300v-road-racing-4t-10w40-1l-2\/","og_site_name":"SH Global","article_modified_time":"2025-11-15T03:33:39+00:00","og_image":[{"width":1441,"height":2560,"url":"https:\/\/shglobaltrade.vn\/wp-content\/uploads\/2025\/11\/300V-ROAD-RACING-10W40-Front-scaled.png","type":"image\/png"}],"twitter_card":"summary_large_image","twitter_misc":{"Est. reading time":"1 minute"},"schema":{"@context":"https:\/\/schema.org","@graph":[{"@type":"WebPage","@id":"https:\/\/shglobaltrade.vn\/san-pham\/motul-300v-road-racing-4t-10w40-1l-2\/","url":"https:\/\/shglobaltrade.vn\/san-pham\/motul-300v-road-racing-4t-10w40-1l-2\/","name":"MOTUL 300V ROAD RACING 4T 10W40 1L - SH Global","isPartOf":{"@id":"https:\/\/shglobaltrade.vn\/#website"},"datePublished":"2025-11-15T03:33:38+00:00","dateModified":"2025-11-15T03:33:39+00:00","breadcrumb":{"@id":"https:\/\/shglobaltrade.vn\/san-pham\/motul-300v-road-racing-4t-10w40-1l-2\/#breadcrumb"},"inLanguage":"en-US","potentialAction":[{"@type":"ReadAction","target":["https:\/\/shglobaltrade.vn\/san-pham\/motul-300v-road-racing-4t-10w40-1l-2\/"]}]},{"@type":"BreadcrumbList","@id":"https:\/\/shglobaltrade.vn\/san-pham\/motul-300v-road-racing-4t-10w40-1l-2\/#breadcrumb","itemListElement":[{"@type":"ListItem","position":1,"name":"Trang ch\u1ee7","item":"https:\/\/shglobaltrade.vn\/"},{"@type":"ListItem","position":2,"name":"C\u1eeda h\u00e0ng","item":"https:\/\/shglobaltrade.vn\/cua-hang\/"},{"@type":"ListItem","position":3,"name":"MOTUL 300V ROAD RACING 4T 10W40 1L"}]},{"@type":"WebSite","@id":"https:\/\/shglobaltrade.vn\/#website","url":"https:\/\/shglobaltrade.vn\/","name":"SH Global","description":"","potentialAction":[{"@type":"SearchAction","target":{"@type":"EntryPoint","urlTemplate":"https:\/\/shglobaltrade.vn\/?s={search_term_string}"},"query-input":"required name=search_term_string"}],"inLanguage":"en-US"}]}},"_links":{"self":[{"href":"https:\/\/shglobaltrade.vn\/en\/wp-json\/wp\/v2\/product\/799","targetHints":{"allow":["GET"]}}],"collection":[{"href":"https:\/\/shglobaltrade.vn\/en\/wp-json\/wp\/v2\/product"}],"about":[{"href":"https:\/\/shglobaltrade.vn\/en\/wp-json\/wp\/v2\/types\/product"}],"replies":[{"embeddable":true,"href":"https:\/\/shglobaltrade.vn\/en\/wp-json\/wp\/v2\/comments?post=799"}],"wp:featuredmedia":[{"embeddable":true,"href":"https:\/\/shglobaltrade.vn\/en\/wp-json\/wp\/v2\/media\/800"}],"wp:attachment":[{"href":"https:\/\/shglobaltrade.vn\/en\/wp-json\/wp\/v2\/media?parent=799"}],"wp:term":[{"taxonomy":"product_brand","embeddable":true,"href":"https:\/\/shglobaltrade.vn\/en\/wp-json\/wp\/v2\/product_brand?post=799"},{"taxonomy":"product_cat","embeddable":true,"href":"https:\/\/shglobaltrade.vn\/en\/wp-json\/wp\/v2\/product_cat?post=799"},{"taxonomy":"product_tag","embeddable":true,"href":"https:\/\/shglobaltrade.vn\/en\/wp-json\/wp\/v2\/product_tag?post=799"}],"curies":[{"name":"wp","href":"https:\/\/api.w.org\/{rel}","templated":true}]}}