{"id":748,"date":"2025-07-05T10:22:54","date_gmt":"2025-07-05T03:22:54","guid":{"rendered":"https:\/\/shglobal.123websitedev.com\/?post_type=product&#038;p=748"},"modified":"2025-12-11T16:00:43","modified_gmt":"2025-12-11T09:00:43","slug":"ve-sinh-tay-rua-buom-ga-hong-ga-o-to-va-xe-may-throttle-cleaner","status":"publish","type":"product","link":"https:\/\/shglobaltrade.vn\/en\/product\/ve-sinh-tay-rua-buom-ga-hong-ga-o-to-va-xe-may-throttle-cleaner\/","title":{"rendered":"V\u1ec7 Sinh T\u1ea9y R\u1eeda B\u01b0\u1edbm Ga, H\u1ecdng Ga \u00d4 t\u00f4 v\u00e0 Xe M\u00e1y (Throttle Cleaner)"},"content":{"rendered":"<div style=\"width: 854px;\" class=\"wp-video\"><video class=\"wp-video-shortcode\" id=\"video-748-1\" width=\"854\" height=\"480\" loop autoplay preload=\"auto\" controls=\"controls\"><source type=\"video\/mp4\" src=\"https:\/\/shglobaltrade.vn\/wp-content\/uploads\/2025\/07\/Ve-sinh-buom-ga-hong-ga-o-to-xe-may-tay-con-ga-phun-xang-dien-tu.mp4?_=1\" \/><a href=\"https:\/\/shglobaltrade.vn\/wp-content\/uploads\/2025\/07\/Ve-sinh-buom-ga-hong-ga-o-to-xe-may-tay-con-ga-phun-xang-dien-tu.mp4\">https:\/\/shglobaltrade.vn\/wp-content\/uploads\/2025\/07\/Ve-sinh-buom-ga-hong-ga-o-to-xe-may-tay-con-ga-phun-xang-dien-tu.mp4<\/a><\/video><\/div>\n<p><strong>Uses:<\/strong> Gi\u1ea3m m\u1ee9c ti\u00eau th\u1ee5 nhi\u00ean li\u1ec7u, Van kh\u00ed \u0111\u01b0\u1ee3c b\u00f4i tr\u01a1n, lo\u1ea1i b\u1ecf hi\u1ec7u qu\u1ea3 c\u00e1c v\u1ebft b\u1ea9n nh\u01b0 keo, b\u00f9n, c\u1eb7n carbon tr\u00ean van b\u01b0\u1edbm ga v\u00e0 \u0111\u01b0\u1eddng \u1ed1ng van b\u01b0\u1edbm ga c\u1ee7a \u0111\u1ed9ng c\u01a1 \u00f4 t\u00f4, xe m\u00e1y tay ga, xe m\u00e1y phun x\u0103ng \u0111i\u1ec7n t\u1eed, xe tay c\u00f4n&#8230; \u0111\u1ed3ng th\u1eddi c\u00f3 th\u1ec3 c\u1ea3i thi\u1ec7n t\u00ecnh tr\u1ea1ng gi\u1eadt khi ch\u1ea1y kh\u00f4ng t\u1ea3i c\u1ee7a xe, kh\u1ea3 n\u0103ng t\u0103ng t\u1ed1c y\u1ebfu, m\u1ee9c ti\u00eau th\u1ee5 nhi\u00ean li\u1ec7u t\u0103ng. v\u00e0 n\u1ed3ng \u0111\u1ed9 CO2 trong kh\u00ed th\u1ea3i qu\u00e1 m\u1ee9c m\u00e0 kh\u00f4ng l\u00e0m h\u1ecfng van b\u01b0\u1edbm ga.<\/p>\n<p><strong>H\u01b0\u1edbng d\u1eabn s\u1eed dung<\/strong>: T\u1eaft \u0111\u1ed9ng c\u01a1, L\u1eafc \u0111\u1ec1u v\u00e0 x\u1ecbt tr\u1ef1c ti\u1ebfp v\u00e0o b\u01b0\u1edbm v\u00e0 h\u1ecdng ga, c\u1ed5 h\u00fat sau \u0111\u00f3 d\u00f9ng kh\u0103n s\u1ea1ch ho\u1eb7c ch\u1ed5i m\u1ec1m lau s\u1ea1ch c\u1eb7n b\u1ea9n. \u0110\u1ee3i dung d\u1ecbch bay h\u01a1i ho\u00e0n to\u00e0n tr\u01b0\u1edbc khi kh\u1edfi \u0111\u1ed9ng l\u1ea1i.<\/p>\n<p><strong>NSX:<\/strong> Tr\u00ean bao b\u00ec<\/p>\n<p><strong>HSD:<\/strong> 3 n\u0103m<\/p>\n<p><strong>Ch\u00fa \u00fd<\/strong>: B\u1ea3o qu\u1ea3n n\u01a1i tho\u00e1ng m\u00e1t, tr\u00e1nh xa ngu\u1ed3n l\u1eeda, khu v\u1ef1c h\u00fat thu\u1ed1c, tr\u00e1nh xa t\u1ea7m tay tr\u1ebb em.<\/p>\n<table style=\"width: 100%; height: 212px;\" width=\"100%\">\n<tbody>\n<tr style=\"height: 21px;\">\n<td style=\"height: 21px;\" width=\"176\">ENGINE TYPE:<\/td>\n<td style=\"height: 21px;\">Xe m\u00e1y &amp; \u00d4 t\u00f4<\/td>\n<\/tr>\n<tr style=\"height: 21px;\">\n<td style=\"height: 21px;\" width=\"176\">PRODUCT LIST:<\/td>\n<td style=\"height: 21px;\">Additives<\/td>\n<\/tr>\n<tr style=\"height: 21px;\">\n<td style=\"height: 21px;\" width=\"176\">DUNG T\u00cdCH<\/td>\n<td style=\"height: 21px;\">330ml<\/td>\n<\/tr>\n<tr style=\"height: 21px;\">\n<td style=\"height: 21px;\" width=\"176\">GI\u00c1 B\u00c1N L\u1eba<\/td>\n<td style=\"height: 21px;\">110.0000 VND<\/td>\n<\/tr>\n<tr style=\"height: 43px;\">\n<td style=\"height: 43px;\" width=\"176\">NH\u00c0 CUNG C\u1ea4P:<\/td>\n<td style=\"height: 43px;\">Guangzhou Biabang Car Care Industry Co., Ltd<br \/>\n\u0110\u1ecba ch\u1ec9: S\u1ed1 2 East Chuangye Road, Zhongxin Zengcheng Guangzhou, China<\/td>\n<\/tr>\n<tr style=\"height: 43px;\">\n<td style=\"height: 43px;\" width=\"176\">NH\u00c0 NH\u1eacP KH\u1ea8U:<\/td>\n<td style=\"height: 43px;\">C\u00f4ng ty TNHH Xu\u1ea5t Nh\u1eadp Kh\u1ea9u V\u00e0 Th\u01b0\u01a1ng M\u1ea1i SH<br \/>\n\u0110\u1ecba ch\u1ec9: S\u1ed1 39\/3A Tr\u01b0\u01a1ng Th\u1ecb Ng\u00e0o, Khu Ph\u1ed1 4, Ph\u01b0\u1eddng Trung M\u1ef9 T\u00e2y, Qu\u1eadn.12, Tp. H\u1ed3 Ch\u00ed Minh, Vi\u1ec7t Nam<\/td>\n<\/tr>\n<tr style=\"height: 21px;\">\n<td style=\"height: 21px;\" width=\"176\">LI\u00caN H\u1ec6<\/td>\n<td style=\"height: 21px;\">info@shglobaltrade.vn<\/td>\n<\/tr>\n<tr style=\"height: 21px;\">\n<td style=\"height: 21px;\">WEBSITE<\/td>\n<td style=\"height: 21px;\">www.shglobaltrade.vn<\/td>\n<\/tr>\n<\/tbody>\n<\/table>\n<p>&nbsp;<\/p>","protected":false},"excerpt":{"rendered":"<p><strong>Uses:<\/strong> Gi\u1ea3m m\u1ee9c ti\u00eau th\u1ee5 nhi\u00ean li\u1ec7u, Van kh\u00ed \u0111\u01b0\u1ee3c b\u00f4i tr\u01a1n, lo\u1ea1i b\u1ecf hi\u1ec7u qu\u1ea3 c\u00e1c v\u1ebft b\u1ea9n nh\u01b0 keo, b\u00f9n, c\u1eb7n carbon tr\u00ean van b\u01b0\u1edbm ga v\u00e0 \u0111\u01b0\u1eddng \u1ed1ng van b\u01b0\u1edbm ga c\u1ee7a \u0111\u1ed9ng c\u01a1 \u00f4 t\u00f4, xe m\u00e1y tay ga, xe m\u00e1y phun x\u0103ng \u0111i\u1ec7n t\u1eed, xe tay c\u00f4n&#8230; \u0111\u1ed3ng th\u1eddi c\u00f3 th\u1ec3 c\u1ea3i thi\u1ec7n t\u00ecnh tr\u1ea1ng gi\u1eadt khi ch\u1ea1y kh\u00f4ng t\u1ea3i c\u1ee7a xe, kh\u1ea3 n\u0103ng t\u0103ng t\u1ed1c y\u1ebfu, m\u1ee9c ti\u00eau th\u1ee5 nhi\u00ean li\u1ec7u t\u0103ng. v\u00e0 n\u1ed3ng \u0111\u1ed9 CO2 trong kh\u00ed th\u1ea3i qu\u00e1 m\u1ee9c m\u00e0 kh\u00f4ng l\u00e0m h\u1ecfng van b\u01b0\u1edbm ga.<\/p>","protected":false},"featured_media":752,"comment_status":"open","ping_status":"closed","template":"","meta":[],"product_brand":[105],"product_cat":[90],"product_tag":[],"class_list":{"0":"post-748","1":"product","2":"type-product","3":"status-publish","4":"has-post-thumbnail","6":"product_brand-biaobang","7":"product_cat-chat-phu-gia","9":"first","10":"instock","11":"shipping-taxable","12":"purchasable","13":"product-type-simple"},"acf":[],"yoast_head":"<!-- This site is optimized with the Yoast SEO Premium plugin v20.9 (Yoast SEO v20.9) - https:\/\/yoast.com\/wordpress\/plugins\/seo\/ -->\n<title>V\u1ec7 Sinh T\u1ea9y R\u1eeda B\u01b0\u1edbm Ga, H\u1ecdng Ga \u00d4 t\u00f4 v\u00e0 Xe M\u00e1y (Throttle Cleaner) - SH Global<\/title>\n<meta name=\"robots\" content=\"index, follow, max-snippet:-1, max-image-preview:large, max-video-preview:-1\" \/>\n<link rel=\"canonical\" href=\"https:\/\/shglobaltrade.vn\/en\/product\/ve-sinh-tay-rua-buom-ga-hong-ga-o-to-va-xe-may-throttle-cleaner\/\" \/>\n<meta property=\"og:locale\" content=\"en_US\" \/>\n<meta property=\"og:type\" content=\"article\" \/>\n<meta property=\"og:title\" content=\"V\u1ec7 Sinh T\u1ea9y R\u1eeda B\u01b0\u1edbm Ga, H\u1ecdng Ga \u00d4 t\u00f4 v\u00e0 Xe M\u00e1y (Throttle Cleaner)\" \/>\n<meta property=\"og:description\" content=\"C\u00f4ng d\u1ee5ng: Gi\u1ea3m m\u1ee9c ti\u00eau th\u1ee5 nhi\u00ean li\u1ec7u, Van kh\u00ed \u0111\u01b0\u1ee3c b\u00f4i tr\u01a1n, lo\u1ea1i b\u1ecf hi\u1ec7u qu\u1ea3 c\u00e1c v\u1ebft b\u1ea9n nh\u01b0 keo, b\u00f9n, c\u1eb7n carbon tr\u00ean van b\u01b0\u1edbm ga v\u00e0 \u0111\u01b0\u1eddng \u1ed1ng van b\u01b0\u1edbm ga c\u1ee7a \u0111\u1ed9ng c\u01a1 \u00f4 t\u00f4, xe m\u00e1y tay ga, xe m\u00e1y phun x\u0103ng \u0111i\u1ec7n t\u1eed, xe tay c\u00f4n... \u0111\u1ed3ng th\u1eddi c\u00f3 th\u1ec3 c\u1ea3i thi\u1ec7n t\u00ecnh tr\u1ea1ng gi\u1eadt khi ch\u1ea1y kh\u00f4ng t\u1ea3i c\u1ee7a xe, kh\u1ea3 n\u0103ng t\u0103ng t\u1ed1c y\u1ebfu, m\u1ee9c ti\u00eau th\u1ee5 nhi\u00ean li\u1ec7u t\u0103ng. v\u00e0 n\u1ed3ng \u0111\u1ed9 CO2 trong kh\u00ed th\u1ea3i qu\u00e1 m\u1ee9c m\u00e0 kh\u00f4ng l\u00e0m h\u1ecfng van b\u01b0\u1edbm ga.\" \/>\n<meta property=\"og:url\" content=\"https:\/\/shglobaltrade.vn\/en\/product\/ve-sinh-tay-rua-buom-ga-hong-ga-o-to-va-xe-may-throttle-cleaner\/\" \/>\n<meta property=\"og:site_name\" content=\"SH Global\" \/>\n<meta property=\"article:modified_time\" content=\"2025-12-11T09:00:43+00:00\" \/>\n<meta property=\"og:image\" content=\"https:\/\/shglobaltrade.vn\/wp-content\/uploads\/2025\/07\/Throttle1-scaled.jpg\" \/>\n\t<meta property=\"og:image:width\" content=\"2560\" \/>\n\t<meta property=\"og:image:height\" content=\"1755\" \/>\n\t<meta property=\"og:image:type\" content=\"image\/jpeg\" \/>\n<meta name=\"twitter:card\" content=\"summary_large_image\" \/>\n<meta name=\"twitter:label1\" content=\"Est. reading time\" \/>\n\t<meta name=\"twitter:data1\" content=\"2 minutes\" \/>\n<script type=\"application\/ld+json\" class=\"yoast-schema-graph\">{\"@context\":\"https:\/\/schema.org\",\"@graph\":[{\"@type\":\"WebPage\",\"@id\":\"https:\/\/shglobaltrade.vn\/san-pham\/ve-sinh-tay-rua-buom-ga-hong-ga-o-to-va-xe-may-throttle-cleaner\/\",\"url\":\"https:\/\/shglobaltrade.vn\/san-pham\/ve-sinh-tay-rua-buom-ga-hong-ga-o-to-va-xe-may-throttle-cleaner\/\",\"name\":\"V\u1ec7 Sinh T\u1ea9y R\u1eeda B\u01b0\u1edbm Ga, H\u1ecdng Ga \u00d4 t\u00f4 v\u00e0 Xe M\u00e1y (Throttle Cleaner) - SH Global\",\"isPartOf\":{\"@id\":\"https:\/\/shglobaltrade.vn\/#website\"},\"datePublished\":\"2025-07-05T03:22:54+00:00\",\"dateModified\":\"2025-12-11T09:00:43+00:00\",\"breadcrumb\":{\"@id\":\"https:\/\/shglobaltrade.vn\/san-pham\/ve-sinh-tay-rua-buom-ga-hong-ga-o-to-va-xe-may-throttle-cleaner\/#breadcrumb\"},\"inLanguage\":\"en-US\",\"potentialAction\":[{\"@type\":\"ReadAction\",\"target\":[\"https:\/\/shglobaltrade.vn\/san-pham\/ve-sinh-tay-rua-buom-ga-hong-ga-o-to-va-xe-may-throttle-cleaner\/\"]}]},{\"@type\":\"BreadcrumbList\",\"@id\":\"https:\/\/shglobaltrade.vn\/san-pham\/ve-sinh-tay-rua-buom-ga-hong-ga-o-to-va-xe-may-throttle-cleaner\/#breadcrumb\",\"itemListElement\":[{\"@type\":\"ListItem\",\"position\":1,\"name\":\"Trang ch\u1ee7\",\"item\":\"https:\/\/shglobaltrade.vn\/\"},{\"@type\":\"ListItem\",\"position\":2,\"name\":\"C\u1eeda h\u00e0ng\",\"item\":\"https:\/\/shglobaltrade.vn\/cua-hang\/\"},{\"@type\":\"ListItem\",\"position\":3,\"name\":\"V\u1ec7 Sinh T\u1ea9y R\u1eeda B\u01b0\u1edbm Ga, H\u1ecdng Ga \u00d4 t\u00f4 v\u00e0 Xe M\u00e1y (Throttle Cleaner)\"}]},{\"@type\":\"WebSite\",\"@id\":\"https:\/\/shglobaltrade.vn\/#website\",\"url\":\"https:\/\/shglobaltrade.vn\/\",\"name\":\"SH Global\",\"description\":\"\",\"potentialAction\":[{\"@type\":\"SearchAction\",\"target\":{\"@type\":\"EntryPoint\",\"urlTemplate\":\"https:\/\/shglobaltrade.vn\/?s={search_term_string}\"},\"query-input\":\"required name=search_term_string\"}],\"inLanguage\":\"en-US\"}]}<\/script>\n<!-- \/ Yoast SEO Premium plugin. -->","yoast_head_json":{"title":"V\u1ec7 Sinh T\u1ea9y R\u1eeda B\u01b0\u1edbm Ga, H\u1ecdng Ga \u00d4 t\u00f4 v\u00e0 Xe M\u00e1y (Throttle Cleaner) - SH Global","robots":{"index":"index","follow":"follow","max-snippet":"max-snippet:-1","max-image-preview":"max-image-preview:large","max-video-preview":"max-video-preview:-1"},"canonical":"https:\/\/shglobaltrade.vn\/en\/product\/ve-sinh-tay-rua-buom-ga-hong-ga-o-to-va-xe-may-throttle-cleaner\/","og_locale":"en_US","og_type":"article","og_title":"V\u1ec7 Sinh T\u1ea9y R\u1eeda B\u01b0\u1edbm Ga, H\u1ecdng Ga \u00d4 t\u00f4 v\u00e0 Xe M\u00e1y (Throttle Cleaner)","og_description":"C\u00f4ng d\u1ee5ng: Gi\u1ea3m m\u1ee9c ti\u00eau th\u1ee5 nhi\u00ean li\u1ec7u, Van kh\u00ed \u0111\u01b0\u1ee3c b\u00f4i tr\u01a1n, lo\u1ea1i b\u1ecf hi\u1ec7u qu\u1ea3 c\u00e1c v\u1ebft b\u1ea9n nh\u01b0 keo, b\u00f9n, c\u1eb7n carbon tr\u00ean van b\u01b0\u1edbm ga v\u00e0 \u0111\u01b0\u1eddng \u1ed1ng van b\u01b0\u1edbm ga c\u1ee7a \u0111\u1ed9ng c\u01a1 \u00f4 t\u00f4, xe m\u00e1y tay ga, xe m\u00e1y phun x\u0103ng \u0111i\u1ec7n t\u1eed, xe tay c\u00f4n... \u0111\u1ed3ng th\u1eddi c\u00f3 th\u1ec3 c\u1ea3i thi\u1ec7n t\u00ecnh tr\u1ea1ng gi\u1eadt khi ch\u1ea1y kh\u00f4ng t\u1ea3i c\u1ee7a xe, kh\u1ea3 n\u0103ng t\u0103ng t\u1ed1c y\u1ebfu, m\u1ee9c ti\u00eau th\u1ee5 nhi\u00ean li\u1ec7u t\u0103ng. v\u00e0 n\u1ed3ng \u0111\u1ed9 CO2 trong kh\u00ed th\u1ea3i qu\u00e1 m\u1ee9c m\u00e0 kh\u00f4ng l\u00e0m h\u1ecfng van b\u01b0\u1edbm ga.","og_url":"https:\/\/shglobaltrade.vn\/en\/product\/ve-sinh-tay-rua-buom-ga-hong-ga-o-to-va-xe-may-throttle-cleaner\/","og_site_name":"SH Global","article_modified_time":"2025-12-11T09:00:43+00:00","og_image":[{"width":2560,"height":1755,"url":"https:\/\/shglobaltrade.vn\/wp-content\/uploads\/2025\/07\/Throttle1-scaled.jpg","type":"image\/jpeg"}],"twitter_card":"summary_large_image","twitter_misc":{"Est. reading time":"2 minutes"},"schema":{"@context":"https:\/\/schema.org","@graph":[{"@type":"WebPage","@id":"https:\/\/shglobaltrade.vn\/san-pham\/ve-sinh-tay-rua-buom-ga-hong-ga-o-to-va-xe-may-throttle-cleaner\/","url":"https:\/\/shglobaltrade.vn\/san-pham\/ve-sinh-tay-rua-buom-ga-hong-ga-o-to-va-xe-may-throttle-cleaner\/","name":"V\u1ec7 Sinh T\u1ea9y R\u1eeda B\u01b0\u1edbm Ga, H\u1ecdng Ga \u00d4 t\u00f4 v\u00e0 Xe M\u00e1y (Throttle Cleaner) - SH Global","isPartOf":{"@id":"https:\/\/shglobaltrade.vn\/#website"},"datePublished":"2025-07-05T03:22:54+00:00","dateModified":"2025-12-11T09:00:43+00:00","breadcrumb":{"@id":"https:\/\/shglobaltrade.vn\/san-pham\/ve-sinh-tay-rua-buom-ga-hong-ga-o-to-va-xe-may-throttle-cleaner\/#breadcrumb"},"inLanguage":"en-US","potentialAction":[{"@type":"ReadAction","target":["https:\/\/shglobaltrade.vn\/san-pham\/ve-sinh-tay-rua-buom-ga-hong-ga-o-to-va-xe-may-throttle-cleaner\/"]}]},{"@type":"BreadcrumbList","@id":"https:\/\/shglobaltrade.vn\/san-pham\/ve-sinh-tay-rua-buom-ga-hong-ga-o-to-va-xe-may-throttle-cleaner\/#breadcrumb","itemListElement":[{"@type":"ListItem","position":1,"name":"Trang ch\u1ee7","item":"https:\/\/shglobaltrade.vn\/"},{"@type":"ListItem","position":2,"name":"C\u1eeda h\u00e0ng","item":"https:\/\/shglobaltrade.vn\/cua-hang\/"},{"@type":"ListItem","position":3,"name":"V\u1ec7 Sinh T\u1ea9y R\u1eeda B\u01b0\u1edbm Ga, H\u1ecdng Ga \u00d4 t\u00f4 v\u00e0 Xe M\u00e1y (Throttle Cleaner)"}]},{"@type":"WebSite","@id":"https:\/\/shglobaltrade.vn\/#website","url":"https:\/\/shglobaltrade.vn\/","name":"SH Global","description":"","potentialAction":[{"@type":"SearchAction","target":{"@type":"EntryPoint","urlTemplate":"https:\/\/shglobaltrade.vn\/?s={search_term_string}"},"query-input":"required name=search_term_string"}],"inLanguage":"en-US"}]}},"_links":{"self":[{"href":"https:\/\/shglobaltrade.vn\/en\/wp-json\/wp\/v2\/product\/748","targetHints":{"allow":["GET"]}}],"collection":[{"href":"https:\/\/shglobaltrade.vn\/en\/wp-json\/wp\/v2\/product"}],"about":[{"href":"https:\/\/shglobaltrade.vn\/en\/wp-json\/wp\/v2\/types\/product"}],"replies":[{"embeddable":true,"href":"https:\/\/shglobaltrade.vn\/en\/wp-json\/wp\/v2\/comments?post=748"}],"wp:featuredmedia":[{"embeddable":true,"href":"https:\/\/shglobaltrade.vn\/en\/wp-json\/wp\/v2\/media\/752"}],"wp:attachment":[{"href":"https:\/\/shglobaltrade.vn\/en\/wp-json\/wp\/v2\/media?parent=748"}],"wp:term":[{"taxonomy":"product_brand","embeddable":true,"href":"https:\/\/shglobaltrade.vn\/en\/wp-json\/wp\/v2\/product_brand?post=748"},{"taxonomy":"product_cat","embeddable":true,"href":"https:\/\/shglobaltrade.vn\/en\/wp-json\/wp\/v2\/product_cat?post=748"},{"taxonomy":"product_tag","embeddable":true,"href":"https:\/\/shglobaltrade.vn\/en\/wp-json\/wp\/v2\/product_tag?post=748"}],"curies":[{"name":"wp","href":"https:\/\/api.w.org\/{rel}","templated":true}]}}