{"id":744,"date":"2025-07-05T10:19:49","date_gmt":"2025-07-05T03:19:49","guid":{"rendered":"https:\/\/shglobal.123websitedev.com\/?post_type=product&#038;p=744"},"modified":"2025-12-11T15:59:45","modified_gmt":"2025-12-11T08:59:45","slug":"dung-dich-tay-rua-da-nang-dang-bot-multi-purpose-foam-cleaner","status":"publish","type":"product","link":"https:\/\/shglobaltrade.vn\/en\/product\/dung-dich-tay-rua-da-nang-dang-bot-multi-purpose-foam-cleaner\/","title":{"rendered":"Multi-purpose foam cleaner"},"content":{"rendered":"<div style=\"width: 854px;\" class=\"wp-video\"><video class=\"wp-video-shortcode\" id=\"video-744-1\" width=\"854\" height=\"480\" loop autoplay preload=\"auto\" controls=\"controls\"><source type=\"video\/mp4\" src=\"https:\/\/shglobaltrade.vn\/wp-content\/uploads\/2025\/07\/Ve-sinh-da-nang-dang-bot.mp4?_=1\" \/><a href=\"https:\/\/shglobaltrade.vn\/wp-content\/uploads\/2025\/07\/Ve-sinh-da-nang-dang-bot.mp4\">https:\/\/shglobaltrade.vn\/wp-content\/uploads\/2025\/07\/Ve-sinh-da-nang-dang-bot.mp4<\/a><\/video><\/div>\n<p><strong>Uses:<\/strong> L\u00e0m s\u1ea1ch chuy\u00ean s\u00e2u, kh\u1eed m\u00f9i h\u00f4i nh\u1eb9, \u0111\u1ec3 l\u1ea1i h\u01b0\u01a1ng th\u01a1m d\u1ec5 ch\u1ecbu. Th\u00edch h\u1ee3p cho n\u1ed9i th\u1ea5t xe h\u01a1i nh\u01b0 gh\u1ebf, tr\u1ea7n, c\u1eeda.. &amp; Gia \u0111\u00ecnh v\u1ea3i, n\u1ec9, th\u1ea3m, sofa v\u00e0 c\u00e1c \u0111\u1ed3 v\u1eadt d\u00f9ng v\u0103n ph\u00f2ng, \u0111i\u1ec7n t\u1eed (v\u1ecf ngo\u00e0i). S\u1ea3n ph\u1ea9m to\u1ea1 b\u1ecdt m\u1ecbn, th\u1ea5m s\u00e2u, l\u00e0m m\u1ec1m v\u00e0 nhanh ch\u00f3ng lo\u1ea1i b\u1ecf b\u1ee5i b\u1ea9n, d\u1ea7u m\u1ee1 kh\u1ecfi b\u1ec1 m\u1eb7t c\u1ee7a c\u00e1c v\u1eadt th\u1ec3 m\u00e0 kh\u00f4ng g\u00e2y h\u01b0 h\u1ea1i b\u1ec1 m\u1eb7t. S\u1ea3n ph\u1ea9m n\u00e0y c\u0169ng c\u00f3 th\u1ec3 \u0111\u01b0\u1ee3c s\u1eed d\u1ee5ng \u0111\u1ec3 l\u00e0m s\u1ea1ch c\u00e1c v\u1eadt d\u1ee5ng gia \u0111\u00ecnh nh\u01b0 da nh\u00e2n t\u1ea1o, s\u1ea3n ph\u1ea9m nh\u1ef1a, gi\u00e0y du l\u1ecbch, nhi\u1ec1u lo\u1ea1i \u0111\u1ed3 n\u1ed9i th\u1ea5t, \u0111\u1ed3 g\u1ed1m, \u0111\u1ed3 gia d\u1ee5ng, gi\u1ea5y d\u00e1n t\u01b0\u1eddng, b\u1ebfp gas, m\u00e1y h\u00fat m\u00f9i&#8230;<\/p>\n<p><strong>H\u01b0\u1edbng d\u1eabn s\u1eed d\u1ee5ng<\/strong>: L\u1eafc \u0111\u1ec1u v\u00e0 x\u1ecbt tr\u1ef1c ti\u1ebfp l\u00ean b\u1ec1 m\u1eb7t c\u1ea7n v\u1ec7 sinh \u0111\u1ec3 kho\u1ea3ng 30-60 gi\u00e2y sau lau s\u1ea1ch b\u1eb1ng kh\u0103n m\u1ec1m. \u0110\u1ed1i v\u1edbi v\u1ebft b\u1ea9n c\u00fang \u0111\u1ea7u tr\u00ean th\u1ea3m, c\u00f3 th\u1ec3 d\u00f9ng b\u00e0n ch\u1ea3i m\u1ec1m \u0111\u00e1nh v\u00e0 ch\u00e0 nh\u1eb9<\/p>\n<p><strong>NSX:<\/strong> Tr\u00ean bao b\u00ec<\/p>\n<p><strong>HSD:<\/strong> 3 n\u0103m<\/p>\n<p><strong>Ch\u00fa \u00fd<\/strong>: B\u1ea3o qu\u1ea3n n\u01a1i tho\u00e1ng m\u00e1t, tr\u00e1nh xa ngu\u1ed3n l\u1eeda, khu v\u1ef1c h\u00fat thu\u1ed1c, tr\u00e1nh xa t\u1ea7m tay tr\u1ebb em.<\/p>\n<table width=\"100%\">\n<tbody>\n<tr>\n<td width=\"176\">ENGINE TYPE:<\/td>\n<td>Xe m\u00e1y &amp; \u00d4 t\u00f4<\/td>\n<\/tr>\n<tr>\n<td width=\"176\">PRODUCT LIST:<\/td>\n<td>Additives<\/td>\n<\/tr>\n<tr>\n<td width=\"176\">DUNG T\u00cdCH<\/td>\n<td>668ml<\/td>\n<\/tr>\n<tr>\n<td width=\"176\">GI\u00c1 B\u00c1N L\u1eba<\/td>\n<td>135.0000 VND<\/td>\n<\/tr>\n<tr>\n<td width=\"176\">NH\u00c0 CUNG C\u1ea4P:<\/td>\n<td>Guangzhou Biabang Car Care Industry Co., Ltd<br \/>\n\u0110\u1ecba ch\u1ec9: S\u1ed1 2 East Chuangye Road, Zhongxin Zengcheng Guangzhou, China<\/td>\n<\/tr>\n<tr>\n<td width=\"176\">NH\u00c0 NH\u1eacP KH\u1ea8U:<\/td>\n<td>C\u00f4ng ty Tnhh Xu\u1ea5t Nh\u1eadp Kh\u1ea9u V\u00e0 Th\u01b0\u01a1ng M\u1ea1i SH<br \/>\n\u0110\u1ecba ch\u1ec9: S\u1ed1 39\/3A Tr\u01b0\u01a1ng Th\u1ecb Ng\u00e0o, Khu Ph\u1ed1 4, Ph\u01b0\u1eddng Trung M\u1ef9 T\u00e2y, Tp. H\u1ed3 Ch\u00ed Minh, Vi\u1ec7t Nam<\/td>\n<\/tr>\n<tr>\n<td width=\"176\">LI\u00caN H\u1ec6<\/td>\n<td>info@shglobaltrade.vn<\/td>\n<\/tr>\n<tr>\n<td>WEBSITE<\/td>\n<td>www.shglobaltrade.vn<\/td>\n<\/tr>\n<\/tbody>\n<\/table>\n<p>&nbsp;<\/p>","protected":false},"excerpt":{"rendered":"<p><strong>Uses:<\/strong> L\u00e0m s\u1ea1ch chuy\u00ean s\u00e2u, kh\u1eed m\u00f9i h\u00f4i nh\u1eb9, \u0111\u1ec3 l\u1ea1i h\u01b0\u01a1ng th\u01a1m d\u1ec5 ch\u1ecbu. Th\u00edch h\u1ee3p cho n\u1ed9i th\u1ea5t xe h\u01a1i nh\u01b0 gh\u1ebf, tr\u1ea7n, c\u1eeda.. &amp; Gia \u0111\u00ecnh v\u1ea3i, n\u1ec9, th\u1ea3m, sofa v\u00e0 c\u00e1c \u0111\u1ed3 v\u1eadt d\u00f9ng v\u0103n ph\u00f2ng, \u0111i\u1ec7n t\u1eed (v\u1ecf ngo\u00e0i). S\u1ea3n ph\u1ea9m to\u1ea1 b\u1ecdt m\u1ecbn, th\u1ea5m s\u00e2u, l\u00e0m m\u1ec1m v\u00e0 nhanh ch\u00f3ng lo\u1ea1i b\u1ecf b\u1ee5i b\u1ea9n, d\u1ea7u m\u1ee1 kh\u1ecfi b\u1ec1 m\u1eb7t c\u1ee7a c\u00e1c v\u1eadt th\u1ec3 m\u00e0 kh\u00f4ng g\u00e2y h\u01b0 h\u1ea1i b\u1ec1 m\u1eb7t. S\u1ea3n ph\u1ea9m n\u00e0y c\u0169ng c\u00f3 th\u1ec3 \u0111\u01b0\u1ee3c s\u1eed d\u1ee5ng \u0111\u1ec3 l\u00e0m s\u1ea1ch c\u00e1c v\u1eadt d\u1ee5ng gia \u0111\u00ecnh nh\u01b0 da nh\u00e2n t\u1ea1o, s\u1ea3n ph\u1ea9m nh\u1ef1a, gi\u00e0y du l\u1ecbch, nhi\u1ec1u lo\u1ea1i \u0111\u1ed3 n\u1ed9i th\u1ea5t, \u0111\u1ed3 g\u1ed1m, \u0111\u1ed3 gia d\u1ee5ng, gi\u1ea5y d\u00e1n t\u01b0\u1eddng, b\u1ebfp gas, m\u00e1y h\u00fat m\u00f9i&#8230;<\/p>","protected":false},"featured_media":745,"comment_status":"open","ping_status":"closed","template":"","meta":[],"product_brand":[105],"product_cat":[90],"product_tag":[],"class_list":{"0":"post-744","1":"product","2":"type-product","3":"status-publish","4":"has-post-thumbnail","6":"product_brand-biaobang","7":"product_cat-chat-phu-gia","9":"first","10":"instock","11":"shipping-taxable","12":"purchasable","13":"product-type-simple"},"acf":[],"yoast_head":"<!-- This site is optimized with the Yoast SEO Premium plugin v20.9 (Yoast SEO v20.9) - https:\/\/yoast.com\/wordpress\/plugins\/seo\/ -->\n<title>Dung D\u1ecbch T\u1ea9y R\u1eeda \u0110a N\u0103ng D\u1ea1ng B\u1ecdt (Multi-purpose foam cleaner) - SH Global<\/title>\n<meta name=\"robots\" content=\"index, follow, max-snippet:-1, max-image-preview:large, max-video-preview:-1\" \/>\n<link rel=\"canonical\" href=\"https:\/\/shglobaltrade.vn\/en\/product\/dung-dich-tay-rua-da-nang-dang-bot-multi-purpose-foam-cleaner\/\" \/>\n<meta property=\"og:locale\" content=\"en_US\" \/>\n<meta property=\"og:type\" content=\"article\" \/>\n<meta property=\"og:title\" content=\"Dung D\u1ecbch T\u1ea9y R\u1eeda \u0110a N\u0103ng D\u1ea1ng B\u1ecdt (Multi-purpose foam cleaner)\" \/>\n<meta property=\"og:description\" content=\"C\u00f4ng d\u1ee5ng: L\u00e0m s\u1ea1ch chuy\u00ean s\u00e2u, kh\u1eed m\u00f9i h\u00f4i nh\u1eb9, \u0111\u1ec3 l\u1ea1i h\u01b0\u01a1ng th\u01a1m d\u1ec5 ch\u1ecbu. Th\u00edch h\u1ee3p cho n\u1ed9i th\u1ea5t xe h\u01a1i nh\u01b0 gh\u1ebf, tr\u1ea7n, c\u1eeda.. &amp; Gia \u0111\u00ecnh v\u1ea3i, n\u1ec9, th\u1ea3m, sofa v\u00e0 c\u00e1c \u0111\u1ed3 v\u1eadt d\u00f9ng v\u0103n ph\u00f2ng, \u0111i\u1ec7n t\u1eed (v\u1ecf ngo\u00e0i). S\u1ea3n ph\u1ea9m to\u1ea1 b\u1ecdt m\u1ecbn, th\u1ea5m s\u00e2u, l\u00e0m m\u1ec1m v\u00e0 nhanh ch\u00f3ng lo\u1ea1i b\u1ecf b\u1ee5i b\u1ea9n, d\u1ea7u m\u1ee1 kh\u1ecfi b\u1ec1 m\u1eb7t c\u1ee7a c\u00e1c v\u1eadt th\u1ec3 m\u00e0 kh\u00f4ng g\u00e2y h\u01b0 h\u1ea1i b\u1ec1 m\u1eb7t. S\u1ea3n ph\u1ea9m n\u00e0y c\u0169ng c\u00f3 th\u1ec3 \u0111\u01b0\u1ee3c s\u1eed d\u1ee5ng \u0111\u1ec3 l\u00e0m s\u1ea1ch c\u00e1c v\u1eadt d\u1ee5ng gia \u0111\u00ecnh nh\u01b0 da nh\u00e2n t\u1ea1o, s\u1ea3n ph\u1ea9m nh\u1ef1a, gi\u00e0y du l\u1ecbch, nhi\u1ec1u lo\u1ea1i \u0111\u1ed3 n\u1ed9i th\u1ea5t, \u0111\u1ed3 g\u1ed1m, \u0111\u1ed3 gia d\u1ee5ng, gi\u1ea5y d\u00e1n t\u01b0\u1eddng, b\u1ebfp gas, m\u00e1y h\u00fat m\u00f9i...\" \/>\n<meta property=\"og:url\" content=\"https:\/\/shglobaltrade.vn\/en\/product\/dung-dich-tay-rua-da-nang-dang-bot-multi-purpose-foam-cleaner\/\" \/>\n<meta property=\"og:site_name\" content=\"SH Global\" \/>\n<meta property=\"article:modified_time\" content=\"2025-12-11T08:59:45+00:00\" \/>\n<meta property=\"og:image\" content=\"https:\/\/shglobaltrade.vn\/wp-content\/uploads\/2025\/07\/\u5916\u8d38-668ml\u591a\u529f\u80fd\u6ce1\u6cab-\u7f50\u5b50\uff08\u65e0\u5237\uff09-01-scaled.png\" \/>\n\t<meta property=\"og:image:width\" content=\"2560\" \/>\n\t<meta property=\"og:image:height\" content=\"1810\" \/>\n\t<meta property=\"og:image:type\" content=\"image\/png\" \/>\n<meta name=\"twitter:card\" content=\"summary_large_image\" \/>\n<meta name=\"twitter:label1\" content=\"Est. reading time\" \/>\n\t<meta name=\"twitter:data1\" content=\"2 minutes\" \/>\n<script type=\"application\/ld+json\" class=\"yoast-schema-graph\">{\"@context\":\"https:\/\/schema.org\",\"@graph\":[{\"@type\":\"WebPage\",\"@id\":\"https:\/\/shglobaltrade.vn\/san-pham\/dung-dich-tay-rua-da-nang-dang-bot-multi-purpose-foam-cleaner\/\",\"url\":\"https:\/\/shglobaltrade.vn\/san-pham\/dung-dich-tay-rua-da-nang-dang-bot-multi-purpose-foam-cleaner\/\",\"name\":\"Dung D\u1ecbch T\u1ea9y R\u1eeda \u0110a N\u0103ng D\u1ea1ng B\u1ecdt (Multi-purpose foam cleaner) - SH Global\",\"isPartOf\":{\"@id\":\"https:\/\/shglobaltrade.vn\/#website\"},\"datePublished\":\"2025-07-05T03:19:49+00:00\",\"dateModified\":\"2025-12-11T08:59:45+00:00\",\"breadcrumb\":{\"@id\":\"https:\/\/shglobaltrade.vn\/san-pham\/dung-dich-tay-rua-da-nang-dang-bot-multi-purpose-foam-cleaner\/#breadcrumb\"},\"inLanguage\":\"en-US\",\"potentialAction\":[{\"@type\":\"ReadAction\",\"target\":[\"https:\/\/shglobaltrade.vn\/san-pham\/dung-dich-tay-rua-da-nang-dang-bot-multi-purpose-foam-cleaner\/\"]}]},{\"@type\":\"BreadcrumbList\",\"@id\":\"https:\/\/shglobaltrade.vn\/san-pham\/dung-dich-tay-rua-da-nang-dang-bot-multi-purpose-foam-cleaner\/#breadcrumb\",\"itemListElement\":[{\"@type\":\"ListItem\",\"position\":1,\"name\":\"Trang ch\u1ee7\",\"item\":\"https:\/\/shglobaltrade.vn\/\"},{\"@type\":\"ListItem\",\"position\":2,\"name\":\"C\u1eeda h\u00e0ng\",\"item\":\"https:\/\/shglobaltrade.vn\/cua-hang\/\"},{\"@type\":\"ListItem\",\"position\":3,\"name\":\"Dung D\u1ecbch T\u1ea9y R\u1eeda \u0110a N\u0103ng D\u1ea1ng B\u1ecdt (Multi-purpose foam cleaner)\"}]},{\"@type\":\"WebSite\",\"@id\":\"https:\/\/shglobaltrade.vn\/#website\",\"url\":\"https:\/\/shglobaltrade.vn\/\",\"name\":\"SH Global\",\"description\":\"\",\"potentialAction\":[{\"@type\":\"SearchAction\",\"target\":{\"@type\":\"EntryPoint\",\"urlTemplate\":\"https:\/\/shglobaltrade.vn\/?s={search_term_string}\"},\"query-input\":\"required name=search_term_string\"}],\"inLanguage\":\"en-US\"}]}<\/script>\n<!-- \/ Yoast SEO Premium plugin. -->","yoast_head_json":{"title":"Dung D\u1ecbch T\u1ea9y R\u1eeda \u0110a N\u0103ng D\u1ea1ng B\u1ecdt (Multi-purpose foam cleaner) - SH Global","robots":{"index":"index","follow":"follow","max-snippet":"max-snippet:-1","max-image-preview":"max-image-preview:large","max-video-preview":"max-video-preview:-1"},"canonical":"https:\/\/shglobaltrade.vn\/en\/product\/dung-dich-tay-rua-da-nang-dang-bot-multi-purpose-foam-cleaner\/","og_locale":"en_US","og_type":"article","og_title":"Dung D\u1ecbch T\u1ea9y R\u1eeda \u0110a N\u0103ng D\u1ea1ng B\u1ecdt (Multi-purpose foam cleaner)","og_description":"C\u00f4ng d\u1ee5ng: L\u00e0m s\u1ea1ch chuy\u00ean s\u00e2u, kh\u1eed m\u00f9i h\u00f4i nh\u1eb9, \u0111\u1ec3 l\u1ea1i h\u01b0\u01a1ng th\u01a1m d\u1ec5 ch\u1ecbu. Th\u00edch h\u1ee3p cho n\u1ed9i th\u1ea5t xe h\u01a1i nh\u01b0 gh\u1ebf, tr\u1ea7n, c\u1eeda.. &amp; Gia \u0111\u00ecnh v\u1ea3i, n\u1ec9, th\u1ea3m, sofa v\u00e0 c\u00e1c \u0111\u1ed3 v\u1eadt d\u00f9ng v\u0103n ph\u00f2ng, \u0111i\u1ec7n t\u1eed (v\u1ecf ngo\u00e0i). S\u1ea3n ph\u1ea9m to\u1ea1 b\u1ecdt m\u1ecbn, th\u1ea5m s\u00e2u, l\u00e0m m\u1ec1m v\u00e0 nhanh ch\u00f3ng lo\u1ea1i b\u1ecf b\u1ee5i b\u1ea9n, d\u1ea7u m\u1ee1 kh\u1ecfi b\u1ec1 m\u1eb7t c\u1ee7a c\u00e1c v\u1eadt th\u1ec3 m\u00e0 kh\u00f4ng g\u00e2y h\u01b0 h\u1ea1i b\u1ec1 m\u1eb7t. S\u1ea3n ph\u1ea9m n\u00e0y c\u0169ng c\u00f3 th\u1ec3 \u0111\u01b0\u1ee3c s\u1eed d\u1ee5ng \u0111\u1ec3 l\u00e0m s\u1ea1ch c\u00e1c v\u1eadt d\u1ee5ng gia \u0111\u00ecnh nh\u01b0 da nh\u00e2n t\u1ea1o, s\u1ea3n ph\u1ea9m nh\u1ef1a, gi\u00e0y du l\u1ecbch, nhi\u1ec1u lo\u1ea1i \u0111\u1ed3 n\u1ed9i th\u1ea5t, \u0111\u1ed3 g\u1ed1m, \u0111\u1ed3 gia d\u1ee5ng, gi\u1ea5y d\u00e1n t\u01b0\u1eddng, b\u1ebfp gas, m\u00e1y h\u00fat m\u00f9i...","og_url":"https:\/\/shglobaltrade.vn\/en\/product\/dung-dich-tay-rua-da-nang-dang-bot-multi-purpose-foam-cleaner\/","og_site_name":"SH Global","article_modified_time":"2025-12-11T08:59:45+00:00","og_image":[{"width":2560,"height":1810,"url":"https:\/\/shglobaltrade.vn\/wp-content\/uploads\/2025\/07\/\u5916\u8d38-668ml\u591a\u529f\u80fd\u6ce1\u6cab-\u7f50\u5b50\uff08\u65e0\u5237\uff09-01-scaled.png","type":"image\/png"}],"twitter_card":"summary_large_image","twitter_misc":{"Est. reading time":"2 minutes"},"schema":{"@context":"https:\/\/schema.org","@graph":[{"@type":"WebPage","@id":"https:\/\/shglobaltrade.vn\/san-pham\/dung-dich-tay-rua-da-nang-dang-bot-multi-purpose-foam-cleaner\/","url":"https:\/\/shglobaltrade.vn\/san-pham\/dung-dich-tay-rua-da-nang-dang-bot-multi-purpose-foam-cleaner\/","name":"Dung D\u1ecbch T\u1ea9y R\u1eeda \u0110a N\u0103ng D\u1ea1ng B\u1ecdt (Multi-purpose foam cleaner) - SH Global","isPartOf":{"@id":"https:\/\/shglobaltrade.vn\/#website"},"datePublished":"2025-07-05T03:19:49+00:00","dateModified":"2025-12-11T08:59:45+00:00","breadcrumb":{"@id":"https:\/\/shglobaltrade.vn\/san-pham\/dung-dich-tay-rua-da-nang-dang-bot-multi-purpose-foam-cleaner\/#breadcrumb"},"inLanguage":"en-US","potentialAction":[{"@type":"ReadAction","target":["https:\/\/shglobaltrade.vn\/san-pham\/dung-dich-tay-rua-da-nang-dang-bot-multi-purpose-foam-cleaner\/"]}]},{"@type":"BreadcrumbList","@id":"https:\/\/shglobaltrade.vn\/san-pham\/dung-dich-tay-rua-da-nang-dang-bot-multi-purpose-foam-cleaner\/#breadcrumb","itemListElement":[{"@type":"ListItem","position":1,"name":"Trang ch\u1ee7","item":"https:\/\/shglobaltrade.vn\/"},{"@type":"ListItem","position":2,"name":"C\u1eeda h\u00e0ng","item":"https:\/\/shglobaltrade.vn\/cua-hang\/"},{"@type":"ListItem","position":3,"name":"Dung D\u1ecbch T\u1ea9y R\u1eeda \u0110a N\u0103ng D\u1ea1ng B\u1ecdt (Multi-purpose foam cleaner)"}]},{"@type":"WebSite","@id":"https:\/\/shglobaltrade.vn\/#website","url":"https:\/\/shglobaltrade.vn\/","name":"SH Global","description":"","potentialAction":[{"@type":"SearchAction","target":{"@type":"EntryPoint","urlTemplate":"https:\/\/shglobaltrade.vn\/?s={search_term_string}"},"query-input":"required name=search_term_string"}],"inLanguage":"en-US"}]}},"_links":{"self":[{"href":"https:\/\/shglobaltrade.vn\/en\/wp-json\/wp\/v2\/product\/744","targetHints":{"allow":["GET"]}}],"collection":[{"href":"https:\/\/shglobaltrade.vn\/en\/wp-json\/wp\/v2\/product"}],"about":[{"href":"https:\/\/shglobaltrade.vn\/en\/wp-json\/wp\/v2\/types\/product"}],"replies":[{"embeddable":true,"href":"https:\/\/shglobaltrade.vn\/en\/wp-json\/wp\/v2\/comments?post=744"}],"wp:featuredmedia":[{"embeddable":true,"href":"https:\/\/shglobaltrade.vn\/en\/wp-json\/wp\/v2\/media\/745"}],"wp:attachment":[{"href":"https:\/\/shglobaltrade.vn\/en\/wp-json\/wp\/v2\/media?parent=744"}],"wp:term":[{"taxonomy":"product_brand","embeddable":true,"href":"https:\/\/shglobaltrade.vn\/en\/wp-json\/wp\/v2\/product_brand?post=744"},{"taxonomy":"product_cat","embeddable":true,"href":"https:\/\/shglobaltrade.vn\/en\/wp-json\/wp\/v2\/product_cat?post=744"},{"taxonomy":"product_tag","embeddable":true,"href":"https:\/\/shglobaltrade.vn\/en\/wp-json\/wp\/v2\/product_tag?post=744"}],"curies":[{"name":"wp","href":"https:\/\/api.w.org\/{rel}","templated":true}]}}