{"id":730,"date":"2025-07-05T10:11:36","date_gmt":"2025-07-05T03:11:36","guid":{"rendered":"https:\/\/shglobal.123websitedev.com\/?post_type=product&#038;p=730"},"modified":"2025-12-11T15:59:05","modified_gmt":"2025-12-11T08:59:05","slug":"danh-bong-duong-nhua-tap-lo-bang-dieu-khien-o-to-va-xe-may-dashboard-polish","status":"publish","type":"product","link":"https:\/\/shglobaltrade.vn\/en\/product\/danh-bong-duong-nhua-tap-lo-bang-dieu-khien-o-to-va-xe-may-dashboard-polish\/","title":{"rendered":"Polish, nourish interior leather, roughen plastic dashboard, control panel of cars and motorbikes (Dashboard Polish)"},"content":{"rendered":"<div style=\"width: 854px;\" class=\"wp-video\"><video class=\"wp-video-shortcode\" id=\"video-730-1\" width=\"854\" height=\"480\" loop autoplay preload=\"auto\" controls=\"controls\"><source type=\"video\/mp4\" src=\"https:\/\/shglobaltrade.vn\/wp-content\/uploads\/2025\/07\/Ve-sinh-va-duong-nhua-nham-da-noi-that-o-to-xe-may.mp4?_=1\" \/><a href=\"https:\/\/shglobaltrade.vn\/wp-content\/uploads\/2025\/07\/Ve-sinh-va-duong-nhua-nham-da-noi-that-o-to-xe-may.mp4\">https:\/\/shglobaltrade.vn\/wp-content\/uploads\/2025\/07\/Ve-sinh-va-duong-nhua-nham-da-noi-that-o-to-xe-may.mp4<\/a><\/video><\/div>\n<p><strong>Uses<\/strong>: \u0110\u00e1nh b\u00f3ng, D\u01b0\u1ee1ng \u1ea9m, L\u00e0m s\u1ea1ch Da B\u1ea3o v\u1ec7 hi\u1ec7u qu\u1ea3. Ch\u0103m s\u00f3c \u0111\u1ed9 b\u00f3ng cho b\u1ec1 m\u1eb7t c\u1ee9ng c\u1ee7a c\u00e1c s\u1ea3n ph\u1ea9m b\u1eb1ng da th\u1eadt, da v\u00e0 nh\u1ef1a, d\u1ec5 s\u1eed d\u1ee5ng, ch\u1ec9 c\u1ea7n x\u1ecbt v\u00e0 lau, c\u00f3 th\u1ec3 ph\u1ee5c h\u1ed3i \u0111\u1ed9 b\u00f3ng c\u1ee7a gh\u1ebf da \u00f4 t\u00f4 v\u00e0 l\u00e0m cho b\u1ea3ng \u0111i\u1ec1u khi\u1ec3n s\u00e1ng b\u00f3ng nh\u01b0 m\u1edbi. N\u00f3 c\u0169ng c\u00f3 hi\u1ec7u qu\u1ea3 l\u00e0m ch\u1eadm qu\u00e1 tr\u00ecnh l\u00e3o h\u00f3a c\u1ee7a c\u00e1c s\u1ea3n ph\u1ea9m nh\u1ef1a, kh\u1ea3 n\u0103ng b\u00f4i tr\u01a1n t\u1ed1t c\u00f3 th\u1ec3 ng\u0103n ng\u1eeba hi\u1ec7u qu\u1ea3 s\u1ef1 th\u00f4 r\u00e1p c\u1ee7a b\u1ec1 m\u1eb7t v\u1eadt th\u1ec3 v\u00e0 t\u0103ng \u0111\u1ed9 s\u00e1ng b\u00f3ng, ph\u00f9 h\u1ee3p cho c\u1ea3 \u00f4 t\u00f4 v\u00e0 s\u1eed d\u1ee5ng trong gia \u0111\u00ecnh.<\/p>\n<p><strong>H\u01b0\u1edbng d\u1eabn s\u1eed dung<\/strong>: L\u1eafc \u0111\u1ec1u v\u00e0 x\u1ecbt tr\u1ef1c ti\u1ebfp l\u00ean b\u1ec1 m\u1eb7t c\u1ea7n d\u01b0\u1ee1ng v\u00e0 v\u1ec7 sinh sau \u0111\u00f3 d\u00f9ng kh\u0103n m\u1ec1m lau \u0111\u1ec1u cho \u0111\u1ebfn khi b\u1ec1 m\u1eb7t b\u00f3ng \u0111\u1eb9p.<\/p>\n<p><strong>NSX:<\/strong> Tr\u00ean bao b\u00ec<\/p>\n<p><strong>HSD:<\/strong> 3 n\u0103m<\/p>\n<p><strong>Ch\u00fa \u00fd<\/strong>: Kh\u00f4ng x\u1ecbt l\u00ean v\u00f4 l\u0103ng g\u1ed7 v\u00e0 b\u00e0n \u0111\u1ea1p phanh tr\u00e1nh tr\u01a1n tr\u01b0\u1ee3t. B\u1ea3o qu\u1ea3n n\u01a1i tho\u00e1ng m\u00e1t, tr\u00e1nh xa ngu\u1ed3n l\u1eeda, khu v\u1ef1c h\u00fat thu\u1ed1c, tr\u00e1nh xa t\u1ea7m tay tr\u1ebb em.<\/p>\n<table style=\"width: 100%; height: 233px;\" width=\"100%\">\n<tbody>\n<tr style=\"height: 21px;\">\n<td style=\"height: 21px;\" width=\"176\">ENGINE TYPE:<\/td>\n<td style=\"height: 21px;\">Xe m\u00e1y &amp; \u00d4 t\u00f4<\/td>\n<\/tr>\n<tr style=\"height: 21px;\">\n<td style=\"height: 21px;\" width=\"176\">PRODUCT LIST:<\/td>\n<td style=\"height: 21px;\">Additives<\/td>\n<\/tr>\n<tr style=\"height: 21px;\">\n<td style=\"height: 21px;\" width=\"176\">M\u00c0U S\u1eaeC<\/td>\n<td style=\"height: 21px;\">Xanh v\u00e0 v\u00e0ng<\/td>\n<\/tr>\n<tr style=\"height: 21px;\">\n<td style=\"height: 21px;\">DUNG T\u00cdCH:<\/td>\n<td style=\"height: 21px;\">450ML<\/td>\n<\/tr>\n<tr style=\"height: 21px;\">\n<td style=\"height: 21px;\" width=\"176\">GI\u00c1 B\u00c1N L\u1eba<\/td>\n<td style=\"height: 21px;\">118.000 VND<\/td>\n<\/tr>\n<tr style=\"height: 43px;\">\n<td style=\"height: 43px;\" width=\"176\">NH\u00c0 CUNG C\u1ea4P:<\/td>\n<td style=\"height: 43px;\">Guangzhou Biabang Car Care Industry Co., Ltd<br \/>\n\u0110\u1ecba ch\u1ec9: S\u1ed1 2 East Chuangye Road, Zhongxin Zengcheng Guangzhou, China<\/td>\n<\/tr>\n<tr style=\"height: 43px;\">\n<td style=\"height: 43px;\" width=\"176\">NH\u00c0 NH\u1eacP KH\u1ea8U:<\/td>\n<td style=\"height: 43px;\">C\u00f4ng ty TNHH Xu\u1ea5t Nh\u1eadp Kh\u1ea9u V\u00e0 Th\u01b0\u01a1ng M\u1ea1i SH<br \/>\n\u0110\u1ecba ch\u1ec9: S\u1ed1 39\/3A Tr\u01b0\u01a1ng Th\u1ecb Ng\u00e0o, Khu Ph\u1ed1 4, Ph\u01b0\u1eddng Trung M\u1ef9 T\u00e2y, Qu\u1eadn.12, Tp. H\u1ed3 Ch\u00ed Minh, Vi\u1ec7t Nam<\/td>\n<\/tr>\n<tr style=\"height: 21px;\">\n<td style=\"height: 21px;\" width=\"176\">LI\u00caN H\u1ec6<\/td>\n<td style=\"height: 21px;\">info@shglobaltrade.vn<\/td>\n<\/tr>\n<tr style=\"height: 21px;\">\n<td style=\"height: 21px;\">WEBSITE<\/td>\n<td style=\"height: 21px;\">www.shglobaltrade.vn<\/td>\n<\/tr>\n<\/tbody>\n<\/table>\n<p>&nbsp;<\/p>","protected":false},"excerpt":{"rendered":"<p><strong>Uses:<\/strong> Polishing, Moisturizing, Cleaning Leather Effective protection. Gloss care for the hard surface of genuine leather, leather and plastic products, easy to use, just spray and wipe, can restore the gloss of car leather seats and make the dashboard shine like new. It also effectively slows down the aging of plastic products, good lubricity can effectively prevent the roughness of the surface of the object and increase the gloss, suitable for both automobile and home use.<\/p>","protected":false},"featured_media":755,"comment_status":"open","ping_status":"closed","template":"","meta":[],"product_brand":[105],"product_cat":[90],"product_tag":[],"class_list":{"0":"post-730","1":"product","2":"type-product","3":"status-publish","4":"has-post-thumbnail","6":"product_brand-biaobang","7":"product_cat-chat-phu-gia","9":"first","10":"instock","11":"shipping-taxable","12":"purchasable","13":"product-type-simple"},"acf":[],"yoast_head":"<!-- This site is optimized with the Yoast SEO Premium plugin v20.9 (Yoast SEO v20.9) - https:\/\/yoast.com\/wordpress\/plugins\/seo\/ -->\n<title>\u0110\u00e1nh b\u00f3ng, d\u01b0\u1ee1ng da n\u1ed9i th\u1ea5t, d\u01b0\u1ee1ng nh\u1ef1a nh\u00e1m t\u00e1p l\u00f4, b\u1ea3ng \u0111i\u1ec1u khi\u1ec3n \u00f4 t\u00f4 v\u00e0 xe m\u00e1y (Dashboard Polish) - SH Global<\/title>\n<meta name=\"robots\" content=\"index, follow, max-snippet:-1, max-image-preview:large, max-video-preview:-1\" \/>\n<link rel=\"canonical\" href=\"https:\/\/shglobaltrade.vn\/en\/product\/danh-bong-duong-nhua-tap-lo-bang-dieu-khien-o-to-va-xe-may-dashboard-polish\/\" \/>\n<meta property=\"og:locale\" content=\"en_US\" \/>\n<meta property=\"og:type\" content=\"article\" \/>\n<meta property=\"og:title\" content=\"\u0110\u00e1nh b\u00f3ng, d\u01b0\u1ee1ng da n\u1ed9i th\u1ea5t, d\u01b0\u1ee1ng nh\u1ef1a nh\u00e1m t\u00e1p l\u00f4, b\u1ea3ng \u0111i\u1ec1u khi\u1ec3n \u00f4 t\u00f4 v\u00e0 xe m\u00e1y (Dashboard Polish)\" \/>\n<meta property=\"og:description\" content=\"C\u00f4ng d\u1ee5ng: \u0110\u00e1nh b\u00f3ng, D\u01b0\u1ee1ng \u1ea9m, L\u00e0m s\u1ea1ch Da B\u1ea3o v\u1ec7 hi\u1ec7u qu\u1ea3. Ch\u0103m s\u00f3c \u0111\u1ed9 b\u00f3ng cho b\u1ec1 m\u1eb7t c\u1ee9ng c\u1ee7a c\u00e1c s\u1ea3n ph\u1ea9m b\u1eb1ng da th\u1eadt, da v\u00e0 nh\u1ef1a, d\u1ec5 s\u1eed d\u1ee5ng, ch\u1ec9 c\u1ea7n x\u1ecbt v\u00e0 lau, c\u00f3 th\u1ec3 ph\u1ee5c h\u1ed3i \u0111\u1ed9 b\u00f3ng c\u1ee7a gh\u1ebf da \u00f4 t\u00f4 v\u00e0 l\u00e0m cho b\u1ea3ng \u0111i\u1ec1u khi\u1ec3n s\u00e1ng b\u00f3ng nh\u01b0 m\u1edbi. N\u00f3 c\u0169ng c\u00f3 hi\u1ec7u qu\u1ea3 l\u00e0m ch\u1eadm qu\u00e1 tr\u00ecnh l\u00e3o h\u00f3a c\u1ee7a c\u00e1c s\u1ea3n ph\u1ea9m nh\u1ef1a, kh\u1ea3 n\u0103ng b\u00f4i tr\u01a1n t\u1ed1t c\u00f3 th\u1ec3 ng\u0103n ng\u1eeba hi\u1ec7u qu\u1ea3 s\u1ef1 th\u00f4 r\u00e1p c\u1ee7a b\u1ec1 m\u1eb7t v\u1eadt th\u1ec3 v\u00e0 t\u0103ng \u0111\u1ed9 s\u00e1ng b\u00f3ng, ph\u00f9 h\u1ee3p cho c\u1ea3 \u00f4 t\u00f4 v\u00e0 s\u1eed d\u1ee5ng trong gia \u0111\u00ecnh.\" \/>\n<meta property=\"og:url\" content=\"https:\/\/shglobaltrade.vn\/en\/product\/danh-bong-duong-nhua-tap-lo-bang-dieu-khien-o-to-va-xe-may-dashboard-polish\/\" \/>\n<meta property=\"og:site_name\" content=\"SH Global\" \/>\n<meta property=\"article:modified_time\" content=\"2025-12-11T08:59:05+00:00\" \/>\n<meta property=\"og:image\" content=\"https:\/\/shglobaltrade.vn\/wp-content\/uploads\/2025\/07\/6-scaled.jpg\" \/>\n\t<meta property=\"og:image:width\" content=\"2560\" \/>\n\t<meta property=\"og:image:height\" content=\"1755\" \/>\n\t<meta property=\"og:image:type\" content=\"image\/jpeg\" \/>\n<meta name=\"twitter:card\" content=\"summary_large_image\" \/>\n<meta name=\"twitter:label1\" content=\"Est. reading time\" \/>\n\t<meta name=\"twitter:data1\" content=\"2 minutes\" \/>\n<script type=\"application\/ld+json\" class=\"yoast-schema-graph\">{\"@context\":\"https:\/\/schema.org\",\"@graph\":[{\"@type\":\"WebPage\",\"@id\":\"https:\/\/shglobaltrade.vn\/san-pham\/danh-bong-duong-nhua-tap-lo-bang-dieu-khien-o-to-va-xe-may-dashboard-polish\/\",\"url\":\"https:\/\/shglobaltrade.vn\/san-pham\/danh-bong-duong-nhua-tap-lo-bang-dieu-khien-o-to-va-xe-may-dashboard-polish\/\",\"name\":\"\u0110\u00e1nh b\u00f3ng, d\u01b0\u1ee1ng da n\u1ed9i th\u1ea5t, d\u01b0\u1ee1ng nh\u1ef1a nh\u00e1m t\u00e1p l\u00f4, b\u1ea3ng \u0111i\u1ec1u khi\u1ec3n \u00f4 t\u00f4 v\u00e0 xe m\u00e1y (Dashboard Polish) - SH Global\",\"isPartOf\":{\"@id\":\"https:\/\/shglobaltrade.vn\/#website\"},\"datePublished\":\"2025-07-05T03:11:36+00:00\",\"dateModified\":\"2025-12-11T08:59:05+00:00\",\"breadcrumb\":{\"@id\":\"https:\/\/shglobaltrade.vn\/san-pham\/danh-bong-duong-nhua-tap-lo-bang-dieu-khien-o-to-va-xe-may-dashboard-polish\/#breadcrumb\"},\"inLanguage\":\"en-US\",\"potentialAction\":[{\"@type\":\"ReadAction\",\"target\":[\"https:\/\/shglobaltrade.vn\/san-pham\/danh-bong-duong-nhua-tap-lo-bang-dieu-khien-o-to-va-xe-may-dashboard-polish\/\"]}]},{\"@type\":\"BreadcrumbList\",\"@id\":\"https:\/\/shglobaltrade.vn\/san-pham\/danh-bong-duong-nhua-tap-lo-bang-dieu-khien-o-to-va-xe-may-dashboard-polish\/#breadcrumb\",\"itemListElement\":[{\"@type\":\"ListItem\",\"position\":1,\"name\":\"Trang ch\u1ee7\",\"item\":\"https:\/\/shglobaltrade.vn\/\"},{\"@type\":\"ListItem\",\"position\":2,\"name\":\"C\u1eeda h\u00e0ng\",\"item\":\"https:\/\/shglobaltrade.vn\/cua-hang\/\"},{\"@type\":\"ListItem\",\"position\":3,\"name\":\"\u0110\u00e1nh b\u00f3ng, d\u01b0\u1ee1ng da n\u1ed9i th\u1ea5t, d\u01b0\u1ee1ng nh\u1ef1a nh\u00e1m t\u00e1p l\u00f4, b\u1ea3ng \u0111i\u1ec1u khi\u1ec3n \u00f4 t\u00f4 v\u00e0 xe m\u00e1y (Dashboard Polish)\"}]},{\"@type\":\"WebSite\",\"@id\":\"https:\/\/shglobaltrade.vn\/#website\",\"url\":\"https:\/\/shglobaltrade.vn\/\",\"name\":\"SH Global\",\"description\":\"\",\"potentialAction\":[{\"@type\":\"SearchAction\",\"target\":{\"@type\":\"EntryPoint\",\"urlTemplate\":\"https:\/\/shglobaltrade.vn\/?s={search_term_string}\"},\"query-input\":\"required name=search_term_string\"}],\"inLanguage\":\"en-US\"}]}<\/script>\n<!-- \/ Yoast SEO Premium plugin. -->","yoast_head_json":{"title":"\u0110\u00e1nh b\u00f3ng, d\u01b0\u1ee1ng da n\u1ed9i th\u1ea5t, d\u01b0\u1ee1ng nh\u1ef1a nh\u00e1m t\u00e1p l\u00f4, b\u1ea3ng \u0111i\u1ec1u khi\u1ec3n \u00f4 t\u00f4 v\u00e0 xe m\u00e1y (Dashboard Polish) - SH Global","robots":{"index":"index","follow":"follow","max-snippet":"max-snippet:-1","max-image-preview":"max-image-preview:large","max-video-preview":"max-video-preview:-1"},"canonical":"https:\/\/shglobaltrade.vn\/en\/product\/danh-bong-duong-nhua-tap-lo-bang-dieu-khien-o-to-va-xe-may-dashboard-polish\/","og_locale":"en_US","og_type":"article","og_title":"\u0110\u00e1nh b\u00f3ng, d\u01b0\u1ee1ng da n\u1ed9i th\u1ea5t, d\u01b0\u1ee1ng nh\u1ef1a nh\u00e1m t\u00e1p l\u00f4, b\u1ea3ng \u0111i\u1ec1u khi\u1ec3n \u00f4 t\u00f4 v\u00e0 xe m\u00e1y (Dashboard Polish)","og_description":"C\u00f4ng d\u1ee5ng: \u0110\u00e1nh b\u00f3ng, D\u01b0\u1ee1ng \u1ea9m, L\u00e0m s\u1ea1ch Da B\u1ea3o v\u1ec7 hi\u1ec7u qu\u1ea3. Ch\u0103m s\u00f3c \u0111\u1ed9 b\u00f3ng cho b\u1ec1 m\u1eb7t c\u1ee9ng c\u1ee7a c\u00e1c s\u1ea3n ph\u1ea9m b\u1eb1ng da th\u1eadt, da v\u00e0 nh\u1ef1a, d\u1ec5 s\u1eed d\u1ee5ng, ch\u1ec9 c\u1ea7n x\u1ecbt v\u00e0 lau, c\u00f3 th\u1ec3 ph\u1ee5c h\u1ed3i \u0111\u1ed9 b\u00f3ng c\u1ee7a gh\u1ebf da \u00f4 t\u00f4 v\u00e0 l\u00e0m cho b\u1ea3ng \u0111i\u1ec1u khi\u1ec3n s\u00e1ng b\u00f3ng nh\u01b0 m\u1edbi. N\u00f3 c\u0169ng c\u00f3 hi\u1ec7u qu\u1ea3 l\u00e0m ch\u1eadm qu\u00e1 tr\u00ecnh l\u00e3o h\u00f3a c\u1ee7a c\u00e1c s\u1ea3n ph\u1ea9m nh\u1ef1a, kh\u1ea3 n\u0103ng b\u00f4i tr\u01a1n t\u1ed1t c\u00f3 th\u1ec3 ng\u0103n ng\u1eeba hi\u1ec7u qu\u1ea3 s\u1ef1 th\u00f4 r\u00e1p c\u1ee7a b\u1ec1 m\u1eb7t v\u1eadt th\u1ec3 v\u00e0 t\u0103ng \u0111\u1ed9 s\u00e1ng b\u00f3ng, ph\u00f9 h\u1ee3p cho c\u1ea3 \u00f4 t\u00f4 v\u00e0 s\u1eed d\u1ee5ng trong gia \u0111\u00ecnh.","og_url":"https:\/\/shglobaltrade.vn\/en\/product\/danh-bong-duong-nhua-tap-lo-bang-dieu-khien-o-to-va-xe-may-dashboard-polish\/","og_site_name":"SH Global","article_modified_time":"2025-12-11T08:59:05+00:00","og_image":[{"width":2560,"height":1755,"url":"https:\/\/shglobaltrade.vn\/wp-content\/uploads\/2025\/07\/6-scaled.jpg","type":"image\/jpeg"}],"twitter_card":"summary_large_image","twitter_misc":{"Est. reading time":"2 minutes"},"schema":{"@context":"https:\/\/schema.org","@graph":[{"@type":"WebPage","@id":"https:\/\/shglobaltrade.vn\/san-pham\/danh-bong-duong-nhua-tap-lo-bang-dieu-khien-o-to-va-xe-may-dashboard-polish\/","url":"https:\/\/shglobaltrade.vn\/san-pham\/danh-bong-duong-nhua-tap-lo-bang-dieu-khien-o-to-va-xe-may-dashboard-polish\/","name":"\u0110\u00e1nh b\u00f3ng, d\u01b0\u1ee1ng da n\u1ed9i th\u1ea5t, d\u01b0\u1ee1ng nh\u1ef1a nh\u00e1m t\u00e1p l\u00f4, b\u1ea3ng \u0111i\u1ec1u khi\u1ec3n \u00f4 t\u00f4 v\u00e0 xe m\u00e1y (Dashboard Polish) - SH Global","isPartOf":{"@id":"https:\/\/shglobaltrade.vn\/#website"},"datePublished":"2025-07-05T03:11:36+00:00","dateModified":"2025-12-11T08:59:05+00:00","breadcrumb":{"@id":"https:\/\/shglobaltrade.vn\/san-pham\/danh-bong-duong-nhua-tap-lo-bang-dieu-khien-o-to-va-xe-may-dashboard-polish\/#breadcrumb"},"inLanguage":"en-US","potentialAction":[{"@type":"ReadAction","target":["https:\/\/shglobaltrade.vn\/san-pham\/danh-bong-duong-nhua-tap-lo-bang-dieu-khien-o-to-va-xe-may-dashboard-polish\/"]}]},{"@type":"BreadcrumbList","@id":"https:\/\/shglobaltrade.vn\/san-pham\/danh-bong-duong-nhua-tap-lo-bang-dieu-khien-o-to-va-xe-may-dashboard-polish\/#breadcrumb","itemListElement":[{"@type":"ListItem","position":1,"name":"Trang ch\u1ee7","item":"https:\/\/shglobaltrade.vn\/"},{"@type":"ListItem","position":2,"name":"C\u1eeda h\u00e0ng","item":"https:\/\/shglobaltrade.vn\/cua-hang\/"},{"@type":"ListItem","position":3,"name":"\u0110\u00e1nh b\u00f3ng, d\u01b0\u1ee1ng da n\u1ed9i th\u1ea5t, d\u01b0\u1ee1ng nh\u1ef1a nh\u00e1m t\u00e1p l\u00f4, b\u1ea3ng \u0111i\u1ec1u khi\u1ec3n \u00f4 t\u00f4 v\u00e0 xe m\u00e1y (Dashboard Polish)"}]},{"@type":"WebSite","@id":"https:\/\/shglobaltrade.vn\/#website","url":"https:\/\/shglobaltrade.vn\/","name":"SH Global","description":"","potentialAction":[{"@type":"SearchAction","target":{"@type":"EntryPoint","urlTemplate":"https:\/\/shglobaltrade.vn\/?s={search_term_string}"},"query-input":"required name=search_term_string"}],"inLanguage":"en-US"}]}},"_links":{"self":[{"href":"https:\/\/shglobaltrade.vn\/en\/wp-json\/wp\/v2\/product\/730","targetHints":{"allow":["GET"]}}],"collection":[{"href":"https:\/\/shglobaltrade.vn\/en\/wp-json\/wp\/v2\/product"}],"about":[{"href":"https:\/\/shglobaltrade.vn\/en\/wp-json\/wp\/v2\/types\/product"}],"replies":[{"embeddable":true,"href":"https:\/\/shglobaltrade.vn\/en\/wp-json\/wp\/v2\/comments?post=730"}],"wp:featuredmedia":[{"embeddable":true,"href":"https:\/\/shglobaltrade.vn\/en\/wp-json\/wp\/v2\/media\/755"}],"wp:attachment":[{"href":"https:\/\/shglobaltrade.vn\/en\/wp-json\/wp\/v2\/media?parent=730"}],"wp:term":[{"taxonomy":"product_brand","embeddable":true,"href":"https:\/\/shglobaltrade.vn\/en\/wp-json\/wp\/v2\/product_brand?post=730"},{"taxonomy":"product_cat","embeddable":true,"href":"https:\/\/shglobaltrade.vn\/en\/wp-json\/wp\/v2\/product_cat?post=730"},{"taxonomy":"product_tag","embeddable":true,"href":"https:\/\/shglobaltrade.vn\/en\/wp-json\/wp\/v2\/product_tag?post=730"}],"curies":[{"name":"wp","href":"https:\/\/api.w.org\/{rel}","templated":true}]}}