{"id":717,"date":"2025-07-05T10:01:52","date_gmt":"2025-07-05T03:01:52","guid":{"rendered":"https:\/\/shglobal.123websitedev.com\/?post_type=product&#038;p=717"},"modified":"2025-12-11T15:58:14","modified_gmt":"2025-12-11T08:58:14","slug":"ve-sinh-kim-phun-buong-dot-bo-che-hoa-khi-carb-cleaner","status":"publish","type":"product","link":"https:\/\/shglobaltrade.vn\/en\/product\/ve-sinh-kim-phun-buong-dot-bo-che-hoa-khi-carb-cleaner\/","title":{"rendered":"Carb Cleaner"},"content":{"rendered":"<div style=\"width: 854px;\" class=\"wp-video\"><video class=\"wp-video-shortcode\" id=\"video-717-1\" width=\"854\" height=\"480\" loop autoplay preload=\"auto\" controls=\"controls\"><source type=\"video\/mp4\" src=\"https:\/\/shglobaltrade.vn\/wp-content\/uploads\/2025\/07\/Ve-sinh-bo-che-hoa-khi.mp4?_=1\" \/><a href=\"https:\/\/shglobaltrade.vn\/wp-content\/uploads\/2025\/07\/Ve-sinh-bo-che-hoa-khi.mp4\">https:\/\/shglobaltrade.vn\/wp-content\/uploads\/2025\/07\/Ve-sinh-bo-che-hoa-khi.mp4<\/a><\/video><\/div>\n<p><strong>Uses:<\/strong> Lo\u1ea1i b\u1ecf b\u1ee5i b\u1ea9n nhanh ch\u00f3ng, b\u1ea3o v\u1ec7 \u0111\u1ed9ng c\u01a1 v\u00e0 v\u1ec7 sinh l\u00e0m s\u1ea1ch hi\u1ec7u qu\u1ea3 b\u1ec1 m\u1eb7t kim lo\u1ea1i c\u1ee7a b\u1ed9 ch\u1ebf h\u00f2a kh\u00ed, van gi\u1ea3m ch\u1ea5n, \u0111\u1ed9ng c\u01a1, h\u1ed9p s\u1ed1 v\u00e0 c\u00e1c b\u1ed9 ph\u1eadn c\u1ee7a ch\u00fang, c\u0169ng nh\u01b0 nhi\u1ec1u thi\u1ebft b\u1ecb c\u01a1 kh\u00ed kh\u00e1c nhau, bao g\u1ed3m k\u1eb9o cao su, c\u1eb7n d\u1ea7u, v\u1ebft d\u1ea7u, b\u1ee5i b\u1ea9n, c\u1eb7n cacbon v\u00e0 c\u1eb7n oxy h\u00f3a, ph\u1ee5c h\u1ed3i t\u00ecnh tr\u1ea1ng ho\u1ea1t \u0111\u1ed9ng t\u1ed1t, t\u0103ng hi\u1ec7u su\u1ea5t \u0111\u1ed1t ch\u00e1y v\u00e0 c\u1ea3i thi\u1ec7n hi\u1ec7u qu\u1ea3 b\u1ea3o d\u01b0\u1ee1ng.<\/p>\n<p><strong>H\u01b0\u1edbng d\u1eabn s\u1eed dung<\/strong>: T\u1eaft m\u00e1y, l\u1eafc \u0111\u1ec1u v\u00e0 x\u1ecbt tr\u1ef1c ti\u1ebfp v\u00e0o c\u00e1c khe v\u00e0 chi ti\u1ebft b\u00ean trong. Ch\u1edd v\u00e0i ph\u00fat cho d\u1ee5ng d\u1ecbch ho\u00e0 tan c\u1eb7n b\u1ea9n r\u1ed3i lau s\u1ea1ch.<\/p>\n<p><strong>NSX:<\/strong> Tr\u00ean bao b\u00ec<\/p>\n<p><strong>HSD:<\/strong> 3 n\u0103m<\/p>\n<p><strong>Ch\u00fa \u00fd<\/strong>: Kh\u00f4ng x\u1ecbt l\u00ean b\u1ec1 m\u1eb7t s\u01a1n, nh\u1ef1a m\u1ec1m ho\u1eb7c cao su. B\u1ea3o qu\u1ea3n n\u01a1i tho\u00e1ng m\u00e1t, tr\u00e1nh xa ngu\u1ed3n l\u1eeda, khu v\u1ef1c h\u00fat thu\u1ed1c, tr\u00e1nh xa t\u1ea7m tay tr\u1ebb em.<\/p>\n<table width=\"100%\">\n<tbody>\n<tr>\n<td width=\"176\">ENGINE TYPE:<\/td>\n<td>Xe m\u00e1y &amp; Oto<\/td>\n<\/tr>\n<tr>\n<td width=\"176\">PRODUCT LIST:<\/td>\n<td>Additives<\/td>\n<\/tr>\n<tr>\n<td width=\"176\">DUNG T\u00cdCH<\/td>\n<td>450ML<\/td>\n<\/tr>\n<tr>\n<td width=\"176\">GI\u00c1 B\u00c1N L\u1eba<\/td>\n<td>92.000 VND &#8211; 117.000 VND<\/td>\n<\/tr>\n<tr>\n<td width=\"176\">NH\u00c0 CUNG C\u1ea4P:<\/td>\n<td>Guangzhou Biabang Car Care Industry Co., Ltd<br \/>\n\u0110\u1ecba ch\u1ec9: S\u1ed1 2 East Chuangye Road, Zhongxin Zengcheng Guangzhou, China<\/td>\n<\/tr>\n<tr>\n<td width=\"176\">NH\u00c0 NH\u1eacP KH\u1ea8U:<\/td>\n<td>C\u00f4ng ty TNHH Xu\u1ea5t Nh\u1eadp Kh\u1ea9u V\u00e0 Th\u01b0\u01a1ng M\u1ea1i SH<br \/>\n\u0110\u1ecba ch\u1ec9: S\u1ed1 39\/3A Tr\u01b0\u01a1ng Th\u1ecb Ng\u00e0o, Khu Ph\u1ed1 4, Ph\u01b0\u1eddng Trung M\u1ef9 T\u00e2y, Qu\u1eadn.12, Tp. H\u1ed3 Ch\u00ed Minh, Vi\u1ec7t Nam<\/td>\n<\/tr>\n<tr>\n<td width=\"176\">LI\u00caN H\u1ec6<\/td>\n<td>info@shglobaltrade.vn<\/td>\n<\/tr>\n<tr>\n<td>WEBSITE<\/td>\n<td>www.shglobaltrade.vn<\/td>\n<\/tr>\n<\/tbody>\n<\/table>\n<p>&nbsp;<\/p>","protected":false},"excerpt":{"rendered":"<p><strong>Uses:<\/strong> Remove stains, can quickly clean metal flakes, dust and grease on brake discs, drums, brake pads and other parts, reduce brake noise, improve braking performance and keep the brake system running stably. This product is also suitable for cleaning dirt on other metal parts.<\/p>","protected":false},"featured_media":722,"comment_status":"open","ping_status":"closed","template":"","meta":[],"product_brand":[105],"product_cat":[90],"product_tag":[],"class_list":{"0":"post-717","1":"product","2":"type-product","3":"status-publish","4":"has-post-thumbnail","6":"product_brand-biaobang","7":"product_cat-chat-phu-gia","9":"first","10":"instock","11":"shipping-taxable","12":"purchasable","13":"product-type-variable"},"acf":[],"yoast_head":"<!-- This site is optimized with the Yoast SEO Premium plugin v20.9 (Yoast SEO v20.9) - https:\/\/yoast.com\/wordpress\/plugins\/seo\/ -->\n<title>V\u1ec7 Sinh Kim Phun Bu\u1ed3ng \u0110\u1ed1t, B\u1ed9 Ch\u1ebf Ho\u00e0 Kh\u00ed (Carb Cleaner) - SH Global<\/title>\n<meta name=\"robots\" content=\"index, follow, max-snippet:-1, max-image-preview:large, max-video-preview:-1\" \/>\n<link rel=\"canonical\" href=\"https:\/\/shglobaltrade.vn\/en\/product\/ve-sinh-kim-phun-buong-dot-bo-che-hoa-khi-carb-cleaner\/\" \/>\n<meta property=\"og:locale\" content=\"en_US\" \/>\n<meta property=\"og:type\" content=\"article\" \/>\n<meta property=\"og:title\" content=\"V\u1ec7 Sinh Kim Phun Bu\u1ed3ng \u0110\u1ed1t, B\u1ed9 Ch\u1ebf Ho\u00e0 Kh\u00ed (Carb Cleaner)\" \/>\n<meta property=\"og:description\" content=\"C\u00f4ng d\u1ee5ng: Lo\u1ea1i b\u1ecf v\u1ebft b\u1ea9n, c\u00f3 th\u1ec3 nhanh ch\u00f3ng l\u00e0m s\u1ea1ch c\u00e1c m\u1ea3nh kim lo\u1ea1i, b\u1ee5i v\u00e0 d\u1ea7u m\u1ee1 tr\u00ean \u0111\u0129a phanh, tang tr\u1ed1ng, m\u00e1 phanh v\u00e0 c\u00e1c b\u1ed9 ph\u1eadn kh\u00e1c, gi\u1ea3m ti\u1ebfng \u1ed3n c\u1ee7a phanh, c\u1ea3i thi\u1ec7n hi\u1ec7u su\u1ea5t phanh v\u00e0 gi\u1eef cho h\u1ec7 th\u1ed1ng phanh ho\u1ea1t \u0111\u1ed9ng \u1ed5n \u0111\u1ecbnh. S\u1ea3n ph\u1ea9m n\u00e0y c\u0169ng ph\u00f9 h\u1ee3p \u0111\u1ec3 l\u00e0m s\u1ea1ch b\u1ee5i b\u1ea9n tr\u00ean c\u00e1c b\u1ed9 ph\u1eadn kim lo\u1ea1i kh\u00e1c.\" \/>\n<meta property=\"og:url\" content=\"https:\/\/shglobaltrade.vn\/en\/product\/ve-sinh-kim-phun-buong-dot-bo-che-hoa-khi-carb-cleaner\/\" \/>\n<meta property=\"og:site_name\" content=\"SH Global\" \/>\n<meta property=\"article:modified_time\" content=\"2025-12-11T08:58:14+00:00\" \/>\n<meta property=\"og:image\" content=\"https:\/\/shglobaltrade.vn\/wp-content\/uploads\/2025\/07\/450ml-carb-cleaner-01-scaled.png\" \/>\n\t<meta property=\"og:image:width\" content=\"2560\" \/>\n\t<meta property=\"og:image:height\" content=\"1810\" \/>\n\t<meta property=\"og:image:type\" content=\"image\/png\" \/>\n<meta name=\"twitter:card\" content=\"summary_large_image\" \/>\n<meta name=\"twitter:label1\" content=\"Est. reading time\" \/>\n\t<meta name=\"twitter:data1\" content=\"2 minutes\" \/>\n<script type=\"application\/ld+json\" class=\"yoast-schema-graph\">{\"@context\":\"https:\/\/schema.org\",\"@graph\":[{\"@type\":\"WebPage\",\"@id\":\"https:\/\/shglobaltrade.vn\/san-pham\/ve-sinh-kim-phun-buong-dot-bo-che-hoa-khi-carb-cleaner\/\",\"url\":\"https:\/\/shglobaltrade.vn\/san-pham\/ve-sinh-kim-phun-buong-dot-bo-che-hoa-khi-carb-cleaner\/\",\"name\":\"V\u1ec7 Sinh Kim Phun Bu\u1ed3ng \u0110\u1ed1t, B\u1ed9 Ch\u1ebf Ho\u00e0 Kh\u00ed (Carb Cleaner) - SH Global\",\"isPartOf\":{\"@id\":\"https:\/\/shglobaltrade.vn\/#website\"},\"datePublished\":\"2025-07-05T03:01:52+00:00\",\"dateModified\":\"2025-12-11T08:58:14+00:00\",\"breadcrumb\":{\"@id\":\"https:\/\/shglobaltrade.vn\/san-pham\/ve-sinh-kim-phun-buong-dot-bo-che-hoa-khi-carb-cleaner\/#breadcrumb\"},\"inLanguage\":\"en-US\",\"potentialAction\":[{\"@type\":\"ReadAction\",\"target\":[\"https:\/\/shglobaltrade.vn\/san-pham\/ve-sinh-kim-phun-buong-dot-bo-che-hoa-khi-carb-cleaner\/\"]}]},{\"@type\":\"BreadcrumbList\",\"@id\":\"https:\/\/shglobaltrade.vn\/san-pham\/ve-sinh-kim-phun-buong-dot-bo-che-hoa-khi-carb-cleaner\/#breadcrumb\",\"itemListElement\":[{\"@type\":\"ListItem\",\"position\":1,\"name\":\"Trang ch\u1ee7\",\"item\":\"https:\/\/shglobaltrade.vn\/\"},{\"@type\":\"ListItem\",\"position\":2,\"name\":\"C\u1eeda h\u00e0ng\",\"item\":\"https:\/\/shglobaltrade.vn\/cua-hang\/\"},{\"@type\":\"ListItem\",\"position\":3,\"name\":\"V\u1ec7 Sinh Kim Phun Bu\u1ed3ng \u0110\u1ed1t, B\u1ed9 Ch\u1ebf Ho\u00e0 Kh\u00ed (Carb Cleaner)\"}]},{\"@type\":\"WebSite\",\"@id\":\"https:\/\/shglobaltrade.vn\/#website\",\"url\":\"https:\/\/shglobaltrade.vn\/\",\"name\":\"SH Global\",\"description\":\"\",\"potentialAction\":[{\"@type\":\"SearchAction\",\"target\":{\"@type\":\"EntryPoint\",\"urlTemplate\":\"https:\/\/shglobaltrade.vn\/?s={search_term_string}\"},\"query-input\":\"required name=search_term_string\"}],\"inLanguage\":\"en-US\"}]}<\/script>\n<!-- \/ Yoast SEO Premium plugin. -->","yoast_head_json":{"title":"V\u1ec7 Sinh Kim Phun Bu\u1ed3ng \u0110\u1ed1t, B\u1ed9 Ch\u1ebf Ho\u00e0 Kh\u00ed (Carb Cleaner) - SH Global","robots":{"index":"index","follow":"follow","max-snippet":"max-snippet:-1","max-image-preview":"max-image-preview:large","max-video-preview":"max-video-preview:-1"},"canonical":"https:\/\/shglobaltrade.vn\/en\/product\/ve-sinh-kim-phun-buong-dot-bo-che-hoa-khi-carb-cleaner\/","og_locale":"en_US","og_type":"article","og_title":"V\u1ec7 Sinh Kim Phun Bu\u1ed3ng \u0110\u1ed1t, B\u1ed9 Ch\u1ebf Ho\u00e0 Kh\u00ed (Carb Cleaner)","og_description":"C\u00f4ng d\u1ee5ng: Lo\u1ea1i b\u1ecf v\u1ebft b\u1ea9n, c\u00f3 th\u1ec3 nhanh ch\u00f3ng l\u00e0m s\u1ea1ch c\u00e1c m\u1ea3nh kim lo\u1ea1i, b\u1ee5i v\u00e0 d\u1ea7u m\u1ee1 tr\u00ean \u0111\u0129a phanh, tang tr\u1ed1ng, m\u00e1 phanh v\u00e0 c\u00e1c b\u1ed9 ph\u1eadn kh\u00e1c, gi\u1ea3m ti\u1ebfng \u1ed3n c\u1ee7a phanh, c\u1ea3i thi\u1ec7n hi\u1ec7u su\u1ea5t phanh v\u00e0 gi\u1eef cho h\u1ec7 th\u1ed1ng phanh ho\u1ea1t \u0111\u1ed9ng \u1ed5n \u0111\u1ecbnh. S\u1ea3n ph\u1ea9m n\u00e0y c\u0169ng ph\u00f9 h\u1ee3p \u0111\u1ec3 l\u00e0m s\u1ea1ch b\u1ee5i b\u1ea9n tr\u00ean c\u00e1c b\u1ed9 ph\u1eadn kim lo\u1ea1i kh\u00e1c.","og_url":"https:\/\/shglobaltrade.vn\/en\/product\/ve-sinh-kim-phun-buong-dot-bo-che-hoa-khi-carb-cleaner\/","og_site_name":"SH Global","article_modified_time":"2025-12-11T08:58:14+00:00","og_image":[{"width":2560,"height":1810,"url":"https:\/\/shglobaltrade.vn\/wp-content\/uploads\/2025\/07\/450ml-carb-cleaner-01-scaled.png","type":"image\/png"}],"twitter_card":"summary_large_image","twitter_misc":{"Est. reading time":"2 minutes"},"schema":{"@context":"https:\/\/schema.org","@graph":[{"@type":"WebPage","@id":"https:\/\/shglobaltrade.vn\/san-pham\/ve-sinh-kim-phun-buong-dot-bo-che-hoa-khi-carb-cleaner\/","url":"https:\/\/shglobaltrade.vn\/san-pham\/ve-sinh-kim-phun-buong-dot-bo-che-hoa-khi-carb-cleaner\/","name":"V\u1ec7 Sinh Kim Phun Bu\u1ed3ng \u0110\u1ed1t, B\u1ed9 Ch\u1ebf Ho\u00e0 Kh\u00ed (Carb Cleaner) - SH Global","isPartOf":{"@id":"https:\/\/shglobaltrade.vn\/#website"},"datePublished":"2025-07-05T03:01:52+00:00","dateModified":"2025-12-11T08:58:14+00:00","breadcrumb":{"@id":"https:\/\/shglobaltrade.vn\/san-pham\/ve-sinh-kim-phun-buong-dot-bo-che-hoa-khi-carb-cleaner\/#breadcrumb"},"inLanguage":"en-US","potentialAction":[{"@type":"ReadAction","target":["https:\/\/shglobaltrade.vn\/san-pham\/ve-sinh-kim-phun-buong-dot-bo-che-hoa-khi-carb-cleaner\/"]}]},{"@type":"BreadcrumbList","@id":"https:\/\/shglobaltrade.vn\/san-pham\/ve-sinh-kim-phun-buong-dot-bo-che-hoa-khi-carb-cleaner\/#breadcrumb","itemListElement":[{"@type":"ListItem","position":1,"name":"Trang ch\u1ee7","item":"https:\/\/shglobaltrade.vn\/"},{"@type":"ListItem","position":2,"name":"C\u1eeda h\u00e0ng","item":"https:\/\/shglobaltrade.vn\/cua-hang\/"},{"@type":"ListItem","position":3,"name":"V\u1ec7 Sinh Kim Phun Bu\u1ed3ng \u0110\u1ed1t, B\u1ed9 Ch\u1ebf Ho\u00e0 Kh\u00ed (Carb Cleaner)"}]},{"@type":"WebSite","@id":"https:\/\/shglobaltrade.vn\/#website","url":"https:\/\/shglobaltrade.vn\/","name":"SH Global","description":"","potentialAction":[{"@type":"SearchAction","target":{"@type":"EntryPoint","urlTemplate":"https:\/\/shglobaltrade.vn\/?s={search_term_string}"},"query-input":"required name=search_term_string"}],"inLanguage":"en-US"}]}},"_links":{"self":[{"href":"https:\/\/shglobaltrade.vn\/en\/wp-json\/wp\/v2\/product\/717","targetHints":{"allow":["GET"]}}],"collection":[{"href":"https:\/\/shglobaltrade.vn\/en\/wp-json\/wp\/v2\/product"}],"about":[{"href":"https:\/\/shglobaltrade.vn\/en\/wp-json\/wp\/v2\/types\/product"}],"replies":[{"embeddable":true,"href":"https:\/\/shglobaltrade.vn\/en\/wp-json\/wp\/v2\/comments?post=717"}],"wp:featuredmedia":[{"embeddable":true,"href":"https:\/\/shglobaltrade.vn\/en\/wp-json\/wp\/v2\/media\/722"}],"wp:attachment":[{"href":"https:\/\/shglobaltrade.vn\/en\/wp-json\/wp\/v2\/media?parent=717"}],"wp:term":[{"taxonomy":"product_brand","embeddable":true,"href":"https:\/\/shglobaltrade.vn\/en\/wp-json\/wp\/v2\/product_brand?post=717"},{"taxonomy":"product_cat","embeddable":true,"href":"https:\/\/shglobaltrade.vn\/en\/wp-json\/wp\/v2\/product_cat?post=717"},{"taxonomy":"product_tag","embeddable":true,"href":"https:\/\/shglobaltrade.vn\/en\/wp-json\/wp\/v2\/product_tag?post=717"}],"curies":[{"name":"wp","href":"https:\/\/api.w.org\/{rel}","templated":true}]}}