{"id":711,"date":"2025-07-05T09:56:08","date_gmt":"2025-07-05T02:56:08","guid":{"rendered":"https:\/\/shglobal.123websitedev.com\/?post_type=product&#038;p=711"},"modified":"2025-12-11T15:57:30","modified_gmt":"2025-12-11T08:57:30","slug":"ve-sinh-he-thong-phanh-brake-system-cleaner","status":"publish","type":"product","link":"https:\/\/shglobaltrade.vn\/en\/product\/ve-sinh-he-thong-phanh-brake-system-cleaner\/","title":{"rendered":"Brake System Cleaner"},"content":{"rendered":"<div style=\"width: 854px;\" class=\"wp-video\"><video class=\"wp-video-shortcode\" id=\"video-711-1\" width=\"854\" height=\"480\" loop autoplay preload=\"auto\" controls=\"controls\"><source type=\"video\/mp4\" src=\"https:\/\/shglobaltrade.vn\/wp-content\/uploads\/2025\/07\/Ve-sinh-he-thong-phanh.mp4?_=1\" \/><a href=\"https:\/\/shglobaltrade.vn\/wp-content\/uploads\/2025\/07\/Ve-sinh-he-thong-phanh.mp4\">https:\/\/shglobaltrade.vn\/wp-content\/uploads\/2025\/07\/Ve-sinh-he-thong-phanh.mp4<\/a><\/video><\/div>\n<p><strong>Uses:<\/strong> Lo\u1ea1i b\u1ecf v\u1ebft b\u1ea9n, c\u00f3 th\u1ec3 nhanh ch\u00f3ng l\u00e0m s\u1ea1ch c\u00e1c m\u1ea3nh kim lo\u1ea1i, b\u1ee5i v\u00e0 d\u1ea7u m\u1ee1 tr\u00ean \u0111\u0129a phanh, tang tr\u1ed1ng, m\u00e1 phanh v\u00e0 c\u00e1c b\u1ed9 ph\u1eadn kh\u00e1c, gi\u1ea3m ti\u1ebfng \u1ed3n c\u1ee7a phanh, c\u1ea3i thi\u1ec7n hi\u1ec7u su\u1ea5t phanh v\u00e0 gi\u1eef cho h\u1ec7 th\u1ed1ng phanh ho\u1ea1t \u0111\u1ed9ng \u1ed5n \u0111\u1ecbnh. S\u1ea3n ph\u1ea9m n\u00e0y c\u0169ng ph\u00f9 h\u1ee3p \u0111\u1ec3 l\u00e0m s\u1ea1ch b\u1ee5i b\u1ea9n tr\u00ean c\u00e1c b\u1ed9 ph\u1eadn kim lo\u1ea1i kh\u00e1c. C\u00f4ng th\u1ee9c th\u00e2n thi\u1ec7n v\u1edbi m\u00f4i tr\u01b0\u1eddng<\/p>\n<p><strong>H\u01b0\u1edbng d\u1eabn s\u1eed dung<\/strong>: L\u1eafc \u0111\u1ec1u v\u00e0 x\u1ecbt tr\u1ef1c ti\u1ebfp l\u00ean b\u1ec1 m\u1eb7t \u0111\u0129a m\u00e1 phanh. \u0110\u1ee3i 1-2 ph\u00fat cho dung d\u1ecbch bay h\u01a1i v\u00e0 cu\u1ed1n tr\u00f4i b\u1ee5i b\u1ea9n, d\u1ea7u m\u1ee1. Lau l\u1ea1i b\u1eb1ng kh\u0103n s\u1ea1ch.<\/p>\n<p><strong>NSX:<\/strong> Tr\u00ean bao b\u00ec<\/p>\n<p><strong>HSD:<\/strong> 3 n\u0103m<\/p>\n<p><strong>Ch\u00fa \u00fd<\/strong>: B\u1ea3o qu\u1ea3n n\u01a1i tho\u00e1ng m\u00e1t, tr\u00e1nh xa ngu\u1ed3n l\u1eeda, khu v\u1ef1c h\u00fat thu\u1ed1c, tr\u00e1nh xa t\u1ea7m tay tr\u1ebb em.<\/p>\n<table width=\"100%\">\n<tbody>\n<tr>\n<td width=\"176\">ENGINE TYPE:<\/td>\n<td>Xe m\u00e1y &amp; \u00f4t\u00f4<\/td>\n<\/tr>\n<tr>\n<td width=\"176\">PRODUCT LIST:<\/td>\n<td>Additives<\/td>\n<\/tr>\n<tr>\n<td width=\"176\">DUNG T\u00cdCH<\/td>\n<td>500ml<\/td>\n<\/tr>\n<tr>\n<td width=\"176\">GI\u00c1 B\u00c1N L\u1eba<\/td>\n<td>99.0000 VND<\/td>\n<\/tr>\n<tr>\n<td width=\"176\">NH\u00c0 CUNG C\u1ea4P:<\/td>\n<td>Guangzhou Biabang Car Care Industry Co., Ltd<br \/>\n\u0110\u1ecba ch\u1ec9: S\u1ed1 2 East Chuangye Road, Zhongxin Zengcheng Guangzhou, China<\/td>\n<\/tr>\n<tr>\n<td width=\"176\">NH\u00c0 NH\u1eacP KH\u1ea8U:<\/td>\n<td>C\u00f4ng ty Tnhh Xu\u1ea5t Nh\u1eadp Kh\u1ea9u V\u00e0 Th\u01b0\u01a1ng M\u1ea1i SH<br \/>\n\u0110\u1ecba ch\u1ec9: S\u1ed1 39\/3A Tr\u01b0\u01a1ng Th\u1ecb Ng\u00e0o, Khu Ph\u1ed1 4, Ph\u01b0\u1eddng Trung M\u1ef9 T\u00e2y, Qu\u1eadn.12, Tp. H\u1ed3 Ch\u00ed Minh, Vi\u1ec7t Nam<\/td>\n<\/tr>\n<tr>\n<td width=\"176\">LI\u00caN H\u1ec6<\/td>\n<td>info@shglobaltrade.vn<\/td>\n<\/tr>\n<tr>\n<td>WEBSITE<\/td>\n<td>www.shglobaltrade.vn<\/td>\n<\/tr>\n<\/tbody>\n<\/table>\n<p>&nbsp;<\/p>","protected":false},"excerpt":{"rendered":"<p><strong>Uses:<\/strong> Lo\u1ea1i b\u1ecf v\u1ebft b\u1ea9n, c\u00f3 th\u1ec3 nhanh ch\u00f3ng l\u00e0m s\u1ea1ch c\u00e1c m\u1ea3nh kim lo\u1ea1i, b\u1ee5i v\u00e0 d\u1ea7u m\u1ee1 tr\u00ean \u0111\u0129a phanh, tang tr\u1ed1ng, m\u00e1 phanh v\u00e0 c\u00e1c b\u1ed9 ph\u1eadn kh\u00e1c, gi\u1ea3m ti\u1ebfng \u1ed3n c\u1ee7a phanh, c\u1ea3i thi\u1ec7n hi\u1ec7u su\u1ea5t phanh v\u00e0 gi\u1eef cho h\u1ec7 th\u1ed1ng phanh ho\u1ea1t \u0111\u1ed9ng \u1ed5n \u0111\u1ecbnh. S\u1ea3n ph\u1ea9m n\u00e0y c\u0169ng ph\u00f9 h\u1ee3p \u0111\u1ec3 l\u00e0m s\u1ea1ch b\u1ee5i b\u1ea9n tr\u00ean c\u00e1c b\u1ed9 ph\u1eadn kim lo\u1ea1i kh\u00e1c. C\u00f4ng th\u1ee9c th\u00e2n thi\u1ec7n v\u1edbi m\u00f4i tr\u01b0\u1eddng<\/p>","protected":false},"featured_media":761,"comment_status":"open","ping_status":"closed","template":"","meta":[],"product_brand":[105],"product_cat":[90],"product_tag":[],"class_list":{"0":"post-711","1":"product","2":"type-product","3":"status-publish","4":"has-post-thumbnail","6":"product_brand-biaobang","7":"product_cat-chat-phu-gia","9":"first","10":"instock","11":"shipping-taxable","12":"purchasable","13":"product-type-simple"},"acf":[],"yoast_head":"<!-- This site is optimized with the Yoast SEO Premium plugin v20.9 (Yoast SEO v20.9) - https:\/\/yoast.com\/wordpress\/plugins\/seo\/ -->\n<title>V\u1ec7 sinh h\u1ec7 th\u1ed1ng phanh (Brake System Cleaner) - SH Global<\/title>\n<meta name=\"robots\" content=\"index, follow, max-snippet:-1, max-image-preview:large, max-video-preview:-1\" \/>\n<link rel=\"canonical\" href=\"https:\/\/shglobaltrade.vn\/en\/product\/ve-sinh-he-thong-phanh-brake-system-cleaner\/\" \/>\n<meta property=\"og:locale\" content=\"en_US\" \/>\n<meta property=\"og:type\" content=\"article\" \/>\n<meta property=\"og:title\" content=\"V\u1ec7 sinh h\u1ec7 th\u1ed1ng phanh (Brake System Cleaner)\" \/>\n<meta property=\"og:description\" content=\"C\u00f4ng d\u1ee5ng: Lo\u1ea1i b\u1ecf v\u1ebft b\u1ea9n, c\u00f3 th\u1ec3 nhanh ch\u00f3ng l\u00e0m s\u1ea1ch c\u00e1c m\u1ea3nh kim lo\u1ea1i, b\u1ee5i v\u00e0 d\u1ea7u m\u1ee1 tr\u00ean \u0111\u0129a phanh, tang tr\u1ed1ng, m\u00e1 phanh v\u00e0 c\u00e1c b\u1ed9 ph\u1eadn kh\u00e1c, gi\u1ea3m ti\u1ebfng \u1ed3n c\u1ee7a phanh, c\u1ea3i thi\u1ec7n hi\u1ec7u su\u1ea5t phanh v\u00e0 gi\u1eef cho h\u1ec7 th\u1ed1ng phanh ho\u1ea1t \u0111\u1ed9ng \u1ed5n \u0111\u1ecbnh. S\u1ea3n ph\u1ea9m n\u00e0y c\u0169ng ph\u00f9 h\u1ee3p \u0111\u1ec3 l\u00e0m s\u1ea1ch b\u1ee5i b\u1ea9n tr\u00ean c\u00e1c b\u1ed9 ph\u1eadn kim lo\u1ea1i kh\u00e1c. C\u00f4ng th\u1ee9c th\u00e2n thi\u1ec7n v\u1edbi m\u00f4i tr\u01b0\u1eddng\" \/>\n<meta property=\"og:url\" content=\"https:\/\/shglobaltrade.vn\/en\/product\/ve-sinh-he-thong-phanh-brake-system-cleaner\/\" \/>\n<meta property=\"og:site_name\" content=\"SH Global\" \/>\n<meta property=\"article:modified_time\" content=\"2025-12-11T08:57:30+00:00\" \/>\n<meta property=\"og:image\" content=\"https:\/\/shglobaltrade.vn\/wp-content\/uploads\/2025\/07\/3-scaled.jpg\" \/>\n\t<meta property=\"og:image:width\" content=\"2560\" \/>\n\t<meta property=\"og:image:height\" content=\"1755\" \/>\n\t<meta property=\"og:image:type\" content=\"image\/jpeg\" \/>\n<meta name=\"twitter:card\" content=\"summary_large_image\" \/>\n<meta name=\"twitter:label1\" content=\"Est. reading time\" \/>\n\t<meta name=\"twitter:data1\" content=\"2 minutes\" \/>\n<script type=\"application\/ld+json\" class=\"yoast-schema-graph\">{\"@context\":\"https:\/\/schema.org\",\"@graph\":[{\"@type\":\"WebPage\",\"@id\":\"https:\/\/shglobaltrade.vn\/san-pham\/ve-sinh-he-thong-phanh-brake-system-cleaner\/\",\"url\":\"https:\/\/shglobaltrade.vn\/san-pham\/ve-sinh-he-thong-phanh-brake-system-cleaner\/\",\"name\":\"V\u1ec7 sinh h\u1ec7 th\u1ed1ng phanh (Brake System Cleaner) - SH Global\",\"isPartOf\":{\"@id\":\"https:\/\/shglobaltrade.vn\/#website\"},\"datePublished\":\"2025-07-05T02:56:08+00:00\",\"dateModified\":\"2025-12-11T08:57:30+00:00\",\"breadcrumb\":{\"@id\":\"https:\/\/shglobaltrade.vn\/san-pham\/ve-sinh-he-thong-phanh-brake-system-cleaner\/#breadcrumb\"},\"inLanguage\":\"en-US\",\"potentialAction\":[{\"@type\":\"ReadAction\",\"target\":[\"https:\/\/shglobaltrade.vn\/san-pham\/ve-sinh-he-thong-phanh-brake-system-cleaner\/\"]}]},{\"@type\":\"BreadcrumbList\",\"@id\":\"https:\/\/shglobaltrade.vn\/san-pham\/ve-sinh-he-thong-phanh-brake-system-cleaner\/#breadcrumb\",\"itemListElement\":[{\"@type\":\"ListItem\",\"position\":1,\"name\":\"Trang ch\u1ee7\",\"item\":\"https:\/\/shglobaltrade.vn\/\"},{\"@type\":\"ListItem\",\"position\":2,\"name\":\"C\u1eeda h\u00e0ng\",\"item\":\"https:\/\/shglobaltrade.vn\/cua-hang\/\"},{\"@type\":\"ListItem\",\"position\":3,\"name\":\"V\u1ec7 sinh h\u1ec7 th\u1ed1ng phanh (Brake System Cleaner)\"}]},{\"@type\":\"WebSite\",\"@id\":\"https:\/\/shglobaltrade.vn\/#website\",\"url\":\"https:\/\/shglobaltrade.vn\/\",\"name\":\"SH Global\",\"description\":\"\",\"potentialAction\":[{\"@type\":\"SearchAction\",\"target\":{\"@type\":\"EntryPoint\",\"urlTemplate\":\"https:\/\/shglobaltrade.vn\/?s={search_term_string}\"},\"query-input\":\"required name=search_term_string\"}],\"inLanguage\":\"en-US\"}]}<\/script>\n<!-- \/ Yoast SEO Premium plugin. -->","yoast_head_json":{"title":"V\u1ec7 sinh h\u1ec7 th\u1ed1ng phanh (Brake System Cleaner) - SH Global","robots":{"index":"index","follow":"follow","max-snippet":"max-snippet:-1","max-image-preview":"max-image-preview:large","max-video-preview":"max-video-preview:-1"},"canonical":"https:\/\/shglobaltrade.vn\/en\/product\/ve-sinh-he-thong-phanh-brake-system-cleaner\/","og_locale":"en_US","og_type":"article","og_title":"V\u1ec7 sinh h\u1ec7 th\u1ed1ng phanh (Brake System Cleaner)","og_description":"C\u00f4ng d\u1ee5ng: Lo\u1ea1i b\u1ecf v\u1ebft b\u1ea9n, c\u00f3 th\u1ec3 nhanh ch\u00f3ng l\u00e0m s\u1ea1ch c\u00e1c m\u1ea3nh kim lo\u1ea1i, b\u1ee5i v\u00e0 d\u1ea7u m\u1ee1 tr\u00ean \u0111\u0129a phanh, tang tr\u1ed1ng, m\u00e1 phanh v\u00e0 c\u00e1c b\u1ed9 ph\u1eadn kh\u00e1c, gi\u1ea3m ti\u1ebfng \u1ed3n c\u1ee7a phanh, c\u1ea3i thi\u1ec7n hi\u1ec7u su\u1ea5t phanh v\u00e0 gi\u1eef cho h\u1ec7 th\u1ed1ng phanh ho\u1ea1t \u0111\u1ed9ng \u1ed5n \u0111\u1ecbnh. S\u1ea3n ph\u1ea9m n\u00e0y c\u0169ng ph\u00f9 h\u1ee3p \u0111\u1ec3 l\u00e0m s\u1ea1ch b\u1ee5i b\u1ea9n tr\u00ean c\u00e1c b\u1ed9 ph\u1eadn kim lo\u1ea1i kh\u00e1c. C\u00f4ng th\u1ee9c th\u00e2n thi\u1ec7n v\u1edbi m\u00f4i tr\u01b0\u1eddng","og_url":"https:\/\/shglobaltrade.vn\/en\/product\/ve-sinh-he-thong-phanh-brake-system-cleaner\/","og_site_name":"SH Global","article_modified_time":"2025-12-11T08:57:30+00:00","og_image":[{"width":2560,"height":1755,"url":"https:\/\/shglobaltrade.vn\/wp-content\/uploads\/2025\/07\/3-scaled.jpg","type":"image\/jpeg"}],"twitter_card":"summary_large_image","twitter_misc":{"Est. reading time":"2 minutes"},"schema":{"@context":"https:\/\/schema.org","@graph":[{"@type":"WebPage","@id":"https:\/\/shglobaltrade.vn\/san-pham\/ve-sinh-he-thong-phanh-brake-system-cleaner\/","url":"https:\/\/shglobaltrade.vn\/san-pham\/ve-sinh-he-thong-phanh-brake-system-cleaner\/","name":"V\u1ec7 sinh h\u1ec7 th\u1ed1ng phanh (Brake System Cleaner) - SH Global","isPartOf":{"@id":"https:\/\/shglobaltrade.vn\/#website"},"datePublished":"2025-07-05T02:56:08+00:00","dateModified":"2025-12-11T08:57:30+00:00","breadcrumb":{"@id":"https:\/\/shglobaltrade.vn\/san-pham\/ve-sinh-he-thong-phanh-brake-system-cleaner\/#breadcrumb"},"inLanguage":"en-US","potentialAction":[{"@type":"ReadAction","target":["https:\/\/shglobaltrade.vn\/san-pham\/ve-sinh-he-thong-phanh-brake-system-cleaner\/"]}]},{"@type":"BreadcrumbList","@id":"https:\/\/shglobaltrade.vn\/san-pham\/ve-sinh-he-thong-phanh-brake-system-cleaner\/#breadcrumb","itemListElement":[{"@type":"ListItem","position":1,"name":"Trang ch\u1ee7","item":"https:\/\/shglobaltrade.vn\/"},{"@type":"ListItem","position":2,"name":"C\u1eeda h\u00e0ng","item":"https:\/\/shglobaltrade.vn\/cua-hang\/"},{"@type":"ListItem","position":3,"name":"V\u1ec7 sinh h\u1ec7 th\u1ed1ng phanh (Brake System Cleaner)"}]},{"@type":"WebSite","@id":"https:\/\/shglobaltrade.vn\/#website","url":"https:\/\/shglobaltrade.vn\/","name":"SH Global","description":"","potentialAction":[{"@type":"SearchAction","target":{"@type":"EntryPoint","urlTemplate":"https:\/\/shglobaltrade.vn\/?s={search_term_string}"},"query-input":"required name=search_term_string"}],"inLanguage":"en-US"}]}},"_links":{"self":[{"href":"https:\/\/shglobaltrade.vn\/en\/wp-json\/wp\/v2\/product\/711","targetHints":{"allow":["GET"]}}],"collection":[{"href":"https:\/\/shglobaltrade.vn\/en\/wp-json\/wp\/v2\/product"}],"about":[{"href":"https:\/\/shglobaltrade.vn\/en\/wp-json\/wp\/v2\/types\/product"}],"replies":[{"embeddable":true,"href":"https:\/\/shglobaltrade.vn\/en\/wp-json\/wp\/v2\/comments?post=711"}],"wp:featuredmedia":[{"embeddable":true,"href":"https:\/\/shglobaltrade.vn\/en\/wp-json\/wp\/v2\/media\/761"}],"wp:attachment":[{"href":"https:\/\/shglobaltrade.vn\/en\/wp-json\/wp\/v2\/media?parent=711"}],"wp:term":[{"taxonomy":"product_brand","embeddable":true,"href":"https:\/\/shglobaltrade.vn\/en\/wp-json\/wp\/v2\/product_brand?post=711"},{"taxonomy":"product_cat","embeddable":true,"href":"https:\/\/shglobaltrade.vn\/en\/wp-json\/wp\/v2\/product_cat?post=711"},{"taxonomy":"product_tag","embeddable":true,"href":"https:\/\/shglobaltrade.vn\/en\/wp-json\/wp\/v2\/product_tag?post=711"}],"curies":[{"name":"wp","href":"https:\/\/api.w.org\/{rel}","templated":true}]}}