{"id":704,"date":"2025-07-05T09:34:18","date_gmt":"2025-07-05T02:34:18","guid":{"rendered":"https:\/\/shglobal.123websitedev.com\/?post_type=product&#038;p=704"},"modified":"2025-12-11T15:55:40","modified_gmt":"2025-12-11T08:55:40","slug":"chat-boi-tron-chong-gi-anti-rust-lubricant","status":"publish","type":"product","link":"https:\/\/shglobaltrade.vn\/en\/product\/chat-boi-tron-chong-gi-anti-rust-lubricant\/","title":{"rendered":"ANTI-RUST LUBRICANT"},"content":{"rendered":"<div style=\"width: 640px;\" class=\"wp-video\"><video class=\"wp-video-shortcode\" id=\"video-704-1\" width=\"640\" height=\"360\" autoplay muted preload=\"metadata\" controls=\"controls\"><source type=\"video\/mp4\" src=\"https:\/\/shglobaltrade.vn\/wp-content\/uploads\/2025\/07\/Dung-dich-boi-tron-chong-ri-set.mp4?_=1\" \/><a href=\"https:\/\/shglobaltrade.vn\/wp-content\/uploads\/2025\/07\/Dung-dich-boi-tron-chong-ri-set.mp4\">https:\/\/shglobaltrade.vn\/wp-content\/uploads\/2025\/07\/Dung-dich-boi-tron-chong-ri-set.mp4<\/a><\/video><\/div>\n<p><strong>Uses<\/strong>: Dehumidification and anti-rust, deep penetration, long-lasting lubrication, noise elimination, component cleaning, loosening of rust, rust removal and enhanced lubrication.<\/p>\n<p><strong>H\u01b0\u1edbng d\u1eabn s\u1eed d\u1ee5ng<\/strong>: L\u1eafc \u0111\u1ec1u v\u00e0 x\u1ecbt tr\u1ef1c ti\u1ebfp l\u00ean b\u1ec1 m\u1eb7t c\u1ea7n b\u00f4i tr\u01a1n v\u00e0 ch\u1ed1ng g\u1ec9. \u0110\u1ee3i v\u00e0i ph\u00fat \u0111\u1ec3 dung d\u1ecbch th\u1ea5m s\u00e2u v\u00e0 lau s\u1ea1ch ph\u1ea7n d\u01b0 n\u1ebfu c\u1ea7n.<\/p>\n<p><strong>NSX:<\/strong> Tr\u00ean bao b\u00ec<\/p>\n<p><strong>H\u1ea1n s\u1eed d\u1ee5ng:<\/strong> 3 n\u0103m<\/p>\n<p><strong>Ch\u00fa \u00fd<\/strong>: B\u1ea3o qu\u1ea3n n\u01a1i tho\u00e1ng m\u00e1t, tr\u00e1nh xa ngu\u1ed3n l\u1eeda, khu v\u1ef1c h\u00fat thu\u1ed1c, tr\u00e1nh xa t\u1ea7m tay tr\u1ebb em.<\/p>\n<table width=\"100%\">\n<tbody>\n<tr>\n<td width=\"176\">ENGINE TYPE:<\/td>\n<td>Xe m\u00e1y &amp; \u00f4 t\u00f4<\/td>\n<\/tr>\n<tr>\n<td width=\"176\">PRODUCT LIST:<\/td>\n<td>Additives<\/td>\n<\/tr>\n<tr>\n<td width=\"176\">DUNG T\u00cdCH<\/td>\n<td>450ml<\/td>\n<\/tr>\n<tr>\n<td width=\"176\">GI\u00c1 B\u00c1N L\u1eba<\/td>\n<td>98.0000 VND<\/td>\n<\/tr>\n<tr>\n<td width=\"176\">NH\u00c0 CUNG C\u1ea4P:<\/td>\n<td>Guangzhou Biabang Car Care Industry Co., Ltd<br \/>\n\u0110\u1ecba ch\u1ec9: S\u1ed1 2 East Chuangye Road, Zhongxin Zengcheng Guangzhou, China<\/td>\n<\/tr>\n<tr>\n<td width=\"176\">NH\u00c0 NH\u1eacP KH\u1ea8U:<\/td>\n<td>C\u00f4ng ty TNHH Xu\u1ea5t Nh\u1eadp Kh\u1ea9u V\u00e0 Th\u01b0\u01a1ng M\u1ea1i SH<br \/>\n\u0110\u1ecba ch\u1ec9: S\u1ed1 39\/3A Tr\u01b0\u01a1ng Th\u1ecb Ng\u00e0o, Khu Ph\u1ed1 4, Ph\u01b0\u1eddng Trung M\u1ef9 T\u00e2y, Qu\u1eadn.12, Tp. H\u1ed3 Ch\u00ed Minh, Vi\u1ec7t Nam<\/td>\n<\/tr>\n<tr>\n<td width=\"176\">LI\u00caN H\u1ec6<\/td>\n<td>info@shglobaltrade.vn<\/td>\n<\/tr>\n<tr>\n<td>WEBSITE<\/td>\n<td>www.shglobaltrade.vn<\/td>\n<\/tr>\n<\/tbody>\n<\/table>\n<p>&nbsp;<\/p>","protected":false},"excerpt":{"rendered":"<p><strong>Uses<\/strong>: Dehumidification and anti-rust, deep penetration, long-lasting lubrication, noise elimination, component cleaning, loosening of rust, rust removal and enhanced lubrication.<\/p>","protected":false},"featured_media":708,"comment_status":"open","ping_status":"closed","template":"","meta":[],"product_brand":[105],"product_cat":[90],"product_tag":[],"class_list":{"0":"post-704","1":"product","2":"type-product","3":"status-publish","4":"has-post-thumbnail","6":"product_brand-biaobang","7":"product_cat-chat-phu-gia","9":"first","10":"instock","11":"shipping-taxable","12":"purchasable","13":"product-type-simple"},"acf":[],"yoast_head":"<!-- This site is optimized with the Yoast SEO Premium plugin v20.9 (Yoast SEO v20.9) - https:\/\/yoast.com\/wordpress\/plugins\/seo\/ -->\n<title>CH\u1ea4T B\u00d4I TR\u01a0N CH\u1ed0NG G\u1ec8 (ANTI-RUST LUBRICANT) - SH Global<\/title>\n<meta name=\"robots\" content=\"index, follow, max-snippet:-1, max-image-preview:large, max-video-preview:-1\" \/>\n<link rel=\"canonical\" href=\"https:\/\/shglobaltrade.vn\/en\/product\/chat-boi-tron-chong-gi-anti-rust-lubricant\/\" \/>\n<meta property=\"og:locale\" content=\"en_US\" \/>\n<meta property=\"og:type\" content=\"article\" \/>\n<meta property=\"og:title\" content=\"CH\u1ea4T B\u00d4I TR\u01a0N CH\u1ed0NG G\u1ec8 (ANTI-RUST LUBRICANT)\" \/>\n<meta property=\"og:description\" content=\"C\u00f4ng d\u1ee5ng: Kh\u1eed \u1ea9m v\u00e0 ch\u1ed1ng r\u1ec9, th\u1ea9m th\u1ea5u s\u00e2u, b\u00f4i tr\u01a1n l\u00e2u d\u00e0i, lo\u1ea1i b\u1ecf ti\u1ebfng \u1ed3n, v\u1ec7 sinh linh ki\u1ec7n, n\u1edbi l\u1ecfng c\u00e1c v\u1ebft g\u1ec9, lo\u1ea1i b\u1ecf g\u1ec9 v\u00e0 t\u0103ng c\u01b0\u1eddng b\u00f4i tr\u01a1n.\" \/>\n<meta property=\"og:url\" content=\"https:\/\/shglobaltrade.vn\/en\/product\/chat-boi-tron-chong-gi-anti-rust-lubricant\/\" \/>\n<meta property=\"og:site_name\" content=\"SH Global\" \/>\n<meta property=\"article:modified_time\" content=\"2025-12-11T08:55:40+00:00\" \/>\n<meta property=\"og:image\" content=\"https:\/\/shglobaltrade.vn\/wp-content\/uploads\/2025\/07\/450ml-antirust-01-scaled.png\" \/>\n\t<meta property=\"og:image:width\" content=\"2560\" \/>\n\t<meta property=\"og:image:height\" content=\"1810\" \/>\n\t<meta property=\"og:image:type\" content=\"image\/png\" \/>\n<meta name=\"twitter:card\" content=\"summary_large_image\" \/>\n<meta name=\"twitter:label1\" content=\"Est. reading time\" \/>\n\t<meta name=\"twitter:data1\" content=\"2 minutes\" \/>\n<script type=\"application\/ld+json\" class=\"yoast-schema-graph\">{\"@context\":\"https:\/\/schema.org\",\"@graph\":[{\"@type\":\"WebPage\",\"@id\":\"https:\/\/shglobaltrade.vn\/san-pham\/chat-boi-tron-chong-gi-anti-rust-lubricant\/\",\"url\":\"https:\/\/shglobaltrade.vn\/san-pham\/chat-boi-tron-chong-gi-anti-rust-lubricant\/\",\"name\":\"CH\u1ea4T B\u00d4I TR\u01a0N CH\u1ed0NG G\u1ec8 (ANTI-RUST LUBRICANT) - SH Global\",\"isPartOf\":{\"@id\":\"https:\/\/shglobaltrade.vn\/#website\"},\"datePublished\":\"2025-07-05T02:34:18+00:00\",\"dateModified\":\"2025-12-11T08:55:40+00:00\",\"breadcrumb\":{\"@id\":\"https:\/\/shglobaltrade.vn\/san-pham\/chat-boi-tron-chong-gi-anti-rust-lubricant\/#breadcrumb\"},\"inLanguage\":\"en-US\",\"potentialAction\":[{\"@type\":\"ReadAction\",\"target\":[\"https:\/\/shglobaltrade.vn\/san-pham\/chat-boi-tron-chong-gi-anti-rust-lubricant\/\"]}]},{\"@type\":\"BreadcrumbList\",\"@id\":\"https:\/\/shglobaltrade.vn\/san-pham\/chat-boi-tron-chong-gi-anti-rust-lubricant\/#breadcrumb\",\"itemListElement\":[{\"@type\":\"ListItem\",\"position\":1,\"name\":\"Trang ch\u1ee7\",\"item\":\"https:\/\/shglobaltrade.vn\/\"},{\"@type\":\"ListItem\",\"position\":2,\"name\":\"C\u1eeda h\u00e0ng\",\"item\":\"https:\/\/shglobaltrade.vn\/cua-hang\/\"},{\"@type\":\"ListItem\",\"position\":3,\"name\":\"CH\u1ea4T B\u00d4I TR\u01a0N CH\u1ed0NG G\u1ec8 (ANTI-RUST LUBRICANT)\"}]},{\"@type\":\"WebSite\",\"@id\":\"https:\/\/shglobaltrade.vn\/#website\",\"url\":\"https:\/\/shglobaltrade.vn\/\",\"name\":\"SH Global\",\"description\":\"\",\"potentialAction\":[{\"@type\":\"SearchAction\",\"target\":{\"@type\":\"EntryPoint\",\"urlTemplate\":\"https:\/\/shglobaltrade.vn\/?s={search_term_string}\"},\"query-input\":\"required name=search_term_string\"}],\"inLanguage\":\"en-US\"}]}<\/script>\n<!-- \/ Yoast SEO Premium plugin. -->","yoast_head_json":{"title":"CH\u1ea4T B\u00d4I TR\u01a0N CH\u1ed0NG G\u1ec8 (ANTI-RUST LUBRICANT) - SH Global","robots":{"index":"index","follow":"follow","max-snippet":"max-snippet:-1","max-image-preview":"max-image-preview:large","max-video-preview":"max-video-preview:-1"},"canonical":"https:\/\/shglobaltrade.vn\/en\/product\/chat-boi-tron-chong-gi-anti-rust-lubricant\/","og_locale":"en_US","og_type":"article","og_title":"CH\u1ea4T B\u00d4I TR\u01a0N CH\u1ed0NG G\u1ec8 (ANTI-RUST LUBRICANT)","og_description":"C\u00f4ng d\u1ee5ng: Kh\u1eed \u1ea9m v\u00e0 ch\u1ed1ng r\u1ec9, th\u1ea9m th\u1ea5u s\u00e2u, b\u00f4i tr\u01a1n l\u00e2u d\u00e0i, lo\u1ea1i b\u1ecf ti\u1ebfng \u1ed3n, v\u1ec7 sinh linh ki\u1ec7n, n\u1edbi l\u1ecfng c\u00e1c v\u1ebft g\u1ec9, lo\u1ea1i b\u1ecf g\u1ec9 v\u00e0 t\u0103ng c\u01b0\u1eddng b\u00f4i tr\u01a1n.","og_url":"https:\/\/shglobaltrade.vn\/en\/product\/chat-boi-tron-chong-gi-anti-rust-lubricant\/","og_site_name":"SH Global","article_modified_time":"2025-12-11T08:55:40+00:00","og_image":[{"width":2560,"height":1810,"url":"https:\/\/shglobaltrade.vn\/wp-content\/uploads\/2025\/07\/450ml-antirust-01-scaled.png","type":"image\/png"}],"twitter_card":"summary_large_image","twitter_misc":{"Est. reading time":"2 minutes"},"schema":{"@context":"https:\/\/schema.org","@graph":[{"@type":"WebPage","@id":"https:\/\/shglobaltrade.vn\/san-pham\/chat-boi-tron-chong-gi-anti-rust-lubricant\/","url":"https:\/\/shglobaltrade.vn\/san-pham\/chat-boi-tron-chong-gi-anti-rust-lubricant\/","name":"CH\u1ea4T B\u00d4I TR\u01a0N CH\u1ed0NG G\u1ec8 (ANTI-RUST LUBRICANT) - SH Global","isPartOf":{"@id":"https:\/\/shglobaltrade.vn\/#website"},"datePublished":"2025-07-05T02:34:18+00:00","dateModified":"2025-12-11T08:55:40+00:00","breadcrumb":{"@id":"https:\/\/shglobaltrade.vn\/san-pham\/chat-boi-tron-chong-gi-anti-rust-lubricant\/#breadcrumb"},"inLanguage":"en-US","potentialAction":[{"@type":"ReadAction","target":["https:\/\/shglobaltrade.vn\/san-pham\/chat-boi-tron-chong-gi-anti-rust-lubricant\/"]}]},{"@type":"BreadcrumbList","@id":"https:\/\/shglobaltrade.vn\/san-pham\/chat-boi-tron-chong-gi-anti-rust-lubricant\/#breadcrumb","itemListElement":[{"@type":"ListItem","position":1,"name":"Trang ch\u1ee7","item":"https:\/\/shglobaltrade.vn\/"},{"@type":"ListItem","position":2,"name":"C\u1eeda h\u00e0ng","item":"https:\/\/shglobaltrade.vn\/cua-hang\/"},{"@type":"ListItem","position":3,"name":"CH\u1ea4T B\u00d4I TR\u01a0N CH\u1ed0NG G\u1ec8 (ANTI-RUST LUBRICANT)"}]},{"@type":"WebSite","@id":"https:\/\/shglobaltrade.vn\/#website","url":"https:\/\/shglobaltrade.vn\/","name":"SH Global","description":"","potentialAction":[{"@type":"SearchAction","target":{"@type":"EntryPoint","urlTemplate":"https:\/\/shglobaltrade.vn\/?s={search_term_string}"},"query-input":"required name=search_term_string"}],"inLanguage":"en-US"}]}},"_links":{"self":[{"href":"https:\/\/shglobaltrade.vn\/en\/wp-json\/wp\/v2\/product\/704","targetHints":{"allow":["GET"]}}],"collection":[{"href":"https:\/\/shglobaltrade.vn\/en\/wp-json\/wp\/v2\/product"}],"about":[{"href":"https:\/\/shglobaltrade.vn\/en\/wp-json\/wp\/v2\/types\/product"}],"replies":[{"embeddable":true,"href":"https:\/\/shglobaltrade.vn\/en\/wp-json\/wp\/v2\/comments?post=704"}],"wp:featuredmedia":[{"embeddable":true,"href":"https:\/\/shglobaltrade.vn\/en\/wp-json\/wp\/v2\/media\/708"}],"wp:attachment":[{"href":"https:\/\/shglobaltrade.vn\/en\/wp-json\/wp\/v2\/media?parent=704"}],"wp:term":[{"taxonomy":"product_brand","embeddable":true,"href":"https:\/\/shglobaltrade.vn\/en\/wp-json\/wp\/v2\/product_brand?post=704"},{"taxonomy":"product_cat","embeddable":true,"href":"https:\/\/shglobaltrade.vn\/en\/wp-json\/wp\/v2\/product_cat?post=704"},{"taxonomy":"product_tag","embeddable":true,"href":"https:\/\/shglobaltrade.vn\/en\/wp-json\/wp\/v2\/product_tag?post=704"}],"curies":[{"name":"wp","href":"https:\/\/api.w.org\/{rel}","templated":true}]}}